
{"id":49169,"date":"2026-02-10T13:17:40","date_gmt":"2026-02-10T12:17:40","guid":{"rendered":"https:\/\/smartbe.be\/?page_id=49169"},"modified":"2026-03-19T09:24:57","modified_gmt":"2026-03-19T08:24:57","slug":"analyses","status":"publish","type":"page","link":"https:\/\/smartbe.be\/nl\/publicaties\/analyses\/","title":{"rendered":"Analyses"},"content":{"rendered":"<p><strong>Deze analyses en studies worden door de afdeling Levenslang leren gepubliceerd. Het doel? Ons kritisch doen nadenken over de beroepswereld van vandaag, over hoe het freelancers uit alle mogelijke sectoren vergaat en over vraagstukken op het vlak van samenwerking. Verantwoordelijke uitgever van deze publicaties is de vzw APMC (of PVCB in het Nederlands), met de steun van de Federatie Walloni\u00eb-Brussel. De vzw ontvangt immers subsidies voor haar acties op het vlak van levenslang leren. De publicaties worden geschreven door een Franstalig redactiecomit\u00e9 en zijn ook in beperkte mate beschikbaar in het Nederlands.\u00a0<\/strong><\/p>\n<p><a href=\"https:\/\/smartbe.be\/wp-content\/uploads\/2025\/11\/APMC_B.png\"><img loading=\"lazy\" decoding=\"async\" class=\"aligncenter wp-image-49003 size-full\" src=\"https:\/\/smartbe.be\/wp-content\/uploads\/2025\/11\/APMC_B.png\" alt=\"\" width=\"409\" height=\"97\" srcset=\"https:\/\/smartbe.be\/wp-content\/uploads\/2025\/11\/APMC_B.png 409w, https:\/\/smartbe.be\/wp-content\/uploads\/2025\/11\/APMC_B-300x71.png 300w, https:\/\/smartbe.be\/wp-content\/uploads\/2025\/11\/APMC_B-290x69.png 290w\" sizes=\"auto, (max-width: 409px) 100vw, 409px\" \/><\/a><\/p>\n<h4>&#8211;\u00a0<strong><a href=\"https:\/\/smartbe.be\/nl\/publicaties\/studiesx\/\"><u>Klik hier voor de studies<\/u><\/a>\u00a0<\/strong> \u2013 <a href=\"https:\/\/smartbe.be\/fr\/education-permanente-sommaire-general-des-cahiers\/\">Meer in het Frans<\/a> &#8211;<\/h4>\n<h2>2026<\/h2>\n<ul>\n<li><strong><a href=\"https:\/\/smartbe.be\/nl\/wegwijs\/publicaties\/zelstandig-leren\/journalistiek-collectief-in-actie-tegen-de-onzekerheid-van-het-beroep\/\">Journalistiek: collectief in actie tegen de onzekerheid van het beroep<\/a><\/strong><br \/>\nPaul Labourie &#8211; Vertaling: Sara Musch<br \/>\nDeze analyse van de PVCB-AMPC buigt zich over de diverse uitdagingen van het beroep en bepaalde vraagstellingen rond de toekomst van de journalistiek.<\/li>\n<li><strong><a href=\"https:\/\/smartbe.be\/nl\/wegwijs\/publicaties\/zelstandig-leren\/machines-en-slavernij-of-hoe-we-artificiele-intelligentie-kunnen-onderwerpen\/\">Machines en slavernij. Of hoe we artifici\u00eble intelligentie kunnen onderwerpen<\/a><br \/>\n<\/strong>Mathieu Bietlot &#8211; Vertaling en adaptatie: Sara Musch.<br \/>\nZullen bepaalde beroepen verdwijnen door artifici\u00eble intelligentie (AI)? Wat kan AI bijdragen aan het menselijke genie in plaats van het te vervangen? Hoe moeten we omgaan met die vragen zonder bang te zijn voor dit technologische fenomeen dat steeds meer plaats inneemt in ons priv\u00e9- en beroepsleven?<\/li>\n<\/ul>\n<h2>2025<\/h2>\n<div class=\"article-meta\">\n<ul>\n<li class=\"article-title\"><strong><a href=\"https:\/\/smartbe.be\/nl\/wegwijs\/publicaties\/zelstandig-leren\/non-take-up-van-rechten-het-kneusje-van-het-sociaal-beleid\/\">Non-take-up van rechten: het kneusje van het sociaal beleid<\/a><br \/>\n<\/strong>Thibault Koten &#8211; Vertaling en adaptatie: Sara Musch.<br \/>\nHoe definieer je dat? In welke politieke en sociale omstandigheden kunnen we aannemen dat iemand recht heeft op sociale rechten en diensten, maar komen ze niet per se bij die persoon terecht?<\/li>\n<li class=\"article-title\"><strong><a href=\"https:\/\/smartbe.be\/nl\/wegwijs\/publicaties\/zelstandig-leren\/voor-een-sociale-zekerheid-voor-voedsel\/\">Voor een sociale zekerheid voor voedsel<\/a><br \/>\n<\/strong>La\u00ebtitia Giraud, vertaald in het Nederlands in februari 2025.<br \/>\nGezond, duurzaam voedsel voor iedereen? Dat is het politieke project van de sociale zekerheid voor voedsel. Een nieuwe tak van de sociale zekerheid ontwikkelen en oprichten: die van voedsel.<\/li>\n<\/ul>\n<\/div>\n<h2>2024<\/h2>\n<div class=\"article-meta\">\n<ul>\n<li class=\"article-title\"><a href=\"https:\/\/smartbe.be\/nl\/wegwijs\/publicaties\/zelstandig-leren\/behoud-van-landbouwberoepen-een-kwestie-van-grond\/\"><strong>Behoud van landbouwberoepen: een kwestie van grond<\/strong><\/a><br \/>\nPema De Merten, vertaald in het Nederlands in oktober 2024.<br \/>\nLandbouwers staan de laatste maanden heel vaak centraal in het nieuws. Hun eisen? Waardig kunnen leven van hun werk en dat ook kunnen blijven doen op hun eigen grond, zonder zich in enorme schulden te moeten steken.<\/li>\n<\/ul>\n<\/div>\n<div class=\"article-meta\">\n<ul>\n<li class=\"article-title\"><a href=\"https:\/\/smartbe.be\/nl\/wegwijs\/publicaties\/zelstandig-leren\/artificiele-intelligentie-en-oppervlakkige-literatuur\/\"><strong>Artifici\u00eble intelligentie en oppervlakkige literatuur<\/strong><\/a><br \/>\nMathieu Bietlot, vertaald in het Nederlands in september 2024.<br \/>\nZal artifici\u00eble intelligentie op termijn de productie van kennis en artistieke creaties vervangen? Wat valt er te zeggen over het gebruik en de werking van het fameuze Chat GPT?<\/li>\n<\/ul>\n<\/div>\n<div class=\"article-meta\">\n<ul>\n<li class=\"article-title\"><a href=\"https:\/\/smartbe.be\/nl\/wegwijs\/publicaties\/zelstandig-leren\/cooperaties-7-principes-7-verschillen\/\"><strong>Co\u00f6peraties: 7 principes, 7 verschillen<\/strong><\/a><br \/>\nCamille Richoux en Orville Pletschette &#8211; Vertaling en adaptatie: Sara Musch.<br \/>\nWat is een co\u00f6peratie? Hoe kunnen we dat uitleggen en defini\u00ebren? Wat zijn de specifieke kenmerken van een co\u00f6peratie en grote verschillen met andere ondernemingsvormen? Waarom spreken we van \u201cvennoot\u201d en \u201cco\u00f6peratief model\u201d?<\/li>\n<\/ul>\n<\/div>\n<h2>2023<\/h2>\n<div class=\"article-meta\">\n<ul>\n<li class=\"article-title\"><strong><a href=\"https:\/\/smartbe.be\/nl\/wegwijs\/publicaties\/zelstandig-leren\/beslissen-in-groep-voorbij-verkiezingen-de-innovatieve-aanpak-van-het-ethisch-comite-van-smart\/\">Beslissen in groep: voorbij verkiezingen. De innovatieve aanpak van het ethisch comit\u00e9 van Smart<\/a><br \/>\n<\/strong>Adrien Billiet<br \/>\nDemocratisch beslissen? Niet altijd duidelijk. Verkiezingen zijn niet de enige manier om te beslissen of vertegenwoordigd te zijn in de groepsdynamiek, zelfs niet in grote co\u00f6peraties. Er bestaan andere selectiemethoden, zoals loting.<\/li>\n<\/ul>\n<\/div>\n<p>&nbsp;<\/p>\n<p>&nbsp;<\/p>\n<p>&nbsp;<\/p>\n<p>&nbsp;<\/p>","protected":false},"excerpt":{"rendered":"<p>Deze analyses en studies worden door de afdeling Levenslang leren gepubliceerd. Het doel? Ons kritisch doen nadenken over de beroepswereld van vandaag, over hoe het freelancers uit alle mogelijke sectoren vergaat en over vraagstukken op het vlak van samenwerking. Verantwoordelijke &hellip;<\/p>\n","protected":false},"author":13,"featured_media":0,"parent":27894,"menu_order":0,"comment_status":"closed","ping_status":"closed","template":"","meta":{"footnotes":""},"tags":[],"class_list":["post-49169","page","type-page","status-publish","hentry"],"aioseo_notices":[],"_links":{"self":[{"href":"https:\/\/smartbe.be\/nl\/wp-json\/wp\/v2\/pages\/49169","targetHints":{"allow":["GET"]}}],"collection":[{"href":"https:\/\/smartbe.be\/nl\/wp-json\/wp\/v2\/pages"}],"about":[{"href":"https:\/\/smartbe.be\/nl\/wp-json\/wp\/v2\/types\/page"}],"author":[{"embeddable":true,"href":"https:\/\/smartbe.be\/nl\/wp-json\/wp\/v2\/users\/13"}],"replies":[{"embeddable":true,"href":"https:\/\/smartbe.be\/nl\/wp-json\/wp\/v2\/comments?post=49169"}],"version-history":[{"count":45,"href":"https:\/\/smartbe.be\/nl\/wp-json\/wp\/v2\/pages\/49169\/revisions"}],"predecessor-version":[{"id":49469,"href":"https:\/\/smartbe.be\/nl\/wp-json\/wp\/v2\/pages\/49169\/revisions\/49469"}],"up":[{"embeddable":true,"href":"https:\/\/smartbe.be\/nl\/wp-json\/wp\/v2\/pages\/27894"}],"wp:attachment":[{"href":"https:\/\/smartbe.be\/nl\/wp-json\/wp\/v2\/media?parent=49169"}],"wp:term":[{"taxonomy":"post_tag","embeddable":true,"href":"https:\/\/smartbe.be\/nl\/wp-json\/wp\/v2\/tags?post=49169"}],"curies":[{"name":"wp","href":"https:\/\/api.w.org\/{rel}","templated":true}]}}