
{"id":47879,"date":"2025-01-06T14:43:00","date_gmt":"2025-01-06T13:43:00","guid":{"rendered":"https:\/\/smartbe.be\/?page_id=47879"},"modified":"2026-03-04T18:23:07","modified_gmt":"2026-03-04T17:23:07","slug":"kandidatuur-raad-van-bestuur-smartcoop","status":"publish","type":"page","link":"https:\/\/smartbe.be\/nl\/kandidatuur-raad-van-bestuur-smartcoop\/","title":{"rendered":"Verkiezing Raad van bestuur SmartCoop <br\/>Kandidatenformulier"},"content":{"rendered":"<p>Elk jaar tijdens de algemene vergadering in juni vernieuwt SmartCoop een deel van haar Raad van bestuur.<\/p>\n<p>Kandidaten kunnen zich het hele jaar door kenbaar maken via dit formulier.<\/p>\n<p><strong>Belangrijke data:<\/strong><\/p>\n<ul>\n<li><strong>Uiterste datum om je kandidatuur voor de volgende algemene vergadering in te dienen:<\/strong> dinsdag 19 mei, 16 uur<\/li>\n<li><strong>Algemene vergadering:<\/strong> dinsdag 23 juni<\/li>\n<\/ul>\n<p>Goed om te weten: als er v\u00f3\u00f3r de algemene vergadering al een plek vrijkomt in de Raad van bestuur kan je in de loop van het jaar geco\u00f6pteerd worden.<\/p>\n<p>&nbsp;<\/p>\n\n<div class=\"wpcf7 no-js\" id=\"wpcf7-f47878-o1\" lang=\"fr-FR\" dir=\"ltr\" data-wpcf7-id=\"47878\">\n<div class=\"screen-reader-response\"><p role=\"status\" aria-live=\"polite\" aria-atomic=\"true\"><\/p> <ul><\/ul><\/div>\n<form action=\"\/nl\/wp-json\/wp\/v2\/pages\/47879#wpcf7-f47878-o1\" method=\"post\" class=\"wpcf7-form init wpcf7-acceptance-as-validation\" aria-label=\"Contact form\" enctype=\"multipart\/form-data\" novalidate=\"novalidate\" data-status=\"init\">\n<fieldset class=\"hidden-fields-container\"><input type=\"hidden\" name=\"_wpcf7\" value=\"47878\" \/><input type=\"hidden\" name=\"_wpcf7_version\" value=\"6.1\" \/><input type=\"hidden\" name=\"_wpcf7_locale\" value=\"fr_FR\" \/><input type=\"hidden\" name=\"_wpcf7_unit_tag\" value=\"wpcf7-f47878-o1\" \/><input type=\"hidden\" name=\"_wpcf7_container_post\" value=\"0\" \/><input type=\"hidden\" name=\"_wpcf7_posted_data_hash\" value=\"\" \/><input type=\"hidden\" name=\"_map_author\" value=\"1\" \/><input type=\"hidden\" name=\"_c2p_nonce\" value=\"f241eb7214\" \/><input type=\"hidden\" name=\"_wpnonce\" value=\"0764a34b09\" \/><input type=\"hidden\" name=\"_wpcf7_recaptcha_response\" value=\"\" \/>\n<\/fieldset>\n\n<p><label> Voornaam *<br \/>\n<span class=\"wpcf7-form-control-wrap\" data-name=\"prenom\"><input size=\"40\" maxlength=\"50\" class=\"wpcf7-form-control wpcf7-text wpcf7-validates-as-required input--max-width\" aria-required=\"true\" aria-invalid=\"false\" value=\"\" type=\"text\" name=\"prenom\" \/><\/span><br \/>\n<\/label><br \/>\n<label> Naam *<br \/>\n<span class=\"wpcf7-form-control-wrap\" data-name=\"nom\"><input size=\"40\" maxlength=\"50\" class=\"wpcf7-form-control wpcf7-text wpcf7-validates-as-required input--max-width\" aria-required=\"true\" aria-invalid=\"false\" value=\"\" type=\"text\" name=\"nom\" \/><\/span><br \/>\n<\/label><br \/>\n<label> Foto *<br \/>\n<span class=\"wpcf7-form-control-wrap\" data-name=\"photocandidature\"><input size=\"40\" class=\"wpcf7-form-control wpcf7-file wpcf7-validates-as-required noborder\" accept=\".jpg,.gif,.jpeg,.png\" aria-required=\"true\" aria-invalid=\"false\" type=\"file\" name=\"photocandidature\" \/><\/span> <span class=\"formulaire_indications\"><br \/>\nBij voorkeur een vierkante foto van meer dan 300 pixels. Geaccepteerde formaten: gif, png, jpeg, jpg. Maximaal 1Mb.<\/span><br \/>\n<\/label><br \/>\n<label> Geslacht *<\/label><span class=\"wpcf7-form-control-wrap\" data-name=\"sexe\"><span class=\"wpcf7-form-control wpcf7-checkbox wpcf7-validates-as-required wpcf7-exclusive-checkbox\"><span class=\"wpcf7-list-item first\"><label><span class=\"wpcf7-list-item-label\">Vrouw<\/span><input type=\"checkbox\" name=\"sexe\" value=\"Vrouw\" \/><\/label><\/span><span class=\"wpcf7-list-item\"><label><span class=\"wpcf7-list-item-label\">Man<\/span><input type=\"checkbox\" name=\"sexe\" value=\"Man\" \/><\/label><\/span><span class=\"wpcf7-list-item last\"><label><span class=\"wpcf7-list-item-label\">Andere<\/span><input type=\"checkbox\" name=\"sexe\" value=\"Andere\" \/><\/label><\/span><\/span><\/span><br \/>\n<input class=\"wpcf7-form-control wpcf7-hidden\" id=\"sexe_nl\" value=\"\" type=\"hidden\" name=\"sexe_nl\" \/>\n<\/p>\n<p><label> Woonplaats *<br \/>\n<span class=\"wpcf7-form-control-wrap\" data-name=\"ville\"><input size=\"40\" maxlength=\"50\" class=\"wpcf7-form-control wpcf7-text wpcf7-validates-as-required input--max-width\" aria-required=\"true\" aria-invalid=\"false\" value=\"\" type=\"text\" name=\"ville\" \/><\/span><br \/>\n<\/label>\n<\/p>\n<h2>Verkiesbaarheidscriteria\n<\/h2>\n<p><label>Je kan de verkiesbaarheidscriteria voor de Raad van bestuur raadplegen in de <a href=\"https:\/\/smartbe.be\/wp-content\/uploads\/2024\/08\/Statuten_van_SmartCoop.pdf\" target=\"_blank\">statuten van SmartCoop<\/a> (artikel 22 bis).<\/label><br \/>\n<label> Sinds hoeveel jaar ben je vennoot van SmartCoop?&nbsp;*<br \/>\n<span class=\"wpcf7-form-control-wrap\" data-name=\"combien\"><input size=\"40\" maxlength=\"10\" class=\"wpcf7-form-control wpcf7-text wpcf7-validates-as-required\" aria-required=\"true\" aria-invalid=\"false\" value=\"\" type=\"text\" name=\"combien\" \/><\/span><br \/>\n<\/label><br \/>\n<label> Duid aan tot welke categorie je behoort als je kandidaat bent voor de co\u00f6peratie SmartCoop * <\/label><span class=\"wpcf7-form-control-wrap\" data-name=\"categorie\"><select class=\"wpcf7-form-control wpcf7-select wpcf7-validates-as-required petit_label\" aria-required=\"true\" aria-invalid=\"false\" name=\"categorie\"><option value=\"\"><\/option><option value=\"Categorie A: Loontrekkend ondernemer\">Categorie A: Loontrekkend ondernemer<\/option><option value=\"Categorie B: Werknemer van het vaste personeel\">Categorie B: Werknemer van het vaste personeel<\/option><option value=\"Categorie C: Extern partner, klant, opdrachtgever\">Categorie C: Extern partner, klant, opdrachtgever<\/option><\/select><\/span><br \/>\n<br \/>\n<label> Voor externe partners: welke entiteit vertegenwoordig je?<br \/>\n<span class=\"wpcf7-form-control-wrap\" data-name=\"entite\"><input size=\"40\" maxlength=\"80\" class=\"wpcf7-form-control wpcf7-text input--max-width\" aria-invalid=\"false\" value=\"\" type=\"text\" name=\"entite\" \/><\/span><br \/>\n<\/label>\n<\/p>\n<h2>Bijkomende informatie\n<\/h2>\n<p><label> Beschrijf hier je beroep of je activiteit&nbsp;*<br \/>\n<span class=\"wpcf7-form-control-wrap\" data-name=\"activity-nl\"><textarea cols=\"40\" rows=\"10\" maxlength=\"1500\" minlength=\"10\" class=\"wpcf7-form-control wpcf7-textarea wpcf7-validates-as-required\" aria-required=\"true\" aria-invalid=\"false\" name=\"activity-nl\"><\/textarea><\/span><span class=\"formulaire_indications\">(maximaal 1500 karakters)<\/span><br \/>\n<\/label><br \/>\n<label> Meer informatie over jezelf (url LinkedIn, website, ...)<br \/>\n<span class=\"wpcf7-form-control-wrap\" data-name=\"website\"><input size=\"40\" maxlength=\"250\" class=\"wpcf7-form-control wpcf7-url wpcf7-text wpcf7-validates-as-url input--max-width\" aria-invalid=\"false\" value=\"\" type=\"url\" name=\"website\" \/><\/span><br \/>\n<\/label>\n<\/p>\n<h2>Motivatie van je kandidatuur\n<\/h2>\n<p><label> Heb je al een ander engagement binnen Smart (RvB, ethisch comit\u00e9, Smart in Progress, andere) of heb je ervaring in andere co\u00f6peraties?&nbsp;*<br \/>\n<span class=\"wpcf7-form-control-wrap\" data-name=\"engagement-nl\"><textarea cols=\"40\" rows=\"10\" maxlength=\"1500\" minlength=\"10\" class=\"wpcf7-form-control wpcf7-textarea wpcf7-validates-as-required\" aria-required=\"true\" aria-invalid=\"false\" name=\"engagement-nl\"><\/textarea><\/span><span class=\"formulaire_indications\"> (maximaal 1500 karakters)<\/span><br \/>\n<\/label><br \/>\n<label> Welke competenties en ervaringen wil je bij de Raad van bestuur en het project Smart aanbrengen?&nbsp;*<br \/>\n<span class=\"wpcf7-form-control-wrap\" data-name=\"competences-nl\"><textarea cols=\"40\" rows=\"10\" maxlength=\"1500\" minlength=\"10\" class=\"wpcf7-form-control wpcf7-textarea wpcf7-validates-as-required\" aria-required=\"true\" aria-invalid=\"false\" name=\"competences-nl\"><\/textarea><\/span><span class=\"formulaire_indications\"> (maximaal 1500 karakters)<\/span><br \/>\n<\/label><br \/>\n<label> Waarom stel je je kandidaat voor de Raad van bestuur?&nbsp;*<br \/>\n<span class=\"wpcf7-form-control-wrap\" data-name=\"raisons-nl\"><textarea cols=\"40\" rows=\"10\" maxlength=\"1500\" minlength=\"10\" class=\"wpcf7-form-control wpcf7-textarea wpcf7-validates-as-required\" aria-required=\"true\" aria-invalid=\"false\" name=\"raisons-nl\"><\/textarea><\/span><span class=\"formulaire_indications\">(maximaal 1500 karakters)<\/span><br \/>\n<\/label><br \/>\n<label> Hoe zie je Smart in de toekomst? Wat is jouw langetermijnvisie voor het project?&nbsp;*<br \/>\n<span class=\"wpcf7-form-control-wrap\" data-name=\"futur-nl\"><textarea cols=\"40\" rows=\"10\" maxlength=\"1500\" minlength=\"10\" class=\"wpcf7-form-control wpcf7-textarea wpcf7-validates-as-required\" aria-required=\"true\" aria-invalid=\"false\" name=\"futur-nl\"><\/textarea><\/span><span class=\"formulaire_indications\">(maximaal 1500 karakters)<\/span><br \/>\n<\/label><br \/>\n<label> Als je een video hebt waarin je jezelf voorstelt, mag je die ook gerust delen (Vimeo, YouTube, andere):<br \/>\n<span class=\"wpcf7-form-control-wrap\" data-name=\"video\"><input size=\"40\" maxlength=\"250\" class=\"wpcf7-form-control wpcf7-text input--max-width\" aria-invalid=\"false\" value=\"\" type=\"text\" name=\"video\" \/><\/span><br \/>\n<\/label>\n<\/p>\n<h2>Vertalingen\n<\/h2>\n<p><label><br \/>\nJe mag de teksten in de volgende velden gerust zelf vertalen. Anders zorgt Smart ervoor:<br \/>\n<\/label><br \/>\n<label> Avez-vous d\u00e9j\u00e0 \u00e9t\u00e9 engag\u00e9\u00b7e au sein de Smart (CA, Comit\u00e9 d\u2019\u00e9thique, Smart in Progress, autres) ou avez-vous de l'exp\u00e9rience dans d'autre\u00b7s coop\u00e9rative\u00b7s ?<br \/>\n<span class=\"wpcf7-form-control-wrap\" data-name=\"engagement\"><textarea cols=\"40\" rows=\"10\" maxlength=\"1500\" minlength=\"10\" class=\"wpcf7-form-control wpcf7-textarea\" aria-invalid=\"false\" name=\"engagement\"><\/textarea><\/span><span class=\"formulaire_indications\"> (maximaal 1500 karakters)<\/span><br \/>\n<\/label><br \/>\n<label> Quel est votre m\u00e9tier, votre activit\u00e9 ?<br \/>\n<span class=\"wpcf7-form-control-wrap\" data-name=\"activity\"><textarea cols=\"40\" rows=\"10\" maxlength=\"1500\" minlength=\"10\" class=\"wpcf7-form-control wpcf7-textarea\" aria-invalid=\"false\" name=\"activity\"><\/textarea><\/span><span class=\"formulaire_indications\">(maximaal 1500 karakters)<\/span><br \/>\n<\/label><br \/>\n<label> Quelles sont les comp\u00e9tences et exp\u00e9riences que vous souhaitez apporter au sein du Conseil d\u2019Administration et au projet Smart ?<br \/>\n<span class=\"wpcf7-form-control-wrap\" data-name=\"competences\"><textarea cols=\"40\" rows=\"10\" maxlength=\"1500\" minlength=\"10\" class=\"wpcf7-form-control wpcf7-textarea\" aria-invalid=\"false\" name=\"competences\"><\/textarea><\/span><span class=\"formulaire_indications\"> (maximaal 1500 karakters)<\/span><br \/>\n<\/label><br \/>\n<label> Pourquoi vous pr\u00e9sentez-vous au conseil d\u2019administration ?<br \/>\n<span class=\"wpcf7-form-control-wrap\" data-name=\"raisons\"><textarea cols=\"40\" rows=\"10\" maxlength=\"1500\" minlength=\"10\" class=\"wpcf7-form-control wpcf7-textarea\" aria-invalid=\"false\" name=\"raisons\"><\/textarea><\/span><span class=\"formulaire_indications\">(maximaal 1500 karakters)<\/span><br \/>\n<\/label><br \/>\n<label> Comment voyez-vous Smart dans le futur ? Quelle est votre vision \u00e0 terme du projet&nbsp;?<br \/>\n<span class=\"wpcf7-form-control-wrap\" data-name=\"futur\"><textarea cols=\"40\" rows=\"10\" maxlength=\"1500\" minlength=\"10\" class=\"wpcf7-form-control wpcf7-textarea\" aria-invalid=\"false\" name=\"futur\"><\/textarea><\/span><span class=\"formulaire_indications\">(maximaal 1500 karakters)<\/span><br \/>\n<\/label>\n<\/p>\n<h2>Informatie voor intern gebruik (zal niet openbaar gemaakt worden)\n<\/h2>\n<p><label> Telefoon *<br \/>\n<span class=\"wpcf7-form-control-wrap\" data-name=\"tel\"><input size=\"40\" maxlength=\"22\" class=\"wpcf7-form-control wpcf7-tel wpcf7-validates-as-required wpcf7-text wpcf7-validates-as-tel\" aria-required=\"true\" aria-invalid=\"false\" value=\"\" type=\"tel\" name=\"tel\" \/><\/span><span class=\"formulaire_indications\"><br \/>\n(Bv.: +32 4 xx xx xx xx )<\/span><br \/>\n<\/label><br \/>\n<label> E-mail *<br \/>\n<span class=\"wpcf7-form-control-wrap\" data-name=\"email\"><input size=\"40\" maxlength=\"400\" class=\"wpcf7-form-control wpcf7-email wpcf7-validates-as-required wpcf7-text wpcf7-validates-as-email input--max-width\" aria-required=\"true\" aria-invalid=\"false\" value=\"\" type=\"email\" name=\"email\" \/><\/span><br \/>\n<\/label><br \/>\n<label> Opmerkingen<br \/>\n<span class=\"wpcf7-form-control-wrap\" data-name=\"commentaire\"><textarea cols=\"40\" rows=\"10\" maxlength=\"1500\" minlength=\"10\" class=\"wpcf7-form-control wpcf7-textarea\" aria-invalid=\"false\" name=\"commentaire\"><\/textarea><\/span><span class=\"formulaire_indications\">(maximaal 1500 karakters)<\/span><br \/>\n<\/label>\n<\/p>\n<p><span class=\"wpcf7-form-control-wrap\" data-name=\"accord\"><span class=\"wpcf7-form-control wpcf7-acceptance\"><span class=\"wpcf7-list-item\"><label><input type=\"checkbox\" name=\"accord\" value=\"1\" aria-invalid=\"false\" \/><span class=\"wpcf7-list-item-label\">Ik ga ermee akkoord dat deze informatie (behalve de informatie voor intern gebruik) in het kader van mijn kandidatuur op de site gepubliceerd wordt.<\/span><\/label><\/span><\/span><\/span>\n<\/p>\n<p><input class=\"wpcf7-form-control wpcf7-submit has-spinner\" type=\"submit\" value=\"Verzenden\" \/>\n<\/p><div class=\"wpcf7-response-output\" aria-hidden=\"true\"><\/div>\n<\/form>\n<\/div>","protected":false},"excerpt":{"rendered":"<p>Elk jaar tijdens de algemene vergadering in juni vernieuwt SmartCoop een deel van haar Raad van bestuur. Kandidaten kunnen zich het hele jaar door kenbaar maken via dit formulier. Belangrijke data: Uiterste datum om je kandidatuur voor de volgende algemene &hellip;<\/p>\n","protected":false},"author":53,"featured_media":0,"parent":0,"menu_order":0,"comment_status":"closed","ping_status":"closed","template":"","meta":{"footnotes":""},"tags":[],"class_list":["post-47879","page","type-page","status-publish","hentry"],"aioseo_notices":[],"_links":{"self":[{"href":"https:\/\/smartbe.be\/nl\/wp-json\/wp\/v2\/pages\/47879","targetHints":{"allow":["GET"]}}],"collection":[{"href":"https:\/\/smartbe.be\/nl\/wp-json\/wp\/v2\/pages"}],"about":[{"href":"https:\/\/smartbe.be\/nl\/wp-json\/wp\/v2\/types\/page"}],"author":[{"embeddable":true,"href":"https:\/\/smartbe.be\/nl\/wp-json\/wp\/v2\/users\/53"}],"replies":[{"embeddable":true,"href":"https:\/\/smartbe.be\/nl\/wp-json\/wp\/v2\/comments?post=47879"}],"version-history":[{"count":4,"href":"https:\/\/smartbe.be\/nl\/wp-json\/wp\/v2\/pages\/47879\/revisions"}],"predecessor-version":[{"id":49437,"href":"https:\/\/smartbe.be\/nl\/wp-json\/wp\/v2\/pages\/47879\/revisions\/49437"}],"wp:attachment":[{"href":"https:\/\/smartbe.be\/nl\/wp-json\/wp\/v2\/media?parent=47879"}],"wp:term":[{"taxonomy":"post_tag","embeddable":true,"href":"https:\/\/smartbe.be\/nl\/wp-json\/wp\/v2\/tags?post=47879"}],"curies":[{"name":"wp","href":"https:\/\/api.w.org\/{rel}","templated":true}]}}