
{"id":4265,"date":"2014-03-04T13:02:07","date_gmt":"2014-03-04T12:02:07","guid":{"rendered":"http:\/\/smartbe.be\/?page_id=4265"},"modified":"2017-02-16T16:31:28","modified_gmt":"2017-02-16T15:31:28","slug":"de-collectie","status":"publish","type":"page","link":"https:\/\/smartbe.be\/nl\/de-collectie\/","title":{"rendered":"De collectie"},"content":{"rendered":"<div id=\"gt-src-tools\">\n<h1>Waarom een collectie?<\/h1>\n<ul>\n<li>De banden versterken met het professionele milieu.<\/li>\n<li>Een gevarieerd beeld geven van de hedendaagse kunstenaar.<\/li>\n<li>De hedendaagse creatie financieel ondersteunen en aandacht schenken aan het werk van de kunstenaar.<\/li>\n<\/ul>\n<p>Het thema \u201cKunstenaarsportretten\u201d illustreert de doelstellingen van Smart.<\/p>\n<h1>Welke invalshoeken?<\/h1>\n<p>De collectie wordt opgebouwd vanuit 3 verschillende invalshoeken, die het actuele \u201ckunstenaarsportret\u201d illustreren:<\/p>\n<ul>\n<li>Zelfportretten, portretten van andere kunstenaars en &#8216;fictieve\u2019 kunstenaars<\/li>\n<li>Citaten en herinterpretaties van bestaande kunstwerken<\/li>\n<li>De relatie kunstenaar en maatschappij<\/li>\n<\/ul>\n<\/div>\n<h1>Welke disciplines?<\/h1>\n<p>Een multidisciplinaire collectie: beeldende kunst waaronder fotografie en video, maar eveneens illustraties en striptekeningen, muziek, en in de toekomst, literatuur en film.<\/p>\n<h1>Welke kunststromingen?<\/h1>\n<p>De collectie beperkt zich niet tot \u00e9\u00e9n kunststroming, en durft kunst in vraag te stellen. Historische<br \/>\ngebeurtenissen (vanaf de tweede helft van de jaren 60) en vernieuwing staan centraal.<br \/>\nEen collectie die zoekt naar verbanden, aanvullingen en differentiatie binnen het gekozen thema.<\/p>\n<h1>Waar worden de werken verworven?<\/h1>\n<ul>\n<li>in ateliers<\/li>\n<li>in galeries<\/li>\n<li>op veilingen<\/li>\n<li>via opdrachten aan een kunstenaar<\/li>\n<li>via langdurige bruikleen van werken uit priv\u00e9collecties<\/li>\n<\/ul>\n<h1>Welke kunstenaars, welke werken?<\/h1>\n<ul>\n<li>De keuzes worden gemaakt op basis van de kwaliteit en de originaliteit van de kunstwerken en in functie van hun specifieke bijdrage aan de collectie.<\/li>\n<li>De collectie bevat werk van nationaal en internationaal bekende kunstenaars en van opkomende\u00a0talenten, maar ook van miskende en fictieve kunstenaars.<\/li>\n<li>De collectie zal op het ritme van de internationale ontwikkeling van Smart een Europese dimensie krijgen. Ze bevat momenteel werk van Belgische, Franse, Zwitserse, Spaanse, Tsjechische en\u00a0Nederlandse kunstenaars.<\/li>\n<li>De werken zijn allen ontstaan na het einde van de jaren 60. Het grootste deel na 2000.<\/li>\n<\/ul>\n<h1>Uitgeleende werken<\/h1>\n<p>SMart leent geregeld werken uit haar collectie uit aan musea, organisatoren van tentoonstellingen, en aan nationale en internationale culturele organisaties<b>.<\/b><\/p>\n<div id=\"attachment_18345\" style=\"width: 338px\" class=\"wp-caption alignnone\"><a href=\"https:\/\/smartbe.be\/wordpress\/..\/wp-content\/uploads\/2014\/03\/flipchartportraitrrminnenlowdef.jpg\"><img loading=\"lazy\" decoding=\"async\" aria-describedby=\"caption-attachment-18345\" class=\" wp-image-18345\" src=\"https:\/\/smartbe.be\/wordpress\/..\/wp-content\/uploads\/2014\/03\/flipchartportraitrrminnenlowdef.jpg\" alt=\"Benoit Piret             Portret van Raymond Minnen     2016 Gemengde technieken op flichardpapier         (100 x 70 cm)\" width=\"328\" height=\"470\" srcset=\"https:\/\/smartbe.be\/wp-content\/uploads\/2014\/03\/flipchartportraitrrminnenlowdef.jpg 396w, https:\/\/smartbe.be\/wp-content\/uploads\/2014\/03\/flipchartportraitrrminnenlowdef-210x300.jpg 210w, https:\/\/smartbe.be\/wp-content\/uploads\/2014\/03\/flipchartportraitrrminnenlowdef-290x415.jpg 290w\" sizes=\"auto, (max-width: 328px) 100vw, 328px\" \/><\/a><p id=\"caption-attachment-18345\" class=\"wp-caption-text\">Benoit Piret\u00a0\u00a0\u00a0 \u00a0Portret van Raymond Minnen\u00a0\u00a0\u00a0\u00a0\u00a0\u00a02013<br \/>Gemengde technieken op flipchartpapier\u00a0\u00a0\u00a0 \u00a0\u00a0(100 x 70 cm)<\/p><\/div>\n<h1>De collectie bestaat uit werk van:<\/h1>\n<p id=\"wp_editimgbtn\" title=\"Modifier l\u2019image\">Philip Akkerman (NL), H\u00e9l\u00e8ne Amouzou (BE), Alain Bachet (FR), Stephan Balleux (BE), Fred Bervoets (BE), Pierre Bettencourt (FR), Michel Binstok (BE), Tatiana Bohm (BE), Christian Boltanski (FR), Roland Breucker (BE), Jacques Brissot (FR), Pierre Buraglio (FR), Christian Carez (BE), Luciano Castelli (CH), Thomas Chable (BE), Jacques Charlier (BE), Jean-Jules Chasse-Pot (FR), Daniel Chust Peters (ES), Cathy Co\u00ebz (FR), J\u00e9r\u00f4me Consid\u00e9rant (BE), Philippe De Gobert (BE), Lara Denil (BE), Alessandro Filippini (IT), G\u00e9rard Fromanger (FR), Manuel Hermia (BE), Teun Hocks (NL), Louis Jammes (FR), Marie-Jo Lafontaine (BE),Sophie Langohr (BE), Jean Le Gac (FR), Matthias Lehmann (FR), Jacques Lennep (BE), Emilio L\u00f3pez-Menchero (BE), Jean-Claude Loubi\u00e8res (FR), Jiri Kolar (CZ), Frank Maieu (BE), Jean-Pierre Marquet (FR), Michael Matthys (BE), Raymond Minnen (BE), Pierre Molinier (FR), Johan Muyle (BE), Fabrice Neaud (FR), Benoit Piret (BE), Jean-Pierre Ransonnet (BE), Laurent Sfar (FR), Andr\u00e9 Stas (BE), Boris Thi\u00e9baut (BE), Fanny Viollet (FR) Wang Wei Quartet (BE), Thierry Z\u00e9no (BE)<\/p>\n<p>De collectie omvat momenteel 73 titels, waaronder verschillende series, van 50 verschillende kunstenaars.<\/p>\n<h1>Fotogalerij en video<\/h1>\n<p>In afwachting van een nieuwe website voor de collectie kan je de foto&#8217;s van de werken bekijken in de <a href=\"http:\/\/www.smartagora.com\/nl\/profile\/view\/id\/2528\">fotogalerij van SMartagora<\/a>.<\/p>\n<p>\u25ba\u00a0<a href=\"https:\/\/youtu.be\/PJR-y-GVbuw\">Klik hier\u00a0 <\/a>om\u00a0<strong>de video te bekijken van de tentoonstelling van de complete collectie<\/strong> in LaVall\u00e9e, sept. &#8211; oct. 2015, gefilmd door Marco Perri.<\/p>\n<p>Een groot aantal werken is tijdens kantooruren te bezichtigen in de kantoren van Smart in Brussel en Charleroi.<\/p>\n<hr class=\"page-divider\" \/>\n<div class=\"text-center\">Contact: <strong><a href=\"mailto:&#x76;&#x65;&#x6a;&#x40;&#x73;&#x6d;&#x61;&#x72;&#x74;&#x2e;&#x63;&#x6f;&#x6f;&#x70;\">Judith Verhoeven<\/a> &#8211;<\/strong> 02 542 19 87<\/div>\n<p><em>\u00a0<\/em><\/p>","protected":false},"excerpt":{"rendered":"<p>Waarom een collectie? De banden versterken met het professionele milieu. Een gevarieerd beeld geven van de hedendaagse kunstenaar. De hedendaagse creatie financieel ondersteunen en aandacht schenken aan het werk van de kunstenaar. Het thema \u201cKunstenaarsportretten\u201d illustreert de doelstellingen van Smart. &hellip;<\/p>\n","protected":false},"author":3,"featured_media":0,"parent":0,"menu_order":-10,"comment_status":"closed","ping_status":"closed","template":"","meta":{"footnotes":""},"tags":[],"class_list":["post-4265","page","type-page","status-publish","hentry"],"aioseo_notices":[],"_links":{"self":[{"href":"https:\/\/smartbe.be\/nl\/wp-json\/wp\/v2\/pages\/4265","targetHints":{"allow":["GET"]}}],"collection":[{"href":"https:\/\/smartbe.be\/nl\/wp-json\/wp\/v2\/pages"}],"about":[{"href":"https:\/\/smartbe.be\/nl\/wp-json\/wp\/v2\/types\/page"}],"author":[{"embeddable":true,"href":"https:\/\/smartbe.be\/nl\/wp-json\/wp\/v2\/users\/3"}],"replies":[{"embeddable":true,"href":"https:\/\/smartbe.be\/nl\/wp-json\/wp\/v2\/comments?post=4265"}],"version-history":[{"count":90,"href":"https:\/\/smartbe.be\/nl\/wp-json\/wp\/v2\/pages\/4265\/revisions"}],"predecessor-version":[{"id":18347,"href":"https:\/\/smartbe.be\/nl\/wp-json\/wp\/v2\/pages\/4265\/revisions\/18347"}],"wp:attachment":[{"href":"https:\/\/smartbe.be\/nl\/wp-json\/wp\/v2\/media?parent=4265"}],"wp:term":[{"taxonomy":"post_tag","embeddable":true,"href":"https:\/\/smartbe.be\/nl\/wp-json\/wp\/v2\/tags?post=4265"}],"curies":[{"name":"wp","href":"https:\/\/api.w.org\/{rel}","templated":true}]}}