
{"id":40295,"date":"2023-08-03T16:46:32","date_gmt":"2023-08-03T14:46:32","guid":{"rendered":"https:\/\/smartbe.be\/?page_id=40295"},"modified":"2023-08-30T15:44:37","modified_gmt":"2023-08-30T13:44:37","slug":"klokkenluiderswet-doe-een-melding","status":"publish","type":"page","link":"https:\/\/smartbe.be\/nl\/klokkenluiderswet-doe-een-melding\/","title":{"rendered":"&#8216;Klokkenluiderswet&#8217;: doe een melding"},"content":{"rendered":"<p>De wet die gewoonlijk de &#8216;klokkenluiderswet&#8217; wordt genoemd, is de wet van 28 november 2022 betreffende &#8220;de bescherming van melders van inbreuken op het Unie- of nationale recht vastgesteld binnen een juridische entiteit in de private sector&#8221;. Deze wet is de omzetting in Belgisch recht van de Europese richtlijn (EU) 2019\/1937 van 23 oktober 2019.\u202fHoofddoel is een hoog niveau van bescherming te bieden aan personen die binnen een juridische entiteit in de private sector\u202fschendingen melden van de EU-wetgeving op een groot aantal gebieden.<\/p>\n<p>Onder bescherming wordt verstaan maatregelen tegen mogelijke represailles, bedreigingen en pogingen tot represailles tegen de klokkenluider, diens familieleden of de onderneming waartoe hij\/zij behoort.<\/p>\n<p>Een juridische entiteit in de private sector is elke organisatie met of zonder rechtspersoonlijkheid die een of meer specifieke activiteiten uitoefent.<\/p>\n<p>&nbsp;<\/p>\n<h2>Een melding indienen bij Smart?<\/h2>\n<p><a href=\"https:\/\/forms.office.com\/e\/b7p6sEzceN\" target=\"_blank\" rel=\"noopener\">Een anoniem online meldingsformulier<\/a><\/p>\n<p><a href=\"https:\/\/forms.office.com\/e\/QJxRgvrkqv\" target=\"_blank\" rel=\"noopener\">Een gepersonaliseerd online meldingsformulier<\/a><\/p>\n<p>&nbsp;<\/p>\n<h2><strong>Veelgestelde vragen<\/strong><\/h2>\n<p>&nbsp;<\/p>\n<style>#sp-ea-40297 .spcollapsing { height: 0; overflow: hidden; transition-property: height;transition-duration: 300ms;}#sp-ea-40297.sp-easy-accordion>.sp-ea-single {margin-bottom: 10px; border: 1px solid #e2e2e2; }#sp-ea-40297.sp-easy-accordion>.sp-ea-single>.ea-header a {color: #444;}#sp-ea-40297.sp-easy-accordion>.sp-ea-single>.sp-collapse>.ea-body {background: #fff; color: #444;}#sp-ea-40297.sp-easy-accordion>.sp-ea-single {background: #eee;}#sp-ea-40297.sp-easy-accordion>.sp-ea-single>.ea-header a .ea-expand-icon { float: left; color: #444;font-size: 16px;}.sp-easy-accordion{font-family: \"cerebri_sans\", \"Helvetica Neue\", Arial, Helvetica, sans-serif;}\r\n.sp-easy-accordion .ea-expand h3.ea-header  a, .sp-easy-accordion .ea-expand h3.ea-header .ea-expand-icon{color:#ff4054 !important;}<\/style><div id=\"sp_easy_accordion-1776332729\"><div id=\"sp-ea-40297\" class=\"sp-ea-one sp-easy-accordion\" data-ea-active=\"ea-click\" data-ea-mode=\"vertical\" data-preloader=\"\" data-scroll-active-item=\"\" data-offset-to-scroll=\"0\"><div class=\"ea-card ea-expand sp-ea-single\"><h3 class=\"ea-header\"><a class=\"collapsed\" id=\"ea-header-402970\" role=\"button\" data-sptoggle=\"spcollapse\" data-sptarget=\"#collapse402970\" aria-controls=\"collapse402970\" href=\"#\" aria-expanded=\"true\" tabindex=\"0\"><i aria-hidden=\"true\" role=\"presentation\" class=\"ea-expand-icon eap-icon-ea-expand-minus\"><\/i> In welke gevallen kan een melding worden gedaan?<\/a><\/h3><div class=\"sp-collapse spcollapse collapsed show\" id=\"collapse402970\" data-parent=\"#sp-ea-40297\" role=\"region\" aria-labelledby=\"ea-header-402970\"> <div class=\"ea-body\"><p>Meldingen kunnen betrekking hebben tot een reeks gebieden:<\/p><ul><li>Openbare aanbestedingen<\/li><li>Milieubescherming<\/li><li>Consumentenbescherming<\/li><li>Diensten<\/li><li>Financi\u00eble producten en aanbestedingen, voorkoming van witwassen en terrorismefinanciering<\/li><li>Veiligheid en conformiteit van producten<\/li><li>Veiligheid van vervoermiddelen<\/li><li>Stralingsbescherming en nucleaire veiligheid<\/li><li>Voedsel- en voederveiligheid<\/li><li>Dierengezondheid en \u2013welzijn<\/li><li>Bescherming van de persoonlijke levenssfeer en van persoonsgegevens<\/li><li>Beveiliging van netwerken en informatiesystemen<\/li><li>Sociale fraude<\/li><li>Fiscale fraude<\/li><\/ul><\/div><\/div><\/div><div class=\"ea-card sp-ea-single\"><h3 class=\"ea-header\"><a class=\"collapsed\" id=\"ea-header-402971\" role=\"button\" data-sptoggle=\"spcollapse\" data-sptarget=\"#collapse402971\" aria-controls=\"collapse402971\" href=\"#\" aria-expanded=\"false\" tabindex=\"0\"><i aria-hidden=\"true\" role=\"presentation\" class=\"ea-expand-icon eap-icon-ea-expand-plus\"><\/i> Wat is een melding?<\/a><\/h3><div class=\"sp-collapse spcollapse \" id=\"collapse402971\" data-parent=\"#sp-ea-40297\" role=\"region\" aria-labelledby=\"ea-header-402971\"> <div class=\"ea-body\"><p>Een melding moet betrekking hebben op feiten die zich in een private organisatie hebben afgespeeld en waarvan de kennisneming in een beroepsmatige context heeft plaatsgevonden. De wet maakt een onderscheid tussen interne en externe meldingen.<\/p><ul><li>Een interne melding is een melding binnen de onderneming.<\/li><li>Een externe melding is de mondelinge of schriftelijke mededeling van informatie over schendingen aan de federale co\u00f6rdinator of de bevoegde autoriteiten.<\/li><\/ul><p>Elke melding die aan Smart wordt overgemaakt, valt onder de categorie van interne meldingen.<\/p><\/div><\/div><\/div><div class=\"ea-card sp-ea-single\"><h3 class=\"ea-header\"><a class=\"collapsed\" id=\"ea-header-402972\" role=\"button\" data-sptoggle=\"spcollapse\" data-sptarget=\"#collapse402972\" aria-controls=\"collapse402972\" href=\"#\" aria-expanded=\"false\" tabindex=\"0\"><i aria-hidden=\"true\" role=\"presentation\" class=\"ea-expand-icon eap-icon-ea-expand-plus\"><\/i> Wat wordt niet als een melding beschouwd?<\/a><\/h3><div class=\"sp-collapse spcollapse \" id=\"collapse402972\" data-parent=\"#sp-ea-40297\" role=\"region\" aria-labelledby=\"ea-header-402972\"> <div class=\"ea-body\"><p>Worden niet als een melding beschouwd:<\/p><ul><li>Een melding die uitsluitend op jouw situatie of persoonlijk belang betrekking heeft en bijgevolg geen bedreiging vormt voor of geen afbreuk doet aan het algemeen belang;<\/li><li>Een melding in verband met pesterijen of geweld op de werkplek. Dergelijke feiten moeten worden gesignaleerd aan de vertrouwenspersoon of aan een preventieadviseur;<\/li><li>Een melding inzake discriminatie of racisme. Dergelijke feiten moeten worden gemeld aan\u202f<a href=\"https:\/\/www.unia.be\/nl\">Unia<\/a>;<\/li><li>Een melding met betrekking tot politiezaken. Deze moeten worden gesignaleerd aan het\u202f<a href=\"http:\/\/comitep.be\/index.html?lang=nl\">Comit\u00e9 P<\/a>;<\/li><li>Een melding met betrekking tot feiten die verband houden met de inlichtingen- en veiligheidsdiensten. Die moeten gesignaleerd worden aan het\u202f<a href=\"http:\/\/www.comiteri.be\/index.php\/nl\/\">Comit\u00e9 R<\/a>.<\/li><\/ul><\/div><\/div><\/div><div class=\"ea-card sp-ea-single\"><h3 class=\"ea-header\"><a class=\"collapsed\" id=\"ea-header-402973\" role=\"button\" data-sptoggle=\"spcollapse\" data-sptarget=\"#collapse402973\" aria-controls=\"collapse402973\" href=\"#\" aria-expanded=\"false\" tabindex=\"0\"><i aria-hidden=\"true\" role=\"presentation\" class=\"ea-expand-icon eap-icon-ea-expand-plus\"><\/i> Wie kan aangifte doen en beschermd worden?<\/a><\/h3><div class=\"sp-collapse spcollapse \" id=\"collapse402973\" data-parent=\"#sp-ea-40297\" role=\"region\" aria-labelledby=\"ea-header-402973\"> <div class=\"ea-body\"><p>Iedere werknemer in de particuliere sector die informatie heeft over schendingen in een professionele context kan die info melden. Werknemers worden gedefinieerd als:<\/p><ul><li>werknemers, inclusief ambtenaren, die in het kader van hun beroepsactiviteit een inbreuk in een private onderneming ontdekken;<\/li><li>zelfstandigen;<\/li><li>aandeelhouders, leden van het bestuurs-, leidinggevende of toezichthoudende orgaan van een vennootschap, met inbegrip van niet-uitvoerende leden;<\/li><li>vrijwilligers en stagiairs, betaald of onbetaald;<\/li><li>contractanten, onderaannemers en leveranciers;<\/li><li>voormalige werknemers;<\/li><li>toekomstige werknemers (voor informatie verkregen tijdens het aanwervingsproces of andere precontractuele onderhandelingen).<\/li><\/ul><\/div><\/div><\/div><div class=\"ea-card sp-ea-single\"><h3 class=\"ea-header\"><a class=\"collapsed\" id=\"ea-header-402974\" role=\"button\" data-sptoggle=\"spcollapse\" data-sptarget=\"#collapse402974\" aria-controls=\"collapse402974\" href=\"#\" aria-expanded=\"false\" tabindex=\"0\"><i aria-hidden=\"true\" role=\"presentation\" class=\"ea-expand-icon eap-icon-ea-expand-plus\"><\/i> Wie wordt er beschermd?<\/a><\/h3><div class=\"sp-collapse spcollapse \" id=\"collapse402974\" data-parent=\"#sp-ea-40297\" role=\"region\" aria-labelledby=\"ea-header-402974\"> <div class=\"ea-body\"><p>Niet enkel de klokkenluiders worden beschermd, maar ook degenen die als facilitator optreden, hun collega's of familieleden, of de bedrijven waarvan ze eigenaar zijn of waarvoor zij werken.<\/p><p>Een facilitator is elke natuurlijke persoon die een melder tijdens de meldingsprocedure bijstaat en wiens hulp vertrouwelijk moet zijn.<\/p><\/div><\/div><\/div><div class=\"ea-card sp-ea-single\"><h3 class=\"ea-header\"><a class=\"collapsed\" id=\"ea-header-402975\" role=\"button\" data-sptoggle=\"spcollapse\" data-sptarget=\"#collapse402975\" aria-controls=\"collapse402975\" href=\"#\" aria-expanded=\"false\" tabindex=\"0\"><i aria-hidden=\"true\" role=\"presentation\" class=\"ea-expand-icon eap-icon-ea-expand-plus\"><\/i> Wie ziet toe op de bescherming van de betrokkenen?<\/a><\/h3><div class=\"sp-collapse spcollapse \" id=\"collapse402975\" data-parent=\"#sp-ea-40297\" role=\"region\" aria-labelledby=\"ea-header-402975\"> <div class=\"ea-body\"><p>Het is <a href=\"http:\/\/www.federaalombudsman.be\/nl\">de\u202ffederale co\u00f6rdinator<\/a>\u202fdie zorgt voor de bescherming van de betrokken personen.<\/p><p>Elke klokkenluider die zich slachtoffer voelt of met represailles wordt bedreigd, kan een met redenen gemotiveerde klacht indienen bij de federale co\u00f6rdinator, die een buitengerechtelijke beschermingsprocedure opstart.<br \/>Meer informatie:\u202f<a href=\"https:\/\/www.federaalombudsman.be\/nl\/centrum-integriteit\/bescherming-tegen-vergeldingsmaatregelen\">Bescherming tegen vergeldingsmaatregelen<\/a>.<\/p><\/div><\/div><\/div><div class=\"ea-card sp-ea-single\"><h3 class=\"ea-header\"><a class=\"collapsed\" id=\"ea-header-402976\" role=\"button\" data-sptoggle=\"spcollapse\" data-sptarget=\"#collapse402976\" aria-controls=\"collapse402976\" href=\"#\" aria-expanded=\"false\" tabindex=\"0\"><i aria-hidden=\"true\" role=\"presentation\" class=\"ea-expand-icon eap-icon-ea-expand-plus\"><\/i> Wat zijn de voorwaarden om voor de bescherming in aanmerking te komen?<\/a><\/h3><div class=\"sp-collapse spcollapse \" id=\"collapse402976\" data-parent=\"#sp-ea-40297\" role=\"region\" aria-labelledby=\"ea-header-402976\"> <div class=\"ea-body\"><p>Om de door de wet geboden bescherming te genieten, moeten klokkenluiders aan de volgende voorwaarden voldoen:<\/p><ul><li>te goeder trouw hebben gehandeld,<\/li><li>redelijke gronden hebben om aan te nemen dat de gemelde informatie op het moment van de melding waar was,<\/li><li>de wettelijk voorgeschreven meldingsprocedure hebben gevolgd.<\/li><\/ul><p>Klokkenluiders zijn niet beschermd als de melding gebaseerd is op valse informatie of op informatie die is verkregen als gevolg van een misdrijf.<\/p><p>Klokkenluiders die anoniem informatie hebben gemeld, komen de facto niet in aanmerking voor bescherming.<\/p><\/div><\/div><\/div><div class=\"ea-card sp-ea-single\"><h3 class=\"ea-header\"><a class=\"collapsed\" id=\"ea-header-402977\" role=\"button\" data-sptoggle=\"spcollapse\" data-sptarget=\"#collapse402977\" aria-controls=\"collapse402977\" href=\"#\" aria-expanded=\"false\" tabindex=\"0\"><i aria-hidden=\"true\" role=\"presentation\" class=\"ea-expand-icon eap-icon-ea-expand-plus\"><\/i> Welke vertrouwelijkheidsmaatregelen neemt Smart?<\/a><\/h3><div class=\"sp-collapse spcollapse \" id=\"collapse402977\" data-parent=\"#sp-ea-40297\" role=\"region\" aria-labelledby=\"ea-header-402977\"> <div class=\"ea-body\"><p>Overeenkomstig de wet heeft binnen Smart alleen de meldingsbeheerder toegang tot de persoonsgegevens in verband met de melding. De voor de ontvangst van meldingen opgezette kanalen worden ontworpen, opgezet en beheerd op een veilige manier die de vertrouwelijkheid van de identiteit van de melder en van de eventueel vermelde derde partij waarborgt.<\/p><p>Deze vertrouwelijkheidsmaatregelen gelden zowel voor de klokkenluider als voor eenieder die bij de melding betrokken is.<\/p><p>Uitzondering: in geval van een gerechtelijk onderzoek kan de bevoegde autoriteit zich genoodzaakt zien de identiteit van de melder mee te delen; die zal daarvan vooraf op de hoogte worden gebracht.<\/p><\/div><\/div><\/div><div class=\"ea-card sp-ea-single\"><h3 class=\"ea-header\"><a class=\"collapsed\" id=\"ea-header-402978\" role=\"button\" data-sptoggle=\"spcollapse\" data-sptarget=\"#collapse402978\" aria-controls=\"collapse402978\" href=\"#\" aria-expanded=\"false\" tabindex=\"0\"><i aria-hidden=\"true\" role=\"presentation\" class=\"ea-expand-icon eap-icon-ea-expand-plus\"><\/i> Hoe zit het met de vertrouwelijkheid van de betrokkenen?<\/a><\/h3><div class=\"sp-collapse spcollapse \" id=\"collapse402978\" data-parent=\"#sp-ea-40297\" role=\"region\" aria-labelledby=\"ea-header-402978\"> <div class=\"ea-body\"><p>Een \"betrokkene\" is iedere natuurlijke of rechtspersoon die in de melding of openbaarmaking wordt genoemd als de persoon aan wie de inbreuk wordt toegeschreven of met wie die persoon in verband wordt gebracht.<\/p><p>Deze vertrouwelijkheidsmaatregelen gelden zowel voor de klokkenluider als voor eenieder die bij de melding betrokken is.<\/p><p>De bevoegde autoriteiten zien erop toe dat de identiteit van de betrokken personen wordt beschermd zolang het onderzoek naar aanleiding van de melding of de openbaarmaking loopt.<\/p><\/div><\/div><\/div><div class=\"ea-card sp-ea-single\"><h3 class=\"ea-header\"><a class=\"collapsed\" id=\"ea-header-402979\" role=\"button\" data-sptoggle=\"spcollapse\" data-sptarget=\"#collapse402979\" aria-controls=\"collapse402979\" href=\"#\" aria-expanded=\"false\" tabindex=\"0\"><i aria-hidden=\"true\" role=\"presentation\" class=\"ea-expand-icon eap-icon-ea-expand-plus\"><\/i> Hoe doe je een melding?<\/a><\/h3><div class=\"sp-collapse spcollapse \" id=\"collapse402979\" data-parent=\"#sp-ea-40297\" role=\"region\" aria-labelledby=\"ea-header-402979\"> <div class=\"ea-body\"><p>Personen die inbreuken willen melden, kunnen gebruikmaken van het meldingskanaal van Smart: dat is een interne melding. Zij kunnen de inbreuk ook rechtstreeks melden aan de bevoegde autoriteit of aan <a href=\"http:\/\/www.federaalombudsman.be\/nl\">de\u202ffederale co\u00f6rdinator<\/a>: dat is een externe melding.<\/p><\/div><\/div><\/div><div class=\"ea-card sp-ea-single\"><h3 class=\"ea-header\"><a class=\"collapsed\" id=\"ea-header-4029710\" role=\"button\" data-sptoggle=\"spcollapse\" data-sptarget=\"#collapse4029710\" aria-controls=\"collapse4029710\" href=\"#\" aria-expanded=\"false\" tabindex=\"0\"><i aria-hidden=\"true\" role=\"presentation\" class=\"ea-expand-icon eap-icon-ea-expand-plus\"><\/i> Is een anonieme melding toegestaan?<\/a><\/h3><div class=\"sp-collapse spcollapse \" id=\"collapse4029710\" data-parent=\"#sp-ea-40297\" role=\"region\" aria-labelledby=\"ea-header-4029710\"> <div class=\"ea-body\"><p>De wet staat anonieme meldingen toe, d.w.z. meldingen waarbij niemand, zelfs niet de meldingsbeheerder, de identiteit van de melder kent.<\/p><p>Door zijn aard impliceert een anonieme melding dat de melder niet kan worden beschermd. Ook over de opvolging van de melding kan die persoon niets worden meegedeeld.<\/p><\/div><\/div><\/div><div class=\"ea-card sp-ea-single\"><h3 class=\"ea-header\"><a class=\"collapsed\" id=\"ea-header-4029711\" role=\"button\" data-sptoggle=\"spcollapse\" data-sptarget=\"#collapse4029711\" aria-controls=\"collapse4029711\" href=\"#\" aria-expanded=\"false\" tabindex=\"0\"><i aria-hidden=\"true\" role=\"presentation\" class=\"ea-expand-icon eap-icon-ea-expand-plus\"><\/i> Hoe verricht je een melding bij Smart?<\/a><\/h3><div class=\"sp-collapse spcollapse \" id=\"collapse4029711\" data-parent=\"#sp-ea-40297\" role=\"region\" aria-labelledby=\"ea-header-4029711\"> <div class=\"ea-body\"><p>Smart beschikt over twee formulieren kanalen om een melding te doen. Zo kan de melding gebeuren via:<\/p><ul><li><a href=\"https:\/\/forms.office.com\/e\/b7p6sEzceN\" target=\"_blank\" rel=\"noopener\"><strong>Een anoniem online meldingsformulier<\/strong><\/a><\/li><li><a href=\"https:\/\/forms.office.com\/e\/QJxRgvrkqv\" target=\"_blank\" rel=\"noopener\"><strong>Een gepersonaliseerd online meldingsformulier<\/strong><\/a><\/li><\/ul><p>Als de melding niet anoniem is, zijn de volgende persoonlijke gegevens vereist: naam, voornaam, postadres, telefoon en e-mailadres. Die informatie is nodig om met de melder contact op te nemen voor eventuele bijkomende informatie en om de follow-up en het eindresultaat van de melding mee te delen overeenkomstig de wet.<\/p><p>Indien deze informatie niet volledig of onjuist is, wordt de melding als anoniem beschouwd.<\/p><\/div><\/div><\/div><div class=\"ea-card sp-ea-single\"><h3 class=\"ea-header\"><a class=\"collapsed\" id=\"ea-header-4029712\" role=\"button\" data-sptoggle=\"spcollapse\" data-sptarget=\"#collapse4029712\" aria-controls=\"collapse4029712\" href=\"#\" aria-expanded=\"false\" tabindex=\"0\"><i aria-hidden=\"true\" role=\"presentation\" class=\"ea-expand-icon eap-icon-ea-expand-plus\"><\/i> Waar moet men in geval van represailles een klacht indienen?<\/a><\/h3><div class=\"sp-collapse spcollapse \" id=\"collapse4029712\" data-parent=\"#sp-ea-40297\" role=\"region\" aria-labelledby=\"ea-header-4029712\"> <div class=\"ea-body\"><p>Elke remedie in geval van represailles moet worden ingesteld bij de Arbeidsrechtbank overeenkomstig artikel 578 van het Gerechtelijk Wetboek.<\/p><p>Zowel in het geval van een interne als een externe melding of openbaarmaking ziet het Federaal Instituut voor de bescherming en de bevordering van de rechten van de mens erop toe dat de ondersteunende maatregelen worden toegepast. Het instituut vormt het centrale informatiepunt voor de bescherming van klokkenluiders.<\/p><\/div><\/div><\/div><div class=\"ea-card sp-ea-single\"><h3 class=\"ea-header\"><a class=\"collapsed\" id=\"ea-header-4029713\" role=\"button\" data-sptoggle=\"spcollapse\" data-sptarget=\"#collapse4029713\" aria-controls=\"collapse4029713\" href=\"#\" aria-expanded=\"false\" tabindex=\"0\"><i aria-hidden=\"true\" role=\"presentation\" class=\"ea-expand-icon eap-icon-ea-expand-plus\"><\/i> Wordt de melder aansprakelijk gesteld?<\/a><\/h3><div class=\"sp-collapse spcollapse \" id=\"collapse4029713\" data-parent=\"#sp-ea-40297\" role=\"region\" aria-labelledby=\"ea-header-4029713\"> <div class=\"ea-body\"><p>Een melding of openbaarmaking verricht conform de wet van 28 november 2022 betreffende de bescherming van melders van inbreuken op het Unie- of nationale recht vastgesteld binnen een juridische entiteit in de private sector vormt geen zware fout, bedrog of gewoonlijk lichte fout die aanleiding kan geven tot burgerrechtelijke aansprakelijkheid van de werknemer, ongeacht de motivatie van de werknemer.<\/p><p>Dit is op voorwaarde dat de melder redelijke gronden had om aan te nemen dat de melding of openbaarmaking van dergelijke informatie noodzakelijk was om een schending krachtens deze wet aan het licht te brengen. Onder dezelfde voorwaarden kunnen tegen deze personen geen burgerrechtelijke, strafrechtelijke of disciplinaire maatregelen worden genomen, noch enige professionele sanctie worden opgelegd, omwille van deze melding of openbaarmaking.<\/p><\/div><\/div><\/div><div class=\"ea-card sp-ea-single\"><h3 class=\"ea-header\"><a class=\"collapsed\" id=\"ea-header-4029714\" role=\"button\" data-sptoggle=\"spcollapse\" data-sptarget=\"#collapse4029714\" aria-controls=\"collapse4029714\" href=\"#\" aria-expanded=\"false\" tabindex=\"0\"><i aria-hidden=\"true\" role=\"presentation\" class=\"ea-expand-icon eap-icon-ea-expand-plus\"><\/i> Welke structuren bestaan er op federaal niveau?<\/a><\/h3><div class=\"sp-collapse spcollapse \" id=\"collapse4029714\" data-parent=\"#sp-ea-40297\" role=\"region\" aria-labelledby=\"ea-header-4029714\"> <div class=\"ea-body\"><ul><li><strong>Federale co\u00f6rdinator<\/strong><br \/>Het federaal parlement heeft aan de federale ombudsman de rol van federale co\u00f6rdinator voor externe meldingen toevertrouwd. De rol van de federale co\u00f6rdinator bestaat erin de meldingsprocedure voor klokkenluiders te faciliteren. De federale co\u00f6rdinator is verantwoordelijk voor het ontvangen van externe meldingen van schendingen, het onderzoeken van de ontvankelijkheid ervan en het bestaan van een redelijk vermoeden dat de gemelde schending heeft plaatsgevonden en, indien dat het geval is, het doorsturen van de melding naar de bevoegde autoriteit voor verder onderzoek.<br \/>Website van de federale co\u00f6rdinator: <a href=\"http:\/\/www.federaalombudsman.be\/nl\">de\u202fFederale ombudsman<\/a>.<\/li><li><strong>Het Federaal Instituut voor de bescherming en de bevordering van de rechten van de mens<\/strong><br \/>Het Federaal Instituut voor de bescherming en de bevordering van de rechten van de mens streeft naar een samenleving waarin de mensenrechten van alle mensen gelijkelijk worden gerespecteerd.<br \/>Contactgegevens:\u202f<a href=\"https:\/\/www.institutfederaldroitshumains.be\/nl\">FIDM-IFDH<\/a>.<\/li><\/ul><\/div><\/div><\/div><\/div><\/div>","protected":false},"excerpt":{"rendered":"<p>De wet die gewoonlijk de &#8216;klokkenluiderswet&#8217; wordt genoemd, is de wet van 28 november 2022 betreffende &#8220;de bescherming van melders van inbreuken op het Unie- of nationale recht vastgesteld binnen een juridische entiteit in de private sector&#8221;. Deze wet is &hellip;<\/p>\n","protected":false},"author":13,"featured_media":0,"parent":0,"menu_order":0,"comment_status":"closed","ping_status":"closed","template":"","meta":{"footnotes":""},"tags":[],"class_list":["post-40295","page","type-page","status-publish","hentry"],"aioseo_notices":[],"_links":{"self":[{"href":"https:\/\/smartbe.be\/nl\/wp-json\/wp\/v2\/pages\/40295","targetHints":{"allow":["GET"]}}],"collection":[{"href":"https:\/\/smartbe.be\/nl\/wp-json\/wp\/v2\/pages"}],"about":[{"href":"https:\/\/smartbe.be\/nl\/wp-json\/wp\/v2\/types\/page"}],"author":[{"embeddable":true,"href":"https:\/\/smartbe.be\/nl\/wp-json\/wp\/v2\/users\/13"}],"replies":[{"embeddable":true,"href":"https:\/\/smartbe.be\/nl\/wp-json\/wp\/v2\/comments?post=40295"}],"version-history":[{"count":7,"href":"https:\/\/smartbe.be\/nl\/wp-json\/wp\/v2\/pages\/40295\/revisions"}],"predecessor-version":[{"id":40397,"href":"https:\/\/smartbe.be\/nl\/wp-json\/wp\/v2\/pages\/40295\/revisions\/40397"}],"wp:attachment":[{"href":"https:\/\/smartbe.be\/nl\/wp-json\/wp\/v2\/media?parent=40295"}],"wp:term":[{"taxonomy":"post_tag","embeddable":true,"href":"https:\/\/smartbe.be\/nl\/wp-json\/wp\/v2\/tags?post=40295"}],"curies":[{"name":"wp","href":"https:\/\/api.w.org\/{rel}","templated":true}]}}