
{"id":38261,"date":"2022-10-18T19:09:43","date_gmt":"2022-10-18T17:09:43","guid":{"rendered":"https:\/\/smartbe.be\/?page_id=38261"},"modified":"2025-12-09T14:29:06","modified_gmt":"2025-12-09T13:29:06","slug":"smart-labs","status":"publish","type":"page","link":"https:\/\/smartbe.be\/nl\/de-cooperatie-smart-praktisch\/smart-labs\/","title":{"rendered":"SmartLabs"},"content":{"rendered":"<p><strong>Heb je goede idee\u00ebn en zin om iets te doen?<\/strong><br \/><strong>Wil je graag andere leden ontmoeten en samen projecten ontwikkelen?<\/strong><br \/><strong>Sluit je dan aan bij een SmartLab.<\/strong><\/p>\r\n<!-- \/wp:post-content -->\r\n\r\n<!-- wp:paragraph -->\r\n<p>SmartLabs zijn groepen of \u2018laboratoria\u2019 waar vennoten met dezelfde interesses bijeenkomen om volgens een bepaald thema projecten op te zetten. Ze doen dat samen, op hun eigen ritme en niveau.<\/p>\r\n<p>Lees ook: <a href=\"https:\/\/kronik.smart.coop\/uitwisseling-ervaring-expertise-de-smartlabs\/?lang=nl\" target=\"_blank\" rel=\"noopener\">Uitwisseling, ervaring, expertise: de SmartLabs<\/a><\/p>\r\n<p>&nbsp;<\/p>\r\n<p><a href=\"#voorstellen\"><strong><img loading=\"lazy\" decoding=\"async\" class=\"alignnone size-full wp-image-33556\" src=\"https:\/\/smartbe.be\/wp-content\/uploads\/2021\/01\/fleche-arrow-long.png\" alt=\"\" width=\"142\" height=\"13\" \/>Ik stel een SmartLab voor<\/strong><\/a><br \/><a href=\"#wanneer\"><strong><img loading=\"lazy\" decoding=\"async\" class=\"alignnone size-full wp-image-33556\" src=\"https:\/\/smartbe.be\/wp-content\/uploads\/2021\/01\/fleche-arrow-long.png\" alt=\"\" width=\"142\" height=\"13\" \/>Hoe, wanneer, waar?<\/strong><\/a><\/p>\r\n<p>&nbsp;<\/p>\r\n<p><a name=\"voorstellen\"><\/a><strong>Ik stel een SmartLab voor<\/strong><\/p>\r\n<p>Je kunt een voorstel doen via dit formulier: <a href=\"https:\/\/forms.office.com\/pages\/responsepage.aspx?id=TEzYTCFpjUir0MT6deXQOYWqiqr9VddMs6KxKwrJmQxUN0hITUJaQkFFVDlKUFRRT0w1QTYzUjFYVi4u\">SmartLabs &#8211; voorstellen en interesses<\/a><\/p>\r\n<!-- \/wp:paragraph -->\r\n\r\n<!-- wp:heading -->\r\n<h2><strong>De thema\u2019s:<\/strong><\/h2>\r\n<!-- \/wp:heading -->\r\n\r\n<!-- wp:paragraph -->\r\n<p><strong>Peer-to-peerbegeleiding:<\/strong> wil je graag andere Smart-leden helpen, initiatieven opzetten om tools en kennis te delen, tips uitwisselen om de onlinetools van Smart onder de knie te krijgen of om deel te nemen aan projectoproepen en openbare aanbestedingen?<br \/><a href=\"https:\/\/smartbe.be\/wp-content\/uploads\/2022\/10\/jul_SmartLab-Fiche-thematique_Accompagnement-par-pairs_NL.pdf\"><strong>Ontdek andere acties<\/strong><\/a><\/p>\r\n<!-- \/wp:paragraph -->\r\n\r\n<!-- wp:paragraph -->\r\n<p><strong>Samen (net)werken:<\/strong> lijkt het je wel wat om samen te werken met andere leden om je activiteit een boost te geven? Dat kan concreet door professionele ontmoetingen te organiseren of samen netwerkevenementen opvolgen.<br \/><a href=\"https:\/\/smartbe.be\/wp-content\/uploads\/2022\/10\/jul_SmartLab-Fiche-thematique_Faire-reseau_NL.pdf\"><strong>Ontdek andere acties<\/strong><\/a><\/p>\r\n<!-- \/wp:paragraph -->\r\n\r\n<!-- wp:paragraph -->\r\n<p><strong>Gendergelijkheid:<\/strong> wil je grenzen verleggen en het vrouwelijk ondernemerschap een boost geven? Ga dan over tot actie en organiseer workshops, praatgroepen, bijeenkomsten, of preventiecampagnes\u2026<br \/><a href=\"https:\/\/smartbe.be\/wp-content\/uploads\/2022\/10\/jul_SmartLab-Fiche-thematique_Egalite-des-Genres_NL.pdf\"><strong>Ontdek andere acties<\/strong><\/a><\/p>\r\n<!-- \/wp:paragraph -->\r\n\r\n<!-- wp:paragraph -->\r\n<p><strong>Third places\/werkruimten:<\/strong> heb je het moeilijk om goede werkruimten te vinden? Deel je behoeften met anderen, knoop partnerschappen aan, stel een adresboekje op\u2026<br \/><a href=\"https:\/\/smartbe.be\/wp-content\/uploads\/2022\/10\/jul_SmartLab-Fiche-thematique_tiers-lieux_NL.pdf\"><strong>Ontdek andere acties<\/strong><\/a><\/p>\r\n<!-- \/wp:paragraph -->\r\n\r\n<!-- wp:paragraph -->\r\n<p><strong>Co\u00f6peratieve cultuur:<\/strong> heb je zin om de co\u00f6peratieve geest uit te dragen en vennoten bij hun eerste stappen in de co\u00f6peratie wegwijs te maken? Er kunnen tal van projecten opgericht worden om nieuwe vennoten welkom te heten en de co\u00f6peratieve cultuur te ontwikkelen. Een paar voorbeelden: een infoboekje opmaken, een peter of meter aanstellen, welkomstgesprekken organiseren\u2026<\/p>\r\n<!-- \/wp:paragraph -->\r\n\r\n<!-- wp:paragraph -->\r\n<p><strong><a href=\"https:\/\/smartbe.be\/wp-content\/uploads\/2022\/10\/SmartLab_Fiche_cooperatieve_cultuur_NL.pdf\">Ontdek andere acties<\/a><\/strong><\/p>\r\n<!-- \/wp:paragraph -->\r\n\r\n<!-- wp:paragraph -->\r\n<p>&nbsp;<\/p>\r\n<!-- \/wp:paragraph -->\r\n\r\n<!-- wp:heading -->\r\n<h2><a name=\"wanneer\"><\/a><strong>Hoe, wanneer, waar?<\/strong><\/h2>\r\n<!-- \/wp:heading -->\r\n\r\n<!-- wp:spacer {\"height\":\"23px\"} -->\r\n<div class=\"wp-block-spacer\" style=\"height: 23px;\" aria-hidden=\"true\">\u00a0<\/div>\r\n<!-- \/wp:spacer -->\r\n\r\n<!-- wp:shortcode -->\r\n<style>#sp-ea-38263 .spcollapsing { height: 0; overflow: hidden; transition-property: height;transition-duration: 300ms;}#sp-ea-38263.sp-easy-accordion>.sp-ea-single {margin-bottom: 10px; border: 1px solid #e2e2e2; }#sp-ea-38263.sp-easy-accordion>.sp-ea-single>.ea-header a {color: #444;}#sp-ea-38263.sp-easy-accordion>.sp-ea-single>.sp-collapse>.ea-body {background: #fff; color: #444;}#sp-ea-38263.sp-easy-accordion>.sp-ea-single {background: #eee;}#sp-ea-38263.sp-easy-accordion>.sp-ea-single>.ea-header a .ea-expand-icon { float: left; color: #444;font-size: 16px;}.sp-easy-accordion{font-family: \"cerebri_sans\", \"Helvetica Neue\", Arial, Helvetica, sans-serif;}\r\n.sp-easy-accordion .ea-expand h3.ea-header  a, .sp-easy-accordion .ea-expand h3.ea-header .ea-expand-icon{color:#ff4054 !important;}<\/style><div id=\"sp_easy_accordion-1765201213\"><div id=\"sp-ea-38263\" class=\"sp-ea-one sp-easy-accordion\" data-ea-active=\"ea-click\" data-ea-mode=\"vertical\" data-preloader=\"\" data-scroll-active-item=\"\" data-offset-to-scroll=\"0\"><div class=\"ea-card ea-expand sp-ea-single\"><h3 class=\"ea-header\"><a class=\"collapsed\" id=\"ea-header-382630\" role=\"button\" data-sptoggle=\"spcollapse\" data-sptarget=\"#collapse382630\" aria-controls=\"collapse382630\" href=\"#\" aria-expanded=\"true\" tabindex=\"0\"><i aria-hidden=\"true\" role=\"presentation\" class=\"ea-expand-icon eap-icon-ea-expand-minus\"><\/i> Wie mag deelnemen?<\/a><\/h3><div class=\"sp-collapse spcollapse collapsed show\" id=\"collapse382630\" data-parent=\"#sp-ea-38263\" role=\"region\" aria-labelledby=\"ea-header-382630\"> <div class=\"ea-body\"><p>Enkel vennoten van de co\u00f6peratie kunnen meedoen. Andere vereisten zijn er niet, behalve dan heel veel zin hebben om je talenten en skills voor het collectief belang in te zetten.<\/p><\/div><\/div><\/div><div class=\"ea-card sp-ea-single\"><h3 class=\"ea-header\"><a class=\"collapsed\" id=\"ea-header-382631\" role=\"button\" data-sptoggle=\"spcollapse\" data-sptarget=\"#collapse382631\" aria-controls=\"collapse382631\" href=\"#\" aria-expanded=\"false\" tabindex=\"0\"><i aria-hidden=\"true\" role=\"presentation\" class=\"ea-expand-icon eap-icon-ea-expand-plus\"><\/i> Waarom zou ik deelnemen?<\/a><\/h3><div class=\"sp-collapse spcollapse \" id=\"collapse382631\" data-parent=\"#sp-ea-38263\" role=\"region\" aria-labelledby=\"ea-header-382631\"> <div class=\"ea-body\"><ul><li>Om samen met anderen een antwoord te vinden op gezamenlijke behoeften #Innovatie<\/li><li>Om andere leden van de co\u00f6peratie met diverse achtergronden te leren kennen #Samenwerking<\/li><li>Om de co\u00f6peratie beter te begrijpen en te vatten #Leren<\/li><li>Om de co\u00f6peratie te helpen evolueren #Democratie<\/li><\/ul><\/div><\/div><\/div><div class=\"ea-card sp-ea-single\"><h3 class=\"ea-header\"><a class=\"collapsed\" id=\"ea-header-382632\" role=\"button\" data-sptoggle=\"spcollapse\" data-sptarget=\"#collapse382632\" aria-controls=\"collapse382632\" href=\"#\" aria-expanded=\"false\" tabindex=\"0\"><i aria-hidden=\"true\" role=\"presentation\" class=\"ea-expand-icon eap-icon-ea-expand-plus\"><\/i> Wat wordt er van mij verwacht?<\/a><\/h3><div class=\"sp-collapse spcollapse \" id=\"collapse382632\" data-parent=\"#sp-ea-38263\" role=\"region\" aria-labelledby=\"ea-header-382632\"> <div class=\"ea-body\"><ul><li>Je engageert je voor de hele duur van het project<\/li><li>Je deelname is vrijwillig en er is geen vergoeding aan verbonden<\/li><li>Je hebt interesse voor het gekozen thema en om samen te werken<\/li><\/ul><\/div><\/div><\/div><div class=\"ea-card sp-ea-single\"><h3 class=\"ea-header\"><a class=\"collapsed\" id=\"ea-header-382633\" role=\"button\" data-sptoggle=\"spcollapse\" data-sptarget=\"#collapse382633\" aria-controls=\"collapse382633\" href=\"#\" aria-expanded=\"false\" tabindex=\"0\"><i aria-hidden=\"true\" role=\"presentation\" class=\"ea-expand-icon eap-icon-ea-expand-plus\"><\/i> Hoe wordt een SmartLab opgericht?<\/a><\/h3><div class=\"sp-collapse spcollapse \" id=\"collapse382633\" data-parent=\"#sp-ea-38263\" role=\"region\" aria-labelledby=\"ea-header-382633\"> <div class=\"ea-body\"><p>Heb je zin om deel uit te maken van een SmartLab of er een op te richten? Laat het ons dan weten via <a href=\"https:\/\/forms.office.com\/pages\/responsepage.aspx?id=TEzYTCFpjUir0MT6deXQOYWqiqr9VddMs6KxKwrJmQxUN0hITUJaQkFFVDlKUFRRT0w1QTYzUjFYVi4u\">het formulier<\/a>, met vermelding van het thema. We brengen je dan in contact met andere leden die dezelfde interesses hebben. Praat erover in je omgeving en overtuig andere vennoten om mee te doen.<\/p><\/div><\/div><\/div><div class=\"ea-card sp-ea-single\"><h3 class=\"ea-header\"><a class=\"collapsed\" id=\"ea-header-382634\" role=\"button\" data-sptoggle=\"spcollapse\" data-sptarget=\"#collapse382634\" aria-controls=\"collapse382634\" href=\"#\" aria-expanded=\"false\" tabindex=\"0\"><i aria-hidden=\"true\" role=\"presentation\" class=\"ea-expand-icon eap-icon-ea-expand-plus\"><\/i> Hoe worden de SmartLabs georganiseerd?<\/a><\/h3><div class=\"sp-collapse spcollapse \" id=\"collapse382634\" data-parent=\"#sp-ea-38263\" role=\"region\" aria-labelledby=\"ea-header-382634\"> <div class=\"ea-body\"><p>Elk SmartLab<\/p><ul><li>bepaalt zelf welk project er op poten wordt gezet<\/li><li>komt bijeen volgens een eigen kalender<\/li><li>kiest zijn eigen methodologie<\/li><li>bepaalt realiseerbare doelstellingen<\/li><li>kan indien nodig een budget aanvragen. Elke aanvraag zal ge\u00ebvalueerd worden.<\/li><li>neemt nota van zijn vooruitgang, met de hulp van een animator<\/li><\/ul><\/div><\/div><\/div><div class=\"ea-card sp-ea-single\"><h3 class=\"ea-header\"><a class=\"collapsed\" id=\"ea-header-382635\" role=\"button\" data-sptoggle=\"spcollapse\" data-sptarget=\"#collapse382635\" aria-controls=\"collapse382635\" href=\"#\" aria-expanded=\"false\" tabindex=\"0\"><i aria-hidden=\"true\" role=\"presentation\" class=\"ea-expand-icon eap-icon-ea-expand-plus\"><\/i> Welke begeleiding wordt er voorzien?<\/a><\/h3><div class=\"sp-collapse spcollapse \" id=\"collapse382635\" data-parent=\"#sp-ea-38263\" role=\"region\" aria-labelledby=\"ea-header-382635\"> <div class=\"ea-body\"><ul><li>Elk SmartLab wordt begeleid door een animator.<\/li><li>Een persoon van het team Vie coop - Co\u00f6peratief leven volgt alles op om de link te leggen met de andere actieve projecten binnen de co\u00f6peratie en een antwoord te bieden op de behoeften van de groep.<\/li><li>In de kantoren worden ruimten ter beschikking gesteld om bijeen te kunnen komen.<\/li><li>Het is mogelijk een beroep te doen op deskundigen om het denkwerk binnen de groepen te bevorderen.<\/li><li>Er zijn ook samenwerkingstools ter beschikking.<\/li><\/ul><\/div><\/div><\/div><\/div><\/div>\r\n<!-- \/wp:shortcode -->\r\n\r\n<!-- wp:spacer {\"height\":\"43px\"} -->\r\n<div class=\"wp-block-spacer\" style=\"height: 43px;\" aria-hidden=\"true\">\u00a0<\/div>\r\n<!-- \/wp:spacer -->\r\n\r\n<!-- wp:paragraph -->\r\n<p><strong>Andere vragen?<\/strong><\/p>\r\n<!-- \/wp:paragraph -->\r\n\r\n<!-- wp:paragraph -->\r\n<p>Neem contact met ons op via: <a href=\"mailto:&#x6c;&#x65;&#x74;&#x73;&#x63;&#x6f;&#x6f;&#x70;&#x40;&#x73;&#x6d;&#x61;&#x72;&#x74;&#x2e;&#x63;&#x6f;&#x6f;&#x70;\" target=\"_blank\" rel=\"noopener\">&#x6c;&#x65;&#x74;&#x73;&#x63;&#x6f;&#x6f;&#x70;&#x40;<span class=\"oe_displaynone\">null<\/span>&#x73;&#x6d;&#x61;&#x72;&#x74;&#x2e;&#x63;&#x6f;&#x6f;&#x70;<\/a><\/p>\r\n<!-- \/wp:paragraph -->","protected":false},"excerpt":{"rendered":"<p>Heb je goede idee\u00ebn en zin om iets te doen?Wil je graag andere leden ontmoeten en samen projecten ontwikkelen?Sluit je dan aan bij een SmartLab. SmartLabs zijn groepen of \u2018laboratoria\u2019 waar vennoten met dezelfde interesses bijeenkomen om volgens een bepaald &hellip;<\/p>\n","protected":false},"author":13,"featured_media":0,"parent":18947,"menu_order":0,"comment_status":"closed","ping_status":"closed","template":"","meta":{"footnotes":""},"tags":[],"class_list":["post-38261","page","type-page","status-publish","hentry"],"aioseo_notices":[],"_links":{"self":[{"href":"https:\/\/smartbe.be\/nl\/wp-json\/wp\/v2\/pages\/38261","targetHints":{"allow":["GET"]}}],"collection":[{"href":"https:\/\/smartbe.be\/nl\/wp-json\/wp\/v2\/pages"}],"about":[{"href":"https:\/\/smartbe.be\/nl\/wp-json\/wp\/v2\/types\/page"}],"author":[{"embeddable":true,"href":"https:\/\/smartbe.be\/nl\/wp-json\/wp\/v2\/users\/13"}],"replies":[{"embeddable":true,"href":"https:\/\/smartbe.be\/nl\/wp-json\/wp\/v2\/comments?post=38261"}],"version-history":[{"count":25,"href":"https:\/\/smartbe.be\/nl\/wp-json\/wp\/v2\/pages\/38261\/revisions"}],"predecessor-version":[{"id":49031,"href":"https:\/\/smartbe.be\/nl\/wp-json\/wp\/v2\/pages\/38261\/revisions\/49031"}],"up":[{"embeddable":true,"href":"https:\/\/smartbe.be\/nl\/wp-json\/wp\/v2\/pages\/18947"}],"wp:attachment":[{"href":"https:\/\/smartbe.be\/nl\/wp-json\/wp\/v2\/media?parent=38261"}],"wp:term":[{"taxonomy":"post_tag","embeddable":true,"href":"https:\/\/smartbe.be\/nl\/wp-json\/wp\/v2\/tags?post=38261"}],"curies":[{"name":"wp","href":"https:\/\/api.w.org\/{rel}","templated":true}]}}