
{"id":34020,"date":"2021-03-18T13:51:00","date_gmt":"2021-03-18T12:51:00","guid":{"rendered":"https:\/\/smartbe.be\/?page_id=34020"},"modified":"2025-10-15T13:03:11","modified_gmt":"2025-10-15T11:03:11","slug":"wat-zijn-de-gedeelde-bijdragen-en-hoe-worden-ze-berekend","status":"publish","type":"page","link":"https:\/\/smartbe.be\/nl\/onze-diensten\/economisch-model\/wat-zijn-de-gedeelde-bijdragen-en-hoe-worden-ze-berekend\/","title":{"rendered":"Wat zijn de gedeelde bijdragen en hoe worden ze berekend?"},"content":{"rendered":"<p>Door je bij Smart in te schrijven, kies je ervoor om <strong>deel uit te maken van een gedeelde onderneming<\/strong>. Zo kan je, net als duizenden anderen:<\/p>\n<ul>\n<li>een beroep doen op een aantal tools om je activiteiten uit te oefenen (tools waar zelfstandigen, kleine en middelgrote ondernemingen of verenigingen om financi\u00eble redenen zelf niet over beschikken),<\/li>\n<li>correct betaald worden voor je prestaties en zo meerwaarde halen uit je werk \u2013 puur ten voordele van het werk in plaats van het kapitaal (want er is geen uitkering van dividenden noch meerwaarde op aandelen bij Smart),<\/li>\n<li>sociale rechten opbouwen dankzij je werk, door ook als werknemer algemene socialezekerheidsbijdragen te betalen.<\/li>\n<\/ul>\n<p>Je gaat je commerci\u00eble verbintenissen aan in naam van Smart, die ze vervolgens opvolgt. Smart sluit met jou en je medewerkers arbeidsovereenkomsten die inherent verbonden zijn aan de uitvoering van die commerci\u00eble verbintenissen.<\/p>\n<p>Smart neemt dus de volledige collectieve verantwoordelijkheid op zich van alle commerci\u00eble, sociale, fiscale en andere verplichtingen en risico\u2019s in verband met het ondernemerschap die voortvloeien uit de activiteiten die je binnen de co\u00f6peratie uitoefent. Ze is geen \u201cderde\u201d in een commerci\u00eble of arbeidsrelatie, maar vormt \u2013 als collectief \u2013 een eenheid die met de werknemers arbeidsovereenkomsten en met de klanten commerci\u00eble overeenkomsten sluit.<\/p>\n<p>Door je bij de gedeelde onderneming aan te sluiten, maak je dan ook een dubbele keuze:<\/p>\n<ul>\n<li>Je ontvangt <strong>een beroepsinkomen onder de vorm van een loon<\/strong> dat onderworpen is aan socialezekerheidsbijdragen volgens het algemene stelsel van de sociale zekerheid;<\/li>\n<li>De <strong>economische activiteiten die je opzet, dragen bij tot de financiering van de gemeenschappelijke middelen<\/strong> die door de gedeelde onderneming ontwikkeld worden<\/li>\n<\/ul>\n<p>De bijdragen aan de gemeenschappelijke middelen worden berekend op basis van twee elementen:<\/p>\n<p><b>1 De omzet:<\/b><\/p>\n<ul>\n<li>een <strong>vast percentage van 6,5 %<\/strong> van de omzet (excl. btw) van de activiteiten<\/li>\n<\/ul>\n<p><b>2 Het werkbudget:<\/b><\/p>\n<ul>\n<li>A. Boven op de persoonlijke socialezekerheidsbijdragen van de werknemer worden op elke arbeidsovereenkomst werkgeversbijdragen betaald, die geboekt worden als gedeelde kosten. De kortingen op die werkgeversbijdragen worden geboekt als gedeelde opbrengsten.<\/li>\n<li>B. Smart gebruikt een eenvoudige en transparante formule om het totale werkbudget voor elke arbeidsovereenkomst te berekenen: het brutoloon wordt vermenigvuldigd met een co\u00ebffici\u00ebnt (1,09 voor studentencontracten, 1,57 voor contracten van werknemers voor artistieke prestaties, en 1,55 voor werknemerscontracten). De berekening levert jaarlijks een ongebruikt overschot op (door de nettolonen, socialezekerheidsbijdragen enz.) dat ook als gedeelde opbrengst geboekt wordt.<\/li>\n<\/ul>\n<p>De som van die bedragen vertegenwoordigt gemiddeld <strong>8 %<\/strong> van de omzet van de activiteiten, al kan dat percentage licht afwijken van jaar tot jaar. Een kleine kanttekening:<\/p>\n<ul>\n<li>De verhouding tussen (A) en (B) kan vari\u00ebren van trimester tot trimester op basis van het loonprofiel per trimester en de wettelijke aanpassingen op het vlak van de socialezekerheidsbijdragen.<\/li>\n<li>Zowel bedrag (A) als bedrag (B) kunnen niet apart per arbeidsovereenkomst berekend worden. Ze hangen immers af van een trimestrieel loonprofiel en tal van andere factoren.<\/li>\n<\/ul>\n<p>Ten slotte nog dit: je kan binnen de gedeelde onderneming enkel als vennoot van SmartCOOP cvba-so een economische activiteit ontwikkelen. Vennoten kopen per kalenderjaar minstens \u00e9\u00e9n aandeel als bijdrage tot de eigen middelen (het kapitaal) van de co\u00f6peratie. Wie als vennoot uit de co\u00f6peratie stapt, krijgt de som van de aandelen terugbetaald (maximaal ten belope van hun aankoopprijs: geen meerwaarde of kapitaalspeculatie bij Smart).<\/p>","protected":false},"excerpt":{"rendered":"<p>Door je bij Smart in te schrijven, kies je ervoor om deel uit te maken van een gedeelde onderneming. Zo kan je, net als duizenden anderen: een beroep doen op een aantal tools om je activiteiten uit te oefenen (tools &hellip;<\/p>\n","protected":false},"author":13,"featured_media":0,"parent":34015,"menu_order":0,"comment_status":"closed","ping_status":"closed","template":"","meta":{"footnotes":""},"tags":[],"class_list":["post-34020","page","type-page","status-publish","hentry"],"aioseo_notices":[],"_links":{"self":[{"href":"https:\/\/smartbe.be\/nl\/wp-json\/wp\/v2\/pages\/34020","targetHints":{"allow":["GET"]}}],"collection":[{"href":"https:\/\/smartbe.be\/nl\/wp-json\/wp\/v2\/pages"}],"about":[{"href":"https:\/\/smartbe.be\/nl\/wp-json\/wp\/v2\/types\/page"}],"author":[{"embeddable":true,"href":"https:\/\/smartbe.be\/nl\/wp-json\/wp\/v2\/users\/13"}],"replies":[{"embeddable":true,"href":"https:\/\/smartbe.be\/nl\/wp-json\/wp\/v2\/comments?post=34020"}],"version-history":[{"count":9,"href":"https:\/\/smartbe.be\/nl\/wp-json\/wp\/v2\/pages\/34020\/revisions"}],"predecessor-version":[{"id":48539,"href":"https:\/\/smartbe.be\/nl\/wp-json\/wp\/v2\/pages\/34020\/revisions\/48539"}],"up":[{"embeddable":true,"href":"https:\/\/smartbe.be\/nl\/wp-json\/wp\/v2\/pages\/34015"}],"wp:attachment":[{"href":"https:\/\/smartbe.be\/nl\/wp-json\/wp\/v2\/media?parent=34020"}],"wp:term":[{"taxonomy":"post_tag","embeddable":true,"href":"https:\/\/smartbe.be\/nl\/wp-json\/wp\/v2\/tags?post=34020"}],"curies":[{"name":"wp","href":"https:\/\/api.w.org\/{rel}","templated":true}]}}