
{"id":32697,"date":"2020-09-30T15:43:42","date_gmt":"2020-09-30T14:43:42","guid":{"rendered":"https:\/\/smartbe.be\/liste-des-candidats\/"},"modified":"2022-02-25T16:00:26","modified_gmt":"2022-02-25T15:00:26","slug":"liste-des-candidats","status":"publish","type":"page","link":"https:\/\/smartbe.be\/nl\/liste-des-candidats\/","title":{"rendered":"Sociale verkiezingen 2020"},"content":{"rendered":"<p>Op 19 november 2020 vonden de sociale verkiezingen plaats. De werknemers konden hun vertegenwoordigers binnen de ondernemingsraad (OR) en het comit\u00e9 voor preventie en bescherming op het werk (CPBW) verkiezen voor een periode van vier jaar.<\/p>\n<p>Er werden binnen Smart 283 werknemers uitgenodigd om te stemmen en 57 % van hen heeft ook effectief deelgenomen aan de stemming.<\/p>\n<p>Dit zijn de resultaten:<\/p>\n<ul>\n<li><a href=\"https:\/\/smartbe.be\/wp-content\/uploads\/2020\/11\/SMARTCOOP_Conseil_Y-10.pdf\">Ondernemingsraad<\/a><\/li>\n<li><a href=\"https:\/\/smartbe.be\/wp-content\/uploads\/2020\/11\/SMARTCOOP_Comite_Y-8.pdf\">Comit\u00e9 voor preventie en bescherming op het werk<\/a><\/li>\n<\/ul>\n<h2 class=\"Paragraph SCXW130483274 BCX0\">De OR en het CPBW<\/h2>\n<p class=\"Paragraph SCXW130483274 BCX0\"><strong>De ondernemi<\/strong><strong>ngsraad (OR)<\/strong>\u00a0is een paritair orgaan waarin de werkgever de afgevaardigden van de werknemers informeert en raadpleegt. De raad is een bestuursorgaan met twee partijen: het hoofd van de onderneming en zijn\/haar afgevaardigden, en de werknemersafgevaardigden\u00a0die\u00a0om de vier jaar verkozen\u00a0worden\u00a0door de werknemers van de onderneming. Dat gebeurt\u00a0op basis van kandidatenlijsten die voorgesteld worden door de organisaties die werknemers vertegenwoordigen.<\/p>\n<p class=\"Paragraph SCXW130483274 BCX0\"><strong>Het comit\u00e9 voor preventie en bescherming op het werk (CPBW)<\/strong> heeft tot doel de middelen voor te stellen en toe te passen om het welzijn van de werknemers te bevorderen. Het comit\u00e9 bestaat uit het hoofd van de onderneming (of zijn\/haar vertegenwoordigers), afgevaardigden van de directie, personeelsafgevaardigden, de preventieadviseur en de arbeidsgeneesheer.<\/p>\n<h2>Wie mag stemmen?<\/h2>\n<ul style=\"font-weight: 400;\">\n<li data-leveltext=\"\uf0b7\" data-font=\"Symbol\" data-listid=\"4\" data-aria-posinset=\"1\" data-aria-level=\"1\">Alle werknemers\u00a0van de ondersteunende, vaste teams\u00a0die minstens\u00a0sinds 14 februari\u00a02020 een arbeidsovereenkomst bij Smart hebben;<\/li>\n<\/ul>\n<ul style=\"font-weight: 400;\">\n<li>De Smart-vennoten\/werknemers met een contract van onbepaalde duur of die voldoen aan bepaalde wettelijke voorwaarden;<\/li>\n<li data-leveltext=\"\uf0b7\" data-font=\"Symbol\" data-listid=\"4\" data-aria-posinset=\"1\" data-aria-level=\"1\">Stagiairs en werknemers die in het kader van een beroepsopleiding in de onderneming aan de slag zijn, mogen ook stemmen;<\/li>\n<li data-leveltext=\"\uf0b7\" data-font=\"Symbol\" data-listid=\"4\" data-aria-posinset=\"2\" data-aria-level=\"1\">Stemmen mag ook\u00a0als je\u00a0niet bij een vakbond\u00a0aangesloten\u00a0bent;<\/li>\n<li data-leveltext=\"\uf0b7\" data-font=\"Symbol\" data-listid=\"4\" data-aria-posinset=\"3\" data-aria-level=\"1\">De leden van het directiepersoneel mogen niet stemmen.<\/li>\n<\/ul>\n<h2 class=\"Paragraph SCXW130483274 BCX0\">Wanneer en hoe?<\/h2>\n<p class=\"Paragraph SCXW130483274 BCX0\"><strong>De verkiezing vond\u00a0<\/strong><strong>via elektronische stemming <\/strong><strong>plaats op donderdag 19 november.<\/strong><\/p>\n<h2>De kandidaten en hun programma<\/h2>\n<p style=\"font-weight: 400;\">Voor deze verkiezingen zijn er binnen Smart twee lijsten: het ACV en het ABVV.<\/p>\n<p style=\"font-weight: 400;\"><strong>Voor de OR<\/strong>,\u00a0in volgorde van positie op de lijst:<\/p>\n<ul style=\"font-weight: 400;\">\n<li data-leveltext=\"\uf0b7\" data-font=\"Symbol\" data-listid=\"3\" data-aria-posinset=\"1\" data-aria-level=\"1\">ACV (lijst nr. 2):\u00a0Sophie Van\u00a0Nuffel, Sophie Delrivi\u00e8re, H\u00e9l\u00e8ne Derwa, Christos Gatsis, Sergio Giorgi, Phil\u00e9mon Dushimimana en Layla Bous Hib.<\/li>\n<\/ul>\n<ul style=\"font-weight: 400;\">\n<li data-leveltext=\"\uf0b7\" data-font=\"Symbol\" data-listid=\"3\" data-aria-posinset=\"1\" data-aria-level=\"1\">ABVV (lijst nr. 3):\u00a0Damien No\u00ebl, C\u00e9line\u00a0Marique, Bernard Moisse, Marcella\u00a0Militello\u00a0en Melissa Charlier.<\/li>\n<\/ul>\n<p style=\"font-weight: 400;\"><strong>Voor het CPBW<\/strong>,\u00a0in volgorde van positie op de lijst:<\/p>\n<ul style=\"font-weight: 400;\">\n<li data-leveltext=\"\uf0b7\" data-font=\"Symbol\" data-listid=\"3\" data-aria-posinset=\"2\" data-aria-level=\"1\">ACV (lijst nr.\u00a02):\u00a0Sophie\u00a0Delrivi\u00e8re, Phil\u00e9mon\u00a0Dushimimana, Layla Bous Hib, Christos\u00a0Gatsis, Sophie Van Nuffel en H\u00e9l\u00e8ne\u00a0Derwa.<\/li>\n<li data-leveltext=\"\uf0b7\" data-font=\"Symbol\" data-listid=\"3\" data-aria-posinset=\"3\" data-aria-level=\"1\">ABVV (lijst nr.\u00a03):\u00a0Melissa Charlier, Marcella\u00a0Militello, Bernard Moisse, C\u00e9line\u00a0Marique\u00a0en Damien No\u00ebl.<\/li>\n<\/ul>\n<p>&nbsp;<\/p>\n<p>Lijst nr. 2 &#8211; ACV-PULS\u00a0 (<a href=\"https:\/\/smartbe.be\/wp-content\/uploads\/2020\/11\/ssSmart-Campagne-2020-Liste-2-CNE-CSC.pdf\">PDF<\/a>)<\/p>\n<p><a href=\"https:\/\/smartbe.be\/wp-content\/uploads\/2020\/11\/cnecsc-liste2-A-2020.jpg\"><img loading=\"lazy\" decoding=\"async\" class=\"alignnone wp-image-32946\" src=\"https:\/\/smartbe.be\/wp-content\/uploads\/2020\/11\/cnecsc-liste2-A-2020-525x1024.jpg\" sizes=\"auto, (max-width: 145px) 100vw, 145px\" srcset=\"https:\/\/smartbe.be\/wp-content\/uploads\/2020\/11\/cnecsc-liste2-A-2020-525x1024.jpg 525w, https:\/\/smartbe.be\/wp-content\/uploads\/2020\/11\/cnecsc-liste2-A-2020-154x300.jpg 154w, https:\/\/smartbe.be\/wp-content\/uploads\/2020\/11\/cnecsc-liste2-A-2020-768x1498.jpg 768w, https:\/\/smartbe.be\/wp-content\/uploads\/2020\/11\/cnecsc-liste2-A-2020-788x1536.jpg 788w, https:\/\/smartbe.be\/wp-content\/uploads\/2020\/11\/cnecsc-liste2-A-2020-290x566.jpg 290w, https:\/\/smartbe.be\/wp-content\/uploads\/2020\/11\/cnecsc-liste2-A-2020.jpg 985w\" alt=\"\" width=\"145\" height=\"283\" \/>\u00a0\u00a0\u00a0\u00a0<\/a><a href=\"https:\/\/smartbe.be\/wp-content\/uploads\/2020\/11\/cnecsc-liste2-B-2020.jpg\"><img loading=\"lazy\" decoding=\"async\" class=\"alignnone wp-image-32950\" src=\"https:\/\/smartbe.be\/wp-content\/uploads\/2020\/11\/cnecsc-liste2-B-2020-454x1024.jpg\" sizes=\"auto, (max-width: 143px) 100vw, 143px\" srcset=\"https:\/\/smartbe.be\/wp-content\/uploads\/2020\/11\/cnecsc-liste2-B-2020-454x1024.jpg 454w, https:\/\/smartbe.be\/wp-content\/uploads\/2020\/11\/cnecsc-liste2-B-2020-133x300.jpg 133w, https:\/\/smartbe.be\/wp-content\/uploads\/2020\/11\/cnecsc-liste2-B-2020-768x1733.jpg 768w, https:\/\/smartbe.be\/wp-content\/uploads\/2020\/11\/cnecsc-liste2-B-2020-681x1536.jpg 681w, https:\/\/smartbe.be\/wp-content\/uploads\/2020\/11\/cnecsc-liste2-B-2020-907x2048.jpg 907w, https:\/\/smartbe.be\/wp-content\/uploads\/2020\/11\/cnecsc-liste2-B-2020-290x654.jpg 290w, https:\/\/smartbe.be\/wp-content\/uploads\/2020\/11\/cnecsc-liste2-B-2020.jpg 993w\" alt=\"\" width=\"143\" height=\"323\" \/>\u00a0\u00a0\u00a0<\/a><a href=\"https:\/\/smartbe.be\/wp-content\/uploads\/2020\/11\/cnecsc-liste2-p4-2020.jpg\"><img loading=\"lazy\" decoding=\"async\" class=\"alignnone wp-image-32960\" src=\"https:\/\/smartbe.be\/wp-content\/uploads\/2020\/11\/cnecsc-liste2-p4-2020-1024x573.jpg\" sizes=\"auto, (max-width: 258px) 100vw, 258px\" srcset=\"https:\/\/smartbe.be\/wp-content\/uploads\/2020\/11\/cnecsc-liste2-p4-2020-1024x573.jpg 1024w, https:\/\/smartbe.be\/wp-content\/uploads\/2020\/11\/cnecsc-liste2-p4-2020-300x168.jpg 300w, https:\/\/smartbe.be\/wp-content\/uploads\/2020\/11\/cnecsc-liste2-p4-2020-768x429.jpg 768w, https:\/\/smartbe.be\/wp-content\/uploads\/2020\/11\/cnecsc-liste2-p4-2020-1536x859.jpg 1536w, https:\/\/smartbe.be\/wp-content\/uploads\/2020\/11\/cnecsc-liste2-p4-2020-500x280.jpg 500w, https:\/\/smartbe.be\/wp-content\/uploads\/2020\/11\/cnecsc-liste2-p4-2020-290x162.jpg 290w, https:\/\/smartbe.be\/wp-content\/uploads\/2020\/11\/cnecsc-liste2-p4-2020.jpg 1665w\" alt=\"\" width=\"258\" height=\"145\" \/><\/a><\/p>\n<p><span class=\"TextRun Highlight SCXW118205613 BCX0\" lang=\"FR-BE\" xml:lang=\"FR-BE\" data-contrast=\"none\"><span class=\"NormalTextRun SCXW118205613 BCX0\">Vragen kunnen gesteld worden via <\/span><\/span><a class=\"Hyperlink SCXW118205613 BCX0\" href=\"mailto:&#x67;&#x72;&#x6f;&#x75;&#x70;&#x65;&#x5f;&#x64;&#x70;&#x5f;&#x43;&#x53;&#x43;&#x40;&#x73;&#x6d;&#x61;&#x72;&#x74;&#x2e;&#x63;&#x6f;&#x6f;&#x70;\" target=\"_blank\" rel=\"noreferrer noopener\"><span class=\"TextRun Highlight Underlined SCXW118205613 BCX0\" lang=\"FR-BE\" xml:lang=\"FR-BE\" data-contrast=\"none\"><span class=\"NormalTextRun SCXW118205613 BCX0\">&#x67;&#x72;&#x6f;&#x75;&#x70;&#x65;&#x5f;&#x64;&#x70;&#x5f;&#x43;&#x53;&#x43;&#x40;<span class=\"oe_displaynone\">null<\/span>&#x73;&#x6d;&#x61;&#x72;&#x74;&#x2e;&#x63;&#x6f;&#x6f;&#x70;<\/span><\/span><\/a><\/p>\n<p>Lijst nr. 3 &#8211; BBTK-ABVV (<a href=\"https:\/\/smartbe.be\/wp-content\/uploads\/2020\/11\/Setca-Leaflet_2020-NL.pdf\">PDF-NL<\/a>)<\/p>\n<p><a href=\"https:\/\/smartbe.be\/wp-content\/uploads\/2020\/11\/Setca-Leaflet_2020-NL-1.png\"><img loading=\"lazy\" decoding=\"async\" class=\"alignleft wp-image-33024\" src=\"https:\/\/smartbe.be\/wp-content\/uploads\/2020\/11\/Setca-Leaflet_2020-NL-1.png\" alt=\"\" width=\"253\" height=\"193\" \/><\/a><\/p>\n<p><span class=\"TextRun Highlight SCXW118205613 BCX0\" lang=\"FR-BE\" xml:lang=\"FR-BE\" data-contrast=\"none\"><span class=\"NormalTextRun SCXW118205613 BCX0\"><a href=\"https:\/\/smartbe.be\/wp-content\/uploads\/2020\/11\/Setca-Leaflet_2020-NL-2.png\"><img loading=\"lazy\" decoding=\"async\" class=\"wp-image-33028 alignnone\" src=\"https:\/\/smartbe.be\/wp-content\/uploads\/2020\/11\/Setca-Leaflet_2020-NL-2.png\" alt=\"\" width=\"243\" height=\"191\" \/><\/a><\/span><\/span><\/p>\n<p>&nbsp;<\/p>\n<p><span class=\"TextRun Highlight SCXW118205613 BCX0\" lang=\"FR-BE\" xml:lang=\"FR-BE\" data-contrast=\"none\"><span class=\"NormalTextRun SCXW118205613 BCX0\">Vragen kunnen gesteld worden via <a class=\"Hyperlink BCX0 SCXW232042261\" href=\"mailto:&#x67;&#x72;&#x6f;&#x75;&#x70;&#x65;&#x5f;&#x64;&#x70;&#x5f;&#x66;&#x67;&#x74;&#x62;&#x40;&#x73;&#x6d;&#x61;&#x72;&#x74;&#x2e;&#x63;&#x6f;&#x6f;&#x70;\" target=\"_blank\" rel=\"noreferrer noopener\"><span class=\"TextRun Highlight Underlined BCX0 SCXW232042261\" lang=\"FR-BE\" xml:lang=\"FR-BE\" data-contrast=\"none\"><span class=\"NormalTextRun BCX0 SCXW232042261\">&#x67;&#x72;&#x6f;&#x75;&#x70;&#x65;&#x5f;&#x64;&#x70;&#x5f;&#x66;&#x67;&#x74;&#x62;&#x40;<span class=\"oe_displaynone\">null<\/span>&#x73;&#x6d;&#x61;&#x72;&#x74;&#x2e;&#x63;&#x6f;&#x6f;&#x70;<\/span><\/span><\/a><\/span><\/span><\/p>\n<h1>Wettelijke documenten<\/h1>\n<p>Hier vind je alle documenten met betrekking tot de sociale verkiezingen 2020.<\/p>\n<ul>\n<li><a href=\"https:\/\/smartbe.be\/wp-content\/uploads\/2020\/11\/SMARTCOOP_Conseil_Y-10.pdf\">Verkiezingen van de personeelsafvaardiging voor de ondernemingsraad &#8211; uitslag der stemming<\/a><\/li>\n<li><a href=\"https:\/\/smartbe.be\/wp-content\/uploads\/2020\/11\/SMARTCOOP_Comite_Y-8.pdf\">Verkiezingen van de personeelsafvaardiging voor het comit\u00e9 voor preventie en bescherming op het werk &#8211; uitslag der stemming<\/a><\/li>\n<li><a href=\"https:\/\/smartbe.be\/wp-content\/uploads\/2020\/09\/Conseil_XP40.pdf\">De lijst der kandidaten &#8211; personeelsafvaardiging voor de ondernemingsraad.<\/a><\/li>\n<li><a href=\"https:\/\/smartbe.be\/wp-content\/uploads\/2020\/09\/Comit%C3%A9_XP40.pdf\">De lijst der kandidaten voor het comit\u00e9 voor preventie en bescherming op het werk.<\/a><\/li>\n<li><a href=\"https:\/\/smartbe.be\/wp-content\/uploads\/2020\/10\/SMARTCOOP_Comit%C3%A9_XP29-.pdf\">Bericht tot rechtzetting van bericht X na einde opschorting \u2013 Comit\u00e9 voor preventie en bescherming op het werk\u00a0\u2013 Sociale verkiezingen 2020<\/a><\/li>\n<li><a href=\"https:\/\/smartbe.be\/wp-content\/uploads\/2020\/10\/SMARTCOOP_Conseil_XP29-.pdf\">Bericht tot rechtzetting van bericht X na einde opschorting \u2013 Ondernemingsraad \u2013\u00a0<\/a><a href=\"https:\/\/smartbe.be\/wp-content\/uploads\/2020\/10\/SMARTCOOP_Comit%C3%A9_XP29-.pdf\">Sociale verkiezingen 2020<\/a><\/li>\n<\/ul>\n<h1><b><span data-contrast=\"none\">Lees ook<\/span><\/b><span data-ccp-props=\"{&quot;201341983&quot;:2,&quot;335559738&quot;:360,&quot;335559739&quot;:180,&quot;335559740&quot;:450}\">\u00a0<\/span><\/h1>\n<ul>\n<li data-leveltext=\"\uf0b7\" data-font=\"Symbol\" data-listid=\"6\" aria-setsize=\"-1\" data-aria-posinset=\"4\" data-aria-level=\"1\"><a href=\"https:\/\/smartbe.be\/nl\/sociale-verkiezingen\/\"><span data-contrast=\"none\">Sociale verkiezingen<\/span><\/a><span data-ccp-props=\"{&quot;134233117&quot;:true,&quot;201341983&quot;:2,&quot;335559685&quot;:600,&quot;335559739&quot;:90,&quot;335559740&quot;:360}\">\u00a0<\/span><\/li>\n<\/ul>","protected":false},"excerpt":{"rendered":"<p>Op 19 november 2020 vonden de sociale verkiezingen plaats. De werknemers konden hun vertegenwoordigers binnen de ondernemingsraad (OR) en het comit\u00e9 voor preventie en bescherming op het werk (CPBW) verkiezen voor een periode van vier jaar. Er werden binnen Smart &hellip;<\/p>\n","protected":false},"author":56,"featured_media":0,"parent":0,"menu_order":0,"comment_status":"closed","ping_status":"closed","template":"","meta":{"footnotes":""},"tags":[],"class_list":["post-32697","page","type-page","status-publish","hentry"],"aioseo_notices":[],"_links":{"self":[{"href":"https:\/\/smartbe.be\/nl\/wp-json\/wp\/v2\/pages\/32697","targetHints":{"allow":["GET"]}}],"collection":[{"href":"https:\/\/smartbe.be\/nl\/wp-json\/wp\/v2\/pages"}],"about":[{"href":"https:\/\/smartbe.be\/nl\/wp-json\/wp\/v2\/types\/page"}],"author":[{"embeddable":true,"href":"https:\/\/smartbe.be\/nl\/wp-json\/wp\/v2\/users\/56"}],"replies":[{"embeddable":true,"href":"https:\/\/smartbe.be\/nl\/wp-json\/wp\/v2\/comments?post=32697"}],"version-history":[{"count":13,"href":"https:\/\/smartbe.be\/nl\/wp-json\/wp\/v2\/pages\/32697\/revisions"}],"predecessor-version":[{"id":36754,"href":"https:\/\/smartbe.be\/nl\/wp-json\/wp\/v2\/pages\/32697\/revisions\/36754"}],"wp:attachment":[{"href":"https:\/\/smartbe.be\/nl\/wp-json\/wp\/v2\/media?parent=32697"}],"wp:term":[{"taxonomy":"post_tag","embeddable":true,"href":"https:\/\/smartbe.be\/nl\/wp-json\/wp\/v2\/tags?post=32697"}],"curies":[{"name":"wp","href":"https:\/\/api.w.org\/{rel}","templated":true}]}}