
{"id":32233,"date":"2020-06-26T15:22:00","date_gmt":"2020-06-26T14:22:00","guid":{"rendered":"https:\/\/smartbe.be\/comite-ethique\/"},"modified":"2026-04-15T18:10:12","modified_gmt":"2026-04-15T16:10:12","slug":"ethisch-comite","status":"publish","type":"page","link":"https:\/\/smartbe.be\/nl\/ethisch-comite\/","title":{"rendered":"Het ethisch comit\u00e9"},"content":{"rendered":"<p><strong><span class=\"TextRun Highlight SCXW229836960 BCX0\" lang=\"NL-BE\" xml:lang=\"NL-BE\" data-contrast=\"none\"><span class=\"NormalTextRun SCXW229836960 BCX0\" data-ccp-charstyle=\"Strong\">Het ethisch comit\u00e9 is een raadgevend orgaan dat erover waakt dat de praktijken van de co\u00f6peratie Smart en de waarden die ze uitdraagt overeenstemmen. <\/span><\/span><span class=\"EOP SCXW229836960 BCX0\" data-ccp-props=\"{&quot;201341983&quot;:0,&quot;335559739&quot;:160,&quot;335559740&quot;:259}\">\u00a0<\/span><\/strong><\/p>\n<p><iframe loading=\"lazy\" title=\"YouTube video player\" src=\"https:\/\/www.youtube.com\/embed\/nR6JrN4jzfs?start=7508\" width=\"560\" height=\"315\" frameborder=\"0\" allowfullscreen=\"allowfullscreen\"><\/iframe><\/p>\n<h2><span class=\"TextRun SCXW105441913 BCX0\" lang=\"NL-BE\" xml:lang=\"NL-BE\" data-contrast=\"none\"><span class=\"NormalTextRun SCXW105441913 BCX0\" data-ccp-parastyle=\"heading 2\">Oorsprong<\/span><\/span><span class=\"EOP SCXW105441913 BCX0\" data-ccp-props=\"{&quot;201341983&quot;:2,&quot;335559738&quot;:360,&quot;335559739&quot;:180,&quot;335559740&quot;:450}\">\u00a0<\/span><\/h2>\n<p><span data-contrast=\"none\">Tijdens de eerste cyclus van Smart in Progress (2015-2016) formuleerde de werkgroep rond het thema\u00a0<\/span><span data-contrast=\"none\">\u201c<\/span><span data-contrast=\"none\">Bestaan als co\u00f6peratie. Met wie? Voor wie?<\/span><span data-contrast=\"none\">\u201d<\/span><span data-contrast=\"none\">\u00a0een aanbeveling om<\/span><span data-contrast=\"none\">\u00a0een ethisch comit\u00e9 op te richten, om te garanderen dat Smart bij de uitbreiding naar alle activiteitensectoren een maatschappelijk verantwoorde werkgever zou blijven.<\/span><span data-ccp-props=\"{&quot;134233117&quot;:true,&quot;134233118&quot;:true,&quot;201341983&quot;:0,&quot;335559738&quot;:180,&quot;335559739&quot;:180,&quot;335559740&quot;:240}\">\u00a0<\/span><\/p>\n<p><span data-contrast=\"none\">In 2017-201<\/span><span data-contrast=\"none\">8 dacht er ook een werkgroep na over de oprichting van een ethisch comit\u00e9 binnen Smart. De besprekingen van die groep werden in elf aanbevelingen gegoten.\u00a0<\/span><a href=\"https:\/\/smartbe.be\/wp-content\/uploads\/2018\/05\/1-Comite-ethique-NL_defmei.pdf\"><span data-contrast=\"none\">Zie de aa<\/span><span data-contrast=\"none\">n<\/span><span data-contrast=\"none\">bevelingen<\/span><\/a><span data-ccp-props=\"{&quot;134233117&quot;:true,&quot;134233118&quot;:true,&quot;201341983&quot;:0,&quot;335559738&quot;:180,&quot;335559739&quot;:180,&quot;335559740&quot;:240}\">\u00a0<\/span><\/p>\n<p><span data-contrast=\"none\">Na analyse van de aanbevelingen werden<\/span><span data-contrast=\"none\"> de beslissingen van de Raad van bestuur aan de algemene vergadering voorgelegd.\u00a0<\/span><a href=\"https:\/\/smartbe.be\/wp-content\/uploads\/2018\/05\/34_aanbevelingen_synthesetabel_nl.pdf\"><span data-contrast=\"none\">Zie overzicht van de b<\/span><span data-contrast=\"none\">e<\/span><span data-contrast=\"none\">slissingen.<\/span><\/a><span data-ccp-props=\"{&quot;134233117&quot;:true,&quot;134233118&quot;:true,&quot;201341983&quot;:0,&quot;335559738&quot;:180,&quot;335559739&quot;:180,&quot;335559740&quot;:240}\">\u00a0<\/span><\/p>\n<p><span data-contrast=\"none\">Het ethisch comit\u00e9 werd definitief opgericht en legde de laatste hand aan zijn methodologie<\/span><span data-contrast=\"none\">\u00a0in 2019.<\/span><span data-ccp-props=\"{&quot;134233117&quot;:true,&quot;134233118&quot;:true,&quot;201341983&quot;:0,&quot;335559738&quot;:180,&quot;335559739&quot;:180,&quot;335559740&quot;:240}\">\u00a0<\/span><\/p>\n<h2 aria-level=\"2\"><b><span data-contrast=\"none\">Verantwoordelijkheden<\/span><\/b><span data-ccp-props=\"{&quot;201341983&quot;:2,&quot;335559738&quot;:360,&quot;335559739&quot;:180,&quot;335559740&quot;:450}\">\u00a0<\/span><\/h2>\n<p><span data-contrast=\"none\">Het ethisch com<\/span><span data-contrast=\"none\">it\u00e9 moet de legitimiteit bevorderen van Smart als maatschappelijk verantwoord speler (en werkgever), die niet alles toelaat en de duidelijke wens formuleert om beschermingsmechanismen te implementeren. Het ethisch comit\u00e9 ziet erop toe dat de waarden en pra<\/span><span data-contrast=\"none\">ktijken van de co\u00f6peratie met elkaar overeenstemmen.<\/span><span data-ccp-props=\"{&quot;134233117&quot;:true,&quot;134233118&quot;:true,&quot;201341983&quot;:0,&quot;335559738&quot;:180,&quot;335559739&quot;:180,&quot;335559740&quot;:240}\">\u00a0<\/span><\/p>\n<p><span data-contrast=\"none\">Als raadgevend orgaan geeft het adviezen (als het daarom gevraagd wordt) en doet het aanbevelingen ter attentie van Smart. <\/span><span data-contrast=\"none\">Zo kan het comit\u00e9 verschillende entiteiten of instanties van Smart vragen stellen over hun praktijken, of een andere vorm van onderzoek doen.<\/span><span data-ccp-props=\"{&quot;134233117&quot;:true,&quot;134233118&quot;:true,&quot;201341983&quot;:0,&quot;335559738&quot;:180,&quot;335559739&quot;:180,&quot;335559740&quot;:240}\">\u00a0<\/span><\/p>\n<h2 aria-level=\"2\"><b><span data-contrast=\"none\">Actiegebied<\/span><\/b><span data-ccp-props=\"{&quot;201341983&quot;:2,&quot;335559738&quot;:360,&quot;335559739&quot;:180,&quot;335559740&quot;:450}\">\u00a0<\/span><\/h2>\n<p><span data-contrast=\"none\">Het ethisch comit\u00e9 mag geen arbitrage of bemiddeling doen in de plaats van andere\u00a0<\/span><span data-contrast=\"none\">b<\/span><span data-contrast=\"none\">evoegde instanties. Om de legitimiteit van het comit\u00e9 te versterken, is zijn expertisedomein als volgt afgebakend:\u00a0<\/span><span data-ccp-props=\"{&quot;134233117&quot;:true,&quot;134233118&quot;:true,&quot;201341983&quot;:0,&quot;335559738&quot;:180,&quot;335559739&quot;:180,&quot;335559740&quot;:240}\">\u00a0<\/span><\/p>\n<ul>\n<li data-leveltext=\"\uf0b7\" data-font=\"Symbol\" data-listid=\"1\" aria-setsize=\"-1\" data-aria-posinset=\"1\" data-aria-level=\"1\"><span data-contrast=\"none\">Het operationele: de directie, de operationele ketting die ook betrekking heeft op de adviesverleners, vragen i.v.m. HR of verzekeringen, juridische en financi\u00eble vragen\u00a0<\/span><span data-contrast=\"none\">\u2026<\/span><span data-ccp-props=\"{&quot;134233117&quot;:true,&quot;201341983&quot;:2,&quot;335559685&quot;:600,&quot;335559739&quot;:90,&quot;335559740&quot;:360}\">\u00a0<\/span><\/li>\n<li data-leveltext=\"\uf0b7\" data-font=\"Symbol\" data-listid=\"1\" aria-setsize=\"-1\" data-aria-posinset=\"2\" data-aria-level=\"1\"><span data-contrast=\"none\">Het politieke: de Raad van bestuur en de algemene vergadering die de competentie heeft om belangrijke strategische keuzes te maken<\/span><span data-ccp-props=\"{&quot;134233117&quot;:true,&quot;201341983&quot;:2,&quot;335559685&quot;:600,&quot;335559739&quot;:90,&quot;335559740&quot;:360}\">\u00a0<\/span><\/li>\n<li data-leveltext=\"\uf0b7\" data-font=\"Symbol\" data-listid=\"1\" aria-setsize=\"-1\" data-aria-posinset=\"3\" data-aria-level=\"1\"><span data-contrast=\"none\">De vertegenwoordiging van het personeel, die enkel betrekking heeft op leden van de teams van vaste medewerkers.<\/span><span data-ccp-props=\"{&quot;134233117&quot;:true,&quot;201341983&quot;:2,&quot;335559685&quot;:600,&quot;335559739&quot;:90,&quot;335559740&quot;:360}\">\u00a0<\/span><\/li>\n<\/ul>\n<ul>\n<li data-leveltext=\"\uf0b7\" data-font=\"Symbol\" data-listid=\"1\" aria-setsize=\"-1\" data-aria-posinset=\"1\" data-aria-level=\"1\"><span data-contrast=\"none\">De leden van Smart (die ook betrokken kunnen zijn)<\/span><span data-ccp-props=\"{&quot;134233117&quot;:true,&quot;201341983&quot;:2,&quot;335559685&quot;:600,&quot;335559739&quot;:90,&quot;335559740&quot;:360}\">\u00a0<\/span><\/li>\n<\/ul>\n<p><span data-contrast=\"none\">Met andere woorden, het volgende valt niet onder de bevoegdheid van het ethisch comit\u00e9, behalve als bepaalde acties in<\/span><span data-contrast=\"none\">\u00a0die domeinen de waarden van Smart tegenspreken:<\/span><span data-ccp-props=\"{&quot;134233117&quot;:true,&quot;134233118&quot;:true,&quot;201341983&quot;:0,&quot;335559738&quot;:180,&quot;335559739&quot;:180,&quot;335559740&quot;:240}\">\u00a0<\/span><\/p>\n<ul>\n<li data-leveltext=\"\uf0b7\" data-font=\"Symbol\" data-listid=\"2\" aria-setsize=\"-1\" data-aria-posinset=\"2\" data-aria-level=\"1\"><span data-contrast=\"none\">Juridisch<\/span><span data-contrast=\"none\">e zaken<\/span><span data-ccp-props=\"{&quot;134233117&quot;:true,&quot;201341983&quot;:2,&quot;335559685&quot;:600,&quot;335559739&quot;:90,&quot;335559740&quot;:360}\">\u00a0<\/span><\/li>\n<li data-leveltext=\"\uf0b7\" data-font=\"Symbol\" data-listid=\"2\" aria-setsize=\"-1\" data-aria-posinset=\"3\" data-aria-level=\"1\"><span data-contrast=\"none\">Politiek<\/span><span data-contrast=\"none\">e\u00a0<\/span><span data-contrast=\"none\">aangelegenheden<\/span><span data-contrast=\"none\">\u00a0(bv.: iemand\u00a0<\/span><span data-contrast=\"none\">uitnodigen voor een debat van een partij die onze waarden niet deelt. Dit valt niet onder de bevoegdheid van het ethisch comit\u00e9, aangezien zo<\/span><span data-contrast=\"none\">\u2019<\/span><span data-contrast=\"none\">n debat de waarden niet in vraag stelt, maar enkel aanleiding geeft tot een uitwisseling van idee\u00ebn).<\/span><span data-ccp-props=\"{&quot;134233117&quot;:true,&quot;201341983&quot;:2,&quot;335559685&quot;:600,&quot;335559739&quot;:90,&quot;335559740&quot;:360}\">\u00a0<\/span><\/li>\n<li data-leveltext=\"\uf0b7\" data-font=\"Symbol\" data-listid=\"2\" aria-setsize=\"-1\" data-aria-posinset=\"4\" data-aria-level=\"1\"><span data-contrast=\"none\">De strategie (bv.: financiering ontvangen van een kabinet cre\u00ebrt mogelijkheden om actie te ondernemen. Het ethisch comit\u00e9 mag hier dus niet in tussenkomen).<\/span><span data-ccp-props=\"{&quot;134233117&quot;:true,&quot;201341983&quot;:2,&quot;335559685&quot;:600,&quot;335559739&quot;:90,&quot;335559740&quot;:360}\">\u00a0<\/span><\/li>\n<\/ul>\n<h2 aria-level=\"2\"><b><span data-contrast=\"none\">Wie maakt deel uit van het comit\u00e9?<\/span><\/b><span data-ccp-props=\"{&quot;201341983&quot;:2,&quot;335559738&quot;:360,&quot;335559739&quot;:180,&quot;335559740&quot;:450}\">\u00a0<\/span><\/h2>\n<p><span data-contrast=\"none\">Het ethisch comit\u00e9 van Smart bestaat uit:<\/span><span data-ccp-props=\"{&quot;134233117&quot;:true,&quot;134233118&quot;:true,&quot;201341983&quot;:0,&quot;335559738&quot;:180,&quot;335559739&quot;:180,&quot;335559740&quot;:240}\">\u00a0<\/span><\/p>\n<ul>\n<li><strong>zes<\/strong><span data-contrast=\"none\"><strong> vennoten die de diensten van Smart gebruiken:<\/strong>\u00a0<\/span>Ann De Visscher (<span data-contrast=\"none\">voorzitster<\/span>), Beno\u00eet De Visscher, Jean-Baptiste Friquet, Nicolas Hellas, S\u00e9verine Lacante en Thibault Scheuer<\/li>\n<li data-leveltext=\"\uf0b7\" data-font=\"Symbol\" data-listid=\"3\" aria-setsize=\"-1\" data-aria-posinset=\"1\" data-aria-level=\"1\"><strong>drie vennoten die medewerker zijn bij de ondersteunende teams<\/strong><span data-contrast=\"none\"><strong>:<\/strong>Erwin Carlier, Anne Delheid en Julie Leduc<\/span><\/li>\n<li data-leveltext=\"\uf0b7\" data-font=\"Symbol\" data-listid=\"3\" aria-setsize=\"-1\" data-aria-posinset=\"2\" data-aria-level=\"1\"><strong>twee<\/strong><span data-contrast=\"none\"><strong>\u00a0externe deskundigen:<\/strong> Monique\u00a0<\/span><span data-contrast=\"none\">Boulad <\/span><span data-contrast=\"none\">en Gabrielle Mirbeau<\/span><\/li>\n<\/ul>\n<p><span data-contrast=\"none\">De vennoten die medewerker zijn bij de ondersteunende teams <\/span><span data-contrast=\"none\">van Smart<\/span><span data-contrast=\"none\">, worden geselecteerd uit een reeks kandidaturen op basis van\u00a0<\/span><span data-contrast=\"none\">een\u00a0<\/span><span data-contrast=\"none\">interne berichtgeving.<\/span><span data-ccp-props=\"{&quot;134233117&quot;:true,&quot;134233118&quot;:true,&quot;201341983&quot;:0,&quot;335559738&quot;:180,&quot;335559739&quot;:180,&quot;335559740&quot;:240}\">\u00a0<\/span><\/p>\n<p><span data-contrast=\"none\">De andere vennoten van Smart worden uitgeloot<\/span><span data-contrast=\"none\">.<\/span><span data-ccp-props=\"{&quot;134233117&quot;:true,&quot;134233118&quot;:true,&quot;201341983&quot;:0,&quot;335559738&quot;:180,&quot;335559739&quot;:180,&quot;335559740&quot;:240}\">\u00a0<\/span><\/p>\n<p><span data-contrast=\"none\">De deskundigen worden gekozen op basis van hun ervaring binnen ander<\/span><span data-contrast=\"none\">e ethische comit\u00e9s en om de leden bij hun besprekingen te begeleiden. Die expertise is welkom, aangezien de leden van het ethisch comit\u00e9 van Smart niet noodzakelijk ethische deskundigen zijn.<\/span><span data-ccp-props=\"{&quot;134233117&quot;:true,&quot;134233118&quot;:true,&quot;201341983&quot;:0,&quot;335559738&quot;:180,&quot;335559739&quot;:180,&quot;335559740&quot;:240}\">\u00a0<\/span><\/p>\n<p><span data-contrast=\"none\">Het is belangrijk\u00a0<\/span><span data-contrast=\"none\">te weten dat we op zoek zijn naar erg uiteenlopende profielen voor het ethisch comit\u00e9. Ook de vennoten worden bijvoorbeeld volgens bepaalde criteria geselecteerd: activiteitensector, anci\u00ebnniteit bij Smart, leeftijd, regel<\/span><span data-contrast=\"none\">maat van activiteiten, taal, woonplaats.<\/span><span data-ccp-props=\"{&quot;134233117&quot;:true,&quot;134233118&quot;:true,&quot;201341983&quot;:0,&quot;335559738&quot;:180,&quot;335559739&quot;:180,&quot;335559740&quot;:240}\">\u00a0<\/span><\/p>\n<h2 aria-level=\"2\"><b><span data-contrast=\"none\">Hoe het ethisch comit\u00e9 aanschrijven?<\/span><\/b><span data-ccp-props=\"{&quot;201341983&quot;:2,&quot;335559738&quot;:360,&quot;335559739&quot;:180,&quot;335559740&quot;:450}\">\u00a0<\/span><\/h2>\n<p><b><span data-contrast=\"none\">Advies op eigen initiati<\/span><\/b><b><span data-contrast=\"none\">ef<\/span><\/b><span data-ccp-props=\"{&quot;134233117&quot;:true,&quot;134233118&quot;:true,&quot;201341983&quot;:0,&quot;335559738&quot;:180,&quot;335559739&quot;:180,&quot;335559740&quot;:240}\">\u00a0<\/span><\/p>\n<p><span data-contrast=\"none\">Het is van groot belang dat het comit\u00e9 op eigen initiatief adviezen kan formuleren.<\/span><span data-ccp-props=\"{&quot;134233117&quot;:true,&quot;134233118&quot;:true,&quot;201341983&quot;:0,&quot;335559738&quot;:180,&quot;335559739&quot;:180,&quot;335559740&quot;:240}\">\u00a0<\/span><\/p>\n<p><span data-contrast=\"none\">Mensen durven i<\/span><span data-contrast=\"none\">mmers niet altijd het ethisch comit\u00e9 aanschrijven of hebben geen zin om contact op te nemen. Ze kunnen ook terloops een lid van het ethisch comit\u00e9 aanspreken dat dan aan het comit\u00e9 voorstelt om een onderwerp te behandelen. <\/span><span data-ccp-props=\"{&quot;134233117&quot;:true,&quot;134233118&quot;:true,&quot;201341983&quot;:0,&quot;335559738&quot;:180,&quot;335559739&quot;:180,&quot;335559740&quot;:240}\">\u00a0<\/span><\/p>\n<p><b><span data-contrast=\"none\">Advies op aanvraag<\/span><\/b><span data-ccp-props=\"{&quot;134233117&quot;:true,&quot;134233118&quot;:true,&quot;201341983&quot;:0,&quot;335559738&quot;:180,&quot;335559739&quot;:180,&quot;335559740&quot;:240}\">\u00a0<\/span><\/p>\n<p><span data-contrast=\"none\">Alle vennoten, diensten of medewerkers bij de ondersteunende teams van Smart mogen het ethisch comit\u00e9 om <\/span><span data-contrast=\"none\">advies vragen. Om een verzoek te kunnen analyseren, moet de aanvraag gebeuren. Als het ethisch comit\u00e9 dat nodig acht, kan het externe personen uitnodigen voor een vergadering om bepaalde punten te bespreken en uit te diepen.<\/span><span data-ccp-props=\"{&quot;134233117&quot;:true,&quot;134233118&quot;:true,&quot;201341983&quot;:0,&quot;335559738&quot;:180,&quot;335559739&quot;:180,&quot;335559740&quot;:240}\">\u00a0<\/span><\/p>\n<p><span data-contrast=\"none\">Als het ethisch comit\u00e9 een onderwerp onder de loep neemt, mogen de leden kiezen of ze al dan niet aanbevelingen publiceren. Wordt er geen conclusie bereikt, dan zullen er<\/span><span data-contrast=\"none\">\u00a0<\/span><span data-contrast=\"none\">geen aanbevelingen\u00a0<\/span><span data-contrast=\"none\">zijn. Vragen staat uiteraard vrij en er is altijd gelegenheid om een debat op gang te trekken.<\/span><span data-ccp-props=\"{&quot;134233117&quot;:true,&quot;134233118&quot;:true,&quot;201341983&quot;:0,&quot;335559738&quot;:180,&quot;335559739&quot;:180,&quot;335559740&quot;:240}\">\u00a0<\/span><\/p>\n<p><span data-contrast=\"none\">In speciale gevallen worden de vragen geanonimiseerd om tot bredere aanbevelingen te<\/span><span data-contrast=\"none\">\u00a0kunnen komen. De aanbevelingen worden gepubliceerd op specifieke pagina&#8217;s op de website.<\/span><span data-ccp-props=\"{&quot;134233117&quot;:true,&quot;134233118&quot;:true,&quot;201341983&quot;:0,&quot;335559738&quot;:180,&quot;335559739&quot;:180,&quot;335559740&quot;:240}\">\u00a0<\/span><\/p>\n<p><span data-contrast=\"none\">Het ethisch comit\u00e9 buigt zich over relevante kwesties en kan dus door alle vennoten, werknemers en gebruikers van de diensten van Smart gevraagd worden om kwesties te onderzoeken, via het adres\u00a0<\/span><a href=\"mailto:&#x63;&#x6f;&#x6d;&#x69;&#x74;&#x65;&#x2e;&#x65;&#x74;&#x68;&#x69;&#x71;&#x75;&#x65;&#x40;&#x73;&#x6d;&#x61;&#x72;&#x74;&#x2e;&#x63;&#x6f;&#x6f;&#x70;\"><span data-contrast=\"none\">&#x63;&#x6f;&#x6d;&#x69;&#x74;&#x65;&#x2e;&#x65;&#x74;&#x68;&#x69;&#x71;&#x75;&#x65;&#x40;<span class=\"oe_displaynone\">null<\/span>&#x73;&#x6d;&#x61;&#x72;&#x74;&#x2e;&#x63;&#x6f;&#x6f;&#x70;<\/span><\/a><span data-contrast=\"none\">.<\/span><span data-ccp-props=\"{&quot;134233117&quot;:true,&quot;134233118&quot;:true,&quot;201341983&quot;:0,&quot;335559738&quot;:180,&quot;335559739&quot;:180,&quot;335559740&quot;:240}\"> Leg in enkele woorden uit waar het over gaat. Als je dat liever telefonisch doet, mag je ook gerust je telefoonnummer doorgeven. Dan zullen we een moment afspreken waarop we je mogen bellen.<\/span><\/p>\n<h2 aria-level=\"2\"><b><span data-contrast=\"none\">Nuttige doc<\/span><\/b><b><span data-contrast=\"none\">umenten<\/span><\/b><span data-ccp-props=\"{&quot;201341983&quot;:2,&quot;335559738&quot;:360,&quot;335559739&quot;:180,&quot;335559740&quot;:450}\">\u00a0<\/span><\/h2>\n<ul>\n<li><a href=\"https:\/\/smartbe.be\/wp-content\/uploads\/2026\/04\/SMART_ethisch_comite_25.pdf\">Jaarverslag 2025<\/a><\/li>\n<li><a href=\"https:\/\/smartbe.be\/wp-content\/uploads\/2025\/07\/comite_ethique_25_NL.pdf\">Jaarverslag 2024<\/a><\/li>\n<li><a href=\"https:\/\/smartbe.be\/wp-content\/uploads\/2024\/04\/ethisch_comite_NL.pdf\">Jaarverslag 2023<\/a><\/li>\n<li><a href=\"https:\/\/smartbe.be\/wp-content\/uploads\/2023\/05\/Smart_ethisch_comite_jaarverslag_2022.pdf\">Jaarverslag 2022<\/a><\/li>\n<li><a href=\"https:\/\/smartbe.be\/wp-content\/uploads\/2023\/03\/comite_ethique_RA_NL2021.pdf\">Jaarverslag 2021<\/a><\/li>\n<li data-leveltext=\"\uf0b7\" data-font=\"Symbol\" data-listid=\"4\" aria-setsize=\"-1\" data-aria-posinset=\"2\" data-aria-level=\"1\"><a href=\"https:\/\/smartbe.be\/wp-content\/uploads\/2021\/06\/ethisch_comite_RA.pdf\">Jaarverslag 2020<\/a><\/li>\n<li data-leveltext=\"\uf0b7\" data-font=\"Symbol\" data-listid=\"4\" aria-setsize=\"-1\" data-aria-posinset=\"2\" data-aria-level=\"1\"><a href=\"https:\/\/smartbe.be\/wp-content\/uploads\/2020\/07\/Jaarverslag-ethisch-comit\u00e9-van-Smart-2019.pdf\"><span data-contrast=\"none\">Jaarverslag 2019<\/span><span data-ccp-props=\"{&quot;134233117&quot;:true,&quot;201341983&quot;:2,&quot;335559685&quot;:600,&quot;335559739&quot;:90,&quot;335559740&quot;:360}\">\u00a0<\/span><\/a><\/li>\n<li data-leveltext=\"\uf0b7\" data-font=\"Symbol\" data-listid=\"4\" aria-setsize=\"-1\" data-aria-posinset=\"1\" data-aria-level=\"1\"><a href=\"https:\/\/smartbe.be\/wp-content\/uploads\/2020\/07\/Jaarverslag-van-het-ethisch-comit\u00e9-2018-2019.pdf\"><span data-contrast=\"none\">Verslag van het ethisch comit\u00e9 2018<\/span><span data-ccp-props=\"{&quot;134233117&quot;:true,&quot;201341983&quot;:2,&quot;335559685&quot;:600,&quot;335559739&quot;:90,&quot;335559740&quot;:360}\">\u00a0<\/span><\/a><\/li>\n<li data-leveltext=\"\uf0b7\" data-font=\"Symbol\" data-listid=\"4\" aria-setsize=\"-1\" data-aria-posinset=\"3\" data-aria-level=\"1\"><a href=\"https:\/\/smartbe.be\/wp-content\/uploads\/2023\/02\/Huishoudelijk-reglement-Ethisch-comite-van-Smart-2023.pdf\">Huishoudelijk reglement Ethisch comite (2023)<\/a><\/li>\n<\/ul>\n<p><span data-ccp-props=\"{&quot;201341983&quot;:0,&quot;335559739&quot;:160,&quot;335559740&quot;:259}\">\u00a0<\/span><\/p>","protected":false},"excerpt":{"rendered":"<p>Het ethisch comit\u00e9 is een raadgevend orgaan dat erover waakt dat de praktijken van de co\u00f6peratie Smart en de waarden die ze uitdraagt overeenstemmen. \u00a0 Oorsprong\u00a0 Tijdens de eerste cyclus van Smart in Progress (2015-2016) formuleerde de werkgroep rond het &hellip;<\/p>\n","protected":false},"author":54,"featured_media":0,"parent":0,"menu_order":0,"comment_status":"closed","ping_status":"closed","template":"","meta":{"footnotes":""},"tags":[],"class_list":["post-32233","page","type-page","status-publish","hentry"],"aioseo_notices":[],"_links":{"self":[{"href":"https:\/\/smartbe.be\/nl\/wp-json\/wp\/v2\/pages\/32233","targetHints":{"allow":["GET"]}}],"collection":[{"href":"https:\/\/smartbe.be\/nl\/wp-json\/wp\/v2\/pages"}],"about":[{"href":"https:\/\/smartbe.be\/nl\/wp-json\/wp\/v2\/types\/page"}],"author":[{"embeddable":true,"href":"https:\/\/smartbe.be\/nl\/wp-json\/wp\/v2\/users\/54"}],"replies":[{"embeddable":true,"href":"https:\/\/smartbe.be\/nl\/wp-json\/wp\/v2\/comments?post=32233"}],"version-history":[{"count":37,"href":"https:\/\/smartbe.be\/nl\/wp-json\/wp\/v2\/pages\/32233\/revisions"}],"predecessor-version":[{"id":49552,"href":"https:\/\/smartbe.be\/nl\/wp-json\/wp\/v2\/pages\/32233\/revisions\/49552"}],"wp:attachment":[{"href":"https:\/\/smartbe.be\/nl\/wp-json\/wp\/v2\/media?parent=32233"}],"wp:term":[{"taxonomy":"post_tag","embeddable":true,"href":"https:\/\/smartbe.be\/nl\/wp-json\/wp\/v2\/tags?post=32233"}],"curies":[{"name":"wp","href":"https:\/\/api.w.org\/{rel}","templated":true}]}}