
{"id":31615,"date":"2020-06-11T17:37:56","date_gmt":"2020-06-11T16:37:56","guid":{"rendered":"https:\/\/smartbe.be\/?page_id=31615"},"modified":"2020-06-11T20:14:43","modified_gmt":"2020-06-11T19:14:43","slug":"anne-laure-desgris","status":"publish","type":"page","link":"https:\/\/smartbe.be\/nl\/algemene-vergadering-2020\/anne-laure-desgris\/","title":{"rendered":"Anne-Laure Desgris"},"content":{"rendered":"<div  class=\"page_viecoop_content\" >\n<div class=\"fiche_candidat\">\n<div class=\"fiche_candidat_image\">\n\t\t\t<img loading=\"lazy\" decoding=\"async\" width=\"500\" height=\"500\" src=\"https:\/\/www.smartfr.fr\/wp-content\/uploads\/2020\/06\/0.jpg\" class=\"attachment-post-thumbnail size-post-thumbnail wp-post-image\" alt=\"\" srcset=\"https:\/\/www.smartfr.fr\/wp-content\/uploads\/2020\/06\/0.jpg 500w, https:\/\/www.smartfr.fr\/wp-content\/uploads\/2020\/06\/0-150x150.jpg 150w, https:\/\/www.smartfr.fr\/wp-content\/uploads\/2020\/06\/0-300x300.jpg 300w, https:\/\/www.smartfr.fr\/wp-content\/uploads\/2020\/06\/0-200x200.jpg 200w\" sizes=\"auto, (max-width: 500px) 100vw, 500px\" \/>\n\t\t<\/div>\n<div class=\"fiche_candidat_content\">\n<div class=\"fiche_candidat_nom fiche_candidat_signaletique\">\n\t\t\t\tAnne-Laure  Desgris\t\t\t\t\t\t<\/div>\n<div class=\" fiche_candidat_signaletique\">\n\t\t\t\t<span class=\"label\">Categorie :<\/span> Cat\u00e9gorie B &#8211; Externe partner\n\t\t\t<\/div>\n<div class=\"fiche_candidat_ville fiche_candidat_signaletique\">\n\t\t\t\t<br \/>Brussel \/ Rennes\n\t\t\t<\/div>\n<\/p><\/div>\n<div class=\"fiche_candidat_content2\">\n<h3>Je beroep, je activiteit:<\/h3>\n<div class=\"fiche_candidat_activity fiche_candidat_txt\">\n\t\t\t\tMet het vertrouwen van de raden van bestuur van de groep Smart heb ik met Maxime Dechesne het afgevaardigd bestuur van de groep Smart in Belgi\u00eb en Frankrijk overgenomen. Ik bekleed dus de volgende mandaten: voorzitster algemene directie van SmartFr, algemeen afgevaardigd bestuur van GrandsEnsemble en medeafgevaardigd bestuur van Smart Belgi\u00eb.\n\t\t\t<\/div>\n<h3>Wat kan je het project van Smart bijbrengen? Welke competenties en ervaringen wil je aanreiken binnen de raad van bestuur?<\/h3>\n<div class=\"fiche_candidat_competences fiche_candidat_txt\">\n\t\t\t\tIk ben al sinds 2007 bij de co\u00f6peratieve beweging betrokken en heb verschillende mandaten (netwerk, bestuurslid en algemeen codirectrice) en functies bekleed in co\u00f6peraties, zoals de ondernemersco\u00f6peratie Oxalis (begeleiding, ontwikkeling, animatie van het co\u00f6peratief leven, partners, co\u00f6peratieve sociale dialoog). In september 2018 voegde ik me bij de groep Smart en het Brusselse team. Ik ging er eerst aan de slag binnen de directie co\u00f6peratief leven en maak sinds oktober 2019 deel uit van het afgevaardigd bestuur. De gedeelde onderneming en samenwerking zijn krachtige katalysatoren waaraan ik binnen de raden van bestuur wil blijven bijdragen.\t\t\t\t\t\t<\/div>\n<h3>Waarom stel je je kandidaat voor de raad van bestuur?<\/h3>\n<div class=\"fiche_candidat_competences fiche_candidat_txt\">\n\t\t\t\tIk wil kunnen deelnemen aan de uitwerking van richtsnoeren en beslissingen die mee onder mijn verantwoordelijkheid zullen worden toegepast. Bovendien wil ik een mandaat uitoefenen in verband met de verantwoordelijkheden die me zijn toevertrouwd en waarvoor ik rekenschap moet afleggen aan de raden van bestuur en de vergadering van vennoten. En ten slotte wil ik mee de transnationale ambitie van het project Smart waarmaken.\t\t\t\t\t\t<\/div>\n<h3>Hoe zie je Smart in de toekomst? Wat is jouw langetermijnvisie voor het project?<\/h3>\n<div class=\"fiche_candidat_futur fiche_candidat_txt\">\n\t\t\t\tHet Smart-project is gericht op de werkers en de creatie van sociale en economische waarden voor de beste sociale zekerheid. Het steunt op een ongezien niveau van mutualisering binnen de co\u00f6peratieve beweging: het grote aantal leden en de Europese dimensie, de zoektocht naar autonomie terwijl je toch je hele leven over effectieve rechten beschikt. Het proces Smart in Progress ondersteunt die constante zoektocht naar economische democratie. Het zal dan ook een onmiskenbare steun zijn in de uitdagingen wat betreft het sociaal en economisch evenwicht waar we de volgende jaren mee geconfronteerd zullen worden en die de volgende strategie van de groep zullen aanvullen.\n\t\t\t<\/div>\n<div class=\"fiche_candidat_video iframe__container\">\n\t\t\t\t<iframe loading=\"lazy\" src=\"https:\/\/player.vimeo.com\/video\/427702639\" width=\"640\" height=\"360\" frameborder=\"0\" allow=\"autoplay; fullscreen\" allowfullscreen><\/iframe>\n\t\t\t<\/div>\n<\/p><\/div>\n<\/p><\/div>\n<\/div>","protected":false},"excerpt":{"rendered":"<p>Anne-Laure Desgris Categorie : Cat\u00e9gorie B &#8211; Externe partner Brussel \/ Rennes Je beroep, je activiteit: Met het vertrouwen van de raden van bestuur van de groep Smart heb ik met Maxime Dechesne het afgevaardigd bestuur van de groep Smart &hellip;<\/p>\n","protected":false},"author":53,"featured_media":31524,"parent":31338,"menu_order":0,"comment_status":"closed","ping_status":"closed","template":"","meta":{"footnotes":""},"tags":[],"class_list":["post-31615","page","type-page","status-publish","has-post-thumbnail","hentry"],"aioseo_notices":[],"_links":{"self":[{"href":"https:\/\/smartbe.be\/nl\/wp-json\/wp\/v2\/pages\/31615","targetHints":{"allow":["GET"]}}],"collection":[{"href":"https:\/\/smartbe.be\/nl\/wp-json\/wp\/v2\/pages"}],"about":[{"href":"https:\/\/smartbe.be\/nl\/wp-json\/wp\/v2\/types\/page"}],"author":[{"embeddable":true,"href":"https:\/\/smartbe.be\/nl\/wp-json\/wp\/v2\/users\/53"}],"replies":[{"embeddable":true,"href":"https:\/\/smartbe.be\/nl\/wp-json\/wp\/v2\/comments?post=31615"}],"version-history":[{"count":4,"href":"https:\/\/smartbe.be\/nl\/wp-json\/wp\/v2\/pages\/31615\/revisions"}],"predecessor-version":[{"id":31620,"href":"https:\/\/smartbe.be\/nl\/wp-json\/wp\/v2\/pages\/31615\/revisions\/31620"}],"up":[{"embeddable":true,"href":"https:\/\/smartbe.be\/nl\/wp-json\/wp\/v2\/pages\/31338"}],"wp:featuredmedia":[{"embeddable":true,"href":"https:\/\/smartbe.be\/nl\/wp-json\/wp\/v2\/media\/31524"}],"wp:attachment":[{"href":"https:\/\/smartbe.be\/nl\/wp-json\/wp\/v2\/media?parent=31615"}],"wp:term":[{"taxonomy":"post_tag","embeddable":true,"href":"https:\/\/smartbe.be\/nl\/wp-json\/wp\/v2\/tags?post=31615"}],"curies":[{"name":"wp","href":"https:\/\/api.w.org\/{rel}","templated":true}]}}