
{"id":2916,"date":"2014-02-04T16:47:25","date_gmt":"2014-02-04T15:47:25","guid":{"rendered":"http:\/\/smartbe.be\/?page_id=2916"},"modified":"2014-02-11T15:37:50","modified_gmt":"2014-02-11T14:37:50","slug":"de-begunstigde","status":"publish","type":"page","link":"https:\/\/smartbe.be\/nl\/wegwijs\/het-auteursrecht-en-de-naburige-rechten\/het-auteursrecht\/de-begunstigde\/","title":{"rendered":"De begunstigde"},"content":{"rendered":"<div><strong>E\u00e9n enkele auteur<\/strong><\/div>\n<div><\/div>\n<div>De auteur is de natuurlijke persoon die het werk heeft gecre\u00eberd. In geval van een geschil, moet de auteur bewijzen dat hij wel degelijk het werk heeft gecre\u00eberd.<\/div>\n<div><\/div>\n<div>De\u00a0<strong>auteur van het werk<\/strong>\u00a0is volgens de wet de begunstigde van het auteursrecht. Om dit\u00a0<strong>bewijs<\/strong>\u00a0te vergemakkelijken, gaat de wet ervan uit dat wie als\u00a0<strong>zodanig aangeduid<\/strong>\u00a0is op het werk, door de vermelding van zijn naam of een teken dat hem identificeert, de auteur van dit werk is. Om deze veronderstelling om te keren, moet men kunnen bewijzen dat deze persoon niet de auteur van het werk is.De uitgever van een\u00a0<strong>anoniem<\/strong>\u00a0of onder een\u00a0<strong>pseudoniem<\/strong>uitgebracht werk wordt eveneens, ten opzichte van derden, verondersteld de auteur ervan te zijn.<\/p>\n<\/div>\n<div><\/div>\n<div>\n<div><strong>Voor werken gecre\u00eberd door meerdere auteurs<\/strong><\/div>\n<div><\/div>\n<div>Wanneer meerdere auteurs\u00a0<span style=\"color: red;\"><strong>samen<\/strong><\/span>\u00a0een werk cre\u00ebren, zijn ze elk auteur van het werk. De wet bepaalt de wijze waarop het auteursrecht op het werk kan worden uitgeoefend als volgt:<\/div>\n<div>Het\u00a0<strong>in samenwerking<\/strong>\u00a0gecre\u00eberde werk vormt een eenheid waarvan\u00a0<strong>de delen niet kunnen worden onderscheiden<\/strong>:<\/div>\n<div><img decoding=\"async\" alt=\"-\" src=\"http:\/\/infonl.smartbe.be\/puce.gif\" \/>\u00a0\u00a0de uitoefening van dit recht wordt geregeld door overeenkomsten ;<br \/>\n<img decoding=\"async\" alt=\"-\" src=\"http:\/\/infonl.smartbe.be\/puce.gif\" \/>\u00a0\u00a0bij gebrek aan overeenkomsten, kan\u00a0<strong>geen enkele van de auteurs het recht apart<\/strong>\u00a0uitoefenen. In geval van onenigheid zal de rechter beslissen. Het staat echter elk van de auteurs vrij om in zijn naam en zonder tussenkomst van de anderen een inbreuk op het auteursrecht door een derde te vervolgen en schadevergoeding en interesten te eisen voor zijn aandeel.Het werk werd gecre\u00eberd\u00a0<strong>in samenwerking<\/strong>, maar de delen van het werk\u00a0<strong>kunnen wel worden onderscheiden<\/strong>\u00a0(men kan de creatieve inbreng van elke auteur onderscheiden):<\/p>\n<p><img decoding=\"async\" alt=\"-\" src=\"http:\/\/infonl.smartbe.be\/puce.gif\" \/>\u00a0\u00a0de uitoefening van dit recht kan worden geregeld door een overeenkomst;<br \/>\n<img decoding=\"async\" alt=\"-\" src=\"http:\/\/infonl.smartbe.be\/puce.gif\" \/>\u00a0\u00a0bij gebrek daaraan hebben de auteurs het recht om\u00a0<strong>elk apart\u00a0<\/strong>hun bijdrage te exploiteren, voor zover deze exploitatie\u00a0<strong>geen schade berokkent<\/strong>\u00a0aan het gemeenschappelijke werk; ze mogen echter niet onderhandelen over hun werken met nieuwe medewerkers.<\/p>\n<p>Wanneer een auteur een werk cre\u00ebert\u00a0<strong>op basis van een eerder bestaand werk<\/strong>, moet hij de\u00a0<strong>toestemming<\/strong>\u00a0hiervoor krijgen van de auteur van het eerder bestaande werk. Dit is het geval voor muzikale bewerkingen, vertalingen, enz.<\/p>\n<\/div>\n<div><\/div>\n<div>\n<div><strong>Voor audiovisuele werken<\/strong><\/div>\n<div><\/div>\n<div>Voor audiovisuele werken bepaalt\u00a0<span style=\"color: red;\">de wet<\/span>\u00a0welke personen moeten worden beschouwd als de auteurs van het audiovisuele werk:<\/div>\n<div><\/div>\n<div><strong>Zijn auteurs<\/strong>: de hoofdregisseur en de personen die hebben meegewerkt aan het werk.<strong>Worden verondersteld meegewerkt te hebben aan het werk<\/strong>\u00a0(en dus auteur te zijn), tot het tegendeel is bewezen: de auteur van het scenario, de auteur van de bewerking, de tekstschrijver, de grafische auteur voor animatiewerken of animatiesequenties in audiovisuele werken die een belangrijk deel van dit werk uitmaken, de auteur van muziekcomposities, met of zonder woorden, die speciaal voor het werk werden gecre\u00eberd.Als het werk gebaseerd is op een\u00a0<strong>eerder bestaand werk<\/strong>(bewerking van een boek, bijvoorbeeld), worden de auteurs van het eerder bestaande werk\u00a0<strong>gelijkgesteld<\/strong>\u00a0met de auteurs van het audiovisuele werk als daarin gebruik wordt gemaakt van hun bijdrage.<\/p>\n<\/div>\n<\/div>\n<\/div>","protected":false},"excerpt":{"rendered":"<p>E\u00e9n enkele auteur De auteur is de natuurlijke persoon die het werk heeft gecre\u00eberd. In geval van een geschil, moet de auteur bewijzen dat hij wel degelijk het werk heeft gecre\u00eberd. De\u00a0auteur van het werk\u00a0is volgens de wet de begunstigde &hellip;<\/p>\n","protected":false},"author":6,"featured_media":0,"parent":2902,"menu_order":3,"comment_status":"closed","ping_status":"closed","template":"","meta":{"footnotes":""},"tags":[],"class_list":["post-2916","page","type-page","status-publish","hentry"],"aioseo_notices":[],"_links":{"self":[{"href":"https:\/\/smartbe.be\/nl\/wp-json\/wp\/v2\/pages\/2916","targetHints":{"allow":["GET"]}}],"collection":[{"href":"https:\/\/smartbe.be\/nl\/wp-json\/wp\/v2\/pages"}],"about":[{"href":"https:\/\/smartbe.be\/nl\/wp-json\/wp\/v2\/types\/page"}],"author":[{"embeddable":true,"href":"https:\/\/smartbe.be\/nl\/wp-json\/wp\/v2\/users\/6"}],"replies":[{"embeddable":true,"href":"https:\/\/smartbe.be\/nl\/wp-json\/wp\/v2\/comments?post=2916"}],"version-history":[{"count":4,"href":"https:\/\/smartbe.be\/nl\/wp-json\/wp\/v2\/pages\/2916\/revisions"}],"predecessor-version":[{"id":3603,"href":"https:\/\/smartbe.be\/nl\/wp-json\/wp\/v2\/pages\/2916\/revisions\/3603"}],"up":[{"embeddable":true,"href":"https:\/\/smartbe.be\/nl\/wp-json\/wp\/v2\/pages\/2902"}],"wp:attachment":[{"href":"https:\/\/smartbe.be\/nl\/wp-json\/wp\/v2\/media?parent=2916"}],"wp:term":[{"taxonomy":"post_tag","embeddable":true,"href":"https:\/\/smartbe.be\/nl\/wp-json\/wp\/v2\/tags?post=2916"}],"curies":[{"name":"wp","href":"https:\/\/api.w.org\/{rel}","templated":true}]}}