
{"id":2820,"date":"2014-02-04T14:36:29","date_gmt":"2014-02-04T13:36:29","guid":{"rendered":"http:\/\/smartbe.be\/?page_id=2820"},"modified":"2017-04-20T09:51:43","modified_gmt":"2017-04-20T08:51:43","slug":"werken-buiten-belgie","status":"publish","type":"page","link":"https:\/\/smartbe.be\/nl\/wegwijs\/werken-het-buitenlandbuitenlanders-belgie\/werken-buiten-belgie\/","title":{"rendered":"Werken buiten Belgi\u00eb"},"content":{"rendered":"<h1>Het principe<\/h1>\n<div>Het principe is dat, afgezien van de gevallen van detachering zoals hieronder beschreven, u gedekt wordt door de sociale zekerheid van het land waarin u werkt. U betaalt dus uw bijdragen in het werkland, zelfs wanneer u in een ander land woont.<\/div>\n<div>Door veranderingen in de Zwitsere wet is het niet meer mogelijk om in Zwitserland via onze tools te werken. Er bestaan wel andere oplossingen, zoals werken via een Zwitsers interimkantoor of via een andere tussenpersoon voor de prestatie. Aarzel zeker niet om ons te contacteren!<\/div>\n<div>\n<h1>De gevallen waarin u beroep kan doen op Smart<\/h1>\n<div>\n<h2>1. Indien u door uw Belgische Klant gedetacheerd wordt naar een ander land van de EU.<\/h2>\n<ul>\n<li>Een uitzondering op bovenstaand principe is de detachering.<\/li>\n<li>Dit is het geval wanneer uw Belgische klant u tijdelijk, voor een periode die niet langer duurt dan 24 maanden, detacheert naar een andere lidstaat van de EU omwille van professionele redenen.<\/li>\n<li>In deze situatie kan u beroep doen op Smart. Het grote voordeel van de detachering voor bepaalde duur is dat uw rechten binnen de sociale zekerheid in \u00e9\u00e9nzelfde land worden opgebouwd, namelijk uw woonland Belgi\u00eb.<\/li>\n<li>Voor u vertrekt naar het land waarnaar u gedetacheerd wordt moet u eerst een formulier A1 in uw bezit hebben waarin verklaard wordt dat u onder de wetgeving van uw vroegere land van arbeid valt voor uw sociale zekerheidsbijdragen (in dit geval Belgi\u00eb).<\/li>\n<li>U kan dit formulier A1 bij Smart aanvragen indien wij uw loonadministratie verzorgen.<\/li>\n<\/ul>\n<h2>2. Indien u gewoonlijk in m\u00e9\u00e9r dan \u00e9\u00e9n land van de EU werkt, waaronder uw woonland Belgi\u00eb, dan wordt u verzekerd voor in uw woonland Belgi\u00eb<\/h2>\n<ul>\n<li>In het geval u werkt met contracten van korte duur dan kan u voor al uw prestaties in andere lidstaten van de EU door Smart gedetacheerd worden.<\/li>\n<li>U betaalt uw sociale zekerheidsbijdragen voor deze prestaties dan in uw woonland Belgi\u00eb en bouwt integraal uw rechten op in de Belgische sociale zekerheid.<\/li>\n<li>Voor u vertrekt naar het land waarnaar u gedetacheerd wordt moet u eerst een formulier A1 in uw bezit hebben waarin verklaard wordt dat u onder de wetgeving van uw vroegere land van arbeid valt voor uw sociale zekerheidsbijdragen (in dit geval Belgi\u00eb).<\/li>\n<li>U kan dit formulier A1 bij Smart aanvragen indien wij uw loonadministratie verzorgen.<\/li>\n<\/ul>\n<h2>3. Indien u tewerkgesteld wordt door verschillende klanten in verschillende landen van de EU, waaronder niet uw woonland Belgi\u00eb, dan wordt u verzekerd in uw woonland Belgi\u00eb<\/h2>\n<ul>\n<li>In het geval u werkt met contracten van korte duur dan kan u voor al uw prestaties in andere lidstaten van de EU door Smart gedetacheerd worden.<\/li>\n<li>U betaalt uw sociale zekerheidsbijdragen voor deze prestaties dan in uw woonland Belgi\u00eb en bouwt integraal uw rechten op in de Belgische sociale zekerheid.<\/li>\n<li>Voor u vertrekt naar het land waarnaar u gedetacheerd wordt moet u eerst een formulier A1 in uw bezit hebben waarin verklaard wordt dat u onder de wetgeving van uw vroegere land van arbeid valt voor uw sociale zekerheidsbijdragen (in dit geval Belgi\u00eb).<\/li>\n<li>U kan dit formulier A1 bij Smart aanvragen indien wij uw loonadministratie verzorgen.<\/li>\n<\/ul>\n<div><\/div>\n<\/div>\n<\/div>","protected":false},"excerpt":{"rendered":"<p>Het principe Het principe is dat, afgezien van de gevallen van detachering zoals hieronder beschreven, u gedekt wordt door de sociale zekerheid van het land waarin u werkt. U betaalt dus uw bijdragen in het werkland, zelfs wanneer u in &hellip;<\/p>\n","protected":false},"author":6,"featured_media":0,"parent":2723,"menu_order":3,"comment_status":"closed","ping_status":"closed","template":"","meta":{"footnotes":""},"tags":[],"class_list":["post-2820","page","type-page","status-publish","hentry"],"aioseo_notices":[],"_links":{"self":[{"href":"https:\/\/smartbe.be\/nl\/wp-json\/wp\/v2\/pages\/2820","targetHints":{"allow":["GET"]}}],"collection":[{"href":"https:\/\/smartbe.be\/nl\/wp-json\/wp\/v2\/pages"}],"about":[{"href":"https:\/\/smartbe.be\/nl\/wp-json\/wp\/v2\/types\/page"}],"author":[{"embeddable":true,"href":"https:\/\/smartbe.be\/nl\/wp-json\/wp\/v2\/users\/6"}],"replies":[{"embeddable":true,"href":"https:\/\/smartbe.be\/nl\/wp-json\/wp\/v2\/comments?post=2820"}],"version-history":[{"count":15,"href":"https:\/\/smartbe.be\/nl\/wp-json\/wp\/v2\/pages\/2820\/revisions"}],"predecessor-version":[{"id":18801,"href":"https:\/\/smartbe.be\/nl\/wp-json\/wp\/v2\/pages\/2820\/revisions\/18801"}],"up":[{"embeddable":true,"href":"https:\/\/smartbe.be\/nl\/wp-json\/wp\/v2\/pages\/2723"}],"wp:attachment":[{"href":"https:\/\/smartbe.be\/nl\/wp-json\/wp\/v2\/media?parent=2820"}],"wp:term":[{"taxonomy":"post_tag","embeddable":true,"href":"https:\/\/smartbe.be\/nl\/wp-json\/wp\/v2\/tags?post=2820"}],"curies":[{"name":"wp","href":"https:\/\/api.w.org\/{rel}","templated":true}]}}