
{"id":27917,"date":"2019-08-20T14:54:58","date_gmt":"2019-08-20T13:54:58","guid":{"rendered":"https:\/\/smartbe.be\/?page_id=27917"},"modified":"2019-09-04T14:08:29","modified_gmt":"2019-09-04T13:08:29","slug":"rapport-dactivite-2018-belgique-france","status":"publish","type":"page","link":"https:\/\/smartbe.be\/nl\/rapport-dactivite-2018-belgique-france\/","title":{"rendered":"Jaarverslag 2018"},"content":{"rendered":"<p><strong>Dit is een baken in het leven van een onderneming dat getuigt van het verleden en een invloed heeft op de toekomst.<\/strong> Het activiteitenverslag is een echte tool van transparantie ten aanzien van onze vennoten, al dan niet gebruikers van onze tools, maar ook van onze huidige en toekomstige partners.<\/p>\n<p>Naast de financi\u00eble gegevens van onze co\u00f6peratie bevat het activiteitenverslag informatie over de projecten die tijdens het voorbije jaar tot een goed einde werden gebracht, over de vooruitgang van de acties in uitvoering en over de belangrijkste strategische ori\u00ebnteringen voor de toekomst.<\/p>\n<p>Het activiteitenverslag 2018 bestaat in <a href=\"https:\/\/smartbe.be\/wp-content\/uploads\/2019\/06\/Jaarverslag-van-Smart-2018.pdf\">elektronische versie<\/a> of op papier en is beschikbaar in alle kantoren van Smart.<\/p>\n<p>U vindt er bijvoorbeeld het volgende in:<\/p>\n<ul>\n<li>De evolutie van het aantal ingeschrevenen en de vertegenwoordigde beroepen (De gebruik(st)ers pag. 18);<\/li>\n<li>Gedetailleerde informatie over het nieuwe \u2018services-design\u2019 (Uitdagingen en vooruitzichten pag. 11);<\/li>\n<li>Info over het co\u00f6peratieve leven (Bezieling van het co\u00f6peratieve leven en governance \u2013 pag. 47).<\/li>\n<\/ul>\n<p>\u201c<em>De nieuwigheid van dit jaar is de opstelling van \u00e9\u00e9n enkel verslag over onze activiteiten in Belgi\u00eb en Frankrijk. Dit is niet symbolisch bedoeld, maar als een concreet bewijs dat ons project de barri\u00e8res die zich stiekem blijven opwerpen om de nationale verschillen overal in Europa te versterken, kan en moet overstijgen.\u201d\u00a0<\/em>Sandrino Graceffa \u2013 Edito van het Activiteitenverslag 2018.<\/p>\n<div>\n<div><a href=\"https:\/\/www.calameo.com\/books\/00469814135e522e1bda9\" target=\"_blank\" rel=\"noopener\">Jaarverslag 2018 &#8211; Vooruitzichten 2019 &#8211; Belgi\u00eb Frankrijk<\/a><\/div>\n<p><iframe loading=\"lazy\" src=\"\/\/v.calameo.com\/?bkcode=00469814135e522e1bda9&amp;mode=mini\" width=\"480\" height=\"300\" frameborder=\"0\" scrolling=\"no\" allowfullscreen=\"allowfullscreen\"><\/iframe><\/p>\n<p><a href=\"https:\/\/smartbe.be\/wp-content\/uploads\/2019\/06\/Jaarverslag-van-Smart-2018.pdf\">Download het Jaarverslag 2018<\/a><\/p>\n<\/div>","protected":false},"excerpt":{"rendered":"<p>Dit is een baken in het leven van een onderneming dat getuigt van het verleden en een invloed heeft op de toekomst. Het activiteitenverslag is een echte tool van transparantie ten aanzien van onze vennoten, al dan niet gebruikers van &hellip;<\/p>\n","protected":false},"author":66,"featured_media":0,"parent":0,"menu_order":0,"comment_status":"closed","ping_status":"closed","template":"","meta":{"footnotes":""},"tags":[],"class_list":["post-27917","page","type-page","status-publish","hentry"],"aioseo_notices":[],"_links":{"self":[{"href":"https:\/\/smartbe.be\/nl\/wp-json\/wp\/v2\/pages\/27917","targetHints":{"allow":["GET"]}}],"collection":[{"href":"https:\/\/smartbe.be\/nl\/wp-json\/wp\/v2\/pages"}],"about":[{"href":"https:\/\/smartbe.be\/nl\/wp-json\/wp\/v2\/types\/page"}],"author":[{"embeddable":true,"href":"https:\/\/smartbe.be\/nl\/wp-json\/wp\/v2\/users\/66"}],"replies":[{"embeddable":true,"href":"https:\/\/smartbe.be\/nl\/wp-json\/wp\/v2\/comments?post=27917"}],"version-history":[{"count":5,"href":"https:\/\/smartbe.be\/nl\/wp-json\/wp\/v2\/pages\/27917\/revisions"}],"predecessor-version":[{"id":28060,"href":"https:\/\/smartbe.be\/nl\/wp-json\/wp\/v2\/pages\/27917\/revisions\/28060"}],"wp:attachment":[{"href":"https:\/\/smartbe.be\/nl\/wp-json\/wp\/v2\/media?parent=27917"}],"wp:term":[{"taxonomy":"post_tag","embeddable":true,"href":"https:\/\/smartbe.be\/nl\/wp-json\/wp\/v2\/tags?post=27917"}],"curies":[{"name":"wp","href":"https:\/\/api.w.org\/{rel}","templated":true}]}}