
{"id":2775,"date":"2014-02-04T12:28:36","date_gmt":"2014-02-04T11:28:36","guid":{"rendered":"http:\/\/smartbe.be\/?page_id=2775"},"modified":"2014-02-24T15:49:37","modified_gmt":"2014-02-24T14:49:37","slug":"ierland-luxemburg-duitsland-verenigd-koninkrijk-frankrijk-italie-spanje-nederland-griekenland-belgie-portugal-zweden-oostenrijk-denemarken-finland-noorwegen-ijsland-liechtenstein","status":"publish","type":"page","link":"https:\/\/smartbe.be\/nl\/wegwijs\/werken-het-buitenlandbuitenlanders-belgie\/werken-belgie\/ierland-luxemburg-duitsland-verenigd-koninkrijk-frankrijk-italie-spanje-nederland-griekenland-belgie-portugal-zweden-oostenrijk-denemarken-finland-noorwegen-ijsland-liechtenstein\/","title":{"rendered":"Onderdaan van een land van de EU of de EER?"},"content":{"rendered":"<p>Je bent een onderdaan van een land van de Europese Unie (EU) en je komt dus uit: Belgi\u00eb, Bulgarije, Cyprus, Denemarken, Duitsland, Estland, Finland, Frankrijk, Griekenland, Hongarije, Ierland, Itali\u00eb, Letland, Litouwen, Luxemburg, Malta, Nederland, Portugal, Oostenrijk, Polen, Slovakije, Sloveni\u00eb, Spanje, Tsjechi\u00eb, Roemeni\u00eb, of Verenigd Koninkrijk, Zweden.<\/p>\n<p>Of je komt uit de Europese Economische Ruimte (EER). Dat is dan uit IJsland, Liechtenstein of Noorwegen.<\/p>\n<h1>Je verblijf in Belgi\u00eb<\/h1>\n<ul>\n<li>Je kan je beroepen op het recht van vrij verkeer van personen binnen de EU.<\/li>\n<li>Je kan het land binnenkomen op vertoon van een geldige identiteitskaart of paspoort.<\/li>\n<li>Belgi\u00eb mag vanaf 1 mei 2006 geen verblijfsprocedures meer opleggen aan EU-burgers. Er geldt wel nog een registratieverplichting waarbij u een &#8216;verklaring van inschrijving&#8217; ontvangt.<\/li>\n<\/ul>\n<h1>De arbeidsvergunning<\/h1>\n<ul>\n<li>\u00a0Je kan een activiteit uitoefenen als loontrekkende zonder daarvoor over een arbeidsvergunning te beschikken. Voor onderdanen uit Kroati\u00eb geldt deze vrijstelling niet.<\/li>\n<li>Je opdrachtgever heeft dus geen arbeidsvergunning nodig om je te werk te stellen.<\/li>\n<\/ul>\n<h1>Wat kan Smart voor u doen?<\/h1>\n<ul>\n<li>Je bent afkomstig uit de EU of EER en je wenst in Belgi\u00eb te wonen en te werken? In dit geval kan je, indien je de voorwaarden tot verblijf (de registratieverplichting) hebt vervuld, werken met Smart nadat \u00a0je lid bent geworden.<\/li>\n<li>Je bent afkomstig uit een &#8216;oud-lidstaat&#8217; van de EU of EER en je wenst occasioneel of \u00e9\u00e9nmalig te werken voor een Belgische opdrachtgever die werkt met Smart? In dit geval kan je, indien je lid bent, ook voor deze prestatie je loonadministratie door Smart laten beheren.\u00a0<strong>Opgelet:<\/strong>\u00a0In dit geval betaal je sociale bijdragen in Belgi\u00eb en niet in je land van herkomst. Je kan in dit geval een formulier aanvragen bij de Dienst EURO van het werkloosheidsbureau in Brussel. Hiermee kan je in het land van herkomst aantonen dat je in Belgi\u00eb hebt gewerkt.<\/li>\n<\/ul>","protected":false},"excerpt":{"rendered":"<p>Je bent een onderdaan van een land van de Europese Unie (EU) en je komt dus uit: Belgi\u00eb, Bulgarije, Cyprus, Denemarken, Duitsland, Estland, Finland, Frankrijk, Griekenland, Hongarije, Ierland, Itali\u00eb, Letland, Litouwen, Luxemburg, Malta, Nederland, Portugal, Oostenrijk, Polen, Slovakije, Sloveni\u00eb, Spanje, &hellip;<\/p>\n","protected":false},"author":6,"featured_media":0,"parent":2728,"menu_order":1,"comment_status":"closed","ping_status":"closed","template":"","meta":{"footnotes":""},"tags":[],"class_list":["post-2775","page","type-page","status-publish","hentry"],"aioseo_notices":[],"_links":{"self":[{"href":"https:\/\/smartbe.be\/nl\/wp-json\/wp\/v2\/pages\/2775","targetHints":{"allow":["GET"]}}],"collection":[{"href":"https:\/\/smartbe.be\/nl\/wp-json\/wp\/v2\/pages"}],"about":[{"href":"https:\/\/smartbe.be\/nl\/wp-json\/wp\/v2\/types\/page"}],"author":[{"embeddable":true,"href":"https:\/\/smartbe.be\/nl\/wp-json\/wp\/v2\/users\/6"}],"replies":[{"embeddable":true,"href":"https:\/\/smartbe.be\/nl\/wp-json\/wp\/v2\/comments?post=2775"}],"version-history":[{"count":16,"href":"https:\/\/smartbe.be\/nl\/wp-json\/wp\/v2\/pages\/2775\/revisions"}],"predecessor-version":[{"id":4131,"href":"https:\/\/smartbe.be\/nl\/wp-json\/wp\/v2\/pages\/2775\/revisions\/4131"}],"up":[{"embeddable":true,"href":"https:\/\/smartbe.be\/nl\/wp-json\/wp\/v2\/pages\/2728"}],"wp:attachment":[{"href":"https:\/\/smartbe.be\/nl\/wp-json\/wp\/v2\/media?parent=2775"}],"wp:term":[{"taxonomy":"post_tag","embeddable":true,"href":"https:\/\/smartbe.be\/nl\/wp-json\/wp\/v2\/tags?post=2775"}],"curies":[{"name":"wp","href":"https:\/\/api.w.org\/{rel}","templated":true}]}}