
{"id":26731,"date":"2019-06-05T13:22:35","date_gmt":"2019-06-05T12:22:35","guid":{"rendered":"https:\/\/smartbe.be\/assemblee-generale-ordinaire-2019\/"},"modified":"2020-03-09T11:26:09","modified_gmt":"2020-03-09T10:26:09","slug":"assemblee-generale-ordinaire-2019","status":"publish","type":"page","link":"https:\/\/smartbe.be\/nl\/assemblee-generale-ordinaire-2019\/","title":{"rendered":"Gewone Algemene vergadering 2019"},"content":{"rendered":"<p><strong>De vennoten worden uitgenodigd om hun stemrecht uit te oefenen tijdens de Algemene vergadering. Hieronder vindt u de agenda, de bijhorende documenten en de resultaten van de stemming.<\/strong><\/p>\n<div class=\"video-container\"><iframe loading=\"lazy\" title=\"[LIVE] Let&#039;s coop 2019 - Algemene vergadering\" width=\"584\" height=\"329\" src=\"https:\/\/www.youtube.com\/embed\/C9SWX29Kgqw?feature=oembed\" frameborder=\"0\" allow=\"accelerometer; autoplay; clipboard-write; encrypted-media; gyroscope; picture-in-picture; web-share\" referrerpolicy=\"strict-origin-when-cross-origin\" allowfullscreen><\/iframe><\/div>\n<h2><strong>Agenda en <span class=\"TextRun SCXW104450474 BCX0\" lang=\"FR-BE\" xml:lang=\"FR-BE\" data-contrast=\"none\"><span class=\"SpellingError SCXW104450474 BCX0\">resultaten<\/span><\/span><span class=\"TextRun SCXW104450474 BCX0\" lang=\"FR-BE\" xml:lang=\"FR-BE\" data-contrast=\"none\"><span class=\"NormalTextRun SCXW104450474 BCX0\">\u00a0van de\u00a0<\/span><\/span><span class=\"TextRun SCXW104450474 BCX0\" lang=\"FR-BE\" xml:lang=\"FR-BE\" data-contrast=\"none\"><span class=\"SpellingError SCXW104450474 BCX0\">stemming<\/span><\/span><\/strong><\/h2>\n<p><span class=\"EOP SCXW104450474 BCX0\" data-ccp-props=\"{&quot;201341983&quot;:0,&quot;335559739&quot;:200,&quot;335559740&quot;:276}\">\u00a0Het aantal personen die gestemd hebben: 1184<\/span><\/p>\n<h3>1. Verwelkoming door de Afgevaardigd bestuurder<\/h3>\n<h3>2. Goedkeuring van de rekeningen van het boekjaar 2018 (punt ter beslissing)<\/h3>\n<p><em>Onderzoek van de rekeningen 2018, van het jaarverslag, van het verslag van de realisatie van het maatschappelijke doel en het verslag van de bedrijfsrevisor, met het oog op hun goedkeuring en de kwijting van de bestuurders van hun bestuursmandaat.<\/em><\/p>\n<h4><span data-contrast=\"none\">RESULTATEN<\/span><\/h4>\n<ul>\n<li><span data-contrast=\"auto\">Ik stem\u00a0<\/span><span data-contrast=\"auto\">voor:\u00a073%<\/span><\/li>\n<li><span data-contrast=\"auto\">Ik stem\u00a0<\/span><span data-contrast=\"auto\">tegen:\u00a0 2%<\/span><\/li>\n<li><span data-contrast=\"auto\">Ik\u00a0<\/span><span data-contrast=\"auto\">onthoud<\/span><span data-contrast=\"auto\">\u00a0me:\u00a025%<\/span><span data-ccp-props=\"{&quot;201341983&quot;:0,&quot;335559739&quot;:200,&quot;335559740&quot;:276}\">\u00a0<\/span><\/li>\n<\/ul>\n<h4>DOCUMENTEN<\/h4>\n<ul>\n<li><a href=\"https:\/\/smartbe.be\/wp-content\/uploads\/2019\/06\/Jaarverslag-van-Smart-2018.pdf\" target=\"_blank\" rel=\"noopener noreferrer\">Jaarverslag van Smart 2018<\/a><\/li>\n<li><a href=\"https:\/\/smartbe.be\/wp-content\/uploads\/2019\/06\/Smartcoop-Verslag-sociaal-oogmerk-NL.pdf\" target=\"_blank\" rel=\"noopener noreferrer\">Speciaal verslag met betrekking tot de verwezenlijking van het sociaal oogmerk<\/a><\/li>\n<li><a href=\"https:\/\/smartbe.be\/wp-content\/uploads\/2019\/06\/Smart_Compte_de_resultats_2018.pdf\">Compte de r\u00e9sultats consolid\u00e9 (toutes entit\u00e9s juridiques)<\/a>\u00a0&#8211; in het Frans<\/li>\n<li><a href=\"https:\/\/smartbe.be\/wp-content\/uploads\/2019\/06\/GroupeSmart_Bilan_consolid\u00e9_2018.pdf\">Bilan consolid\u00e9<\/a> &#8211; in het Frans<\/li>\n<\/ul>\n<h3>3. Beslissingen inzake de bestemming van het resultaat (punt ter beslissing)<\/h3>\n<p><em>Uiteenzetting van de prioriteiten voor de begrotingskeuzes die de Raad van bestuur zou kunnen maken.<\/em><\/p>\n<h4><span data-contrast=\"none\">RESULTATEN<\/span><\/h4>\n<ul>\n<li>Gemeenschappelijke\u00a0 tools en diensten: 2643 punten<\/li>\n<li>Ontwikkeling van het co\u00f6peratieve\u00a0 leven: 1605 punten<\/li>\n<li>Gedeelde werkruimten: 1561 punten<\/li>\n<li>Internationale ontwikkeling: 707 punten<\/li>\n<\/ul>\n<h4>DOCUMENT<\/h4>\n<ul>\n<li><a href=\"https:\/\/smartbe.be\/wp-content\/uploads\/2019\/06\/Budgettaire-ori\u00ebnteringen-NL.pdf\">Budgettaire ori\u00ebnteringen<\/a><\/li>\n<\/ul>\n<h3>4. Goedkeuring van de staat van de vennootschap\u00a0\u00a0(punt ter beslissing)<\/h3>\n<p><em>Akte nemen van de samenstelling van de vennootschap (categorie\u00ebn van vennoten, aantal aandelen, stemgerechtigden,&#8230;), het bedrag van het kapitaal van de vennootschap en de waarde van het aandeel op 31\/12\/2018.<\/em><\/p>\n<h4><span data-contrast=\"none\">RESULTATEN<\/span><\/h4>\n<p>De kiezers nemen akte van de samenstelling van de vennootschap, de staat van het maatschappelijk kapitaal en de waarde van het aandeel.<\/p>\n<h3>5. Terugblik op het jaar van de Raad van bestuur (punt\u00a0ter informatie)<\/h3>\n<p><em>Voorstelling van de hoogtepunten van het jaar voor de Raad van bestuur.<\/em><\/p>\n<h3>6. Smart in Progress (SIP)<\/h3>\n<p><em><strong>Ethisch comit\u00e9 &#8211; uit SIP 2<\/strong>\u00a0<strong>(punt ter informatie)<\/strong><br \/>\nVoorstelling van het eerste verslag van het comit\u00e9.<\/em><\/p>\n<ul>\n<li><a href=\"https:\/\/smartbe.be\/wp-content\/uploads\/2019\/06\/Verslag-van-het-ethisch-comit\u00e9-2018-2019.pdf\">Verslag van het ethisch comit\u00e9 2018-2019<\/a><\/li>\n<\/ul>\n<p><em><strong>Follow-up van de aanbevelingen van SIP 3 (punt ter informatie)<\/strong><br \/>\nFeedback over de aanbevelingen van de drie werkgroepen en het vervolg van de werkzaamheden.\u00a0<\/em><\/p>\n<ul>\n<li><a href=\"https:\/\/smartbe.be\/wp-content\/uploads\/2019\/06\/Smart-in-progress-3-NL.pdf\" target=\"_blank\" rel=\"noopener noreferrer\">Smart in Progress &#8211; Aanbevelingen voorgesteld door de drie werkgroepen 2018\/2019<\/a><\/li>\n<\/ul>\n<p><em><strong>Goedkeuring van de thema&#8217;s van SIP 4 (punt ter beslissing)<\/strong><br \/>\nVoorstelling van de onderwerpen die ter stemming worden voorgelegd voor SIP 4 (2019-2020).<\/em><\/p>\n<h4><span data-contrast=\"none\">RESULTATEN<\/span><\/h4>\n<ul>\n<li>Mijn activiteit consolideren:\u00a0 1694 punten<\/li>\n<li>Werkruimtes: 1041 punten<\/li>\n<li>Mijn activiteit overdragen: 445 punten<\/li>\n<\/ul>\n<p><strong>7. Vertrek van de gedelegeerd bestuurder uit de groep (punt ter informatie)<\/strong><br \/>\nVoorstelling van de termijnen en de vooruitzichten.<\/p>\n<p>&nbsp;<\/p>\n<p><strong>Vragen?<\/strong>\u00a0<a href=\"mailto:&#x73;&#x6d;&#x61;&#x72;&#x74;&#x69;&#x6e;&#x70;&#x72;&#x6f;&#x67;&#x72;&#x65;&#x73;&#x73;&#x40;&#x73;&#x6d;&#x61;&#x72;&#x74;&#x2e;&#x63;&#x6f;&#x6f;&#x70;\">&#x73;&#x6d;&#x61;&#x72;&#x74;&#x69;&#x6e;&#x70;&#x72;&#x6f;&#x67;&#x72;&#x65;&#x73;&#x73;&#x40;<span class=\"oe_displaynone\">null<\/span>&#x73;&#x6d;&#x61;&#x72;&#x74;&#x2e;&#x63;&#x6f;&#x6f;&#x70;<\/a><\/p>","protected":false},"excerpt":{"rendered":"<p>De vennoten worden uitgenodigd om hun stemrecht uit te oefenen tijdens de Algemene vergadering. Hieronder vindt u de agenda, de bijhorende documenten en de resultaten van de stemming. Agenda en resultaten\u00a0van de\u00a0stemming \u00a0Het aantal personen die gestemd hebben: 1184 1. &hellip;<\/p>\n","protected":false},"author":54,"featured_media":0,"parent":0,"menu_order":0,"comment_status":"closed","ping_status":"closed","template":"","meta":{"footnotes":""},"tags":[],"class_list":["post-26731","page","type-page","status-publish","hentry"],"aioseo_notices":[],"_links":{"self":[{"href":"https:\/\/smartbe.be\/nl\/wp-json\/wp\/v2\/pages\/26731","targetHints":{"allow":["GET"]}}],"collection":[{"href":"https:\/\/smartbe.be\/nl\/wp-json\/wp\/v2\/pages"}],"about":[{"href":"https:\/\/smartbe.be\/nl\/wp-json\/wp\/v2\/types\/page"}],"author":[{"embeddable":true,"href":"https:\/\/smartbe.be\/nl\/wp-json\/wp\/v2\/users\/54"}],"replies":[{"embeddable":true,"href":"https:\/\/smartbe.be\/nl\/wp-json\/wp\/v2\/comments?post=26731"}],"version-history":[{"count":21,"href":"https:\/\/smartbe.be\/nl\/wp-json\/wp\/v2\/pages\/26731\/revisions"}],"predecessor-version":[{"id":30268,"href":"https:\/\/smartbe.be\/nl\/wp-json\/wp\/v2\/pages\/26731\/revisions\/30268"}],"wp:attachment":[{"href":"https:\/\/smartbe.be\/nl\/wp-json\/wp\/v2\/media?parent=26731"}],"wp:term":[{"taxonomy":"post_tag","embeddable":true,"href":"https:\/\/smartbe.be\/nl\/wp-json\/wp\/v2\/tags?post=26731"}],"curies":[{"name":"wp","href":"https:\/\/api.w.org\/{rel}","templated":true}]}}