
{"id":23103,"date":"2018-05-20T14:20:11","date_gmt":"2018-05-20T13:20:11","guid":{"rendered":"http:\/\/smartbe.be\/programme-complet-assemblee-generale-2018\/"},"modified":"2018-06-15T10:39:09","modified_gmt":"2018-06-15T09:39:09","slug":"programme-complet-assemblee-generale-2018","status":"publish","type":"page","link":"https:\/\/smartbe.be\/nl\/programme-complet-assemblee-generale-2018\/","title":{"rendered":"Programma &#8211; Algemene vergadering 2018"},"content":{"rendered":"<h2><strong>PROGRAMMA<\/strong>\u00a019 juni (NL\/EN)<\/h2>\n<h3><a href=\"https:\/\/www.eventbrite.fr\/e\/lets-coop-2018-tickets-46140114324\"><strong>S<\/strong><strong>chrijf je in\/Please register here<\/strong><\/a><\/h3>\n<h3><a href=\"https:\/\/smartbe.be\/wordpress\/..\/wp-content\/uploads\/2018\/05\/Programme_4p.pdf\">Download het\/the program\/ma in pdf<\/a><\/h3>\n<p><strong>9:15 &#8211; 9:30\u00a0<\/strong>\u00a0\u00a0\u00a0<strong>\u00a0\u00a0\u00a0\u00a0\u00a0\u00a0\u00a0\u00a0\u00a0\u00a0\u00a0\u00a0\u00a0\u00a0\u00a0\u00a0\u00a0\u00a0\u00a0\u00a0\u00a0\u00a0<\/strong><\/p>\n<p><strong><span style=\"font-family: 'Arial','sans-serif'; color: #29200e;\">W<\/span><span style=\"-webkit-font-smoothing: antialiased;\">elkomstwoord door\u00a0<a href=\"https:\/\/smartbe.be\/fr\/news\/intervenant-ag-2018\/sandrino-graceffa\/\"><em>Sandrino Graceffa<\/em><\/a>\u00a0(Smart, gedelegeerd bestuurder)<br \/>\n<\/span><\/strong><strong>Welcoming message by<em>\u00a0<a href=\"https:\/\/smartbe.be\/fr\/news\/intervenant-ag-2018\/sandrino-graceffa\/\">Sandrino Graceffa<\/a><\/em>\u00a0(CEO Smart)<\/strong><\/p>\n<p><strong>9:30 &#8211; 10:00\u00a0\u00a0\u00a0\u00a0\u00a0\u00a0\u00a0\u00a0\u00a0\u00a0\u00a0\u00a0\u00a0\u00a0\u00a0\u00a0\u00a0\u00a0\u00a0\u00a0\u00a0\u00a0\u00a0\u00a0<\/strong><\/p>\n<p><strong>Keynote<br \/>\nDoor\/by\u00a0\u00a0<a href=\"https:\/\/smartbe.be\/fr\/news\/intervenant-ag-2018\/isabelle-ferreras\/\"><em>Isabelle Ferreras<\/em><\/a>\u00a0(ULouvain)<\/strong><\/p>\n<p><strong>10:30 &#8211; 11:45\u00a0 \u00a0 \u00a0 \u00a0 \u00a0\u00a0<\/strong><\/p>\n<p><strong>LOCAL COOP :<br \/>\n<\/strong><strong>Het tijdperk van de\u00a0samenwerking, initiatieven rond organisatie en\u00a0productie<br \/>\n<\/strong><strong>The cooperation era: some initiatives concerning production and organisation<\/strong><\/p>\n<p>Met\/ with\u00a0\u00a0<a href=\"https:\/\/smartbe.be\/fr\/news\/intervenant-ag-2018\/martin-coiffier\/\"><em>Martin Coiffier<\/em><\/a>\u00a0(Brussels Art Factory),\u00a0<a href=\"https:\/\/smartbe.be\/fr\/news\/intervenant-ag-2018\/antoine-dutrieu\/\"><em>Antoine Dutrieu<\/em><\/a>\u00a0(Communa),\u00a0<a href=\"https:\/\/smartbe.be\/fr\/news\/intervenant-ag-2018\/gilles-pinault\/\"><em>Gilles Pinault<\/em><\/a>\u00a0(MicroFactory).<br \/>\nModerator :\u00a0<a href=\"https:\/\/smartbe.be\/fr\/news\/intervenant-ag-2018\/aude-garelly\/\"><em>Aude Garelly<\/em><\/a> (consultant overheidsbeleid)<\/p>\n<p>Lokale initiatieven en dynamieken kennen een opmars in deze digitale tijden. Drie Brusselse voorbeelden (Communa-hergebruik van gebouwen, Micro factory- een participatieve fablab en Martin Coiffier- fotograaf en\u00a0lid van de Brussels Art Factory) tonen aan dat samenwerkingen kunnen leiden tot jobs en lokale dynamieken.<\/p>\n<p>When everything in life can be found on the internet, local initiatives and real human contact are the new oil. Three Brussels examples (Communa-reuse of abandoned buildings, Micro Factory- participatory fablab and Martin Coiffier- photographer, member of the Brussels Art Factory) show that cooperation is a stimulator for jobs, creations and for the rise of solidary communities.<\/p>\n<p><strong>12:00 &#8211; 13:15\u00a0\u00a0<\/strong>\u00a0\u00a0\u00a0\u00a0\u00a0<strong>\u00a0\u00a0\u00a0\u00a0\u00a0\u00a0\u00a0\u00a0\u00a0\u00a0\u00a0\u00a0\u00a0\u00a0<\/strong><\/p>\n<p><strong>DIGITAL COOP :<br \/>\n<\/strong><strong>Digitale economie, de co\u00f6peratie en Europa<br \/>\n<\/strong><strong>The digital economy, coops and Europe<\/strong><\/p>\n<p>Met\/ with<a href=\"https:\/\/smartbe.be\/fr\/news\/intervenant-ag-2018\/arnaud-breuil\/\">\u00a0<em>Arnaud Breuil<\/em>\u00a0<\/a>(UP Coop\u00e9rative),\u00a0<a href=\"https:\/\/smartbe.be\/fr\/news\/intervenant-ag-2018\/jacques-debry\/\"><em>Jacques Debry<\/em><\/a>\u00a0(Febecoop),\u00a0<a href=\"https:\/\/smartbe.be\/fr\/news\/intervenant-ag-2018\/diana-dovgan\/\"><em>Diana Dovgan<\/em><\/a>\u00a0(CECOP) en\/and\u00a0<a href=\"https:\/\/smartbe.be\/fr\/news\/intervenant-ag-2018\/sandrino-graceffa\/\"><em>Sandrino Graceffa<\/em><\/a>\u00a0(Smart).<br \/>\nModerator\u00a0:<a href=\"https:\/\/smartbe.be\/fr\/news\/intervenant-ag-2018\/denis-stokkink\/\">\u00a0<em>Denis Stokkink<\/em><\/a>\u00a0(Pour La Solidarit\u00e9)<\/p>\n<p>De digitale economie wordt vandaag gedomineerd door de liberale economie met als direct gevolg de precaire werkomstandigheden van de werkers. Tegelijk wint de co\u00f6peratie als bedrijfsstructuur en als alternatief voor de klassieke vennootschap, aan populariteit. De Europese think tank Pour la Solidarit\u00e9 nodigt je uit om hierover te debateren.<\/p>\n<p>The digital economy is dominated by the liberal economy. The immediate consequence is the precarization of her workers. In parallel, coops are gaining ground as real alternatives. The European think tank PLS (Pour la solidarit\u00e9) invite you to discuss those topics.<\/p>\n<p><strong>14:00 &#8211; 15:15\u00a0<\/strong>\u00a0\u00a0\u00a0\u00a0<strong>\u00a0\u00a0\u00a0\u00a0\u00a0\u00a0\u00a0\u00a0\u00a0\u00a0\u00a0\u00a0\u00a0\u00a0\u00a0\u00a0<\/strong><\/p>\n<p><strong>GLOBAL COOP :<br \/>\n<\/strong><strong>International debate on inspiring models of cooperation<br \/>\n<\/strong><strong>Debat over internationale voorbeelden van samenwerking<\/strong><\/p>\n<p>Met\/with<em><a href=\"https:\/\/smartbe.be\/fr\/news\/intervenant-ag-2018\/agnes-dupriez\/\"> Agn\u00e8s Dupriez<\/a> (<\/em>Desjardins, CA<em>), <a href=\"https:\/\/smartbe.be\/fr\/news\/intervenant-ag-2018\/esteban-kelly\/\">Esteban Kelly<\/a> (<\/em>US Federation of Worker Cooperatives<em>), <a href=\"https:\/\/smartbe.be\/fr\/news\/intervenant-ag-2018\/mark-hooper\/\">Mark Hooper<\/a> (<\/em>Indycube, UK<em>) &amp; <a href=\"https:\/\/smartbe.be\/fr\/news\/intervenant-ag-2018\/john-restakis\/\">John Restakis<\/a> (<\/em>author &#8220;Humanizing the economy, cooperatives in the Age of Capital&#8221;)<br \/>\nModerator :<em>\u00a0<a href=\"https:\/\/smartbe.be\/fr\/news\/intervenant-ag-2018\/stephanie-guico\/\">Stephanie Guico<\/a>\u00a0<\/em>(consultant in cooperative development)<\/p>\n<p>Samenwerking gebeurt niet alleen in kleine collectieven en door de goodwill van sommige idealistische individuen. We nodigden enkele grootschalige voorbeelden uit voor wie samenwerking en participatie nog steeds sleutelwoorden zijn in hun waardenkader.<\/p>\n<p>Cooperation is not limited to small\u00a0 collectives and the goodwill of some idealistic individuals. We invited some large scaled-up examples in the financial and labour sector,\u00a0 from over the ocean and the UK , where cooperation and participation are still keywords in their set of values.<\/p>\n<p><strong>15:30 &#8211; 15:45<br \/>\n<\/strong><strong>Grand t\u00e9moin \/ Conclusies van een getuige\u00a0\/ Conclusions of our\u00a0witness:\u00a0<\/strong><em>Paul Hermant (Commentator)<\/em><\/p>\n<p><strong>16:00 &#8211; 18\u00a0:00<br \/>\n<\/strong><strong>Gewone Algemene vergadering<br \/>\n<\/strong><strong>Ordinary General Assembly<br \/>\n<\/strong><\/p>\n<h2><strong><br \/>\n<\/strong><strong>PROGRAMMA van de workshops &amp; netwerkmomenten<\/strong><\/h2>\n<p><strong>10:00 &#8211; 11:00<\/strong><br \/>\n<strong>Les chiffres Smart pour les nuls (Info Smart FR)<br \/>\n<\/strong><em>Avec <a href=\"https:\/\/smartbe.be\/fr\/news\/intervenant-ag-2018\/leo-caglar\/\">Leo Caglar<\/a> (Smart)<\/em><\/p>\n<p>Pr\u00e9sentation du mod\u00e8le \u00e9conomique de Smart et des chiffres 2017, suivie d\u2019une s\u00e9ance de questions-r\u00e9ponses: financement, d\u00e9penses, situation financi\u00e8re actuelle.<\/p>\n<p><strong>10:00 &#8211; 10:45<\/strong><br \/>\n<strong>De Smart-cijfers voor dummies (Info Smart NL)<br \/>\n<\/strong>Met\u00a0<a href=\"https:\/\/smartbe.be\/nl\/news\/intervenant-ag-2018\/thomas-blondeel\/\"><em>Thomas Blondeel<\/em><\/a>\u00a0(Smart)<\/p>\n<p>Duiding bij het economische model van Smart: financiering, uitgaven en de huidige financi\u00eble situatie. Presentatie van de cijfers van 2017 en Q &amp; A.<\/p>\n<p><strong>10:00-11:00<br \/>\n<\/strong><strong>Collaborer, un jeu d\u2019enfant. Approche ludique et artistique de la coop\u00e9ration(Workshop FR)<br \/>\n<\/strong><em>Avec <a href=\"https:\/\/smartbe.be\/fr\/news\/intervenant-ag-2018\/virginie-tacq\/\">Virginie Tacq<\/a> <\/em>(Ludilab)<\/p>\n<p>Explorez un processus ludique afin de cocr\u00e9er un projet artistique. Pas besoin de talent particulier, amenez vos m\u00e9ninges et votre bonne humeur !<\/p>\n<p><strong>10:15 &#8211; 11:15<br \/>\n<\/strong><strong>Quel programme de formation Smart \u00e0 destination des soci\u00e9taires de la coop\u00e9rative ? (Workshop FR)<br \/>\n<\/strong>Avec\u00a0<em>Virginie Lejeune,\u00a0<\/em><a href=\"https:\/\/smartbe.be\/fr\/news\/intervenant-ag-2018\/thierry-plantegenet\/\"><em>Thierry Plantegenet<\/em><\/a>\u00a0et\u00a0<em>Perrine Pautr\u00e9\u00a0<\/em>(Smart)<\/p>\n<p>Envie d\u2019am\u00e9liorer vos comp\u00e9tences entrepreneuriales et personnelles ? Venez d\u00e9couvrir et \u00e9changer autour du plan de formation Smart 2018-2020.<\/p>\n<p><strong>10:30 &#8211; 12:00<\/strong><br \/>\n<strong>L&#8217;impact social et Smart (Workshop FR)<br \/>\n<\/strong>Moderator:\u00a0<em><a href=\"https:\/\/smartbe.be\/fr\/news\/intervenant-ag-2018\/sebastien-paule\/\">S\u00e9bastien Paule<\/a>\u00a0<\/em>(Smart) et <em>Joanne Clotuche<\/em> (Saw-B)<\/p>\n<p>SMart souhaite \u00e9valuer son impact social au regard des finalit\u00e9s d\u00e9finies par ses statuts: \u00c0 quoi sert la structure? Qu\u2019apporte-t-elle \u00e0 ses parties prenantes, \u00e0 la soci\u00e9t\u00e9? Quels indicateurs choisir? Venez d\u00e9battre et apporter votre contribution \u00e0 cette r\u00e9flexion!<\/p>\n<p><strong>10:30 &#8211; 12:00<\/strong><br \/>\n<strong>Plateforme coop\u00e9rative. Le cas des livreurs \u00e0 v\u00e9lo (Workshop FR)<br \/>\n<\/strong>Avec\u00a0<a href=\"https:\/\/smartbe.be\/fr\/news\/intervenant-ag-2018\/philippe-lovens\/\"><em>Philippe Lovens<\/em><\/a>\u00a0(Urbike),\u00a0<a href=\"https:\/\/smartbe.be\/fr\/news\/intervenant-ag-2018\/serge-mignonsin\/\"><em>Serge Mignonsin<\/em><\/a>\u00a0(Rayon 9),\u00a0<a href=\"https:\/\/smartbe.be\/fr\/news\/intervenant-ag-2018\/lorenzo-mathis\/\">Lorenzo Mathis<\/a>\u00a0&amp;\u00a0<a href=\"https:\/\/smartbe.be\/fr\/news\/intervenant-ag-2018\/kevin-poperl\/\">K\u00e9vin Poperl<\/a>\u00a0(Coopcycle),\u00a0<a href=\"https:\/\/smartbe.be\/fr\/news\/intervenant-ag-2018\/sacha-conchin\/\">Sacha Conchin<\/a>\u00a0&amp;\u00a0<a href=\"https:\/\/smartbe.be\/fr\/news\/intervenant-ag-2018\/arnould-raphael\/\">Rapha\u00ebl Arnould<\/a>\u00a0(Molenbike).<br \/>\nMod\u00e9ratrice :\u00a0<a href=\"https:\/\/smartbe.be\/fr\/news\/intervenant-ag-2018\/lieza-dessein\/\"><em>Lieza Dessein<\/em><\/a>\u00a0(Smart)<\/p>\n<p>Pr\u00e9sentation du dossier Smart\/Deliveroo et d&#8217;initiatives belges de plateformes de livraison \u00e0 v\u00e9lo \u00e9thiques.Venez d\u00e9couvrir leur projet, leurs d\u00e9fis et \u00e9changez avec elles.<\/p>\n<p>&nbsp;<\/p>\n<p><strong>10:30 &#8211; 12:00<\/strong><br \/>\n<strong>Les Communs s&#8217;organisent. \u00c9tat des lieux (Table ronde FR)<br \/>\n<\/strong>Avec\u00a0<a href=\"https:\/\/smartbe.be\/fr\/news\/intervenant-ag-2018\/michel-bauwens\/\"><em>Michel Bauwens<\/em><\/a>\u00a0(P2P Foundation),\u00a0<em>Benjamin Coriat<\/em>\u00a0(Coop des communs),\u00a0<a href=\"https:\/\/smartbe.be\/fr\/news\/intervenant-ag-2018\/nicole-alix\/\"><em>Nicole Alix<\/em><\/a>\u00a0(Co-Communs),\u00a0<a href=\"https:\/\/smartbe.be\/fr\/news\/intervenant-ag-2018\/guilherme-serodio\/\"><em>Guilherme Serodio<\/em><\/a>\u00a0(We brussels\/DIEM25).<br \/>\nModerator:\u00a0<a href=\"https:\/\/smartbe.be\/fr\/news\/intervenant-ag-2018\/noemie-de-grenier\/\"><em>No\u00e9mie de Grenier<\/em><\/a>\u00a0(Coopaname)<\/p>\n<p>Pr\u00e9sentation d\u2019initiatives qui soutiennent les Communs et auxquelles Smart participe de pr\u00e8s ou de loin. Venez les d\u00e9couvrir, et qui sait, vous engager ?<\/p>\n<p><strong>11:00 &#8211; 12:30<\/strong><br \/>\n<strong>Een collectief opstarten: What\u2019s in it for me? (Workshop NL)<br \/>\n<\/strong><em>Met Tinne Lommers<\/em>\u00a0(Smart)<\/p>\n<p>Wat zegt jullie het woord \u2018(een) collectief\u2019? Aan de hand van de antwoorden, mindmappen we de<br \/>\nantwoorden en defini\u00ebren hoe we een collectief kunnen animeren.<\/p>\n<p><strong>11:30 &#8211; 12:30<\/strong><br \/>\n<strong>Formateurs Associ\u00e9s, un mod\u00e8le inspirant pour d&#8217;autres fili\u00e8res (Workshop FR)<br \/>\n<\/strong><em>Avec <a href=\"https:\/\/smartbe.be\/fr\/news\/intervenant-ag-2018\/michel-kaisin\/\">Michel Kaisin<\/a>, <a href=\"https:\/\/smartbe.be\/fr\/news\/intervenant-ag-2018\/florence-moureau\/\">Florence Moureau<\/a>, <a href=\"https:\/\/smartbe.be\/fr\/news\/intervenant-ag-2018\/yann-bonnin\/\">Yann Bonnin<\/a>, <a href=\"https:\/\/smartbe.be\/fr\/news\/intervenant-ag-2018\/cynthia-weber\/\">Cynthia Weber <\/a>(soci\u00e9taires Smart)<\/em><\/p>\n<p>Brainstorming autour de la fili\u00e8re formateurs qui propose de collaborer et mutualiser des connaissances. \u00c9changes ouverts \u00e0 tous les secteurs, formateurs ou non. Une initiative inspirante pour votre propre fili\u00e8re?<\/p>\n<p><strong>11:30-12:30<br \/>\n<\/strong><strong>Collaborer, un jeu d\u2019enfant. Approche ludique et artistique de la coop\u00e9ration(Workshop FR)<br \/>\n<\/strong><em>Avec <a href=\"https:\/\/smartbe.be\/fr\/news\/intervenant-ag-2018\/virginie-tacq\/\">Virginie Tacq<\/a> (Ludilab)<\/em><\/p>\n<p>Explorez un processus ludique afin de cocr\u00e9er un projet artistique. Pas besoin de talent particulier, amenez vos m\u00e9ninges et votre bonne humeur !<\/p>\n<p><strong>11:45 &#8211; 12:30<\/strong><br \/>\n<strong>Coop Dating. Rencontres professionnelles et coop\u00e9ratives (Networking FR\/NL\/EN\/DE)<br \/>\n<\/strong>Avec\u00a0<a href=\"https:\/\/smartbe.be\/fr\/news\/intervenant-ag-2018\/jorg-zimmermann\/\"><em>J\u00f6rg Zimmerman<\/em>\u00a0<\/a>(Smart)<\/p>\n<p>Faites 15 rencontres professionnelles en un minimum de temps. Et si cela vous ouvrait des perspectives ?<\/p>\n<p><strong>13:30 &#8211; 15:00<\/strong><br \/>\n<strong>Freelances, fers de lance du travail ? (Table ronde FR)<br \/>\n<\/strong>Avec\u00a0<a href=\"https:\/\/smartbe.be\/fr\/news\/intervenant-ag-2018\/frederic-naedenoen\/\"><em>Fr\u00e9d\u00e9ric Naedenoen<\/em><\/a>\u00a0(I-wire),\u00a0<a href=\"https:\/\/smartbe.be\/fr\/news\/intervenant-ag-2018\/marc-zune\/\"><em>Marc Zune<\/em><\/a>\u00a0(campagne TamTam),\u00a0<a href=\"https:\/\/smartbe.be\/fr\/news\/intervenant-ag-2018\/jean-claude-barbier\/\"><em>Jean-Claude Barbier<\/em><\/a>\u00a0(Coop des Communs) et\u00a0<a href=\"https:\/\/smartbe.be\/fr\/news\/intervenant-ag-2018\/julien-charles\/\"><em>Julien Charles<\/em><\/a>\u00a0(CESEP).<br \/>\nModerator:\u00a0<a href=\"https:\/\/smartbe.be\/fr\/news\/intervenant-ag-2018\/anne-laure-desgris\/\"><em>Anne-Laure Desgris<\/em><\/a>\u00a0(Oxalis)<\/p>\n<p>Les freelances sont les embl\u00e8mes des mutations du monde du travail, pour le meilleur et pour le pire. Smart, observatrice privil\u00e9gi\u00e9e des nouvelles formes d\u2019emploi, collabore avec des centres de recherche et des mouvements pour mieux\u00a0 les comprendre. Venez d\u00e9couvrir ce qu\u2019il en ressort.<\/p>\n<p><strong>14:00 &#8211; 15:45<\/strong><br \/>\n<strong>Cre\u00eber mee het nieuwe digitale netwerk : Let\u2019s Connect! (Workshop NL)<br \/>\n<\/strong>Met\u00a0<em>Sarah Gommers, <a href=\"https:\/\/smartbe.be\/fr\/news\/intervenant-ag-2018\/margot-gommers\/\">Margot Gommers<\/a>, <a href=\"https:\/\/smartbe.be\/fr\/news\/intervenant-ag-2018\/nathan-gotlib\/\">Nathan Gotlib<\/a> en <a href=\"https:\/\/smartbe.be\/fr\/news\/intervenant-ag-2018\/rob-de-schutter\/\">Rob Deschutter<\/a>\u00a0(Smart vennoten)<br \/>\n<\/em>Moderator :<em>\u00a0<a href=\"https:\/\/smartbe.be\/fr\/news\/intervenant-ag-2018\/nele-cassiers\/\">Nele Cassiers<\/a> en <a href=\"https:\/\/smartbe.be\/fr\/news\/intervenant-ag-2018\/inke-decoster\/\">Inke Decoster<\/a>\u00a0<\/em>(Smart)<\/p>\n<p>Vier Smart vennoten stellen hun collaboratief platform\u00a0 voor. Oproep tot feedback en participatie, op het vlak van content en IT.<\/p>\n<p><strong>14:00 &#8211; 15:00<\/strong><br \/>\n<strong>La coop\u00e9ration entre soci\u00e9taires europ\u00e9ens. Un exemple belgo-fran\u00e7ais (Workshop FR)<br \/>\n<\/strong>Avec\u00a0<em>Anic\u00e9e Arambatzis<\/em>,\u00a0<em>Lo\u00efc Lheureux<\/em>\u00a0et Gr\u00e9gory Lambot (Smart)<\/p>\n<p>Vous travaillez souvent avec des clients \u00e9trangers? Vous souhaitez \u00e9viter les tracas administratifs et l\u00e9gaux? TVA, A1, visa, versements de cotisations, plus rien n\u2019aura de secret pour vous.<\/p>\n<p><strong>14:00 &#8211; 15:00<\/strong><br \/>\n<strong>Les chiffres Smart pour les nuls (Info Smart FR)<br \/>\n<\/strong>Avec\u00a0<a href=\"https:\/\/smartbe.be\/fr\/news\/intervenant-ag-2018\/leo-caglar\/\"><em>Leo Caglar<\/em><\/a>\u00a0(Smart)<\/p>\n<p>Pr\u00e9sentation du mod\u00e8le \u00e9conomique de Smart et des chiffres 2017, suivie d\u2019une s\u00e9ance de questions-r\u00e9ponses: financement, d\u00e9penses, situation financi\u00e8re actuelle.<\/p>\n<p><strong>14:00 &#8211; 15:30<\/strong><br \/>\n<strong>Pitch Caf\u00e9. Contribuez \u00e0 quatre projets de Li\u00e8ge, Namur, Mons et Charleroi s\u00e9lectionn\u00e9s par le Comptoir des Ressources Cr\u00e9atives (Networking FR)<br \/>\n<\/strong>Animator:\u00a0<a href=\"https:\/\/smartbe.be\/fr\/news\/intervenant-ag-2018\/michael-lambert\/\"><em>Micha\u00ebl Lambert\u00a0<\/em><\/a>(Comptoir des Ressources Cr\u00e9atives)<\/p>\n<p>Venez suivre les pr\u00e9sentations en 7 minutes de projets cr\u00e9atifs, suivies d\u2019\u00e9changes.\u00a0 Faites b\u00e9n\u00e9ficier ces projets de votre exp\u00e9rience, de vos comp\u00e9tences et de vos ressources.<\/p>\n<p><strong>14:00 &#8211; 15:30<\/strong><br \/>\n<strong>Creative Hubs: Creating resilient ecosystems to secure creative entrepreneurship (Round table discussion EN)<br \/>\n<\/strong>With<em>\u00a0<a href=\"https:\/\/smartbe.be\/fr\/news\/intervenant-ag-2018\/ronnie-garattoni\/\">Ronnie Garattoni<\/a> (Warehouse Coworking Factory, Italy),\u00a0<a href=\"https:\/\/smartbe.be\/fr\/news\/intervenant-ag-2018\/vassilis-charalambidis\/\">Vassilis Charalambidis<\/a> (Bios, Greece), <a href=\"https:\/\/smartbe.be\/fr\/news\/intervenant-ag-2018\/lieza-dessein\/\">Lieza Dessein<\/a> (Brussels Art Factory\/Smart)<\/em><\/p>\n<p>As work is changing\u00a0 it\u00a0 is important to find adequate infrastructures to host these new forms of work and to make sure that individual entrepreneurship does not mean isolation or precariat. We will have a discussion with 3 managers of creative hubs, what they are working on, the challenges they face and how they structure their development.<\/p>\n<p><strong>15:00 &#8211; 15:45<\/strong><br \/>\n<strong>Coop dating: professsionele meet &amp; greets &amp; cooperation<br \/>\nC<\/strong><strong>oop dating: professional meet &amp; greets &amp; cooperation (Networking FR\/NL\/EN\/DE)<\/strong><br \/>\nMet\/with\u00a0<em><a href=\"https:\/\/smartbe.be\/fr\/news\/intervenant-ag-2018\/jorg-zimmermann\/\">J\u00f6rg Zimmerman<\/a> (Smart)<\/em><\/p>\n<p>Faites 15 rencontres professionnelles en un minimum de temps. Et si cela vous ouvrait des perspectives ?<\/p>\n<h3><a href=\"https:\/\/www.eventbrite.fr\/e\/lets-coop-2018-tickets-46140114324\"><strong>S<\/strong><strong>chrijf je in\/Please register here<\/strong><\/a><\/h3>\n<h3><a href=\"https:\/\/smartbe.be\/wordpress\/..\/wp-content\/uploads\/2018\/05\/Programme_4p.pdf\">Download het\/the program\/ma in pdf<\/a><\/h3>","protected":false},"excerpt":{"rendered":"<p>PROGRAMMA\u00a019 juni (NL\/EN) Schrijf je in\/Please register here Download het\/the program\/ma in pdf 9:15 &#8211; 9:30\u00a0\u00a0\u00a0\u00a0\u00a0\u00a0\u00a0\u00a0\u00a0\u00a0\u00a0\u00a0\u00a0\u00a0\u00a0\u00a0\u00a0\u00a0\u00a0\u00a0\u00a0\u00a0\u00a0\u00a0\u00a0\u00a0 Welkomstwoord door\u00a0Sandrino Graceffa\u00a0(Smart, gedelegeerd bestuurder) Welcoming message by\u00a0Sandrino Graceffa\u00a0(CEO Smart) 9:30 &#8211; 10:00\u00a0\u00a0\u00a0\u00a0\u00a0\u00a0\u00a0\u00a0\u00a0\u00a0\u00a0\u00a0\u00a0\u00a0\u00a0\u00a0\u00a0\u00a0\u00a0\u00a0\u00a0\u00a0\u00a0\u00a0 Keynote Door\/by\u00a0\u00a0Isabelle Ferreras\u00a0(ULouvain) 10:30 &#8211; 11:45\u00a0 \u00a0 \u00a0 \u00a0 \u00a0\u00a0 LOCAL &hellip;<\/p>\n","protected":false},"author":56,"featured_media":0,"parent":0,"menu_order":0,"comment_status":"closed","ping_status":"closed","template":"","meta":{"footnotes":""},"tags":[],"class_list":["post-23103","page","type-page","status-publish","hentry"],"aioseo_notices":[],"_links":{"self":[{"href":"https:\/\/smartbe.be\/nl\/wp-json\/wp\/v2\/pages\/23103","targetHints":{"allow":["GET"]}}],"collection":[{"href":"https:\/\/smartbe.be\/nl\/wp-json\/wp\/v2\/pages"}],"about":[{"href":"https:\/\/smartbe.be\/nl\/wp-json\/wp\/v2\/types\/page"}],"author":[{"embeddable":true,"href":"https:\/\/smartbe.be\/nl\/wp-json\/wp\/v2\/users\/56"}],"replies":[{"embeddable":true,"href":"https:\/\/smartbe.be\/nl\/wp-json\/wp\/v2\/comments?post=23103"}],"version-history":[{"count":65,"href":"https:\/\/smartbe.be\/nl\/wp-json\/wp\/v2\/pages\/23103\/revisions"}],"predecessor-version":[{"id":23625,"href":"https:\/\/smartbe.be\/nl\/wp-json\/wp\/v2\/pages\/23103\/revisions\/23625"}],"wp:attachment":[{"href":"https:\/\/smartbe.be\/nl\/wp-json\/wp\/v2\/media?parent=23103"}],"wp:term":[{"taxonomy":"post_tag","embeddable":true,"href":"https:\/\/smartbe.be\/nl\/wp-json\/wp\/v2\/tags?post=23103"}],"curies":[{"name":"wp","href":"https:\/\/api.w.org\/{rel}","templated":true}]}}