
{"id":21545,"date":"2017-11-13T14:08:01","date_gmt":"2017-11-13T13:08:01","guid":{"rendered":"http:\/\/smartbe.be\/?page_id=21545\/"},"modified":"2017-11-17T11:42:39","modified_gmt":"2017-11-17T10:42:39","slug":"bronnen-4-werkgroepen","status":"publish","type":"page","link":"https:\/\/smartbe.be\/nl\/bronnen-4-werkgroepen\/","title":{"rendered":"Bronnen 4 werkgroepen"},"content":{"rendered":"<p>Hieronder vind je een aantal bronnen en bijdragen in verband met het thema van de <u>4 werkgroepen:<\/u><\/p>\n<p><strong>Ethisch comit\u00e9<\/strong><\/p>\n<p>De bestaande waarden binnen Smart:<\/p>\n<ul>\n<li>Het charter van Smart (<a href=\"https:\/\/smartbe.be\/wp-content\/uploads\/2017\/01\/Statuts-Smart-Coop-NL.pdf\">pagina 4 van de statuten van Smart Coop<\/a>)<\/li>\n<li><a href=\"https:\/\/ica.coop\/what-co-operative\">De identiteit, de waarden en principes van de International Cooperative Alliance<\/a> (ENG)<\/li>\n<\/ul>\n<p><strong>Andere voorbeelden van comit\u00e9s<\/strong><\/p>\n<ul>\n<li><a href=\"http:\/\/www.coopaname.coop\/actualite\/democratie-coopanamienne-se-sophistique\">Het ethisch comit\u00e9 van Coopaname<\/a> \u00a0(FR)<\/li>\n<li><a href=\"http:\/\/www.credal.be\/sites\/all\/files\/documents\/credal\/CREDAL\/roi_2016.pdf\">Groupe garant van Cr\u00e9dal<\/a>\u00a0(art. 5, pag. 4)<\/li>\n<li><a href=\"https:\/\/www.health.belgium.be\/nl\/wie-zijn-wij\">Belgisch Raadgevend Comit\u00e9 voor Bio-ethiek<\/a><\/li>\n<\/ul>\n<p><strong>Advies over ethiek in bepaalde sectoren:<\/strong><\/p>\n<ul>\n<li><a href=\"http:\/\/www.sensemaking.fr\/Comment-organiser-un-Comite-ethique-dans-les-reseaux_a189.html\">Comment organiser un Comit\u00e9 \u00e9thique dans les r\u00e9seaux?<\/a>\u00a0door SenseMaking<\/li>\n<li><a href=\"\u2022%09http:\/www.erebfc.fr\/userfiles\/files\/SynthA_se_rapport_Observatoire_ERER_IDF.pdf\">Een rapport over het opzetten van een ethisch comit\u00e9 in zorginstellingen in Frankrijk<\/a> (FR)<\/li>\n<\/ul>\n<p><strong>Vertegenwoordiging<\/strong><\/p>\n<p>Een aantal voorbeelden van nuttige\u00a0teksten voor vertegenwoordigers<\/p>\n<ul>\n<li>Oxfam solidariteit\u00a0licht op haar website\u00a0haar\u00a0<a href=\"https:\/\/www.oxfamsol.be\/nl\/wat-we-doen\/over-oxfam\">waarden, visie, transparantie<\/a>\u00a0en haar o<a href=\"https:\/\/www.oxfamsol.be\/nl\/wat-kan-jij-doen-0\/schenk-oxfam-een-stukje-van-je-tijd-als-vrijwilliger\/word-ik-als-vrijwilliger\">mkadering van de vrijwilligers<\/a>\u00a0\u00a0toe.<\/li>\n<\/ul>\n<p><strong>Interview<\/strong><\/p>\n<ul>\n<li><a href=\"https:\/\/smartbe.be\/wp-content\/uploads\/2017\/10\/Marc-Moura-1.pdf\">Marc Moura van DynamoCoop geeft zijn visie op wat het betekent om een structuur te vertegenwoordigen (FR)<\/a><\/li>\n<\/ul>\n<p><strong>Economische transparantie<\/strong><\/p>\n<p><strong>Smart-documenten<\/strong><\/p>\n<ul>\n<li><a href=\"https:\/\/smartbe.be\/wp-content\/uploads\/2017\/06\/20170620_Powerpoint-AG-Ordinaire-ple%CC%81naire-16-9.pdf\">Het financieel rapport\u00a0 2016 voorgesteld tijdens de Algemene Vergadering in 2017<\/a>\u00a0(pag. 10-14)<\/li>\n<li><a href=\"https:\/\/www.facebook.com\/pg\/SMartBeFR\/videos\/\">De video van de presentatie van de Algemene Vergadering in 2017<\/a>\u00a0(begint op 33 min 35 secondes)<\/li>\n<li><u><a href=\"https:\/\/smartbe.be\/wp-content\/uploads\/2016\/12\/PPT-pr\u00e9sentation-chiffres-AG-2017-NL.pdf\">Le\u00a0module &#8220;de Smart cijfers voor dummies&#8221; voorgesteld tijdens de Algemene Vergadering 2017<\/a><\/u><\/li>\n<li><a href=\"http:\/\/blog.smartbe.be\/IMG\/pdf\/smart_in_progress_recommandations_nl_sans_bords.pdf\">De aanbevelingen van de werkgroep\u00a0: a sharing economy\u00a0: een haalbaar economisch model\u00a0?\u00a0<\/a>(2015-2016) (pag. 61-78)<\/li>\n<\/ul>\n<p>Een aantal inspiratiebronnen met betrekking tot transparantie\u00a0:<\/p>\n<ul>\n<li>De <a href=\"http:\/\/bees-coop.be\/nl\/supermarkt\/waarden-en-missies\/\">waarden en missie<\/a> van BEES coop (COOP\u00e9rative Bruxelloise, Ecologique, Economique et Sociale)<\/li>\n<li>De <a href=\"https:\/\/www.newb.coop\/sites\/default\/files\/attachments\/gecoordineerde_statuten_op_10_juni_2017.pdf\">statuten<\/a> van <a href=\"https:\/\/www.newb.coop\/nl\">NewB<\/a> De transparantie is ingeschreven in het \u00a0doel van de co\u00f6peratie (Art. 3, pag. 3-4)<\/li>\n<li>De <a href=\"https:\/\/www.triodos.be\/nl\/over-triodos-bank\/wie-wij-zijn\/missie-en-waarden\/onze-waarden\/?setDefault=true\">waarden<\/a> van de Triodos bank waarvan ook transparantie deel uitmaakt.<\/li>\n<li>Hun aanpak rond <a href=\"https:\/\/www.triodos.be\/nl\/over-triodos-bank\/wat-we-doen\/mvi-strategie\/waarom-mvi\/?setDefault=true\">maatschappelijk verantwoord investeren<\/a>.<\/li>\n<\/ul>\n<p>Een aantal voorbeelden van jaarverslagen:<\/p>\n<ul>\n<li>Bij Credal, kan je de <a href=\"http:\/\/www.credal.be\/rapports\">jaarverslagen<\/a> (FR) \u00a0en hun trimestri\u00eble publicaties raadplegen, de <em><a href=\"http:\/\/www.credal.be\/node\/392\">Credialogues<\/a><\/em><\/li>\n<li>Het <a href=\"https:\/\/2016.vitensjaarverslag.nl\/#hoofdstuk-3-0\">financieel rapport<\/a> van <a href=\"https:\/\/2016.vitensjaarverslag.nl\/\">Vitens\u00a0<\/a>(een drinkwaterbedrijf in Nederland).<\/li>\n<\/ul>\n<p>&nbsp;<\/p>\n<ul>\n<li><strong>Informaticatools<\/strong><\/li>\n<\/ul>\n<p>Getuigenis:<\/p>\n<ul>\n<li>Het artikel &#8220;Coop\u00e9rer \u00e0 distance : logiciels libres, cam\u00e9ra open-source&#8221; de ervaringen van \u00a0<a href=\"https:\/\/www.apertus.org\/fr\/fr\">Apertus<\/a>\u00a0(<a href=\"http:\/\/www.saw-b.be\/spip\/IMG\/pdf\/etude_sawb_2016.pdf\">pag. 18-23 van de studie van SAW-B\u00a0: Et si nous coop\u00e9rions?&#8221;<\/a>)<\/li>\n<\/ul>\n<p><strong>Heb je ook ervaringen en interessante lectuur of tools die je wil delen op deze pagina\u00a0? Raadpleeg <a href=\"https:\/\/smartbe.be\/nl\/news\/oproep-deel-uw-ervaringen-en-ideeen\/\">onze oproep<\/a>! <\/strong><\/p>","protected":false},"excerpt":{"rendered":"<p>Hieronder vind je een aantal bronnen en bijdragen in verband met het thema van de 4 werkgroepen: Ethisch comit\u00e9 De bestaande waarden binnen Smart: Het charter van Smart (pagina 4 van de statuten van Smart Coop) De identiteit, de waarden &hellip;<\/p>\n","protected":false},"author":7,"featured_media":0,"parent":0,"menu_order":0,"comment_status":"closed","ping_status":"closed","template":"","meta":{"footnotes":""},"tags":[],"class_list":["post-21545","page","type-page","status-publish","hentry"],"aioseo_notices":[],"_links":{"self":[{"href":"https:\/\/smartbe.be\/nl\/wp-json\/wp\/v2\/pages\/21545","targetHints":{"allow":["GET"]}}],"collection":[{"href":"https:\/\/smartbe.be\/nl\/wp-json\/wp\/v2\/pages"}],"about":[{"href":"https:\/\/smartbe.be\/nl\/wp-json\/wp\/v2\/types\/page"}],"author":[{"embeddable":true,"href":"https:\/\/smartbe.be\/nl\/wp-json\/wp\/v2\/users\/7"}],"replies":[{"embeddable":true,"href":"https:\/\/smartbe.be\/nl\/wp-json\/wp\/v2\/comments?post=21545"}],"version-history":[{"count":4,"href":"https:\/\/smartbe.be\/nl\/wp-json\/wp\/v2\/pages\/21545\/revisions"}],"predecessor-version":[{"id":21592,"href":"https:\/\/smartbe.be\/nl\/wp-json\/wp\/v2\/pages\/21545\/revisions\/21592"}],"wp:attachment":[{"href":"https:\/\/smartbe.be\/nl\/wp-json\/wp\/v2\/media?parent=21545"}],"wp:term":[{"taxonomy":"post_tag","embeddable":true,"href":"https:\/\/smartbe.be\/nl\/wp-json\/wp\/v2\/tags?post=21545"}],"curies":[{"name":"wp","href":"https:\/\/api.w.org\/{rel}","templated":true}]}}