
{"id":20296,"date":"2017-07-25T10:40:28","date_gmt":"2017-07-25T09:40:28","guid":{"rendered":"http:\/\/smartbe.be\/?page_id=20296\/"},"modified":"2017-09-06T13:19:10","modified_gmt":"2017-09-06T12:19:10","slug":"werkgroep-het-ethisch-comite","status":"publish","type":"page","link":"https:\/\/smartbe.be\/nl\/4-werkgroepen\/werkgroep-het-ethisch-comite\/","title":{"rendered":"Werkgroep ethisch comit\u00e9"},"content":{"rendered":"<p>Een van de aanbevelingen van de werkgroepen \u201c<a href=\"https:\/\/smartbe.be\/nl\/de-workshops\/naar-een-cooperatie-met-wie-voor-wie\/\">naar een co\u00f6peratie: voor wie en met wie<\/a>?&#8221; in 2016 was om een ethisch comit\u00e9 op te zetten dat een kader bepaalt voor het openen van Smart naar alle soorten werkers (<a href=\"http:\/\/blog.smartbe.be\/IMG\/pdf\/smart_in_progress_recommandations_nl_sans_bords.pdf\">Aanbeveling nr. 3, p.13<\/a>). Zelfs al werd de verbreding naar andere beroepen op unanieme manier onthaald werden er al snel ook vragen gesteld over de morele en ethische elementen (we denken aan beroepen die borderline kunnen lijken zoals striptease, cinema; etc.). Naast bepaalde voorzorgsmaatregelen (verzekeringen, reglementering,\u2026) is het belangrijk om een aantal beargumenteerde standpunten te kunnen innemen waarin iedereen zich herkent.<\/p>\n<p>De belangrijkste missie van Smart is de toegang tot een aangepast en gereglementeerde werkkader die de arbeidsomstandigheden respecteert. Het ethisch comit\u00e9 zal toelaten om de legitimiteit van Smart als verantwoordelijke actor en werkgever die niet alles zomaar toelaat te versterken en hiervoor garanties wil inbouwen.<\/p>\n<p><strong>Missies van de werkgroepen<\/strong><\/p>\n<p>Onder meer de volgende vragen zullen aan bod komen: welke doelstellingen? Hoe moet men functioneren (op welke manier beslissingen nemen)? Welke rol speelt het comit\u00e9 binnen de Smart co\u00f6peratie (adviesorgaan, normatief orgaan?) Hoe selecteren we de leden van het comit\u00e9? Welke fundamentele waarden moet de groep sturen?<\/p>\n<p>De onderwerpen zijn niet exhaustief, ze weerspiegelen de gevoerde debatten. Het toekomstige ethisch comit\u00e9 zal net als de werkgroep die het comit\u00e9 zal opzetten, elke vraag verbonden aan de ethiek rond het functioneren van Smart behandelen.<\/p>\n<p>Deelnemen aan een van deze werkgroepen\u00a0<strong>betekent<\/strong>\u00a0het\u00a0<strong>kader en de regels\u00a0voorstellen voor de werking voorstellen<\/strong>, de\u00a0<strong>governance<\/strong>\u00a0van de toekomstige groep bepalen, etc.<\/p>\n<p><strong>Het is niet<\/strong>: deel uitmaken van het ethisch comit\u00e9, Smart vertegenwoordigen, een feedback geven op de informaticatools of de economische informatie als dusdanig behandelen\/bespreken. De werkgroepen zullen aanbevelingen en voorstellen formuleren om ruimten voor overleg, reflectie en vertegenwoordiging op te zetten.<\/p>\n<p>Alle voorstellen van de werkgroepen zullen geanalyseerd en goedgekeurd\u00a0worden door de Raad van bestuur in januari 2018, en vervolgens vanaf februari 2018 op de rails gezet worden.<\/p>\n<p><strong>Groepsanimator: Sarah de Heusch (<\/strong><strong><a href=\"mailto:&#x72;&#x69;&#x73;&#x40;&#x73;&#x6d;&#x61;&#x72;&#x74;&#x2e;&#x63;&#x6f;&#x6f;&#x70;\">&#x72;&#x69;&#x73;&#x40;<span class=\"oe_displaynone\">null<\/span>&#x73;&#x6d;&#x61;&#x72;&#x74;&#x2e;&#x63;&#x6f;&#x6f;&#x70;<\/a><\/strong><strong>)<\/strong><\/p>\n<p><strong>Graag deelnemen?<\/strong><br \/>\nJe bent vennoot en ge\u00efnteresseerd om deel te nemen?<\/p>\n<p>Je bent geen vennoot en hebt bepaalde competenties die je graag wil inzetten?<\/p>\n<p>Laat je interesse voor 1 september 2017 blijken via\u00a0<a href=\"https:\/\/docs.google.com\/forms\/d\/e\/1FAIpQLSfssonFunWyGVFnjIzviLUgyVmh_LEjMGu5qU97s7usQ_Y-Gw\/viewform?c=0&amp;w=1&amp;includes_info_params=true\"><u>ons formulier<\/u><\/a>. Je zal voor 10 september opnieuw gecontacteerd worden om je deelname te bevestigen.<\/p>\n<p>Noteer dat de <strong>eerste vergadering van de werkgroepen zal plaatsvinden op 20 september (\u2019s avonds)<\/strong>.<\/p>\n<p><strong>Vragen?<\/strong>\u00a0<a href=\"mailto:&#x73;&#x6d;&#x61;&#x72;&#x74;&#x69;&#x6e;&#x70;&#x72;&#x6f;&#x67;&#x72;&#x65;&#x73;&#x73;&#x40;&#x73;&#x6d;&#x61;&#x72;&#x74;&#x2e;&#x63;&#x6f;&#x6f;&#x70;\">&#x73;&#x6d;&#x61;&#x72;&#x74;&#x69;&#x6e;&#x70;&#x72;&#x6f;&#x67;&#x72;&#x65;&#x73;&#x73;&#x40;<span class=\"oe_displaynone\">null<\/span>&#x73;&#x6d;&#x61;&#x72;&#x74;&#x2e;&#x63;&#x6f;&#x6f;&#x70;<\/a><\/p>\n<p><strong>Raadpleeg de uitdagingen en opdrachten van de werkgroepen:<\/strong><\/p>\n<ul>\n<li><a href=\"https:\/\/smartbe.be\/nl\/de-vertegenwoordiging-van-smart\/\">De vertegenwoordiging van Smart<\/a><\/li>\n<li><a href=\"https:\/\/smartbe.be\/nl\/werkgroep-informaticatools\/\">De informaticatools<\/a><\/li>\n<li><a href=\"https:\/\/smartbe.be\/nl\/werkgroep-economische-en-financiele-transparantie\/\">Tools voor financi\u00eble en economische transparantie<\/a><\/li>\n<\/ul>","protected":false},"excerpt":{"rendered":"<p>Een van de aanbevelingen van de werkgroepen \u201cnaar een co\u00f6peratie: voor wie en met wie?&#8221; in 2016 was om een ethisch comit\u00e9 op te zetten dat een kader bepaalt voor het openen van Smart naar alle soorten werkers (Aanbeveling nr. &hellip;<\/p>\n","protected":false},"author":7,"featured_media":0,"parent":20256,"menu_order":0,"comment_status":"closed","ping_status":"closed","template":"","meta":{"footnotes":""},"tags":[],"class_list":["post-20296","page","type-page","status-publish","hentry"],"aioseo_notices":[],"_links":{"self":[{"href":"https:\/\/smartbe.be\/nl\/wp-json\/wp\/v2\/pages\/20296","targetHints":{"allow":["GET"]}}],"collection":[{"href":"https:\/\/smartbe.be\/nl\/wp-json\/wp\/v2\/pages"}],"about":[{"href":"https:\/\/smartbe.be\/nl\/wp-json\/wp\/v2\/types\/page"}],"author":[{"embeddable":true,"href":"https:\/\/smartbe.be\/nl\/wp-json\/wp\/v2\/users\/7"}],"replies":[{"embeddable":true,"href":"https:\/\/smartbe.be\/nl\/wp-json\/wp\/v2\/comments?post=20296"}],"version-history":[{"count":18,"href":"https:\/\/smartbe.be\/nl\/wp-json\/wp\/v2\/pages\/20296\/revisions"}],"predecessor-version":[{"id":20852,"href":"https:\/\/smartbe.be\/nl\/wp-json\/wp\/v2\/pages\/20296\/revisions\/20852"}],"up":[{"embeddable":true,"href":"https:\/\/smartbe.be\/nl\/wp-json\/wp\/v2\/pages\/20256"}],"wp:attachment":[{"href":"https:\/\/smartbe.be\/nl\/wp-json\/wp\/v2\/media?parent=20296"}],"wp:term":[{"taxonomy":"post_tag","embeddable":true,"href":"https:\/\/smartbe.be\/nl\/wp-json\/wp\/v2\/tags?post=20296"}],"curies":[{"name":"wp","href":"https:\/\/api.w.org\/{rel}","templated":true}]}}