
{"id":18951,"date":"2017-05-02T09:36:35","date_gmt":"2017-05-02T08:36:35","guid":{"rendered":"http:\/\/smartbe.be\/?page_id=18951\/"},"modified":"2023-12-22T13:25:09","modified_gmt":"2023-12-22T12:25:09","slug":"vennoot-categorie-b","status":"publish","type":"page","link":"https:\/\/smartbe.be\/nl\/vennoot-categorie-b\/","title":{"rendered":"\ufeffVennoot van categorie B"},"content":{"rendered":"<p><b><span data-contrast=\"none\">Maak je deel uit van het <\/span><\/b><b><span data-contrast=\"none\">team van vaste medewerkers<\/span><\/b><b><span data-contrast=\"none\"> van de co\u00f6peratie? <\/span><\/b><b><span data-contrast=\"none\">Draag je het werk op het terrein en het project Smart een warm hart toe? Geloof je in haar maatschappelijk nut in een beroepswereld in volle verandering en haar engagement ten opzichte van haar partners?<\/span><\/b><b><span data-contrast=\"none\"> Wil je een bijdrage leveren aan de ontwikkeling van het project en de professionele activiteit van tienduizenden loontrekkende ondernemers die deel uitmaken van de co\u00f6peratie? <\/span><\/b><b><span data-contrast=\"none\">Versterk<\/span><\/b><b><span data-contrast=\"none\"> dan <\/span><\/b><b><span data-contrast=\"none\">je relatie met Smart <\/span><\/b><b><span data-contrast=\"none\">en teken in op aandelen van de co\u00f6peratie!<\/span><\/b><span data-ccp-props=\"{&quot;201341983&quot;:0,&quot;335559738&quot;:180,&quot;335559739&quot;:180,&quot;335559740&quot;:240}\">\u00a0<\/span><\/p>\n<h2>Wat houdt het in om vennoot te worden?<\/h2>\n<p><span data-contrast=\"none\">Als vennoot:<\/span><span data-ccp-props=\"{&quot;201341983&quot;:0,&quot;335559738&quot;:180,&quot;335559739&quot;:180,&quot;335559740&quot;:240}\">\u00a0<\/span><\/p>\n<ul>\n<li data-leveltext=\"\uf0b7\" data-font=\"Symbol\" data-listid=\"4\" aria-setsize=\"-1\" data-aria-posinset=\"1\" data-aria-level=\"1\"><span data-contrast=\"none\">bezit<\/span><span data-contrast=\"none\"> je co\u00f6peratieve aandelen van de onderneming. Zo draag je bij tot de financi\u00eble autonomie die nodig is voor het voortbestaan van de gedeelde onderneming, het ontwikkelen van nieuwe diensten en het dekken van meer (gedeelde) risico\u2019s<\/span><span data-ccp-props=\"{&quot;134233117&quot;:true,&quot;201341983&quot;:2,&quot;335559685&quot;:1320,&quot;335559739&quot;:90,&quot;335559740&quot;:360}\">\u00a0<\/span><\/li>\n<li data-leveltext=\"\uf0b7\" data-font=\"Symbol\" data-listid=\"4\" aria-setsize=\"-1\" data-aria-posinset=\"2\" data-aria-level=\"1\"><span data-contrast=\"none\">heb<\/span><span data-contrast=\"none\"> je stemrecht tijdens de <\/span><a href=\"https:\/\/smartbe.be\/nl\/de-cooperatie-smart-praktisch\/assemblee-generale\/\"><span data-contrast=\"none\">algemene vergaderin<\/span><span data-contrast=\"none\">g<\/span><span data-contrast=\"none\"> van de co\u00f6peratie<\/span><\/a><span data-contrast=\"none\"> (strategie, geconsolideerde rekeningen enz.)<\/span><span data-ccp-props=\"{&quot;134233117&quot;:true,&quot;201341983&quot;:2,&quot;335559685&quot;:1320,&quot;335559739&quot;:90,&quot;335559740&quot;:360}\">\u00a0<\/span><\/li>\n<li data-leveltext=\"\uf0b7\" data-font=\"Symbol\" data-listid=\"4\" aria-setsize=\"-1\" data-aria-posinset=\"3\" data-aria-level=\"1\"><span data-contrast=\"none\">kan<\/span><span data-contrast=\"none\"> je mee bepalen wie er in de <\/span><a href=\"https:\/\/smartbe.be\/nl\/de-raad-van-bestuur\/\"><span data-contrast=\"none\">Raad van bestuur<\/span><\/a><span data-contrast=\"none\"> of <\/span><a href=\"https:\/\/smartbe.be\/nl\/de-cooeperatie-smart-praktisch\/\"><span data-contrast=\"none\">een ander overlegorgaan<\/span><\/a> <span data-contrast=\"none\">zetelt, of je zelf kandidaat stellen<\/span><span data-ccp-props=\"{&quot;134233117&quot;:true,&quot;201341983&quot;:2,&quot;335559685&quot;:1320,&quot;335559739&quot;:90,&quot;335559740&quot;:360}\">\u00a0<\/span><\/li>\n<li data-leveltext=\"\uf0b7\" data-font=\"Symbol\" data-listid=\"4\" aria-setsize=\"-1\" data-aria-posinset=\"4\" data-aria-level=\"1\"><span data-contrast=\"none\">kan<\/span><span data-contrast=\"none\"> je deelnemen aan het leven van de co\u00f6peratie en in dat geval ook <\/span><a href=\"https:\/\/smartbe.be\/nl\/onze-diensten\/economisch-model\/\"><span data-contrast=\"none\">de die<\/span><span data-contrast=\"none\">nsten van Smart<\/span><\/a><span data-contrast=\"none\"> gebruiken voor je andere activiteiten<\/span><span data-ccp-props=\"{&quot;134233117&quot;:true,&quot;201341983&quot;:2,&quot;335559685&quot;:1320,&quot;335559739&quot;:90,&quot;335559740&quot;:360}\">\u00a0<\/span><\/li>\n<li data-leveltext=\"\uf0b7\" data-font=\"Symbol\" data-listid=\"4\" aria-setsize=\"-1\" data-aria-posinset=\"5\" data-aria-level=\"1\"><span data-contrast=\"none\">aanvaard<\/span><span data-contrast=\"none\"> je onze <\/span><a href=\"https:\/\/smartbe.be\/wp-content\/uploads\/2022\/08\/Statuten_SmartCoop-NL_augustus_22.pdf\"><span data-contrast=\"none\">statuten<\/span><\/a><span data-ccp-props=\"{&quot;134233117&quot;:true,&quot;201341983&quot;:2,&quot;335559685&quot;:1320,&quot;335559739&quot;:90,&quot;335559740&quot;:360}\">\u00a0<\/span><\/li>\n<\/ul>\n<h2>Wat verstaan we onder vaste medewerker?<\/h2>\n<p><span data-contrast=\"none\">Categorie B omvat de leden van de teams van vaste medewerkers die ervoor gekozen hebben om lid te worden van de vennootschap. De teams van vaste medewerkers zijn alle werknemers van de<\/span><span data-contrast=\"none\"> groep Smart die aangeworven werden in het kader van een contract van onbepaalde duur en met hun werk de <\/span><span data-contrast=\"none\">\u2018<\/span><span data-contrast=\"none\">loontrekkende ondernemers<\/span><span data-contrast=\"none\">\u2019 <\/span><span data-contrast=\"none\">ondersteunen. Hun loon <\/span><span data-contrast=\"none\">wordt niet grotendeels<\/span><span data-contrast=\"none\"> gefinancierd door de opbrengsten van een economische activiteit, ontwikkeld v<\/span><span data-contrast=\"none\">ia de <\/span><span data-contrast=\"none\">\u2018<\/span><span data-contrast=\"none\">Smart-tools<\/span><span data-contrast=\"none\">\u2019<\/span><span data-contrast=\"none\">, zoals bepaald in het huishoudelijk reglement.<\/span><span data-ccp-props=\"{&quot;201341983&quot;:0,&quot;335559738&quot;:180,&quot;335559739&quot;:180,&quot;335559740&quot;:240}\">\u00a0<\/span><\/p>\n<h2>Hoe word je vennoot?<\/h2>\n<p>Dat is heel eenvoudig. Als vast personeelslid:<\/p>\n<p><strong>1.<\/strong> <strong>Je stuurt een mail naar <a href=\"mailto:&#x69;&#x6e;&#x73;&#x74;&#x61;&#x6e;&#x63;&#x65;&#x73;&#x40;&#x73;&#x6d;&#x61;&#x72;&#x74;&#x2e;&#x63;&#x6f;&#x6f;&#x70;\">&#x69;&#x6e;&#x73;&#x74;&#x61;&#x6e;&#x63;&#x65;&#x73;&#x40;<span class=\"oe_displaynone\">null<\/span>&#x73;&#x6d;&#x61;&#x72;&#x74;&#x2e;&#x63;&#x6f;&#x6f;&#x70;<\/a> met de melding dat je vennoot wil worden.<\/strong> Op dit moment hoef je nog geen persoonlijke gegevens door te geven, maar je mag natuurlijk altijd meegeven waarom je vennoot wil worden.<\/p>\n<p><strong>2. Als je nog geen ledenfiche hebt, <a href=\"https:\/\/account.ubik.be\/p\/member-registration?lang=NL\">volg je deze link om je in te schrijven als lid<\/a> <\/strong>en stuur je de ingevulde fiche door naar het adres <a href=\"mailto:&#x74;&#x65;&#x61;&#x6d;&#x61;&#x64;&#x6d;&#x69;&#x6e;&#x40;&#x73;&#x6d;&#x61;&#x72;&#x74;&#x2e;&#x63;&#x6f;&#x6f;&#x70;\">&#x74;&#x65;&#x61;&#x6d;&#x61;&#x64;&#x6d;&#x69;&#x6e;&#x40;<span class=\"oe_displaynone\">null<\/span>&#x73;&#x6d;&#x61;&#x72;&#x74;&#x2e;&#x63;&#x6f;&#x6f;&#x70;<\/a> om je inschrijving te laten goedkeuren.<\/p>\n<p>Vervolledig je dossier door:<\/p>\n<ul>\n<li>\u202fde fiche met je gegevens te ondertekenen<\/li>\n<li>ons een recto-versokopie van je identiteitskaart te bezorgen<\/li>\n<li>ons een kopie van je bankkaart te bezorgen of een ander document dat je RIB duidelijk leesbaar vermeldt!<\/li>\n<\/ul>\n<p>Als je al een ledenfiche hebt in SAM maar je persoonlijke gegevens niet meer up-to-date zijn, vul je de fiche in om je persoonlijke gegevens te wijzigen en bezorg je ze aan TeamAdmin.<\/p>\n<p>Je vindt de fiche op je Smart-account in \u201cMijn persoonlijke gegevens\u201d &gt; \u201cMijn persoonlijke gegevens wijzigen\u201d &gt; klik op \u201cBevestigen\u201d om de wijzigingen te bevestigen &gt; druk de fiche af, onderteken ze en stuur ze naar <a href=\"mailto:&#x74;&#x65;&#x61;&#x6d;&#x61;&#x64;&#x6d;&#x69;&#x6e;&#x40;&#x73;&#x6d;&#x61;&#x72;&#x74;&#x2e;&#x63;&#x6f;&#x6f;&#x70;\">&#x74;&#x65;&#x61;&#x6d;&#x61;&#x64;&#x6d;&#x69;&#x6e;&#x40;<span class=\"oe_displaynone\">null<\/span>&#x73;&#x6d;&#x61;&#x72;&#x74;&#x2e;&#x63;&#x6f;&#x6f;&#x70;<\/a><\/p>\n<p><strong>3. Je ontvangt vervolgens een mail met een link naar het betalingsplatform (Hipay).<\/strong><\/p>\n<p>Het team Vie des Soci\u00e9t\u00e9s geeft je de nodige informatie over de praktische, financi\u00eble modaliteiten en over de versterking van je engagement als vennoot.<\/p>\n<p>Het aantal co\u00f6peratieve aandelen dat je moet volstorten, is gelijk aan minstens \u00e9\u00e9n aandeel van 30 euro per jaar met een arbeidsovereenkomst. Je kan zoveel aandelen volstorten als je wil.<\/p>\n<p>Het eerste aandeel moet je bij je inschrijving in het eerste jaar volstorten. De volgende jaren moet dat telkens in januari gebeuren. Eventuele ander aandelen mag je in de loop van het jaar volstorten.<\/p>\n<h2>Vragen?<\/h2>\n<ul>\n<li><a href=\"https:\/\/smartbe.be\/nl\/faq\/\">Heb je de FAQ geraadpleegd?<\/a> Daar vind je misschien snel het antwoord dat je zoekt.<\/li>\n<li>Als je vragen hebt over de intekening op co\u00f6peratieve aandelen, kan je ook mailen naar <a href=\"mailto:&#x69;&#x6e;&#x73;&#x74;&#x61;&#x6e;&#x63;&#x65;&#x73;&#x40;&#x73;&#x6d;&#x61;&#x72;&#x74;&#x2e;&#x63;&#x6f;&#x6f;&#x70;\">&#x69;&#x6e;&#x73;&#x74;&#x61;&#x6e;&#x63;&#x65;&#x73;&#x40;<span class=\"oe_displaynone\">null<\/span>&#x73;&#x6d;&#x61;&#x72;&#x74;&#x2e;&#x63;&#x6f;&#x6f;&#x70;<\/a><\/li>\n<\/ul>","protected":false},"excerpt":{"rendered":"<p>Maak je deel uit van het team van vaste medewerkers van de co\u00f6peratie? Draag je het werk op het terrein en het project Smart een warm hart toe? Geloof je in haar maatschappelijk nut in een beroepswereld in volle verandering &hellip;<\/p>\n","protected":false},"author":53,"featured_media":0,"parent":0,"menu_order":0,"comment_status":"closed","ping_status":"closed","template":"","meta":{"footnotes":""},"tags":[],"class_list":["post-18951","page","type-page","status-publish","hentry"],"aioseo_notices":[],"_links":{"self":[{"href":"https:\/\/smartbe.be\/nl\/wp-json\/wp\/v2\/pages\/18951","targetHints":{"allow":["GET"]}}],"collection":[{"href":"https:\/\/smartbe.be\/nl\/wp-json\/wp\/v2\/pages"}],"about":[{"href":"https:\/\/smartbe.be\/nl\/wp-json\/wp\/v2\/types\/page"}],"author":[{"embeddable":true,"href":"https:\/\/smartbe.be\/nl\/wp-json\/wp\/v2\/users\/53"}],"replies":[{"embeddable":true,"href":"https:\/\/smartbe.be\/nl\/wp-json\/wp\/v2\/comments?post=18951"}],"version-history":[{"count":20,"href":"https:\/\/smartbe.be\/nl\/wp-json\/wp\/v2\/pages\/18951\/revisions"}],"predecessor-version":[{"id":46131,"href":"https:\/\/smartbe.be\/nl\/wp-json\/wp\/v2\/pages\/18951\/revisions\/46131"}],"wp:attachment":[{"href":"https:\/\/smartbe.be\/nl\/wp-json\/wp\/v2\/media?parent=18951"}],"wp:term":[{"taxonomy":"post_tag","embeddable":true,"href":"https:\/\/smartbe.be\/nl\/wp-json\/wp\/v2\/tags?post=18951"}],"curies":[{"name":"wp","href":"https:\/\/api.w.org\/{rel}","templated":true}]}}