
{"id":13350,"date":"2015-09-23T17:04:15","date_gmt":"2015-09-23T16:04:15","guid":{"rendered":"http:\/\/smartbe.be\/?page_id=13350"},"modified":"2016-12-20T15:59:56","modified_gmt":"2016-12-20T14:59:56","slug":"de-writings","status":"publish","type":"page","link":"https:\/\/smartbe.be\/nl\/de-writings\/","title":{"rendered":"De writings"},"content":{"rendered":"<p>Nieuwe vormen van werk, de opkomst van de ondernemer \/ werknemer, de ontwikkeling van\u00a0de deeleconomie\u2026 De wereld van het werk ondergaat boeiende veranderingen. Met het participatief traject \u2018Smart in Progress\u2019 maken we ons DNA klaar voor de toekomst. U kan deelnemen door een schriftelijke bijdrage te leveren.<\/p>\n<h2>De gepubliceerde artikels<\/h2>\n<ul>\n<li><a href=\"http:\/\/blog.smartbe.be\/spip.php?article7056&amp;lang=nl\">Nieuwe businessmodellen voor een nieuwe economie: de pioniersrol van Smart<\/a> \u2013 Meyrem Almaci<\/li>\n<li><a href=\"http:\/\/blog.smartbe.be\/spip.php?article7055&amp;lang=nl\">Co\u00f6peratief business modeling<\/a> &#8211; \u00a0Giep Hagoort<\/li>\n<li><a href=\"http:\/\/blog.smartbe.be\/spip.php?article7050&amp;lang=nl\">De grote transformatie naar een Europese co\u00f6peratie<\/a> &#8211; \u00a0Eric Lauwers<\/li>\n<li><a href=\"http:\/\/blog.smartbe.be\/spip.php?article7071&amp;lang=nl\" target=\"_blank\">Bespiegelingen over de relatie tussen participatieve logica en vakbondslogica<\/a> &#8211; Fran\u00e7ois Flamion<\/li>\n<li><a href=\"http:\/\/blog.smartbe.be\/spip.php?article7075\" rel=\"bookmark\">Dynamo Coop: een collectief antwoord op een collectieve nood<\/a>\u00a0&#8211; Marc Moura<\/li>\n<li><a href=\"http:\/\/blog.smartbe.be\/spip.php?article7080\" rel=\"bookmark\">Spanningsvelden bij een participatieve aanpak<\/a>\u00a0&#8211; Julien Charles<\/li>\n<li><a href=\"http:\/\/blog.smartbe.be\/spip.php?article7081\" rel=\"bookmark\">Cultuur en sociale economie : de tijd is rijp<\/a>\u00a0&#8211; Sybille Mertens<\/li>\n<li><a title=\"\" href=\"http:\/\/blog.smartbe.be\/spip.php?article7084\" rel=\"bookmark\" data-original-title=\"\">Les Grignoux\u2019: een culturele onderneming verankerd in de sociale economie<\/a>\u00a0&#8211; Pierre Heldenbergh<\/li>\n<li><a title=\"\" href=\"http:\/\/blog.smartbe.be\/spip.php?article7095\" rel=\"bookmark\" data-original-title=\"\">Interview: Nicolas Belayew, grafisch vormgever<\/a><\/li>\n<li><a title=\"\" href=\"http:\/\/blog.smartbe.be\/spip.php?article7099\" rel=\"bookmark\" data-original-title=\"\">Interview: Stany Herman, infograficus<\/a><\/li>\n<li><a title=\"\" href=\"http:\/\/blog.smartbe.be\/spip.php?article7104\" rel=\"bookmark\" data-original-title=\"\">Interview: Jean-Fran\u00e7ois Jaspers, co\u00f6rdinator van \u2018Jaune Orange\u2019<\/a><\/li>\n<li><a title=\"\" href=\"http:\/\/blog.smartbe.be\/spip.php?article7105\" rel=\"bookmark\" data-original-title=\"\">Scoop : weldra een SCOP in Walloni\u00eb ?<\/a>\u00a0&#8211; Dimitri Coutiez<\/li>\n<li><a href=\"http:\/\/blog.smartbe.be\/spip.php?article7121&amp;lang=nl\">Bestuur en co\u00f6peraties : het co\u00f6peratieve ideaal getoetst aan de praktijk Focus op grote co\u00f6peraties -Sybille Mertens en Julie Rijpens<\/a><\/li>\n<\/ul>\n<p>&nbsp;<\/p>\n<h2>Oproep om deel te nemen<\/h2>\n<p>De instemming van de Raad van Bestuur met het voorstel om een co\u00f6peratieve onderneming te worden, in juni 2014, was het begin van een participatief proces. We organiseren\u00a0gedurende zes maanden\u00a0bijeenkomsten om\u00a0samen met onze leden, klanten en partners \u00a0te debatteren\u00a0over het<strong> toekomstige\u00a0\u00a0bestuursmodel<\/strong>,\u00a0het\u00a0noodzakelijke <strong>nieuwe economische model<\/strong>\u00a0die het voortbestaan van\u00a0de onderneming\u00a0moet waarborgen, het <strong>nieuwe gebruikerspubliek <\/strong>tot wie wij ons,\u00a0naast\u00a0de creatieve beroepsgroep,\u00a0ook gaan richten, en de <strong>nieuwe tools\u00a0<\/strong>die we ter beschikking gaan stellen aan onze gebruikers.<\/p>\n<p>Om <strong>een breder denkkader<\/strong> rond de evolutie van Smart te cre\u00ebren, vroegen we u\u00a0om een <strong>kritische analyse<\/strong>. Deze teksten, gelinkt aan de <strong>vier grote vragen <\/strong>\u00a0(<em>Naar een co\u00f6peratie: met wie? Voor wie?- Je<\/em> <em>activiteit cre\u00ebren en ontwikkelen: hoe? Met welke middelen?\u2014A sharing economy: een haalbaar economisch model?\u2014Een gedeelde en participatieve onderneming: is dit wel realistisch?<\/em>) \u00a0werden verspreid via <a href=\"https:\/\/smartbe.be\/nl\/smart-progress-3\/de-workshops\/\">de workshops <\/a>en op <a href=\"http:\/\/blog.smartbe.be\/?lang=nl\">de blog<\/a>.<\/p>\n<h2><\/h2>","protected":false},"excerpt":{"rendered":"<p>Nieuwe vormen van werk, de opkomst van de ondernemer \/ werknemer, de ontwikkeling van\u00a0de deeleconomie\u2026 De wereld van het werk ondergaat boeiende veranderingen. Met het participatief traject \u2018Smart in Progress\u2019 maken we ons DNA klaar voor de toekomst. U kan &hellip;<\/p>\n","protected":false},"author":6,"featured_media":0,"parent":0,"menu_order":3,"comment_status":"closed","ping_status":"closed","template":"","meta":{"footnotes":""},"tags":[],"class_list":["post-13350","page","type-page","status-publish","hentry"],"aioseo_notices":[],"_links":{"self":[{"href":"https:\/\/smartbe.be\/nl\/wp-json\/wp\/v2\/pages\/13350","targetHints":{"allow":["GET"]}}],"collection":[{"href":"https:\/\/smartbe.be\/nl\/wp-json\/wp\/v2\/pages"}],"about":[{"href":"https:\/\/smartbe.be\/nl\/wp-json\/wp\/v2\/types\/page"}],"author":[{"embeddable":true,"href":"https:\/\/smartbe.be\/nl\/wp-json\/wp\/v2\/users\/6"}],"replies":[{"embeddable":true,"href":"https:\/\/smartbe.be\/nl\/wp-json\/wp\/v2\/comments?post=13350"}],"version-history":[{"count":14,"href":"https:\/\/smartbe.be\/nl\/wp-json\/wp\/v2\/pages\/13350\/revisions"}],"predecessor-version":[{"id":17733,"href":"https:\/\/smartbe.be\/nl\/wp-json\/wp\/v2\/pages\/13350\/revisions\/17733"}],"wp:attachment":[{"href":"https:\/\/smartbe.be\/nl\/wp-json\/wp\/v2\/media?parent=13350"}],"wp:term":[{"taxonomy":"post_tag","embeddable":true,"href":"https:\/\/smartbe.be\/nl\/wp-json\/wp\/v2\/tags?post=13350"}],"curies":[{"name":"wp","href":"https:\/\/api.w.org\/{rel}","templated":true}]}}