
{"id":98,"date":"2013-10-21T16:33:29","date_gmt":"2013-10-21T15:33:29","guid":{"rendered":"http:\/\/smartbe.be\/?page_id=98"},"modified":"2014-05-05T09:33:17","modified_gmt":"2014-05-05T08:33:17","slug":"allocations","status":"publish","type":"page","link":"https:\/\/smartbe.be\/fr\/sinformer\/securite-sociale\/allocations\/","title":{"rendered":"Les allocations familiales"},"content":{"rendered":"<p>Cr\u00e9\u00e9es au d\u00e9but du 20\u00e8 si\u00e8cle par certains employeurs, elles ont pour objectif de compenser, \u00e0 travail \u00e9gal et revenu \u00e9gal, la diff\u00e9rence de d\u00e9penses entre travailleurs salari\u00e9s avec et sans enfant. Le syst\u00e8me a \u00e9volu\u00e9 vers ce qu\u2019on appelle les prestations familiales.<\/p>\n<p>Les employeurs sont affili\u00e9s \u00e0 des caisses priv\u00e9es ou \u00e0 l\u2019ONAFTS (Office national d\u2019allocations familiales pour travailleurs salari\u00e9s) et y cotisent obligatoirement. Les travailleurs, eux, ne cotisent pas.<\/p>\n<p>Les montants des allocations sont vers\u00e9s par ces caisses de paiement.<\/p>\n<p>Les deux types d\u2019allocations applicables \u00e0 tout qui a des enfants sont :<\/p>\n<ul>\n<li>les allocations familiales ordinaires, major\u00e9es selon l\u2019\u00e2ge et la situation sociale, pay\u00e9es mensuellement<\/li>\n<li>l\u2019allocation de naissance pour chaque enfant \u00e0 na\u00eetre, pay\u00e9e en une fois<\/li>\n<\/ul>\n<div class=\"nav-subpages\"><hr class=\"page-divider\"><ul class=\"nav nav-chevron\"><li class=\"page_item page-item-367\"><a href=\"https:\/\/smartbe.be\/fr\/sinformer\/securite-sociale\/allocations\/qui\/\">Ai-je droit aux allocations familiales ?<\/a><\/li>\n<li class=\"page_item page-item-370\"><a href=\"https:\/\/smartbe.be\/fr\/sinformer\/securite-sociale\/allocations\/combien\/\">Combien vais-je recevoir?<\/a><\/li>\n<li class=\"page_item page-item-377\"><a href=\"https:\/\/smartbe.be\/fr\/sinformer\/securite-sociale\/allocations\/comment\/\">Que dois-je faire ?<\/a><\/li>\n<\/ul><\/div>","protected":false},"excerpt":{"rendered":"<p>Cr\u00e9\u00e9es au d\u00e9but du 20\u00e8 si\u00e8cle par certains employeurs, elles ont pour objectif de compenser, \u00e0 travail \u00e9gal et revenu \u00e9gal, la diff\u00e9rence de d\u00e9penses entre travailleurs salari\u00e9s avec et sans enfant. Le syst\u00e8me a \u00e9volu\u00e9 vers ce qu\u2019on appelle &hellip;<\/p>\n","protected":false},"author":20,"featured_media":0,"parent":96,"menu_order":1,"comment_status":"open","ping_status":"closed","template":"","meta":{"footnotes":""},"tags":[],"class_list":["post-98","page","type-page","status-publish","hentry"],"aioseo_notices":[],"_links":{"self":[{"href":"https:\/\/smartbe.be\/fr\/wp-json\/wp\/v2\/pages\/98","targetHints":{"allow":["GET"]}}],"collection":[{"href":"https:\/\/smartbe.be\/fr\/wp-json\/wp\/v2\/pages"}],"about":[{"href":"https:\/\/smartbe.be\/fr\/wp-json\/wp\/v2\/types\/page"}],"author":[{"embeddable":true,"href":"https:\/\/smartbe.be\/fr\/wp-json\/wp\/v2\/users\/20"}],"replies":[{"embeddable":true,"href":"https:\/\/smartbe.be\/fr\/wp-json\/wp\/v2\/comments?post=98"}],"version-history":[{"count":21,"href":"https:\/\/smartbe.be\/fr\/wp-json\/wp\/v2\/pages\/98\/revisions"}],"predecessor-version":[{"id":372,"href":"https:\/\/smartbe.be\/fr\/wp-json\/wp\/v2\/pages\/98\/revisions\/372"}],"up":[{"embeddable":true,"href":"https:\/\/smartbe.be\/fr\/wp-json\/wp\/v2\/pages\/96"}],"wp:attachment":[{"href":"https:\/\/smartbe.be\/fr\/wp-json\/wp\/v2\/media?parent=98"}],"wp:term":[{"taxonomy":"post_tag","embeddable":true,"href":"https:\/\/smartbe.be\/fr\/wp-json\/wp\/v2\/tags?post=98"}],"curies":[{"name":"wp","href":"https:\/\/api.w.org\/{rel}","templated":true}]}}