
{"id":821,"date":"2013-11-04T15:30:54","date_gmt":"2013-11-04T14:30:54","guid":{"rendered":"http:\/\/smartbe.be\/?page_id=821"},"modified":"2014-07-16T09:53:30","modified_gmt":"2014-07-16T08:53:30","slug":"combinaison-dequivalents-jours-et-de-jours-effectifs","status":"publish","type":"page","link":"https:\/\/smartbe.be\/fr\/combinaison-dequivalents-jours-et-de-jours-effectifs\/","title":{"rendered":"Combinaison d\u2019\u00e9quivalents-jours et de jours effectifs"},"content":{"rendered":"<p>Pour chaque type de prestations (C4 mentionnant un horaire, temps plein, temps partiel, sans horaire, au cachet&#8230;), l\u2019ONEm applique une r\u00e8gle de calcul sp\u00e9cifique.<\/p>\n<p>Si votre parcours professionnel comprend des engagements de natures diff\u00e9rentes, l\u2019ONEm appliquera la r\u00e8gle ad\u00e9quate pour chaque C4 et additionnera le nombre de jours obtenus (jours effectifs + \u00e9quivalent-jours).<\/p>\n<h2>Les diff\u00e9rentes r\u00e8gles applicables en fonction du type de prestations:<\/h2>\n<p>L\u2019artiste est engag\u00e9 \u00ab\u00a0\u00e0 l\u2019ann\u00e9e\u00a0\u00bb ou \u00ab\u00a0\u00e0 la saison\u00a0\u00bb<\/p>\n<h2>Les r\u00e8gles ordinaires de calcul sont d\u2019application:<\/h2>\n<ul>\n<li>pour une occupation interrompue \u00e0 temps plein (au moins 35 heures par semaine)d\u2019un trimestre complet, 78 jours de travail sont pris en consid\u00e9ration<\/li>\n<li>pour une occupation \u00e0 temps plein qui n\u2019est pas ininterrompue (mois incomplets), le nombre de jours de travail pris en consid\u00e9ration est \u00e9gal au nombre de jours de travail effectu\u00e9s pendant l\u2019occupation, multipli\u00e9 par 6, et divis\u00e9 par le nombre de jours de travail hebdomadaire moyen.<\/li>\n<\/ul>\n<p><strong>Exemple:<\/strong> un travailleur effectue des prestations \u00e0 temps plein du 03\/05\/2012 au 13\/06\/2012, dans un r\u00e9gime hebdomadaire moyen de 5 jours de travail, soit un total de 30 jours de travail. Pour cette p\u00e9riode de travail, l\u2019ONEM prendra en consid\u00e9ration : (30 jours x 6) \/ 5 = 36 jours.<\/p>\n<p>Pour les p\u00e9riodes de travail \u00e0 temps partiel, le nombre de jours de travail pris en cons\u00e9diration est \u00e9gal au nombre d\u2019heures de travail effectu\u00e9s, pendant l\u2019occupation, multipli\u00e9 par 6, et divis\u00e9 par le nombre hebdomadaire moyen d\u2019heures de travail \u00e0 temps plein pour la m\u00eame fonction.<\/p>\n<p><strong>Exemple:<\/strong> un travailleur effectue des prestations du 04\/05\/2012 au 29\/06\/2012, \u00e0 raison de 19 heures par semaine, soit un total de 8 semaines x 19 heures = 152 heures de travail. L\u2019horaire \u00e0 temps plein pr\u00e9vu pour cette occupation correspond \u00e0 38 heures par semaine. Pour cette p\u00e9riode de travail, l\u2019ONEM prendra en consid\u00e9ration : (152 heures x 6) \/ 38 = 24 jours.<\/p>\n<p>Le nombre de jours de travail ainsi obtenu ne peut d\u00e9passer 78 par trimestre.<\/p>\n<p>L\u2019artiste est engag\u00e9 dans des contrats de courte dur\u00e9e r\u00e9mun\u00e9r\u00e9s \u00ab au cachet \u00bb. La r\u00e8gle du cachet est d\u2019application pour les artistes de spectacle (interpr\u00e8tes et cr\u00e9ateurs) et les musiciens.<\/p>\n<p>La r\u00e9mun\u00e9ration brute que vous avez per\u00e7ue au sein de tels contrats est divis\u00e9e par le salaire de r\u00e9f\u00e9rence journalier brut de l\u2019artiste (forfait journalier) de 39,21\u20ac. Le r\u00e9sultat est converti en \u00e9quivalents-jours et peut d\u00e9passer 78 jours par trimestre.<\/p>\n<p>Les r\u00e8gles g\u00e9n\u00e9rales sont d\u2019application pour les artistes cr\u00e9ateurs hors spectacle et les techniciens du spectacle, m\u00eame lorsqu\u2019ils prestent \u00ab au cachet \u00bb.<\/p>","protected":false},"excerpt":{"rendered":"<p>Pour chaque type de prestations (C4 mentionnant un horaire, temps plein, temps partiel, sans horaire, au cachet&#8230;), l\u2019ONEm applique une r\u00e8gle de calcul sp\u00e9cifique. Si votre parcours professionnel comprend des engagements de natures diff\u00e9rentes, l\u2019ONEm appliquera la r\u00e8gle ad\u00e9quate pour &hellip;<\/p>\n","protected":false},"author":20,"featured_media":0,"parent":0,"menu_order":3,"comment_status":"closed","ping_status":"closed","template":"","meta":{"footnotes":""},"tags":[],"class_list":["post-821","page","type-page","status-publish","hentry"],"aioseo_notices":[],"_links":{"self":[{"href":"https:\/\/smartbe.be\/fr\/wp-json\/wp\/v2\/pages\/821","targetHints":{"allow":["GET"]}}],"collection":[{"href":"https:\/\/smartbe.be\/fr\/wp-json\/wp\/v2\/pages"}],"about":[{"href":"https:\/\/smartbe.be\/fr\/wp-json\/wp\/v2\/types\/page"}],"author":[{"embeddable":true,"href":"https:\/\/smartbe.be\/fr\/wp-json\/wp\/v2\/users\/20"}],"replies":[{"embeddable":true,"href":"https:\/\/smartbe.be\/fr\/wp-json\/wp\/v2\/comments?post=821"}],"version-history":[{"count":15,"href":"https:\/\/smartbe.be\/fr\/wp-json\/wp\/v2\/pages\/821\/revisions"}],"predecessor-version":[{"id":1832,"href":"https:\/\/smartbe.be\/fr\/wp-json\/wp\/v2\/pages\/821\/revisions\/1832"}],"wp:attachment":[{"href":"https:\/\/smartbe.be\/fr\/wp-json\/wp\/v2\/media?parent=821"}],"wp:term":[{"taxonomy":"post_tag","embeddable":true,"href":"https:\/\/smartbe.be\/fr\/wp-json\/wp\/v2\/tags?post=821"}],"curies":[{"name":"wp","href":"https:\/\/api.w.org\/{rel}","templated":true}]}}