
{"id":795,"date":"2013-11-04T13:55:48","date_gmt":"2013-11-04T12:55:48","guid":{"rendered":"http:\/\/smartbe.be\/?page_id=795"},"modified":"2014-05-05T09:36:05","modified_gmt":"2014-05-05T08:36:05","slug":"combien-vais-je-recevoir","status":"publish","type":"page","link":"https:\/\/smartbe.be\/fr\/pension\/combien-vais-je-recevoir\/","title":{"rendered":"Combien vais-je recevoir ?"},"content":{"rendered":"<p><span style=\"display: inline-block; border-radius: 4px;background-color: #FFEBA3;\">Pour chaque ann\u00e9e de la carri\u00e8re, on effectue le calcul de ce que per\u00e7oit le travailleur comme pension sur base des \u00e9tapes suivantes :<\/p>\n<ul><span style=\"display: inline-block; border-radius: 4px;background-color: #FFEBA3;\"><\/p>\n<li>On additionne l\u2019ensemble de ses r\u00e9mun\u00e9rations<\/li>\n<li>On multiplie la somme obtenue par un coefficient d\u2019adaptation au bien-\u00eatre et \u00e0 l\u2019indexation de l\u2019ann\u00e9e o\u00f9 il prend sa pension.<\/li>\n<li>On multiplie la somme obtenue par 0,60 ou 0,75 selon que le pensionn\u00e9 est isol\u00e9 ou en m\u00e9nage.<\/li>\n<li>On divise la somme obtenue par 44 (femme) ou 45 (homme)<\/li>\n<\/ul>\n<p><span style=\"display: inline-block; border-radius: 4px;background-color: #FFEBA3;\">On additionne le r\u00e9sultat du calcul obtenu pour chaque ann\u00e9e de la carri\u00e8re et on obtient la pension de retraite que recevra le pensionn\u00e9, annuellement.<\/p>\n<p><span style=\"display: inline-block; border-radius: 4px;background-color: #FFEBA3;\">Il existe un montant minimum que doit obtenir le pensionn\u00e9, \u00e0 certaines conditions.<\/p>\n<p><span style=\"display: inline-block; border-radius: 4px;background-color: #FFEBA3;\">Pour une carri\u00e8re compl\u00eate, il s\u2019\u00e9l\u00e8ve \u00e0 13 515,40\u20ac, au taux m\u00e9nage, \u00e0 10 815,72\u20ac au taux isol\u00e9.<\/p>\n<p><span style=\"display: inline-block; border-radius: 4px;background-color: #FFEBA3;\">Si le pensionn\u00e9 per\u00e7oit moins que le montant minimal auquel il aurait droit, un compl\u00e9ment lui est allou\u00e9, \u00e0 la condition que sa carri\u00e8re soit au moins \u00e9gale \u00e0 2\/3 d\u2019une carri\u00e8re compl\u00eate et \u00e0 certaines conditions de jours travaill\u00e9s durant chaque ann\u00e9e.<\/p>","protected":false},"excerpt":{"rendered":"<p>Pour chaque ann\u00e9e de la carri\u00e8re, on effectue le calcul de ce que per\u00e7oit le travailleur comme pension sur base des \u00e9tapes suivantes : On additionne l\u2019ensemble de ses r\u00e9mun\u00e9rations On multiplie la somme obtenue par un coefficient d\u2019adaptation au &hellip;<\/p>\n","protected":false},"author":20,"featured_media":0,"parent":148,"menu_order":1,"comment_status":"closed","ping_status":"closed","template":"","meta":{"footnotes":""},"tags":[],"class_list":["post-795","page","type-page","status-publish","hentry"],"aioseo_notices":[],"_links":{"self":[{"href":"https:\/\/smartbe.be\/fr\/wp-json\/wp\/v2\/pages\/795","targetHints":{"allow":["GET"]}}],"collection":[{"href":"https:\/\/smartbe.be\/fr\/wp-json\/wp\/v2\/pages"}],"about":[{"href":"https:\/\/smartbe.be\/fr\/wp-json\/wp\/v2\/types\/page"}],"author":[{"embeddable":true,"href":"https:\/\/smartbe.be\/fr\/wp-json\/wp\/v2\/users\/20"}],"replies":[{"embeddable":true,"href":"https:\/\/smartbe.be\/fr\/wp-json\/wp\/v2\/comments?post=795"}],"version-history":[{"count":9,"href":"https:\/\/smartbe.be\/fr\/wp-json\/wp\/v2\/pages\/795\/revisions"}],"predecessor-version":[{"id":1804,"href":"https:\/\/smartbe.be\/fr\/wp-json\/wp\/v2\/pages\/795\/revisions\/1804"}],"up":[{"embeddable":true,"href":"https:\/\/smartbe.be\/fr\/wp-json\/wp\/v2\/pages\/148"}],"wp:attachment":[{"href":"https:\/\/smartbe.be\/fr\/wp-json\/wp\/v2\/media?parent=795"}],"wp:term":[{"taxonomy":"post_tag","embeddable":true,"href":"https:\/\/smartbe.be\/fr\/wp-json\/wp\/v2\/tags?post=795"}],"curies":[{"name":"wp","href":"https:\/\/api.w.org\/{rel}","templated":true}]}}