
{"id":791,"date":"2013-11-04T13:49:19","date_gmt":"2013-11-04T12:49:19","guid":{"rendered":"http:\/\/smartbe.be\/?page_id=791"},"modified":"2014-05-05T09:36:12","modified_gmt":"2014-05-05T08:36:12","slug":"quand-devient-on-pensionne","status":"publish","type":"page","link":"https:\/\/smartbe.be\/fr\/pension\/quand-devient-on-pensionne\/","title":{"rendered":"Quand devient-on pensionn\u00e9 ?"},"content":{"rendered":"<p><span style=\"display: inline-block; border-radius: 4px;background-color: #FFEBA3;\">Avertissement ! Nous ne traiterons dans cette partie que de la pension l\u00e9gale (1er pilier), compte tenu que peuvent s\u2019y ajouter des syst\u00e8mes de pension de groupe (2\u00e8me pilier) et\/ou individuelle (3\u00e8me pilier)<\/p>\n<p><strong>***Toute personne qui, durant 45 ans au maximum, a justifi\u00e9 d\u2019activit\u00e9s (dont l\u2019activit\u00e9 artistique) exerc\u00e9es comme travailleur salari\u00e9 pour un (ou des) employeur(s) \u00e9tabli(s) en Belgique, et qui a cotis\u00e9 en cons\u00e9quence, obtient une pension de retraite de travailleur salari\u00e9.***<\/strong><\/p>\n<p><span style=\"display: inline-block; border-radius: 4px;background-color: #FFEBA3;\">D\u00e8s lors, le travailleur devenu pensionn\u00e9 n\u2019est plus consid\u00e9r\u00e9 comme disponible sur le march\u00e9 de l\u2019emploi.<\/p>\n<p><span style=\"display: inline-block; border-radius: 4px;background-color: #FFEBA3;\">Pour les hommes, l\u2019\u00e2ge normal de la pension est de 65 ans.<\/p>\n<p><span style=\"display: inline-block; border-radius: 4px;background-color: #FFEBA3;\">Pour les femmes, il est de :<\/p>\n<ul><span style=\"display: inline-block; border-radius: 4px;background-color: #FFEBA3;\"><\/p>\n<li>64 ans \u00e0 partir du 1 janvier 2006<\/li>\n<li>65 ans \u00e0 partir du 1 janvier 2009<\/li>\n<\/ul>\n<p><span style=\"display: inline-block; border-radius: 4px;background-color: #FFEBA3;\">La pension peut cependant \u00eatre obtenue anticipativement (\u00e0 partir de 60 ans), mais le travailleur doit prouver une carri\u00e8re de 35 ans.<\/p>\n<p><span style=\"display: inline-block; border-radius: 4px;background-color: #FFEBA3;\">S\u2019il prend sa pension \u00e0 l\u2019age normal, le pensionn\u00e9 ne doit effectuer aucune d\u00e9marche vis-\u00e0-vis de l\u2019Office national des pensions (ONP). La proc\u00e9dure est automatique. Par contre, la pension anticip\u00e9e doit faire l\u2019objet d\u2019une demande expresse, formul\u00e9e un an avant la date choisie.<\/p>\n<p><span style=\"display: inline-block; border-radius: 4px;background-color: #FFEBA3;\">La pension prend cours au plus t\u00f4t le premier jour du mois qui suit le mois de l\u2019anniversaire.<\/p>\n<p><span style=\"display: inline-block; border-radius: 4px;background-color: #FFEBA3;\">D\u00e8s l\u2019\u00e2ge de 55 ans, le travailleur re\u00e7oit de l\u2019ONP une estimation du calcul de sa future pensions, \u00e9tabli sur base de sa carri\u00e8re.<\/p>\n<p><span style=\"display: inline-block; border-radius: 4px;background-color: #FFEBA3;\">La pension de survie est attribu\u00e9e au conjoint du travailleur salari\u00e9 qui d\u00e9c\u00e8de. Le veuf ou la veuve doit \u00eatre ag\u00e9 de plus de 45 ans au moment du d\u00e9c\u00e8s. Il l\u2019obtient aussi si son conjoint d\u00e9c\u00e8de apr\u00e8s le d\u00e9but de sa propre pension. Le montant octroy\u00e9 au conjoint survivant est l\u00e9g\u00e8rement inf\u00e9rieur \u00e0 sa pension de retraite.<\/p>","protected":false},"excerpt":{"rendered":"<p>Avertissement ! Nous ne traiterons dans cette partie que de la pension l\u00e9gale (1er pilier), compte tenu que peuvent s\u2019y ajouter des syst\u00e8mes de pension de groupe (2\u00e8me pilier) et\/ou individuelle (3\u00e8me pilier) ***Toute personne qui, durant 45 ans au &hellip;<\/p>\n","protected":false},"author":20,"featured_media":0,"parent":148,"menu_order":3,"comment_status":"closed","ping_status":"closed","template":"","meta":{"footnotes":""},"tags":[],"class_list":["post-791","page","type-page","status-publish","hentry"],"aioseo_notices":[],"_links":{"self":[{"href":"https:\/\/smartbe.be\/fr\/wp-json\/wp\/v2\/pages\/791","targetHints":{"allow":["GET"]}}],"collection":[{"href":"https:\/\/smartbe.be\/fr\/wp-json\/wp\/v2\/pages"}],"about":[{"href":"https:\/\/smartbe.be\/fr\/wp-json\/wp\/v2\/types\/page"}],"author":[{"embeddable":true,"href":"https:\/\/smartbe.be\/fr\/wp-json\/wp\/v2\/users\/20"}],"replies":[{"embeddable":true,"href":"https:\/\/smartbe.be\/fr\/wp-json\/wp\/v2\/comments?post=791"}],"version-history":[{"count":9,"href":"https:\/\/smartbe.be\/fr\/wp-json\/wp\/v2\/pages\/791\/revisions"}],"predecessor-version":[{"id":1806,"href":"https:\/\/smartbe.be\/fr\/wp-json\/wp\/v2\/pages\/791\/revisions\/1806"}],"up":[{"embeddable":true,"href":"https:\/\/smartbe.be\/fr\/wp-json\/wp\/v2\/pages\/148"}],"wp:attachment":[{"href":"https:\/\/smartbe.be\/fr\/wp-json\/wp\/v2\/media?parent=791"}],"wp:term":[{"taxonomy":"post_tag","embeddable":true,"href":"https:\/\/smartbe.be\/fr\/wp-json\/wp\/v2\/tags?post=791"}],"curies":[{"name":"wp","href":"https:\/\/api.w.org\/{rel}","templated":true}]}}