
{"id":789,"date":"2013-11-04T13:47:17","date_gmt":"2013-11-04T12:47:17","guid":{"rendered":"http:\/\/smartbe.be\/?page_id=789"},"modified":"2014-05-05T09:35:54","modified_gmt":"2014-05-05T08:35:54","slug":"pour-les-membres-de-smart","status":"publish","type":"page","link":"https:\/\/smartbe.be\/fr\/accidents\/pour-les-membres-de-smart\/","title":{"rendered":"Pour les membres de Smart ?"},"content":{"rendered":"<p><span style=\"display: inline-block; border-radius: 4px;background-color: #FFEBA3;\">SMartBe a conclu un contrat \u00ab Accidents de travail \u00bb avec la compagnie d\u2019assurances AXA.<\/p>\n<p><span style=\"display: inline-block; border-radius: 4px;background-color: #FFEBA3;\">Par rapport aux donneurs d\u2019ordre d\u2019artistes, Smart est ainsi mandat\u00e9 pour assurer l\u2019artiste contre les accidents du travail survenus dans l\u2019ex\u00e9cution d\u2019un contrat, m\u00eame de courte dur\u00e9e.<\/p>\n<p><span style=\"display: inline-block; border-radius: 4px;background-color: #FFEBA3;\">Pour ses membres, SMartBe a n\u00e9goci\u00e9 une extension de ce contrat aux accidents de la vie priv\u00e9e. L\u2019artiste est donc aussi prot\u00e9g\u00e9 lorsque, hors contrat, il est par exemple en p\u00e9riode de r\u00e9p\u00e9tition ou de rel\u00e2che, mais aussi pour tout autre accident de la vie priv\u00e9e.<\/p>\n<p><span style=\"display: inline-block; border-radius: 4px;background-color: #FFEBA3;\">D\u00e8s le premier contrat, le membre Smart est couvert par cette assurance \u00ab\u00a0accidents de travail\u00a0\u00bb pour une dur\u00e9e d\u2019un an, de date \u00e0 date. A chaque contrat qui suit, la couverture est prolong\u00e9e automatiquement d\u2019une ann\u00e9e.<\/p>\n<p><span style=\"display: inline-block; border-radius: 4px;background-color: #FFEBA3;\">Et ce n\u2019est pas tout !<br \/>\n<span style=\"display: inline-block; border-radius: 4px;background-color: #FFEBA3;\">vous b\u00e9n\u00e9ciez, en tant que membre de SMartBe:<\/p>\n<ul><span style=\"display: inline-block; border-radius: 4px;background-color: #FFEBA3;\"><\/p>\n<li>d\u2019une assistance lors de vos missions professionnelles \u00e0 l\u2019\u00e9tranger, en ce compris les jours off et les d\u00e9placements &#8211; carte Business Mobility) ;<\/li>\n<li>d\u2019une assurance \u00ab responsabilit\u00e9 civile \u00bb : pour les dommages caus\u00e9s \u00e0 des tiers (corporels et mat\u00e9riels).<\/li>\n<\/ul>","protected":false},"excerpt":{"rendered":"<p>SMartBe a conclu un contrat \u00ab Accidents de travail \u00bb avec la compagnie d\u2019assurances AXA. Par rapport aux donneurs d\u2019ordre d\u2019artistes, Smart est ainsi mandat\u00e9 pour assurer l\u2019artiste contre les accidents du travail survenus dans l\u2019ex\u00e9cution d\u2019un contrat, m\u00eame de &hellip;<\/p>\n","protected":false},"author":20,"featured_media":0,"parent":146,"menu_order":3,"comment_status":"closed","ping_status":"closed","template":"","meta":{"footnotes":""},"tags":[],"class_list":["post-789","page","type-page","status-publish","hentry"],"aioseo_notices":[],"_links":{"self":[{"href":"https:\/\/smartbe.be\/fr\/wp-json\/wp\/v2\/pages\/789","targetHints":{"allow":["GET"]}}],"collection":[{"href":"https:\/\/smartbe.be\/fr\/wp-json\/wp\/v2\/pages"}],"about":[{"href":"https:\/\/smartbe.be\/fr\/wp-json\/wp\/v2\/types\/page"}],"author":[{"embeddable":true,"href":"https:\/\/smartbe.be\/fr\/wp-json\/wp\/v2\/users\/20"}],"replies":[{"embeddable":true,"href":"https:\/\/smartbe.be\/fr\/wp-json\/wp\/v2\/comments?post=789"}],"version-history":[{"count":9,"href":"https:\/\/smartbe.be\/fr\/wp-json\/wp\/v2\/pages\/789\/revisions"}],"predecessor-version":[{"id":1801,"href":"https:\/\/smartbe.be\/fr\/wp-json\/wp\/v2\/pages\/789\/revisions\/1801"}],"up":[{"embeddable":true,"href":"https:\/\/smartbe.be\/fr\/wp-json\/wp\/v2\/pages\/146"}],"wp:attachment":[{"href":"https:\/\/smartbe.be\/fr\/wp-json\/wp\/v2\/media?parent=789"}],"wp:term":[{"taxonomy":"post_tag","embeddable":true,"href":"https:\/\/smartbe.be\/fr\/wp-json\/wp\/v2\/tags?post=789"}],"curies":[{"name":"wp","href":"https:\/\/api.w.org\/{rel}","templated":true}]}}