
{"id":787,"date":"2013-11-04T13:46:04","date_gmt":"2013-11-04T12:46:04","guid":{"rendered":"http:\/\/smartbe.be\/?page_id=787"},"modified":"2014-05-05T09:35:50","modified_gmt":"2014-05-05T08:35:50","slug":"et-si-lincapacite-persiste","status":"publish","type":"page","link":"https:\/\/smartbe.be\/fr\/accidents\/et-si-lincapacite-persiste\/","title":{"rendered":"Et si l\u2019incapacit\u00e9 persiste ?"},"content":{"rendered":"<p><span style=\"display: inline-block; border-radius: 4px;background-color: #FFEBA3;\">Il peut arriver que le travailleur accident\u00e9 ne puisse plus reprendre son travail selon l\u2019horaire normal et les modalit\u00e9s qui pr\u00e9c\u00e9daient l\u2019accident. Les l\u00e9sions subies peuvent ne pas s\u2019am\u00e9liorer ou s\u2019aggraver. C\u2019est le medecin-conseil qui d\u00e9termine cette situation d\u2019incapacit\u00e9 permanente en tenant compte de facteurs tels que l\u2019\u00e2ge du travailleur, la qualification professionnelle, les possibilit\u00e9s de reclassement et de recyclage.<\/p>\n<p><span style=\"display: inline-block; border-radius: 4px;background-color: #FFEBA3;\">L\u2019incapacit\u00e9 cesse d\u2019\u00eatre temporaire. C\u2019est la consolidation de son incapacit\u00e9 partielle ou totale. Elle est soumise au Fonds des accidents du travail (FAT) pour ent\u00e9rinnement. Le travailleur re\u00e7oit alors une allocation annuelle, selon les calculs similaires \u00e0 la situation d\u2019incapacit\u00e9 temporaire.<\/p>\n<p><span style=\"display: inline-block; border-radius: 4px;background-color: #FFEBA3;\">Durant une p\u00e9riode de 3 ans apr\u00e8s la date de l\u2019ent\u00e9rinnement, appel\u00e9e d\u00e9lai de r\u00e9vision, le taux d\u2019incapacit\u00e9 peut \u00eatre modifi\u00e9. Par exemple, une incapacit\u00e9 totale peut devenir partielle ou une incapacit\u00e9 partielle de 60% peut \u00eatre revue \u00e0 40%.<\/p>\n<p><span style=\"display: inline-block; border-radius: 4px;background-color: #FFEBA3;\">A l\u2019expiration du d\u00e9lai de r\u00e9vision, le taux d\u2019incapacit\u00e9 devient fix\u00e9, l\u2019incapacit\u00e9 devient \u00ab\u00a0d\u00e9finitivement\u00a0\u00bb permanente et l\u2019allocation annuelle est remplac\u00e9e par une rente, pay\u00e9e \u00e0 vie.<\/p>","protected":false},"excerpt":{"rendered":"<p>Il peut arriver que le travailleur accident\u00e9 ne puisse plus reprendre son travail selon l\u2019horaire normal et les modalit\u00e9s qui pr\u00e9c\u00e9daient l\u2019accident. Les l\u00e9sions subies peuvent ne pas s\u2019am\u00e9liorer ou s\u2019aggraver. C\u2019est le medecin-conseil qui d\u00e9termine cette situation d\u2019incapacit\u00e9 permanente &hellip;<\/p>\n","protected":false},"author":20,"featured_media":0,"parent":146,"menu_order":2,"comment_status":"closed","ping_status":"closed","template":"","meta":{"footnotes":""},"tags":[],"class_list":["post-787","page","type-page","status-publish","hentry"],"aioseo_notices":[],"_links":{"self":[{"href":"https:\/\/smartbe.be\/fr\/wp-json\/wp\/v2\/pages\/787","targetHints":{"allow":["GET"]}}],"collection":[{"href":"https:\/\/smartbe.be\/fr\/wp-json\/wp\/v2\/pages"}],"about":[{"href":"https:\/\/smartbe.be\/fr\/wp-json\/wp\/v2\/types\/page"}],"author":[{"embeddable":true,"href":"https:\/\/smartbe.be\/fr\/wp-json\/wp\/v2\/users\/20"}],"replies":[{"embeddable":true,"href":"https:\/\/smartbe.be\/fr\/wp-json\/wp\/v2\/comments?post=787"}],"version-history":[{"count":9,"href":"https:\/\/smartbe.be\/fr\/wp-json\/wp\/v2\/pages\/787\/revisions"}],"predecessor-version":[{"id":1800,"href":"https:\/\/smartbe.be\/fr\/wp-json\/wp\/v2\/pages\/787\/revisions\/1800"}],"up":[{"embeddable":true,"href":"https:\/\/smartbe.be\/fr\/wp-json\/wp\/v2\/pages\/146"}],"wp:attachment":[{"href":"https:\/\/smartbe.be\/fr\/wp-json\/wp\/v2\/media?parent=787"}],"wp:term":[{"taxonomy":"post_tag","embeddable":true,"href":"https:\/\/smartbe.be\/fr\/wp-json\/wp\/v2\/tags?post=787"}],"curies":[{"name":"wp","href":"https:\/\/api.w.org\/{rel}","templated":true}]}}