
{"id":784,"date":"2013-11-04T13:45:31","date_gmt":"2013-11-04T12:45:31","guid":{"rendered":"http:\/\/smartbe.be\/?page_id=784"},"modified":"2014-05-05T09:35:47","modified_gmt":"2014-05-05T08:35:47","slug":"comment-seffectue-lindemnisation","status":"publish","type":"page","link":"https:\/\/smartbe.be\/fr\/accidents\/comment-seffectue-lindemnisation\/","title":{"rendered":"Comment s&rsquo;effectue l&rsquo;indemnisation"},"content":{"rendered":"<p><span style=\"display: inline-block; border-radius: 4px;background-color: #FFEBA3;\">Une fois le caract\u00e8re d\u2019accident de travail reconnu par la compagnie d\u2019assurance, celle-ci intervient financi\u00e8rement :<\/p>\n<ul><span style=\"display: inline-block; border-radius: 4px;background-color: #FFEBA3;\"><\/p>\n<li>La compagnie intervient pour payer l\u2019enti\u00e8ret\u00e9 des co\u00fbts(au tarif INAMI) occasionn\u00e9s par l\u2019accident : soins m\u00e9dicaux, hospitalisation, proth\u00e8ses, m\u00e9dicaments, etc.)<\/li>\n<li>Le salaire du premier jour d\u2019incapacit\u00e9, jour de l\u2019accident, est pay\u00e9 par l\u2019employeur. Apr\u00e8s, le m\u00e9decin-conseil de l\u2019assurance d\u00e9termine si l\u2019incapacit\u00e9 est partielle ou totale.<\/li>\n<\/ul>\n<p><span style=\"display: inline-block; border-radius: 4px;background-color: #FFEBA3;\">Si l\u2019incapacit\u00e9 est partielle, l\u2019indemnisation est calcul\u00e9e selon un pourcentage estim\u00e9 par l\u2019\u00e9tat g\u00e9n\u00e9ral de la victime. Par exemple, si l\u2019incapacit\u00e9 est de 60%, cela veut dire que le m\u00e9decin-conseil d\u00e9cide que le travailleur peut travailler \u00e0 40% de son horaire normal. L\u2019indemnit\u00e9 d\u2019incapacit\u00e9 est donc calcul\u00e9e \u00e0 concurrence de ce taux de 60% de la r\u00e9mun\u00e9ration de base.<\/p>\n<p><span style=\"display: inline-block; border-radius: 4px;background-color: #FFEBA3;\">Si l\u2019incapacit\u00e9 est totale, l\u2019indemnit\u00e9 est calcul\u00e9e \u00e0 concurrence de 90% de la r\u00e9mun\u00e9ration de base du travailleur.<\/p>\n<p><span style=\"display: inline-block; border-radius: 4px;background-color: #FFEBA3;\">Dans les deux cas, l\u2019indemnit\u00e9 per\u00e7ue est calcul\u00e9e de fa\u00e7on journali\u00e8re. Le r\u00e9mun\u00e9ration de base comprend ce que le travailleur a per\u00e7u comme revenu durant une p\u00e9riode de 365 jours pr\u00e9c\u00e9dent l\u2019accident.<\/p>","protected":false},"excerpt":{"rendered":"<p>Une fois le caract\u00e8re d\u2019accident de travail reconnu par la compagnie d\u2019assurance, celle-ci intervient financi\u00e8rement : La compagnie intervient pour payer l\u2019enti\u00e8ret\u00e9 des co\u00fbts(au tarif INAMI) occasionn\u00e9s par l\u2019accident : soins m\u00e9dicaux, hospitalisation, proth\u00e8ses, m\u00e9dicaments, etc.) Le salaire du premier &hellip;<\/p>\n","protected":false},"author":20,"featured_media":0,"parent":146,"menu_order":1,"comment_status":"closed","ping_status":"closed","template":"","meta":{"footnotes":""},"tags":[],"class_list":["post-784","page","type-page","status-publish","hentry"],"aioseo_notices":[],"_links":{"self":[{"href":"https:\/\/smartbe.be\/fr\/wp-json\/wp\/v2\/pages\/784","targetHints":{"allow":["GET"]}}],"collection":[{"href":"https:\/\/smartbe.be\/fr\/wp-json\/wp\/v2\/pages"}],"about":[{"href":"https:\/\/smartbe.be\/fr\/wp-json\/wp\/v2\/types\/page"}],"author":[{"embeddable":true,"href":"https:\/\/smartbe.be\/fr\/wp-json\/wp\/v2\/users\/20"}],"replies":[{"embeddable":true,"href":"https:\/\/smartbe.be\/fr\/wp-json\/wp\/v2\/comments?post=784"}],"version-history":[{"count":9,"href":"https:\/\/smartbe.be\/fr\/wp-json\/wp\/v2\/pages\/784\/revisions"}],"predecessor-version":[{"id":1799,"href":"https:\/\/smartbe.be\/fr\/wp-json\/wp\/v2\/pages\/784\/revisions\/1799"}],"up":[{"embeddable":true,"href":"https:\/\/smartbe.be\/fr\/wp-json\/wp\/v2\/pages\/146"}],"wp:attachment":[{"href":"https:\/\/smartbe.be\/fr\/wp-json\/wp\/v2\/media?parent=784"}],"wp:term":[{"taxonomy":"post_tag","embeddable":true,"href":"https:\/\/smartbe.be\/fr\/wp-json\/wp\/v2\/tags?post=784"}],"curies":[{"name":"wp","href":"https:\/\/api.w.org\/{rel}","templated":true}]}}