
{"id":782,"date":"2013-11-04T13:44:23","date_gmt":"2013-11-04T12:44:23","guid":{"rendered":"http:\/\/smartbe.be\/?page_id=782"},"modified":"2014-05-05T09:35:57","modified_gmt":"2014-05-05T08:35:57","slug":"que-faire-en-cas-daccident-du-travail","status":"publish","type":"page","link":"https:\/\/smartbe.be\/fr\/accidents\/que-faire-en-cas-daccident-du-travail\/","title":{"rendered":"Que faire en cas d&rsquo;accident du travail?"},"content":{"rendered":"<p><span style=\"display: inline-block; border-radius: 4px;background-color: #FFEBA3;\">L\u2019employeur doit envoyer \u00e0 sa compagnie d\u2019assurance un formulaire compl\u00e9t\u00e9 dans les 8 jours de la survenance d\u2019un accident, en pr\u00e9cisant au maximum les circonstances de cet accident et s\u2019il se situe \u00e0 l\u2019int\u00e9rieur du lieu de travail, ou sur le chemin du travail :<\/p>\n<p><span style=\"display: inline-block; border-radius: 4px;background-color: #FFEBA3;\">En cas d\u2019accident du travail vous devez donc :<\/p>\n<ul><span style=\"display: inline-block; border-radius: 4px;background-color: #FFEBA3;\"><\/p>\n<li>Nous pr\u00e9venir le plus rapidement possible (si possible dans les 24h de la survenance de l\u2019accident et au plus tard dans les 8 jours \u00e0 compter \u00e0 partir du lendemain de l\u2019accident) ;<\/li>\n<li>Introduire par \u00e9crit une d\u00e9claration d\u2019accident ;<\/li>\n<li>description pr\u00e9cise des circonstances de l\u2019accident (nous contacter)<\/li>\n<li>Nous communiquer le nom et l\u2019adresse de votre mutuelle ainsi que votre num\u00e9ro d\u2019affiliation ;<\/li>\n<li>Nous communiquer le nom du m\u00e9decin traitant, ainsi que les documents utiles pour l\u2019assureur ;<\/li>\n<li>Nous envoyer les attestations de soins, les tickets de pharmacie,&#8230;<\/li>\n<li>Noter le nom et les coordonn\u00e9es des t\u00e9moins.<\/li>\n<\/ul>\n<p><span style=\"display: inline-block; border-radius: 4px;background-color: #FFEBA3;\">Au besoin, un document \u00e9tabli par le travailleur accident\u00e9 peut s\u2019av\u00e9rer n\u00e9cessaire.<\/p>\n<p><span style=\"display: inline-block; border-radius: 4px;background-color: #FFEBA3;\">D\u00e8s qu\u2019elle a re\u00e7u le formulaire envoy\u00e9 par l\u2019employeur, la compagnie a 30 jours pour, soit :<\/p>\n<ul><span style=\"display: inline-block; border-radius: 4px;background-color: #FFEBA3;\"><\/p>\n<li>accepter la demande de l\u2019employeur et donc ouvrir un dossier d\u2019indemnisation<\/li>\n<li>demander des informations compl\u00e9mentaires<\/li>\n<li>refuser le dossier<\/li>\n<\/ul>\n<p><span style=\"display: inline-block; border-radius: 4px;background-color: #FFEBA3;\">Elle informe la mutuelle du travailleur de ses d\u00e9cisions.<\/p>\n<p><span style=\"display: inline-block; border-radius: 4px;background-color: #FFEBA3;\">La compagnie base sa d\u00e9cision d\u2019accepter un dossier sur base d\u2019un ensemble de pr\u00e9somptions qui prouvent bien que l\u2019accident dont a \u00e9t\u00e9 victime le travailleur correspond bien \u00e0 la d\u00e9finition de l\u2019accident de travail : d\u00e9clarations de la victime, t\u00e9moins \u00e9ventuels, soins re\u00e7us le jour m\u00eame, arr\u00eat de travail le jour m\u00eame.<\/p>","protected":false},"excerpt":{"rendered":"<p>L\u2019employeur doit envoyer \u00e0 sa compagnie d\u2019assurance un formulaire compl\u00e9t\u00e9 dans les 8 jours de la survenance d\u2019un accident, en pr\u00e9cisant au maximum les circonstances de cet accident et s\u2019il se situe \u00e0 l\u2019int\u00e9rieur du lieu de travail, ou sur &hellip;<\/p>\n","protected":false},"author":20,"featured_media":0,"parent":146,"menu_order":4,"comment_status":"closed","ping_status":"closed","template":"","meta":{"footnotes":""},"tags":[],"class_list":["post-782","page","type-page","status-publish","hentry"],"aioseo_notices":[],"_links":{"self":[{"href":"https:\/\/smartbe.be\/fr\/wp-json\/wp\/v2\/pages\/782","targetHints":{"allow":["GET"]}}],"collection":[{"href":"https:\/\/smartbe.be\/fr\/wp-json\/wp\/v2\/pages"}],"about":[{"href":"https:\/\/smartbe.be\/fr\/wp-json\/wp\/v2\/types\/page"}],"author":[{"embeddable":true,"href":"https:\/\/smartbe.be\/fr\/wp-json\/wp\/v2\/users\/20"}],"replies":[{"embeddable":true,"href":"https:\/\/smartbe.be\/fr\/wp-json\/wp\/v2\/comments?post=782"}],"version-history":[{"count":9,"href":"https:\/\/smartbe.be\/fr\/wp-json\/wp\/v2\/pages\/782\/revisions"}],"predecessor-version":[{"id":1802,"href":"https:\/\/smartbe.be\/fr\/wp-json\/wp\/v2\/pages\/782\/revisions\/1802"}],"up":[{"embeddable":true,"href":"https:\/\/smartbe.be\/fr\/wp-json\/wp\/v2\/pages\/146"}],"wp:attachment":[{"href":"https:\/\/smartbe.be\/fr\/wp-json\/wp\/v2\/media?parent=782"}],"wp:term":[{"taxonomy":"post_tag","embeddable":true,"href":"https:\/\/smartbe.be\/fr\/wp-json\/wp\/v2\/tags?post=782"}],"curies":[{"name":"wp","href":"https:\/\/api.w.org\/{rel}","templated":true}]}}