
{"id":6995,"date":"2014-05-28T09:02:37","date_gmt":"2014-05-28T08:02:37","guid":{"rendered":"http:\/\/smartbe.be\/?page_id=6995"},"modified":"2017-06-08T14:11:30","modified_gmt":"2017-06-08T13:11:30","slug":"appel-aux-createurs-de-theatre-pour-jeune-public-projets-rendre-pour-le-1er-juillet","status":"publish","type":"page","link":"https:\/\/smartbe.be\/fr\/appel-aux-createurs-de-theatre-pour-jeune-public-projets-rendre-pour-le-1er-juillet\/","title":{"rendered":"Appel aux cr\u00e9ateurs de Th\u00e9\u00e2tre pour jeune public"},"content":{"rendered":"<p><img loading=\"lazy\" decoding=\"async\" class=\"size-medium wp-image-19667 alignleft\" src=\"https:\/\/smartbe.be\/wordpress\/..\/wp-content\/uploads\/2014\/05\/14317351_1118842558203177_7423312566486236353_n-165x300.jpg\" alt=\"\" width=\"165\" height=\"300\" srcset=\"https:\/\/smartbe.be\/wp-content\/uploads\/2014\/05\/14317351_1118842558203177_7423312566486236353_n-165x300.jpg 165w, https:\/\/smartbe.be\/wp-content\/uploads\/2014\/05\/14317351_1118842558203177_7423312566486236353_n-290x527.jpg 290w, https:\/\/smartbe.be\/wp-content\/uploads\/2014\/05\/14317351_1118842558203177_7423312566486236353_n.jpg 528w\" sizes=\"auto, (max-width: 165px) 100vw, 165px\" \/>Vous \u00eates conteurs, marionnettistes, com\u00e9diens, cr\u00e9ateurs de th\u00e9\u00e2tre, jongleurs et artistes de rue pour la jeunesse ? Venez participer \u00e0 l\u2019\u00e9dition 2017 du festival montois de \u00ab\u00a0Th\u00e9\u00e2tre en Rue\u00a0\u00bb !<\/p>\n<p>Chaque ann\u00e9e, le temps d\u2019un festival, Mons met le th\u00e9\u00e2tre \u00e0 l\u2019honneur et transforme ses rues en sc\u00e8nes. En vue de soutenir les cr\u00e9ateurs de th\u00e9\u00e2tre pour jeune public, Smart poursuit sa collaboration avec la Ville de Mons pour la programmation, au pied\u00a0du Beffroi de Mons d&rsquo;une sc\u00e8ne sp\u00e9cifique d\u00e9di\u00e9e \u00e0 un jeune public (enfants et jeunes ados),<strong> qui passera cette ann\u00e9e sur deux jours.\u00a0<\/strong><\/p>\n<p class=\"alignnone\">Pour participer \u00e0 cette journ\u00e9e, envoyez-nous votre candidature, un dossier de pr\u00e9sentation de votre spectacle et une fiche technique et le cachet demand\u00e9 \u00e0 <a href=\"mailto:&#x6d;&#x6f;&#x6e;&#x73;&#x40;&#x73;&#x6d;&#x61;&#x72;&#x74;&#x2e;&#x63;&#x6f;&#x6f;&#x70;\">&#x6d;&#x6f;&#x6e;&#x73;&#x40;<span class=\"oe_displaynone\">null<\/span>&#x73;&#x6d;&#x61;&#x72;&#x74;&#x2e;&#x63;&#x6f;&#x6f;&#x70;<\/a>.<\/p>\n<p><strong>Infos pratiques :<\/strong><\/p>\n<p>Les sc\u00e8nes de SMartBe se d\u00e9rouleront le <strong>16 et 17<\/strong>\u00a0septembre. Dur\u00e9e maximum de la prestation: 60 minutes.<\/p>\n<p><strong>Int\u00e9ress\u00e9(e)? Envoyez votre candidature avant le 9 juillet<\/strong> avec :<\/p>\n<ul>\n<li>un petit dossier de pr\u00e9sentation de votre spectacle<\/li>\n<li>un synopsis<\/li>\n<li>une fiche technique<\/li>\n<li>une photo <strong>(bonne qualit\u00e9)<br \/>\n<\/strong><\/li>\n<\/ul>\n<p>Merci de nous sp\u00e9cifier si vous \u00eates disponibles les deux jours, pour faciliter notre travail de s\u00e9lection.<\/p>\n<p>Pour des raisons pratiques, il ne sera r\u00e9pondu qu&rsquo;aux propositions s\u00e9lectionn\u00e9es. Une absence de r\u00e9ponse signifiera donc la non-s\u00e9lection du dossier (il sera n\u00e9anmoins toujours possible d&rsquo;en obtenir confirmation sur simple demande).<\/p>\n<p>A tr\u00e8s bient\u00f4t durant le festival \u00ab\u00a0Th\u00e9\u00e2tre en Rue\u00a0\u00bb, les <strong>15, 16 &amp; 17 septembre 2017<\/strong> \u00e0 <strong>Mons<\/strong>.<\/p>\n<p>&nbsp;<\/p>","protected":false},"excerpt":{"rendered":"<p>Vous \u00eates conteurs, marionnettistes, com\u00e9diens, cr\u00e9ateurs de th\u00e9\u00e2tre, jongleurs et artistes de rue pour la jeunesse ? Venez participer \u00e0 l\u2019\u00e9dition 2017 du festival montois de \u00ab\u00a0Th\u00e9\u00e2tre en Rue\u00a0\u00bb ! Chaque ann\u00e9e, le temps d\u2019un festival, Mons met le th\u00e9\u00e2tre &hellip;<\/p>\n","protected":false},"author":3,"featured_media":0,"parent":0,"menu_order":0,"comment_status":"closed","ping_status":"closed","template":"","meta":{"footnotes":""},"tags":[],"class_list":["post-6995","page","type-page","status-publish","hentry"],"aioseo_notices":[],"_links":{"self":[{"href":"https:\/\/smartbe.be\/fr\/wp-json\/wp\/v2\/pages\/6995","targetHints":{"allow":["GET"]}}],"collection":[{"href":"https:\/\/smartbe.be\/fr\/wp-json\/wp\/v2\/pages"}],"about":[{"href":"https:\/\/smartbe.be\/fr\/wp-json\/wp\/v2\/types\/page"}],"author":[{"embeddable":true,"href":"https:\/\/smartbe.be\/fr\/wp-json\/wp\/v2\/users\/3"}],"replies":[{"embeddable":true,"href":"https:\/\/smartbe.be\/fr\/wp-json\/wp\/v2\/comments?post=6995"}],"version-history":[{"count":7,"href":"https:\/\/smartbe.be\/fr\/wp-json\/wp\/v2\/pages\/6995\/revisions"}],"predecessor-version":[{"id":19668,"href":"https:\/\/smartbe.be\/fr\/wp-json\/wp\/v2\/pages\/6995\/revisions\/19668"}],"wp:attachment":[{"href":"https:\/\/smartbe.be\/fr\/wp-json\/wp\/v2\/media?parent=6995"}],"wp:term":[{"taxonomy":"post_tag","embeddable":true,"href":"https:\/\/smartbe.be\/fr\/wp-json\/wp\/v2\/tags?post=6995"}],"curies":[{"name":"wp","href":"https:\/\/api.w.org\/{rel}","templated":true}]}}