
{"id":62,"date":"2013-10-21T16:09:01","date_gmt":"2013-10-21T15:09:01","guid":{"rendered":"http:\/\/smartbe.be\/?page_id=62"},"modified":"2026-03-19T14:21:45","modified_gmt":"2026-03-19T13:21:45","slug":"entites","status":"publish","type":"page","link":"https:\/\/smartbe.be\/fr\/a-propos\/entites\/","title":{"rendered":"Entit\u00e9s"},"content":{"rendered":"<p>En vue de r\u00e9pondre aux ambitions du projet, Smart s\u2019est structur\u00e9e autour de plusieurs entit\u00e9s juridiques distinctes, d\u00e9di\u00e9es \u00e0 h\u00e9berger l\u2019activit\u00e9 de ses utilisateurs: Productions Associ\u00e9es, Formateurs Associ\u00e9s&#8230;<\/p>\n<p>En 2017, Smart a cr\u00e9\u00e9 la structure coop\u00e9rative SmartCoop, faiti\u00e8re du groupe. <a href=\"https:\/\/smartbe.be\/fr\/la-cooperative-en-pratique\/\">Pour en savoir plus sur la coop\u00e9rative<\/a><\/p>\n<p>&nbsp;<\/p>\n<h3><strong>Attention: changement de compte bancaire<\/strong><\/h3>\n<p><strong>Depuis le 8 septembre 2025, merci d\u2019utiliser exclusivement le nom et le num\u00e9ro de compte indiqu\u00e9 sur vos factures <\/strong>(Productions Associ\u00e9es ou Formateurs Associ\u00e9s)<strong>.<\/strong><\/p>\n<p>&nbsp;<\/p>\n<h2>Productions Associ\u00e9es<\/h2>\n<p>L\u2019asbl Productions Associ\u00e9es favorise et soutient les activit\u00e9s exerc\u00e9es au projet en mettant \u00e0 la disposition des membres un outil de gestion administrative et financi\u00e8re.<\/p>\n<p><strong>Donn\u00e9es administratives<\/strong><\/p>\n<p><strong>Productions Associ\u00e9es<br \/>\n<\/strong>Rue Coenraets, 72<br \/>\n1060 Bruxelles<\/p>\n<p>&#8212;&#8212;&#8212;&#8212;&#8212;&#8212;&#8212;&#8212;&#8212;&#8212;&#8212;&#8212;&#8212;&#8212;&#8212;&#8212;&#8212;&#8212;&#8212;<\/p>\n<p>Compte en banque de l&rsquo;entit\u00e9<\/p>\n<p>IBAN: BE27 0689 0175 5473 &#8211;\u00a0BIC GKCCBEBB<\/p>\n<p>Belfius<br \/>\nRue des Champs, 6<br \/>\n1040 \u00a0Bruxelles<br \/>\n&#8212;&#8212;&#8212;&#8212;&#8212;&#8212;&#8212;&#8212;&#8212;&#8212;&#8212;&#8212;&#8212;&#8212;&#8212;&#8212;&#8212;&#8212;&#8212;<br \/>\nN\u00b0 ONSS: 1341981-41<br \/>\nCommission paritaire: 304<br \/>\nCaisse d&rsquo;allocations familiales: UCM B5205<br \/>\nNum\u00e9ro d&rsquo;affiliation \u00e0 l&rsquo;ONP: 1341981-41<br \/>\n&#8212;&#8212;&#8212;&#8212;&#8212;&#8212;&#8212;&#8212;&#8212;&#8212;&#8212;&#8212;&#8212;&#8212;&#8212;&#8212;&#8212;&#8212;&#8212;<br \/>\nN\u00b0 de TVA:\u00a0 BE 0896.755.397<br \/>\nN\u00b0 d&rsquo;entreprise:\u00a0 896755397<\/p>\n<p>&nbsp;<\/p>\n<hr class=\"page-divider\" \/>\n<p>&nbsp;<\/p>\n<p>&nbsp;<\/p>\n<h2>Formateurs Associ\u00e9s<\/h2>\n<p>Formateurs associ\u00e9s s\u2019adresse aux formatrices et formateurs souhaitant proposer leurs prestations en respect des r\u00e8glementations en vigueur dans ce domaine d\u2019activit\u00e9.<\/p>\n<p><strong>Donn\u00e9es administratives<\/strong><\/p>\n<p><strong>Formateurs Associ\u00e9s<br \/>\n<\/strong>Rue Coenraets, 72<br \/>\n1060 Bruxelles<\/p>\n<p>&#8212;&#8212;&#8212;&#8212;&#8212;&#8212;&#8212;&#8212;&#8212;&#8212;&#8212;&#8212;&#8212;&#8212;&#8212;&#8212;&#8212;&#8212;&#8212;<\/p>\n<p>Compte en banque de l&rsquo;entit\u00e9<\/p>\n<p>IBAN: BE64 0689 0557 5152 &#8211; BIC GKCCBEBB<\/p>\n<p>Belfius<br \/>\nRue des Champs, 6<br \/>\n1040\u00a0 Bruxelles<\/p>\n<p>&#8212;&#8212;&#8212;&#8212;&#8212;&#8212;&#8212;&#8212;&#8212;&#8212;&#8212;&#8212;&#8212;&#8212;&#8212;&#8212;&#8212;&#8212;&#8212;<\/p>\n<p>N\u00b0 ONSS:\u00a01414199-85<br \/>\nCommission paritaire: 337<br \/>\nCaisse d&rsquo;allocations familiales:\u00a0UCM B5205<br \/>\nNum\u00e9ro d&rsquo;affiliation \u00e0 l&rsquo;ONP: 1414199-85<\/p>\n<p>&#8212;&#8212;&#8212;&#8212;&#8212;&#8212;&#8212;&#8212;&#8212;&#8212;&#8212;&#8212;&#8212;&#8212;&#8212;&#8212;&#8212;&#8212;&#8212;<\/p>\n<p>N\u00b0 TVA : Non assujetti<br \/>\nN\u00b0 entreprise:\u00a0 0654785434<\/p>\n<p>&nbsp;<\/p>\n<hr class=\"page-divider\" \/>\n<p>&nbsp;<\/p>\n<p>&nbsp;<\/p>\n<h2>SmartCoop<\/h2>\n<p>Soci\u00e9t\u00e9 coop\u00e9rative \u00e0 responsabilit\u00e9 limit\u00e9e \u00e0 finalit\u00e9 sociale, et faiti\u00e8re du groupe, Smart permet \u00e0 ses soci\u00e9taires travailleurs autonomes de d\u00e9velopper leur activit\u00e9 \u00e9conomique dans un cadre s\u00e9curis\u00e9.<\/p>\n<p><strong>Donn\u00e9es administratives<\/strong><\/p>\n<p><strong>SmartCoop<br \/>\n<\/strong>Rue Coenraets, 72<br \/>\n1060 Bruxelles<\/p>\n<p>&#8212;&#8212;&#8212;&#8212;&#8212;&#8212;&#8212;&#8212;&#8212;&#8212;&#8212;&#8212;&#8212;&#8212;&#8212;&#8212;&#8212;&#8212;&#8212;<\/p>\n<p>Compte en banque de l&rsquo;entit\u00e9<\/p>\n<p>IBAN: BE25 068930836982 &#8211; BIC GKCCBEBB<\/p>\n<p>Belfius<br \/>\nRue des Champs, 6<br \/>\n1040\u00a0 Bruxelles<\/p>\n<p>&#8212;&#8212;&#8212;&#8212;&#8212;&#8212;&#8212;&#8212;&#8212;&#8212;&#8212;&#8212;&#8212;&#8212;&#8212;&#8212;&#8212;&#8212;&#8212;<\/p>\n<p>N\u00b0 ONSS: 142 53 6843-01<br \/>\nCommission paritaire: 337<br \/>\nCaisse d&rsquo;allocations familiales: 1482193611<\/p>\n<p>&#8212;&#8212;&#8212;&#8212;&#8212;&#8212;&#8212;&#8212;&#8212;&#8212;&#8212;&#8212;&#8212;&#8212;&#8212;&#8212;&#8212;&#8212;&#8212;<\/p>\n<p>N\u00b0 TVA : BE 0668600511<br \/>\nN\u00b0 entreprise:\u00a0 668600511<\/p>\n<p>&nbsp;<\/p>\n<hr class=\"page-divider\" \/>\n<p>&nbsp;<\/p>\n<p>&nbsp;<\/p>\n<h2>Fondation Smart<\/h2>\n<p><strong>Donn\u00e9es administratives<\/strong><\/p>\n<p><strong>Fondation Smart<br \/>\n<\/strong>Rue Coenraets, 72<br \/>\n1060 Bruxelles<\/p>\n<p>&#8212;&#8212;&#8212;&#8212;&#8212;&#8212;&#8212;&#8212;&#8212;&#8212;&#8212;&#8212;&#8212;&#8212;&#8212;&#8212;&#8212;&#8212;&#8212;<\/p>\n<p>Compte en banque de l&rsquo;entit\u00e9<\/p>\n<p>IBAN: BE62 068900871561 &#8211; BIC GKCCBEBB<\/p>\n<p>Belfius<br \/>\nRue des Champs, 6<br \/>\n1040\u00a0 Bruxelles<\/p>\n<p>&#8212;&#8212;&#8212;&#8212;&#8212;&#8212;&#8212;&#8212;&#8212;&#8212;&#8212;&#8212;&#8212;&#8212;&#8212;&#8212;&#8212;&#8212;&#8212;<\/p>\n<p>N\u00b0 ONSS: 1342 15213-01<br \/>\nCommission paritaire: 329.03<br \/>\nCaisse d&rsquo;allocations familiales: B5202<\/p>\n<p>&#8212;&#8212;&#8212;&#8212;&#8212;&#8212;&#8212;&#8212;&#8212;&#8212;&#8212;&#8212;&#8212;&#8212;&#8212;&#8212;&#8212;&#8212;&#8212;<\/p>\n<p>N\u00b0 TVA: BE 0806201741<br \/>\nN\u00b0 entreprise:\u00a0 806201741<\/p>\n<p>&nbsp;<\/p>\n<hr class=\"page-divider\" \/>\n<h2><\/h2>","protected":false},"excerpt":{"rendered":"<p>En vue de r\u00e9pondre aux ambitions du projet, Smart s\u2019est structur\u00e9e autour de plusieurs entit\u00e9s juridiques distinctes, d\u00e9di\u00e9es \u00e0 h\u00e9berger l\u2019activit\u00e9 de ses utilisateurs: Productions Associ\u00e9es, Formateurs Associ\u00e9s&#8230; En 2017, Smart a cr\u00e9\u00e9 la structure coop\u00e9rative SmartCoop, faiti\u00e8re du groupe. &hellip;<\/p>\n","protected":false},"author":20,"featured_media":0,"parent":27,"menu_order":3,"comment_status":"closed","ping_status":"closed","template":"","meta":{"footnotes":""},"tags":[],"class_list":["post-62","page","type-page","status-publish","hentry"],"aioseo_notices":[],"_links":{"self":[{"href":"https:\/\/smartbe.be\/fr\/wp-json\/wp\/v2\/pages\/62","targetHints":{"allow":["GET"]}}],"collection":[{"href":"https:\/\/smartbe.be\/fr\/wp-json\/wp\/v2\/pages"}],"about":[{"href":"https:\/\/smartbe.be\/fr\/wp-json\/wp\/v2\/types\/page"}],"author":[{"embeddable":true,"href":"https:\/\/smartbe.be\/fr\/wp-json\/wp\/v2\/users\/20"}],"replies":[{"embeddable":true,"href":"https:\/\/smartbe.be\/fr\/wp-json\/wp\/v2\/comments?post=62"}],"version-history":[{"count":64,"href":"https:\/\/smartbe.be\/fr\/wp-json\/wp\/v2\/pages\/62\/revisions"}],"predecessor-version":[{"id":49470,"href":"https:\/\/smartbe.be\/fr\/wp-json\/wp\/v2\/pages\/62\/revisions\/49470"}],"up":[{"embeddable":true,"href":"https:\/\/smartbe.be\/fr\/wp-json\/wp\/v2\/pages\/27"}],"wp:attachment":[{"href":"https:\/\/smartbe.be\/fr\/wp-json\/wp\/v2\/media?parent=62"}],"wp:term":[{"taxonomy":"post_tag","embeddable":true,"href":"https:\/\/smartbe.be\/fr\/wp-json\/wp\/v2\/tags?post=62"}],"curies":[{"name":"wp","href":"https:\/\/api.w.org\/{rel}","templated":true}]}}