
{"id":49378,"date":"2026-02-25T18:13:09","date_gmt":"2026-02-25T17:13:09","guid":{"rendered":"https:\/\/smartbe.be\/?page_id=49378"},"modified":"2026-03-09T12:48:09","modified_gmt":"2026-03-09T11:48:09","slug":"soumettre-un-sujet-au-conseil-dadministration","status":"publish","type":"page","link":"https:\/\/smartbe.be\/fr\/soumettre-un-sujet-au-conseil-dadministration\/","title":{"rendered":"Soumettre un sujet au conseil d\u2019administration"},"content":{"rendered":"<p><strong>Afin que les sujets trait\u00e9s par le conseil d\u2019administration soient au plus proche des r\u00e9alit\u00e9s et pr\u00e9occupations des membres de la coop\u00e9rative et continuer \u00e0 accro\u00eetre la d\u00e9mocratie du projet partag\u00e9, vous pouvez lui soumettre un sujet pour discussion. Voici la marche \u00e0 suivre:<\/strong><\/p>\n<p>&nbsp;<\/p>\n<h2>Avant toute d\u00e9marche<\/h2>\n<p>Nous vous invitons \u00e0 vous poser quatre questions de fond:<\/p>\n<ul>\n<li>Ce sujet est-il repr\u00e9sentatif d\u2019une part importante de membres soci\u00e9taires de la coop\u00e9rative?<\/li>\n<li>Pourquoi est-il important que le conseil d\u2019administration se penche sur ce sujet dans le cadre de ses missions?<\/li>\n<li>En quoi ce sujet vous semble-t-il primordial pour l\u2019avenir de Smart?<\/li>\n<li>Ce sujet est-il en ad\u00e9quation avec les valeurs et la vision du mod\u00e8le d\u2019entreprise partag\u00e9e de Smart?<\/li>\n<\/ul>\n<p>Si vous avez des r\u00e9ponses argument\u00e9es \u00e0 ces questions, vous pouvez passer \u00e0 l&rsquo;\u00e9tape suivante.<\/p>\n<p>&nbsp;<\/p>\n<h2>V\u00e9rifier la recevabilit\u00e9 du sujet<\/h2>\n<p><strong>\u2192 1.<\/strong> S&rsquo;assurer que le sujet entre bien dans les <a href=\"https:\/\/smartbe.be\/fr\/devenir-membre-du-conseil-dadministration\/#action\">comp\u00e9tences du conseil d\u2019administration<\/a> et qu\u2019il peut agir.<br \/>\nUn entretien pr\u00e9alable avec l\u2019\u00e9quipe charg\u00e9e de la <a href=\"&#x6c;&#x65;&#x74;&#x73;&#x63;&#x6f;&#x6f;&#x70;&#x40;&#x73;&#x6d;&#x61;&#x72;&#x74;&#x2e;&#x63;&#x6f;&#x6f;&#x70;\">vie coop\u00e9rative<\/a> peut \u00eatre organis\u00e9 pour faire ensemble cette v\u00e9rification.<\/p>\n<p><strong>\u2192 2.<\/strong> Si vous soumettez le sujet, vous devez avoir au moins six mois d\u2019anciennet\u00e9 au sein de Smart et \u00eatre soci\u00e9taire actif\u00b7ve (avoir r\u00e9alis\u00e9 des contrats, frais, etc. dans les 12 derniers mois).<\/p>\n<h2>Garantir un soutien suffisant<\/h2>\n<p>La proposition doit \u00eatre soutenue par un nombre significatif de membres.<\/p>\n<p><strong>\u2192 3.<\/strong> Fournir une premi\u00e8re liste comprenant les signatures de 50 membres.<\/p>\n<p><strong>\u2192 4.<\/strong> Si la proposition est jug\u00e9e recevable (dans le p\u00e9rim\u00e8tre du conseil d\u2019administration), cette liste devra \u00eatre compl\u00e9t\u00e9e par 100 signatures suppl\u00e9mentaires, afin d\u2019atteindre 150 soutiens, pour que le sujet soit soumis au conseil d\u2019administration.<\/p>\n<p>&nbsp;<\/p>\n<h2>Forme de la proposition<\/h2>\n<p>Votre demande doit comporter les \u00e9l\u00e9ments suivants:<\/p>\n<ul>\n<li>Th\u00e8me de la demande: contexte et informations cl\u00e9s sur le sujet.<\/li>\n<li>Attentes vis-\u00e0-vis du conseil d\u2019administration: s\u2019agit-il d\u2019une prise de position, d\u2019un avis, d\u2019une d\u00e9cision?<\/li>\n<li>Informations et documentations: les sources dont vous disposez.<\/li>\n<li>Arguments: raisons et position qui motivent cette demande.<\/li>\n<li>Proposition(s): pistes de solutions ou de r\u00e9solutions possibles?<\/li>\n<li>\u00a0Pour chaque soutien, les informations suivantes:<br \/>\npr\u00e9nom \/ nom \/ n\u00b0 de membre \/ m\u00e9tier \/ mail \/ t\u00e9l\u00e9phone.<br \/>\nPour centraliser les informations et faciliter la collecte, plusieurs moyens sont possibles. Exemples: vous cr\u00e9ez un fichier Excel (ou format libre similaire) et vous collectez les informations. Ou vous cr\u00e9ez un formulaire en ligne \u00e0 partager \u00e0 vos contacts Smart.<\/li>\n<\/ul>\n<h2>Envoi de la proposition<\/h2>\n<p>Les crit\u00e8res sont remplis, et les 50 soutiens sont list\u00e9s?<\/p>\n<p>Envoyez la proposition \u00e0 <a href=\"mailto:&#x6c;&#x65;&#x74;&#x73;&#x63;&#x6f;&#x6f;&#x70;&#x40;&#x73;&#x6d;&#x61;&#x72;&#x74;&#x2e;&#x63;&#x6f;&#x6f;&#x70;\">&#x6c;&#x65;&#x74;&#x73;&#x63;&#x6f;&#x6f;&#x70;&#x40;<span class=\"oe_displaynone\">null<\/span>&#x73;&#x6d;&#x61;&#x72;&#x74;&#x2e;&#x63;&#x6f;&#x6f;&#x70;<\/a><\/p>\n<p>Nous reviendrons rapidement vers vous pour compl\u00e9ter ce premier listing afin d\u2019atteindre 150 soutiens.<\/p>\n<p>Une fois ces \u00e9l\u00e9ments r\u00e9unis, votre sujet pourra \u00eatre soumis au conseil d\u2019administration.<\/p>\n<p>&nbsp;<\/p>\n<h3>Des questions?<\/h3>\n<p>Contactez-nous par mail \u00e0 <a href=\"mailto:&#x6c;&#x65;&#x74;&#x73;&#x63;&#x6f;&#x6f;&#x70;&#x40;&#x73;&#x6d;&#x61;&#x72;&#x74;&#x2e;&#x63;&#x6f;&#x6f;&#x70;\">&#x6c;&#x65;&#x74;&#x73;&#x63;&#x6f;&#x6f;&#x70;&#x40;<span class=\"oe_displaynone\">null<\/span>&#x73;&#x6d;&#x61;&#x72;&#x74;&#x2e;&#x63;&#x6f;&#x6f;&#x70;<\/a><\/p>\n<p>&nbsp;<\/p>\n<p>&nbsp;<\/p>","protected":false},"excerpt":{"rendered":"<p>Afin que les sujets trait\u00e9s par le conseil d\u2019administration soient au plus proche des r\u00e9alit\u00e9s et pr\u00e9occupations des membres de la coop\u00e9rative et continuer \u00e0 accro\u00eetre la d\u00e9mocratie du projet partag\u00e9, vous pouvez lui soumettre un sujet pour discussion. Voici &hellip;<\/p>\n","protected":false},"author":13,"featured_media":0,"parent":0,"menu_order":0,"comment_status":"closed","ping_status":"closed","template":"","meta":{"footnotes":""},"tags":[],"class_list":["post-49378","page","type-page","status-publish","hentry"],"aioseo_notices":[],"_links":{"self":[{"href":"https:\/\/smartbe.be\/fr\/wp-json\/wp\/v2\/pages\/49378","targetHints":{"allow":["GET"]}}],"collection":[{"href":"https:\/\/smartbe.be\/fr\/wp-json\/wp\/v2\/pages"}],"about":[{"href":"https:\/\/smartbe.be\/fr\/wp-json\/wp\/v2\/types\/page"}],"author":[{"embeddable":true,"href":"https:\/\/smartbe.be\/fr\/wp-json\/wp\/v2\/users\/13"}],"replies":[{"embeddable":true,"href":"https:\/\/smartbe.be\/fr\/wp-json\/wp\/v2\/comments?post=49378"}],"version-history":[{"count":11,"href":"https:\/\/smartbe.be\/fr\/wp-json\/wp\/v2\/pages\/49378\/revisions"}],"predecessor-version":[{"id":49440,"href":"https:\/\/smartbe.be\/fr\/wp-json\/wp\/v2\/pages\/49378\/revisions\/49440"}],"wp:attachment":[{"href":"https:\/\/smartbe.be\/fr\/wp-json\/wp\/v2\/media?parent=49378"}],"wp:term":[{"taxonomy":"post_tag","embeddable":true,"href":"https:\/\/smartbe.be\/fr\/wp-json\/wp\/v2\/tags?post=49378"}],"curies":[{"name":"wp","href":"https:\/\/api.w.org\/{rel}","templated":true}]}}