
{"id":48756,"date":"2025-11-05T12:10:28","date_gmt":"2025-11-05T11:10:28","guid":{"rendered":"https:\/\/smartbe.be\/?page_id=48756"},"modified":"2025-11-05T17:19:00","modified_gmt":"2025-11-05T16:19:00","slug":"comment-fonctionne-une-entreprise-partagee","status":"publish","type":"page","link":"https:\/\/smartbe.be\/fr\/comment-fonctionne-une-entreprise-partagee\/","title":{"rendered":"Comment fonctionne une entreprise partag\u00e9e?"},"content":{"rendered":"<p>Cr\u00e9er sa soci\u00e9t\u00e9 ou travailler en tant qu\u2019ind\u00e9pendant\u00b7e, ce n\u2019est pas toujours simple: d\u00e9marches administratives, contraintes l\u00e9gales, risques financiers\u2026<\/p>\n<h3><strong>Smart propose une autre voie: celle de l\u2019entreprise partag\u00e9e.<\/strong><\/h3>\n<p>Plut\u00f4t que de cr\u00e9er votre propre structure, vous rejoignez une entreprise commune, partag\u00e9e par des milliers de professionnel\u00b7les.<\/p>\n<p>Vous exercez votre m\u00e9tier en pleine autonomie, tout en mutualisant les outils et les services n\u00e9cessaires \u00e0 la gestion de votre activit\u00e9.<\/p>\n<p>Un peu comme une voiture partag\u00e9e, Smart est le v\u00e9hicule commun, juridique et administratif, qui permet \u00e0 chacun\u00b7e de travailler \u00e0 son rythme, avec moins de charge mentale.<\/p>\n<p>L\u2019entreprise partag\u00e9e, c\u2019est aussi la garantie d\u2019un cadre solide, d\u2019une plus grande s\u00e9curit\u00e9 et de moins de risques personnels. Une faillite individuelle est impossible.<\/p>\n<p>&nbsp;<\/p>\n<table style=\"border: 4px solid #ff4054; height: 429px;\" border=\"2\" width=\"1381\" cellspacing=\"0\" cellpadding=\"30\">\n<tbody>\n<tr>\n<td>\n<h3><strong>Concr\u00e8tement, comment \u00e7a fonctionne?<\/strong><\/h3>\n<ul>\n<li>Vous trouvez les client\u00b7es et fixez les tarifs.<\/li>\n<li>Vous r\u00e9alisez la prestation.<\/li>\n<li>Vous \u00eates salari\u00e9\u00b7e de Smart le temps de la mission, sous contrat \u00e0 dur\u00e9e d\u00e9termin\u00e9e. Smart est donc votre employeuse.<\/li>\n<li>Vous b\u00e9n\u00e9ficiez de la s\u00e9curit\u00e9 sociale et de tous les droits li\u00e9s \u00e0 votre statut de salari\u00e9\u00b7e.<\/li>\n<\/ul>\n<p>&nbsp;<\/p>\n<h3><strong>Une fois la prestation termin\u00e9e:<\/strong><\/h3>\n<ul>\n<li>Votre salaire est vers\u00e9 sous 7 jours ouvrables.<\/li>\n<li>La facture est envoy\u00e9e au client de mani\u00e8re automatique (via les outils Smart) et le suivi des paiements assur\u00e9.<\/li>\n<\/ul>\n<p>&nbsp;<\/p>\n<p><strong>Toutes les d\u00e9marches administratives, sociales et fiscales sont r\u00e9alis\u00e9es:<\/strong><\/p>\n<ul>\n<li>Gestion des cotisations sociales et patronales, et du pr\u00e9compte professionnel.<\/li>\n<li>D\u00e9clarations TVA et fiscales.<\/li>\n<li>Mise \u00e0 disposition des documents sociaux: contrat de travail, fiche de paie, C4, etc.<\/li>\n<\/ul>\n<\/td>\n<\/tr>\n<\/tbody>\n<\/table>\n<p>&nbsp;<\/p>\n<h2><strong>Rejoindre Smart, c\u2019est choisir:<\/strong><\/h2>\n<ul>\n<li><strong>L\u2019autonomie, sans l\u2019isolement.<\/strong> Vous d\u00e9veloppez votre activit\u00e9 \u00e0 votre rythme, \u00e0 votre mani\u00e8re.<\/li>\n<li><strong>La s\u00e9curit\u00e9, sans la complexit\u00e9.<\/strong> Vos prestations sont couvertes juridiquement et financi\u00e8rement.<\/li>\n<li><strong>La force du collectif, sans renoncer \u00e0 votre libert\u00e9.<\/strong> Vous b\u00e9n\u00e9ficiez du soutien d\u2019une \u00e9quipe et d\u2019un r\u00e9seau de pairs avec qui \u00e9changer et coop\u00e9rer.<\/li>\n<\/ul>\n<p>&nbsp;<\/p>\n<h2><strong>Envie d\u2019en savoir plus?<\/strong><\/h2>\n<p>Participez \u00e0 une <a href=\"https:\/\/smartbe.be\/fr\/nos-services\/sessions-dinformation\/\">session d\u2019info gratuite<\/a>, d\u00e9couvrez concr\u00e8tement comment fonctionne Smart, posez vos questions et rencontrez l\u2019\u00e9quipe.<\/p>\n<p>&nbsp;<\/p>\n<h1>\u2794 <a href=\"https:\/\/smartbe.be\/fr\/nos-services\/sessions-dinformation\/\">Je m\u2019inscris \u00e0 une session d\u2019info<\/a><\/h1>\n<p>&nbsp;<\/p>\n<p>&nbsp;<\/p>\n<h3><strong>Pour aller plus loin:<\/strong><\/h3>\n<ul>\n<li><a href=\"https:\/\/smartbe.be\/fr\/smart-pour-qui\/\">Smart, pour qui?<\/a><\/li>\n<\/ul>\n<ul>\n<li><a href=\"https:\/\/smartbe.be\/fr\/securisez-votre-projet-professionnel\/\">S\u00e9curisez votre projet professionnel<\/a><\/li>\n<\/ul>\n<ul>\n<li><a href=\"https:\/\/smartbe.be\/fr\/pourquoi-rejoindre-smart\/\">Pourquoi rejoindre Smart?<\/a><\/li>\n<\/ul>\n<ul>\n<li><a href=\"https:\/\/smartbe.be\/fr\/nos-services\/\">Les outils et services de l\u2019entreprise partag\u00e9e<\/a><\/li>\n<\/ul>\n<ul>\n<li><a href=\"https:\/\/smartbe.be\/fr\/nos-services\/modele-economique\/\">Que co\u00fbte Smart?<\/a><\/li>\n<\/ul>\n<ul>\n<li><a href=\"https:\/\/guide.smart.coop\/docs\/comprendre-smart\">Comprendre Smart, le guide<\/a><\/li>\n<\/ul>\n<ul>\n<li><a href=\"https:\/\/smartbe.be\/fr\/news\/portrait\/mascha-je-nai-pas-le-temps-de-rappeler-les-impayes-je-prefere-de-loin-consacrer-ce-temps-la-au-processus-de-creation\/\">Ils et elles ont rejoint Smart. D\u00e9couvrez pourquoi<\/a><\/li>\n<\/ul>\n<p>&nbsp;<\/p>","protected":false},"excerpt":{"rendered":"<p>Cr\u00e9er sa soci\u00e9t\u00e9 ou travailler en tant qu\u2019ind\u00e9pendant\u00b7e, ce n\u2019est pas toujours simple: d\u00e9marches administratives, contraintes l\u00e9gales, risques financiers\u2026 Smart propose une autre voie: celle de l\u2019entreprise partag\u00e9e. Plut\u00f4t que de cr\u00e9er votre propre structure, vous rejoignez une entreprise commune, &hellip;<\/p>\n","protected":false},"author":53,"featured_media":48827,"parent":0,"menu_order":0,"comment_status":"closed","ping_status":"closed","template":"","meta":{"footnotes":""},"tags":[],"class_list":["post-48756","page","type-page","status-publish","has-post-thumbnail","hentry"],"aioseo_notices":[],"_links":{"self":[{"href":"https:\/\/smartbe.be\/fr\/wp-json\/wp\/v2\/pages\/48756","targetHints":{"allow":["GET"]}}],"collection":[{"href":"https:\/\/smartbe.be\/fr\/wp-json\/wp\/v2\/pages"}],"about":[{"href":"https:\/\/smartbe.be\/fr\/wp-json\/wp\/v2\/types\/page"}],"author":[{"embeddable":true,"href":"https:\/\/smartbe.be\/fr\/wp-json\/wp\/v2\/users\/53"}],"replies":[{"embeddable":true,"href":"https:\/\/smartbe.be\/fr\/wp-json\/wp\/v2\/comments?post=48756"}],"version-history":[{"count":4,"href":"https:\/\/smartbe.be\/fr\/wp-json\/wp\/v2\/pages\/48756\/revisions"}],"predecessor-version":[{"id":48878,"href":"https:\/\/smartbe.be\/fr\/wp-json\/wp\/v2\/pages\/48756\/revisions\/48878"}],"wp:featuredmedia":[{"embeddable":true,"href":"https:\/\/smartbe.be\/fr\/wp-json\/wp\/v2\/media\/48827"}],"wp:attachment":[{"href":"https:\/\/smartbe.be\/fr\/wp-json\/wp\/v2\/media?parent=48756"}],"wp:term":[{"taxonomy":"post_tag","embeddable":true,"href":"https:\/\/smartbe.be\/fr\/wp-json\/wp\/v2\/tags?post=48756"}],"curies":[{"name":"wp","href":"https:\/\/api.w.org\/{rel}","templated":true}]}}