
{"id":48242,"date":"2025-05-14T19:23:55","date_gmt":"2025-05-14T17:23:55","guid":{"rendered":"https:\/\/smartbe.be\/?page_id=48242"},"modified":"2025-07-24T16:29:53","modified_gmt":"2025-07-24T14:29:53","slug":"assemblee-generale-2025","status":"publish","type":"page","link":"https:\/\/smartbe.be\/fr\/assemblee-generale-2025\/","title":{"rendered":"Assembl\u00e9e g\u00e9n\u00e9rale 2025"},"content":{"rendered":"<p><strong>Let&rsquo;s coop! c&rsquo;\u00e9tait le mardi 17 juin 2025.<\/strong><br \/>\n<strong>\u00c0 Bruxelles, du matin au soir, rue Coenraets 64.<\/strong><\/p>\n<p>Retrouvez les vid\u00e9os diffus\u00e9es en direct, le programme complet, et l&rsquo;\u00e9ventail d&rsquo;ateliers qui ont \u00e9t\u00e9 propos\u00e9s.<br \/>\nToutes les informations sur l&rsquo;assembl\u00e9e g\u00e9n\u00e9rale 2025 ici:<br \/>\n<a href=\"https:\/\/new.smartbe.be\/fr\/letscoop\/\"><strong>https:\/\/new.smartbe.be\/fr\/letscoop\/<\/strong><\/a><\/p>","protected":false},"excerpt":{"rendered":"<p>Let&rsquo;s coop! c&rsquo;\u00e9tait le mardi 17 juin 2025. \u00c0 Bruxelles, du matin au soir, rue Coenraets 64. Retrouvez les vid\u00e9os diffus\u00e9es en direct, le programme complet, et l&rsquo;\u00e9ventail d&rsquo;ateliers qui ont \u00e9t\u00e9 propos\u00e9s. Toutes les informations sur l&rsquo;assembl\u00e9e g\u00e9n\u00e9rale 2025 &hellip;<\/p>\n","protected":false},"author":13,"featured_media":0,"parent":0,"menu_order":0,"comment_status":"closed","ping_status":"closed","template":"","meta":{"footnotes":""},"tags":[],"class_list":["post-48242","page","type-page","status-publish","hentry"],"aioseo_notices":[],"_links":{"self":[{"href":"https:\/\/smartbe.be\/fr\/wp-json\/wp\/v2\/pages\/48242","targetHints":{"allow":["GET"]}}],"collection":[{"href":"https:\/\/smartbe.be\/fr\/wp-json\/wp\/v2\/pages"}],"about":[{"href":"https:\/\/smartbe.be\/fr\/wp-json\/wp\/v2\/types\/page"}],"author":[{"embeddable":true,"href":"https:\/\/smartbe.be\/fr\/wp-json\/wp\/v2\/users\/13"}],"replies":[{"embeddable":true,"href":"https:\/\/smartbe.be\/fr\/wp-json\/wp\/v2\/comments?post=48242"}],"version-history":[{"count":7,"href":"https:\/\/smartbe.be\/fr\/wp-json\/wp\/v2\/pages\/48242\/revisions"}],"predecessor-version":[{"id":48428,"href":"https:\/\/smartbe.be\/fr\/wp-json\/wp\/v2\/pages\/48242\/revisions\/48428"}],"wp:attachment":[{"href":"https:\/\/smartbe.be\/fr\/wp-json\/wp\/v2\/media?parent=48242"}],"wp:term":[{"taxonomy":"post_tag","embeddable":true,"href":"https:\/\/smartbe.be\/fr\/wp-json\/wp\/v2\/tags?post=48242"}],"curies":[{"name":"wp","href":"https:\/\/api.w.org\/{rel}","templated":true}]}}