
{"id":47803,"date":"2025-01-02T13:39:30","date_gmt":"2025-01-02T12:39:30","guid":{"rendered":"https:\/\/smartbe.be\/?page_id=47803"},"modified":"2026-03-04T18:09:44","modified_gmt":"2026-03-04T17:09:44","slug":"candidature-conseil-d-administration-smartcoop","status":"publish","type":"page","link":"https:\/\/smartbe.be\/fr\/candidature-conseil-d-administration-smartcoop\/","title":{"rendered":"\u00c9lection du conseil d\u2019administration de SmartCoop <br\/>Formulaire de candidature"},"content":{"rendered":"<p data-renderer-start-pos=\"805\">Chaque ann\u00e9e, lors de l&rsquo;assembl\u00e9e g\u00e9n\u00e9rale de juin, SmartCoop renouvelle une partie de son conseil d&rsquo;administration.<\/p>\n<p data-renderer-start-pos=\"923\">Pour pr\u00e9senter votre candidature, remplissez ce formulaire. Les candidatures sont ouvertes toute l&rsquo;ann\u00e9e.<\/p>\n<p data-renderer-start-pos=\"1030\"><strong data-renderer-mark=\"true\">Dates importantes:<\/strong><\/p>\n<ul class=\"ak-ul\" data-indent-level=\"1\">\n<li><strong data-renderer-mark=\"true\">Date limite pour soumettre votre candidature \u00e0 la prochaine assembl\u00e9e g\u00e9n\u00e9rale:<\/strong> mardi 19 mai 2026, 16h<\/li>\n<li><strong data-renderer-mark=\"true\">Assembl\u00e9e g\u00e9n\u00e9rale:<\/strong> mardi 23 juin 2026<\/li>\n<\/ul>\n<p data-renderer-start-pos=\"1212\">Bon \u00e0 savoir: une opportunit\u00e9 peut se pr\u00e9senter \u00e0 d&rsquo;autres moments de l&rsquo;ann\u00e9e! En cas de place vacante, le conseil d&rsquo;administration pourrait vous proposer une cooptation en cours d&rsquo;ann\u00e9e.<\/p>\n<p>&nbsp;<\/p>\n<div id=\"cf7_2_post_9ad30c77b5\" class=\"cf7_2_post cf7_form_47788\">\n<div class=\"wpcf7 no-js\" id=\"wpcf7-f47788-o1\" lang=\"fr-FR\" dir=\"ltr\" data-wpcf7-id=\"47788\">\n<div class=\"screen-reader-response\"><p role=\"status\" aria-live=\"polite\" aria-atomic=\"true\"><\/p> <ul><\/ul><\/div>\n<form action=\"\/fr\/wp-json\/wp\/v2\/pages\/47803#wpcf7-f47788-o1\" method=\"post\" class=\"wpcf7-form init wpcf7-acceptance-as-validation\" aria-label=\"Formulaire de contact\" enctype=\"multipart\/form-data\" novalidate=\"novalidate\" data-status=\"init\">\n<fieldset class=\"hidden-fields-container\"><input type=\"hidden\" name=\"_wpcf7\" value=\"47788\" \/><input type=\"hidden\" name=\"_wpcf7_version\" value=\"6.1\" \/><input type=\"hidden\" name=\"_wpcf7_locale\" value=\"fr_FR\" \/><input type=\"hidden\" name=\"_wpcf7_unit_tag\" value=\"wpcf7-f47788-o1\" \/><input type=\"hidden\" name=\"_wpcf7_container_post\" value=\"0\" \/><input type=\"hidden\" name=\"_wpcf7_posted_data_hash\" value=\"\" \/><input type=\"hidden\" name=\"_map_author\" value=\"1\" \/><input type=\"hidden\" name=\"_c2p_nonce\" value=\"fbbcd950dd\" \/><input type=\"hidden\" name=\"_wpnonce\" value=\"7c9ad5350f\" \/><input type=\"hidden\" name=\"_wpcf7_recaptcha_response\" value=\"\" \/>\n<\/fieldset>\n\n<p><label> Pr\u00e9nom&nbsp;*<br \/>\n<span class=\"wpcf7-form-control-wrap\" data-name=\"prenom\"><input size=\"40\" maxlength=\"50\" class=\"wpcf7-form-control wpcf7-text wpcf7-validates-as-required input--max-width\" aria-required=\"true\" aria-invalid=\"false\" value=\"\" type=\"text\" name=\"prenom\" \/><\/span><br \/>\n<\/label><br \/>\n<label> Nom&nbsp;*<br \/>\n<span class=\"wpcf7-form-control-wrap\" data-name=\"nom\"><input size=\"40\" maxlength=\"50\" class=\"wpcf7-form-control wpcf7-text wpcf7-validates-as-required input--max-width\" aria-required=\"true\" aria-invalid=\"false\" value=\"\" type=\"text\" name=\"nom\" \/><\/span><br \/>\n<\/label><br \/>\n<label> Photo&nbsp;*<br \/>\n<span class=\"wpcf7-form-control-wrap\" data-name=\"photocandidature\"><input size=\"40\" class=\"wpcf7-form-control wpcf7-file wpcf7-validates-as-required noborder\" accept=\".jpg,.gif,.jpeg,.png\" aria-required=\"true\" aria-invalid=\"false\" type=\"file\" name=\"photocandidature\" \/><\/span> <span class=\"formulaire_indications\"><br \/>\nDe pr\u00e9f\u00e9rence une image carr\u00e9e sup\u00e9rieure \u00e0 300px. Formats accept\u00e9s : gif, png, jpeg, jpg. Maximum :1Mb.<\/span><br \/>\n<\/label><br \/>\n<label> Genre *<\/label><span class=\"wpcf7-form-control-wrap\" data-name=\"sexe\"><span class=\"wpcf7-form-control wpcf7-checkbox wpcf7-validates-as-required wpcf7-exclusive-checkbox\"><span class=\"wpcf7-list-item first\"><span class=\"wpcf7-list-item-label\">Femme<\/span><input type=\"checkbox\" name=\"sexe\" value=\"Femme\" \/><\/span><span class=\"wpcf7-list-item\"><span class=\"wpcf7-list-item-label\">Homme<\/span><input type=\"checkbox\" name=\"sexe\" value=\"Homme\" \/><\/span><span class=\"wpcf7-list-item last\"><span class=\"wpcf7-list-item-label\">Autre<\/span><input type=\"checkbox\" name=\"sexe\" value=\"Autre\" \/><\/span><\/span><\/span>\n<\/p>\n<p><label> Lieu de r\u00e9sidence&nbsp;*<br \/>\n<span class=\"wpcf7-form-control-wrap\" data-name=\"ville\"><input size=\"40\" maxlength=\"50\" class=\"wpcf7-form-control wpcf7-text wpcf7-validates-as-required input--max-width\" aria-required=\"true\" aria-invalid=\"false\" value=\"\" type=\"text\" name=\"ville\" \/><\/span><br \/>\n<\/label>\n<\/p>\n<h2>Conditions d'\u00e9ligibilit\u00e9\n<\/h2>\n<p><label>Vous pouvez retrouver les conditions d'\u00e9ligibilit\u00e9 au conseil d'administration dans les <a href=\"https:\/\/smartbe.be\/wp-content\/uploads\/2024\/08\/Statuts_Smart.pdf\" target=\"_blank\">statuts de SmartCoop<\/a> (article 22 bis).<\/label><br \/>\n<label> Depuis combien d'ann\u00e9es \u00eates-vous soci\u00e9taire de SmartCoop ?&nbsp;*<br \/>\n<span class=\"wpcf7-form-control-wrap\" data-name=\"combien\"><input size=\"40\" maxlength=\"10\" class=\"wpcf7-form-control wpcf7-text wpcf7-validates-as-required\" aria-required=\"true\" aria-invalid=\"false\" value=\"\" type=\"text\" name=\"combien\" \/><\/span><br \/>\n<\/label><br \/>\n<label> Vous vous pr\u00e9sentez pour la coop\u00e9rative SmartCoop, indiquez votre cat\u00e9gorie * <\/label><span class=\"wpcf7-form-control-wrap\" data-name=\"categorie\"><select class=\"wpcf7-form-control wpcf7-select wpcf7-validates-as-required petit_label\" aria-required=\"true\" aria-invalid=\"false\" name=\"categorie\"><option value=\"\"><\/option><option value=\"Cat\u00e9gorie A : Entrepreneur\u00b7se salari\u00e9\u00b7e\">Cat\u00e9gorie A : Entrepreneur\u00b7se salari\u00e9\u00b7e<\/option><option value=\"Cat\u00e9gorie B : Travailleur\u00b7euse des \u00e9quipes mutualis\u00e9es\">Cat\u00e9gorie B : Travailleur\u00b7euse des \u00e9quipes mutualis\u00e9es<\/option><option value=\"Cat\u00e9gorie C : Partenaire externe, client, donneur d&#039;ordre\">Cat\u00e9gorie C : Partenaire externe, client, donneur d&#039;ordre<\/option><\/select><\/span><br \/>\n<br \/>\n<label> Pour les partenaires externes, quelle entit\u00e9 repr\u00e9sentez-vous ?<br \/>\n<span class=\"wpcf7-form-control-wrap\" data-name=\"entite\"><input size=\"40\" maxlength=\"80\" class=\"wpcf7-form-control wpcf7-text input--max-width\" aria-invalid=\"false\" value=\"\" type=\"text\" name=\"entite\" \/><\/span><br \/>\n<\/label>\n<\/p>\n<h2>Informations compl\u00e9mentaires\n<\/h2>\n<p><label> Quel est votre m\u00e9tier, votre activit\u00e9 ?&nbsp;*<br \/>\n<span class=\"wpcf7-form-control-wrap\" data-name=\"activity\"><textarea cols=\"40\" rows=\"10\" maxlength=\"1500\" minlength=\"10\" class=\"wpcf7-form-control wpcf7-textarea wpcf7-validates-as-required\" aria-required=\"true\" aria-invalid=\"false\" name=\"activity\"><\/textarea><\/span><span class=\"formulaire_indications\">(maximum 1500 caract\u00e8res)<\/span><br \/>\n<\/label><br \/>\n<label> Avez-vous un lien \u00e0 partager pour mieux vous conna\u00eetre (LinkedIn, site)&nbsp;?<br \/>\n<span class=\"wpcf7-form-control-wrap\" data-name=\"website\"><input size=\"40\" maxlength=\"250\" class=\"wpcf7-form-control wpcf7-url wpcf7-text wpcf7-validates-as-url input--max-width\" aria-invalid=\"false\" value=\"\" type=\"url\" name=\"website\" \/><\/span><br \/>\n<\/label>\n<\/p>\n<h2>Motivations de votre candidature\n<\/h2>\n<p><label> Avez-vous d\u00e9j\u00e0 \u00e9t\u00e9 engag\u00e9\u00b7e au sein de Smart (CA, Comit\u00e9 d\u2019\u00e9thique, Smart in Progress, autres) ou avez-vous de l'exp\u00e9rience dans d'autre\u00b7s coop\u00e9rative\u00b7s ?&nbsp;*<br \/>\n<span class=\"wpcf7-form-control-wrap\" data-name=\"engagement\"><textarea cols=\"40\" rows=\"10\" maxlength=\"1500\" minlength=\"10\" class=\"wpcf7-form-control wpcf7-textarea wpcf7-validates-as-required\" aria-required=\"true\" aria-invalid=\"false\" name=\"engagement\"><\/textarea><\/span><span class=\"formulaire_indications\"> (maximum 1500 caract\u00e8res)<\/span><br \/>\n<\/label><br \/>\n<label> Quelles sont les comp\u00e9tences et exp\u00e9riences que vous souhaitez apporter au sein du conseil d\u2019administration et au projet Smart ?&nbsp;*<br \/>\n<span class=\"wpcf7-form-control-wrap\" data-name=\"competences\"><textarea cols=\"40\" rows=\"10\" maxlength=\"1500\" minlength=\"10\" class=\"wpcf7-form-control wpcf7-textarea wpcf7-validates-as-required\" aria-required=\"true\" aria-invalid=\"false\" name=\"competences\"><\/textarea><\/span><span class=\"formulaire_indications\"> (maximum 1500 caract\u00e8res)<\/span><br \/>\n<\/label><br \/>\n<label> Pourquoi vous pr\u00e9sentez-vous au conseil d\u2019administration ?&nbsp;*<br \/>\n<span class=\"wpcf7-form-control-wrap\" data-name=\"raisons\"><textarea cols=\"40\" rows=\"10\" maxlength=\"1500\" minlength=\"10\" class=\"wpcf7-form-control wpcf7-textarea wpcf7-validates-as-required\" aria-required=\"true\" aria-invalid=\"false\" name=\"raisons\"><\/textarea><\/span><span class=\"formulaire_indications\">(maximum 1500 caract\u00e8res)<\/span><br \/>\n<\/label><br \/>\n<label> Comment voyez-vous Smart dans le futur ? Quelle est votre vision \u00e0 terme du projet&nbsp;?&nbsp;*<br \/>\n<span class=\"wpcf7-form-control-wrap\" data-name=\"futur\"><textarea cols=\"40\" rows=\"10\" maxlength=\"1500\" minlength=\"10\" class=\"wpcf7-form-control wpcf7-textarea wpcf7-validates-as-required\" aria-required=\"true\" aria-invalid=\"false\" name=\"futur\"><\/textarea><\/span><span class=\"formulaire_indications\">(maximum 1500 caract\u00e8res)<\/span><br \/>\n<\/label><br \/>\n<label> Vous avez r\u00e9alis\u00e9 une vid\u00e9o de pr\u00e9sentation avec un message \u00e0 faire passer aux \u00e9lecteur\u00b7trices? Indiquez le lien (Vimeo, YouTube, autre) :<br \/>\n<span class=\"wpcf7-form-control-wrap\" data-name=\"video\"><input size=\"40\" maxlength=\"250\" class=\"wpcf7-form-control wpcf7-text input--max-width\" aria-invalid=\"false\" value=\"\" type=\"text\" name=\"video\" \/><\/span><br \/>\n<\/label>\n<\/p>\n<h2>Traductions\n<\/h2>\n<p><label><br \/>\nVous pouvez proposer vous-m\u00eame la traduction des textes suivants dans les champs suivants, sinon Smart s'en chargera :<br \/>\n<\/label><br \/>\n<label>Heb je al een ander engagement binnen Smart (RvB, ethisch comit\u00e9, Smart in Progress, andere) of heb je ervaring in andere co\u00f6peraties?<br \/>\n<span class=\"wpcf7-form-control-wrap\" data-name=\"engagement-nl\"><textarea cols=\"40\" rows=\"10\" maxlength=\"1500\" minlength=\"10\" class=\"wpcf7-form-control wpcf7-textarea\" aria-invalid=\"false\" name=\"engagement-nl\"><\/textarea><\/span><span class=\"formulaire_indications\"> (maximum 1500 caract\u00e8res)<\/span><br \/>\n<\/label><br \/>\n<label> Beschrijf hier je beroep of je activiteit:<br \/>\n<span class=\"wpcf7-form-control-wrap\" data-name=\"activity-nl\"><textarea cols=\"40\" rows=\"10\" maxlength=\"1500\" minlength=\"10\" class=\"wpcf7-form-control wpcf7-textarea\" aria-invalid=\"false\" name=\"activity-nl\"><\/textarea><\/span><span class=\"formulaire_indications\">(maximum 1500 caract\u00e8res)<\/span><br \/>\n<\/label><br \/>\n<label> Welke competenties en ervaringen wil je bij de Raad van bestuur en het project Smart aanbrengen?<br \/>\n<span class=\"wpcf7-form-control-wrap\" data-name=\"competences-nl\"><textarea cols=\"40\" rows=\"10\" maxlength=\"1500\" minlength=\"10\" class=\"wpcf7-form-control wpcf7-textarea\" aria-invalid=\"false\" name=\"competences-nl\"><\/textarea><\/span><span class=\"formulaire_indications\"> (maximum 1500 caract\u00e8res)<\/span><br \/>\n<\/label><br \/>\n<label> Waarom stel je je kandidaat voor de Raad van bestuur?<br \/>\n<span class=\"wpcf7-form-control-wrap\" data-name=\"raisons-nl\"><textarea cols=\"40\" rows=\"10\" maxlength=\"1500\" minlength=\"10\" class=\"wpcf7-form-control wpcf7-textarea\" aria-invalid=\"false\" name=\"raisons-nl\"><\/textarea><\/span><span class=\"formulaire_indications\">(maximum 1500 caract\u00e8res)<\/span><br \/>\n<\/label><br \/>\n<label> Hoe zie je Smart in de toekomst? Wat is jouw langetermijnvisie voor het project?<br \/>\n<span class=\"wpcf7-form-control-wrap\" data-name=\"futur-nl\"><textarea cols=\"40\" rows=\"10\" maxlength=\"1500\" minlength=\"10\" class=\"wpcf7-form-control wpcf7-textarea\" aria-invalid=\"false\" name=\"futur-nl\"><\/textarea><\/span><span class=\"formulaire_indications\">(maximum 1500 caract\u00e8res)<\/span><br \/>\n<\/label>\n<\/p>\n<h2>Informations \u00e0 usage interne (ne seront pas affich\u00e9es publiquement)\n<\/h2>\n<p><label> T\u00e9l\u00e9phone&nbsp;*<br \/>\n<span class=\"wpcf7-form-control-wrap\" data-name=\"tel\"><input size=\"40\" maxlength=\"22\" class=\"wpcf7-form-control wpcf7-tel wpcf7-validates-as-required wpcf7-text wpcf7-validates-as-tel\" aria-required=\"true\" aria-invalid=\"false\" value=\"\" type=\"tel\" name=\"tel\" \/><\/span><span class=\"formulaire_indications\"><br \/>\n(ex : +32 4 xx xx xx xx )<\/span><br \/>\n<\/label><br \/>\n<label> Email&nbsp;*<br \/>\n<span class=\"wpcf7-form-control-wrap\" data-name=\"email\"><input size=\"40\" maxlength=\"400\" class=\"wpcf7-form-control wpcf7-email wpcf7-validates-as-required wpcf7-text wpcf7-validates-as-email input--max-width\" aria-required=\"true\" aria-invalid=\"false\" value=\"\" type=\"email\" name=\"email\" \/><\/span><br \/>\n<\/label><br \/>\n<label> Commentaires ou autres points \u00e0 sp\u00e9cifier<br \/>\n<span class=\"wpcf7-form-control-wrap\" data-name=\"commentaire\"><textarea cols=\"40\" rows=\"10\" maxlength=\"1500\" minlength=\"10\" class=\"wpcf7-form-control wpcf7-textarea\" aria-invalid=\"false\" name=\"commentaire\"><\/textarea><\/span><span class=\"formulaire_indications\">(maximum 1500 caract\u00e8res)<\/span><br \/>\n<\/label>\n<\/p>\n<p><span class=\"wpcf7-form-control-wrap\" data-name=\"accord\"><span class=\"wpcf7-form-control wpcf7-acceptance\"><span class=\"wpcf7-list-item\"><label><input type=\"checkbox\" name=\"accord\" value=\"1\" aria-invalid=\"false\" \/><span class=\"wpcf7-list-item-label\">Je suis d'accord pour que ces informations (sauf celles \u00e0 usage interne) soient publi\u00e9es sur le site dans le cadre de ma candidature<\/span><\/label><\/span><\/span><\/span>\n<\/p>\n<p><input class=\"wpcf7-form-control wpcf7-submit has-spinner\" type=\"submit\" value=\"Envoyer\" \/>\n<\/p><div class=\"wpcf7-response-output\" aria-hidden=\"true\"><\/div>\n<\/form>\n<\/div>\n\n<\/div>","protected":false},"excerpt":{"rendered":"<p>Chaque ann\u00e9e, lors de l&rsquo;assembl\u00e9e g\u00e9n\u00e9rale de juin, SmartCoop renouvelle une partie de son conseil d&rsquo;administration. Pour pr\u00e9senter votre candidature, remplissez ce formulaire. Les candidatures sont ouvertes toute l&rsquo;ann\u00e9e. Dates importantes: Date limite pour soumettre votre candidature \u00e0 la prochaine &hellip;<\/p>\n","protected":false},"author":53,"featured_media":0,"parent":0,"menu_order":0,"comment_status":"closed","ping_status":"closed","template":"","meta":{"footnotes":""},"tags":[],"class_list":["post-47803","page","type-page","status-publish","hentry"],"aioseo_notices":[],"_links":{"self":[{"href":"https:\/\/smartbe.be\/fr\/wp-json\/wp\/v2\/pages\/47803","targetHints":{"allow":["GET"]}}],"collection":[{"href":"https:\/\/smartbe.be\/fr\/wp-json\/wp\/v2\/pages"}],"about":[{"href":"https:\/\/smartbe.be\/fr\/wp-json\/wp\/v2\/types\/page"}],"author":[{"embeddable":true,"href":"https:\/\/smartbe.be\/fr\/wp-json\/wp\/v2\/users\/53"}],"replies":[{"embeddable":true,"href":"https:\/\/smartbe.be\/fr\/wp-json\/wp\/v2\/comments?post=47803"}],"version-history":[{"count":16,"href":"https:\/\/smartbe.be\/fr\/wp-json\/wp\/v2\/pages\/47803\/revisions"}],"predecessor-version":[{"id":49436,"href":"https:\/\/smartbe.be\/fr\/wp-json\/wp\/v2\/pages\/47803\/revisions\/49436"}],"wp:attachment":[{"href":"https:\/\/smartbe.be\/fr\/wp-json\/wp\/v2\/media?parent=47803"}],"wp:term":[{"taxonomy":"post_tag","embeddable":true,"href":"https:\/\/smartbe.be\/fr\/wp-json\/wp\/v2\/tags?post=47803"}],"curies":[{"name":"wp","href":"https:\/\/api.w.org\/{rel}","templated":true}]}}