
{"id":47650,"date":"2024-11-04T16:04:49","date_gmt":"2024-11-04T15:04:49","guid":{"rendered":"https:\/\/smartbe.be\/?page_id=47650"},"modified":"2025-03-10T17:49:37","modified_gmt":"2025-03-10T16:49:37","slug":"societariat-categorie-c","status":"publish","type":"page","link":"https:\/\/smartbe.be\/fr\/societariat-categorie-c\/","title":{"rendered":"Soci\u00e9tariat &#8211; Cat\u00e9gorie C"},"content":{"rendered":"<p>&nbsp;<\/p>\n<p>&nbsp;<\/p>\n<table style=\"float: left; height: 1705px;\" border=\"1\" width=\"915\" cellpadding=\"6\">\n<tbody>\n<tr>\n<th>Nom de la cat\u00e9gorie<\/th>\n<th>Description<\/th>\n<th>Nombre de parts minimum<\/th>\n<\/tr>\n<tr>\n<td><strong>Partenaires professionnels de<\/strong><br \/>\n<strong>l\u2019\u00e9conomie sociale et de la<\/strong><br \/>\n<strong>cr\u00e9ation<\/strong><\/td>\n<td>L\u2019ensemble des partenaires du champ de l\u2019\u00e9conomie sociale (ASBL, Fondation, coop\u00e9rative, structure de l\u2019entrepreneuriat social) et des domaines de la cr\u00e9ation, notamment les r\u00e9sidents de nos locaux.<\/td>\n<td>Pour les personnes physiques: 5 parts.<\/p>\n<p>Pour les personnes morales: 30 parts.<\/td>\n<\/tr>\n<tr>\n<td><strong>Institutions de recherche,<\/strong><br \/>\n<strong>partenaires acad\u00e9miques<\/strong><\/td>\n<td>Ces partenaires acad\u00e9miques sont repr\u00e9sent\u00e9s par le biais des personnes physiques les composant, les chercheur\u00b7euses, ou directement en tant que<br \/>\npersonne morale.<\/td>\n<td>Pour les personnes physiques: 5 parts.<\/p>\n<p>Pour les personnes morales: 30 parts.<\/td>\n<\/tr>\n<tr>\n<td><strong>Syndicats<\/strong><\/td>\n<td>Ces syndicats font partie de l\u2019\u00e9cosyst\u00e8me de Smart, parfois en tant que client, et sont repr\u00e9sent\u00e9s par des personnes physiques les composant ou tant que personne morale directement.<\/td>\n<td>Pour les personnes physiques: 5 parts.<\/p>\n<p>Pour les personnes morales: 30 parts.<\/td>\n<\/tr>\n<tr>\n<td><strong>Ancien\u00b7nes salari\u00e9\u00b7es de<\/strong><br \/>\n<strong>l\u2019\u00e9quipe support SmartCoop<\/strong><\/td>\n<td>Les salari\u00e9\u00b7es de l\u2019\u00e9quipe support des entit\u00e9s du groupe SmartCoop dont le contrat de travail a pris fin souhaitant rester soci\u00e9taires. Il peut s\u2019agir \u00e9galement des personnes ayant pris leur pension.<br \/>\nSont exclues les personnes ayant fait l\u2019objet d\u2019un licenciement pour faute grave.<\/td>\n<td>5 parts.<\/td>\n<\/tr>\n<tr>\n<td><strong>Entit\u00e9s du groupe Smart<\/strong><\/td>\n<td>Les entit\u00e9s qui composent le groupe coop\u00e9ratif Smart en Belgique.<\/td>\n<td>100 parts.<\/td>\n<\/tr>\n<tr>\n<td rowspan=\"2\"><strong>R\u00e9seau Smart (international)<\/strong><\/td>\n<td>Les initiatives internationales en cours de structuration.<\/td>\n<td>30 parts.<\/td>\n<\/tr>\n<tr>\n<td>Les partenaires europ\u00e9ens actuels du r\u00e9seau Smart dans une logique de soci\u00e9tariat crois\u00e9.<\/td>\n<td>100 parts sur 4 ans.<\/td>\n<\/tr>\n<tr>\n<td><strong>Financeurs institutionnels<\/strong><br \/>\n<strong>publics et priv\u00e9s<\/strong><\/td>\n<td>L\u2019ensemble des structures qui d\u00e9cident de s\u2019engager financi\u00e8rement pour soutenir la coop\u00e9rative.<\/td>\n<td>200 parts.<\/td>\n<\/tr>\n<tr>\n<td rowspan=\"2\"><strong>Client\u00b7es<\/strong><\/td>\n<td rowspan=\"2\">Les client\u00b7es de l\u2019Entreprise Partag\u00e9e Smart ou d\u2019une de ses entit\u00e9s juridiques de production.<\/td>\n<td>Pour les personnes physiques: 10 parts.<\/td>\n<\/tr>\n<tr>\n<td>Pour les personnes morales: 30 parts.<\/td>\n<\/tr>\n<\/tbody>\n<\/table>","protected":false},"excerpt":{"rendered":"<p>&nbsp; &nbsp; Nom de la cat\u00e9gorie Description Nombre de parts minimum Partenaires professionnels de l\u2019\u00e9conomie sociale et de la cr\u00e9ation L\u2019ensemble des partenaires du champ de l\u2019\u00e9conomie sociale (ASBL, Fondation, coop\u00e9rative, structure de l\u2019entrepreneuriat social) et des domaines de la &hellip;<\/p>\n","protected":false},"author":13,"featured_media":0,"parent":0,"menu_order":0,"comment_status":"closed","ping_status":"closed","template":"","meta":{"footnotes":""},"tags":[],"class_list":["post-47650","page","type-page","status-publish","hentry"],"aioseo_notices":[],"_links":{"self":[{"href":"https:\/\/smartbe.be\/fr\/wp-json\/wp\/v2\/pages\/47650","targetHints":{"allow":["GET"]}}],"collection":[{"href":"https:\/\/smartbe.be\/fr\/wp-json\/wp\/v2\/pages"}],"about":[{"href":"https:\/\/smartbe.be\/fr\/wp-json\/wp\/v2\/types\/page"}],"author":[{"embeddable":true,"href":"https:\/\/smartbe.be\/fr\/wp-json\/wp\/v2\/users\/13"}],"replies":[{"embeddable":true,"href":"https:\/\/smartbe.be\/fr\/wp-json\/wp\/v2\/comments?post=47650"}],"version-history":[{"count":15,"href":"https:\/\/smartbe.be\/fr\/wp-json\/wp\/v2\/pages\/47650\/revisions"}],"predecessor-version":[{"id":48088,"href":"https:\/\/smartbe.be\/fr\/wp-json\/wp\/v2\/pages\/47650\/revisions\/48088"}],"wp:attachment":[{"href":"https:\/\/smartbe.be\/fr\/wp-json\/wp\/v2\/media?parent=47650"}],"wp:term":[{"taxonomy":"post_tag","embeddable":true,"href":"https:\/\/smartbe.be\/fr\/wp-json\/wp\/v2\/tags?post=47650"}],"curies":[{"name":"wp","href":"https:\/\/api.w.org\/{rel}","templated":true}]}}