
{"id":46914,"date":"2024-08-22T19:03:55","date_gmt":"2024-08-22T17:03:55","guid":{"rendered":"https:\/\/smartbe.be\/?page_id=46914"},"modified":"2024-08-22T19:24:44","modified_gmt":"2024-08-22T17:24:44","slug":"smartcoop-sengage-pour-la-diversite","status":"publish","type":"page","link":"https:\/\/smartbe.be\/fr\/smartcoop-sengage-pour-la-diversite\/","title":{"rendered":"SmartCoop s\u2019engage pour la diversit\u00e9"},"content":{"rendered":"<p><strong>Le 23 avril 2024, SmartCoop a re\u00e7u le label diversit\u00e9. D\u00e9cern\u00e9 par la R\u00e9gion de Bruxelles-Capitale, ce label certifie que notre coop\u00e9rative promeut la diversit\u00e9 et qu\u2019elle a \u00e9t\u00e9 \u00e9valu\u00e9e favorablement sur la mise en \u0153uvre des mesures et actions de son 1er plan <em>diversit\u00e9<\/em>. Accompagn\u00e9es par Actiris, les \u00e9quipes vont d\u00e9sormais continuer \u00e0 \u0153uvrer dans ce sens \u00e0 travers un nouveau plan <em>diversit\u00e9<\/em>, pour toujours plus d\u2019inclusion \u00e0 l\u2019emploi.<\/strong><\/p>\n<p><a href=\"https:\/\/smartbe.be\/wp-content\/uploads\/2024\/08\/label_diversite_2023_CMJN.png\"><img loading=\"lazy\" decoding=\"async\" class=\"size-medium wp-image-46923 aligncenter\" src=\"https:\/\/smartbe.be\/wp-content\/uploads\/2024\/08\/label_diversite_2023_CMJN-300x147.png\" alt=\"\" width=\"300\" height=\"147\" srcset=\"https:\/\/smartbe.be\/wp-content\/uploads\/2024\/08\/label_diversite_2023_CMJN-300x147.png 300w, https:\/\/smartbe.be\/wp-content\/uploads\/2024\/08\/label_diversite_2023_CMJN-1024x501.png 1024w, https:\/\/smartbe.be\/wp-content\/uploads\/2024\/08\/label_diversite_2023_CMJN-768x376.png 768w, https:\/\/smartbe.be\/wp-content\/uploads\/2024\/08\/label_diversite_2023_CMJN-1536x752.png 1536w, https:\/\/smartbe.be\/wp-content\/uploads\/2024\/08\/label_diversite_2023_CMJN-2048x1002.png 2048w, https:\/\/smartbe.be\/wp-content\/uploads\/2024\/08\/label_diversite_2023_CMJN-500x245.png 500w, https:\/\/smartbe.be\/wp-content\/uploads\/2024\/08\/label_diversite_2023_CMJN-290x142.png 290w\" sizes=\"auto, (max-width: 300px) 100vw, 300px\" \/><\/a><\/p>\n<h3>Les actions men\u00e9es \u00e0 bien du plan diversit\u00e9 2020-2022<\/h3>\n<p><strong>1.<\/strong> Assurer un recrutement ouvert, transparent et non discriminatoire pour chaque poste et \u00e0 tous les niveaux hi\u00e9rarchiques.<br \/>\n<strong>2.<\/strong> Communiquer syst\u00e9matiquement dans les offres d\u2019emploi que Smart m\u00e8ne une politique active en mati\u00e8re de diversit\u00e9.<br \/>\n<strong>3.<\/strong> Demander si les candidat\u00b7es ont besoin d\u2019un am\u00e9nagement lors de leur entretien d\u2019embauche.<br \/>\n<strong>4.<\/strong> Mettre en valeur le r\u00f4le de la personne de confiance et former cette derni\u00e8re en mati\u00e8re de non-discrimination (formations \u00abPr\u00e9venir et r\u00e9agir aux discriminations en tant que personne de confiance: cadre l\u00e9gal et applications pratiques\u00bb; \u00abAtelier de sensibilisation aux transidentit\u00e9s\u00bb\u2026).<br \/>\n<strong>5.<\/strong> Analyser et sensibiliser par rapport \u00e0 l\u2019\u00e9cart salarial (salaires d\u00e9finis via la grille de Berenschot).<br \/>\n<strong>6.<\/strong> D\u00e9velopper une proc\u00e9dure de transfert des comp\u00e9tences lors d\u2019un d\u00e9part \u00e0 la retraite.<br \/>\n<strong>7.<\/strong> Sensibiliser le personnel \u00e0 la diversit\u00e9 et \u00e0 la non-discrimination.<br \/>\n<strong>8.<\/strong> Communiquer aupr\u00e8s des membres et des diff\u00e9rent\u00b7es interlocutrices et interlocuteurs de Smart sur son engagement en faveur de la diversit\u00e9 et de la lutte contre la discrimination (organisation d\u2019ateliers en lien avec la diversit\u00e9 \u00e0 Li\u00e8ge \u00e0 l\u2019automne 2022; en lien avec le genre lors de l\u2019Assembl\u00e9e g\u00e9n\u00e9rale de 2023\u2026).<br \/>\n<strong>9.<\/strong> Supprimer d\u2019\u00e9ventuels freins li\u00e9s \u00e0 la parentalit\u00e9 (table \u00e0 langer install\u00e9e dans les sanitaires accessibles aux membres Smart; b\u00e9b\u00e9s accompagnant les membres Smart accept\u00e9s durant leurs journ\u00e9es de formation; am\u00e9nagement d\u2019une salle de repos\/allaitement accessible \u00e0 toutes\u2026).<br \/>\n<strong>10.<\/strong> Mettre en place entretien de sortie et entretien de capitalisation lors de d\u00e9part \u00e0 la pension.<br \/>\n<strong>11.<\/strong> Embaucher des personnes ne parlant aucune des trois langues officielles belges et leur donner des cours en interne.<br \/>\n<strong>12.<\/strong> Proposer des formations en n\u00e9erlandais dans le catalogue de formations \u00e0 destination des membres.<br \/>\n<strong>13.<\/strong> D\u00e9velopper une ouverture plus concr\u00e8te par rapport aux personnes en situation de handicap (session d\u2019information collective \u00e0 destination des membres de la Ligue Belge contre la scl\u00e9rose en plaques en f\u00e9vrier 2022); possibilit\u00e9 pour les membres lors d\u2019une inscription \u00e0 une formation de faire une demande d\u2019am\u00e9nagements raisonnables\u2026<\/p>\n<p>&nbsp;<\/p>\n<p>&nbsp;<\/p>","protected":false},"excerpt":{"rendered":"<p>Le 23 avril 2024, SmartCoop a re\u00e7u le label diversit\u00e9. D\u00e9cern\u00e9 par la R\u00e9gion de Bruxelles-Capitale, ce label certifie que notre coop\u00e9rative promeut la diversit\u00e9 et qu\u2019elle a \u00e9t\u00e9 \u00e9valu\u00e9e favorablement sur la mise en \u0153uvre des mesures et actions &hellip;<\/p>\n","protected":false},"author":13,"featured_media":0,"parent":0,"menu_order":0,"comment_status":"closed","ping_status":"closed","template":"","meta":{"footnotes":""},"tags":[],"class_list":["post-46914","page","type-page","status-publish","hentry"],"aioseo_notices":[],"_links":{"self":[{"href":"https:\/\/smartbe.be\/fr\/wp-json\/wp\/v2\/pages\/46914","targetHints":{"allow":["GET"]}}],"collection":[{"href":"https:\/\/smartbe.be\/fr\/wp-json\/wp\/v2\/pages"}],"about":[{"href":"https:\/\/smartbe.be\/fr\/wp-json\/wp\/v2\/types\/page"}],"author":[{"embeddable":true,"href":"https:\/\/smartbe.be\/fr\/wp-json\/wp\/v2\/users\/13"}],"replies":[{"embeddable":true,"href":"https:\/\/smartbe.be\/fr\/wp-json\/wp\/v2\/comments?post=46914"}],"version-history":[{"count":4,"href":"https:\/\/smartbe.be\/fr\/wp-json\/wp\/v2\/pages\/46914\/revisions"}],"predecessor-version":[{"id":46926,"href":"https:\/\/smartbe.be\/fr\/wp-json\/wp\/v2\/pages\/46914\/revisions\/46926"}],"wp:attachment":[{"href":"https:\/\/smartbe.be\/fr\/wp-json\/wp\/v2\/media?parent=46914"}],"wp:term":[{"taxonomy":"post_tag","embeddable":true,"href":"https:\/\/smartbe.be\/fr\/wp-json\/wp\/v2\/tags?post=46914"}],"curies":[{"name":"wp","href":"https:\/\/api.w.org\/{rel}","templated":true}]}}