
{"id":46095,"date":"2023-12-11T17:45:38","date_gmt":"2023-12-11T16:45:38","guid":{"rendered":"https:\/\/smartbe.be\/?page_id=46095"},"modified":"2026-02-19T00:06:00","modified_gmt":"2026-02-18T23:06:00","slug":"elections-sociales-2024","status":"publish","type":"page","link":"https:\/\/smartbe.be\/fr\/elections-sociales-2024\/","title":{"rendered":"\u00c9lections sociales 2024"},"content":{"rendered":"<p>Les derni\u00e8res \u00e9lections sociales se sont d\u00e9roul\u00e9es en mai 2024. Elles permettront aux travailleur\u00b7ses d\u2019\u00e9lire, pour une dur\u00e9e de quatre ans, leurs repr\u00e9sentant\u00b7es au sein du conseil d\u2019entreprise (CE) et du comit\u00e9 pour la pr\u00e9vention et la protection du travail (CPPT).<\/p>\n<p>Toutes les infos et documents utiles seront publi\u00e9s sur cette page, au fur et \u00e0 mesure du processus.<\/p>\n<h2>Mais en fait\u2026 c\u2019est quoi le CE et CPPT?<\/h2>\n<p>Le conseil d\u2019entreprise (CE)\u202fest un organe paritaire au sein duquel l\u2019employeur informe et consulte les repr\u00e9sentant\u2219es des travailleur\u2219ses. En tant qu\u2019organe bipartite, il est compos\u00e9, d\u2019une part, du-de la chef\u2219fe d\u2019entreprise et de ses repr\u00e9sentant\u2219es et, d\u2019autre part, des repr\u00e9sentant\u2219es des travailleur\u2219ses \u00e9lu\u2219es tous les quatre ans par les travailleurs de l\u2019entreprise sur base de listes de candidat\u2219es pr\u00e9sent\u00e9es par les organisations repr\u00e9sentatives de travailleurs.<\/p>\n<p>Le Comit\u00e9 pour la pr\u00e9vention et la protection au travail (CPPT)\u202fa pour mission de proposer et de contribuer \u00e0 mettre en \u0153uvre les moyens destin\u00e9s \u00e0 favoriser le bien-\u00eatre des travailleur\u2219ses. Il est compos\u00e9 du\u00b7de la chef\u2219fe d\u2019entreprise (ou de ses repr\u00e9sentant\u2219es), des d\u00e9l\u00e9gu\u00e9\u2219es de la direction, des d\u00e9l\u00e9gu\u00e9\u2219es du personnel, du conseil en pr\u00e9vention et du m\u00e9decin du travail.<\/p>\n<h2>Documents l\u00e9gaux<\/h2>\n<p>Retrouvez ci-dessous tous les documents l\u00e9gaux relatifs aux \u00e9lections sociales 2024.<\/p>\n<ul>\n<li><a href=\"https:\/\/smartbe.be\/wp-content\/uploads\/2023\/12\/SmartCoop-SCES-agreee_Comite_XM60.pdf\" target=\"_blank\" rel=\"noopener\">Formulaire X-60 Comit\u00e9<\/a><\/li>\n<li><a href=\"https:\/\/smartbe.be\/wp-content\/uploads\/2023\/12\/SmartCoop-SCES-agreee_Conseil_XM60.pdf\" target=\"_blank\" rel=\"noopener\">Formulaire X-60 Conseil<\/a><\/li>\n<\/ul>\n<p>&nbsp;<\/p>\n<ul>\n<li><a href=\"https:\/\/smartbe.be\/fr\/smartcoop_sces_agreee_comite_xp56_docx_43444\/\" target=\"_blank\" rel=\"noopener\">Formulaire X-56 Comit\u00e9<\/a><\/li>\n<li><a href=\"https:\/\/smartbe.be\/fr\/smartcoop_sces_agreee_conseil_xp56_docx_41382\/\" target=\"_blank\" rel=\"noopener\">Formulaire X-56 Conseil<\/a><\/li>\n<\/ul>\n<p>&nbsp;<\/p>\n<ul>\n<li><a href=\"https:\/\/smartbe.be\/wp-content\/uploads\/2024\/01\/SmartCoop_SCES_agreee_Comite_XM35.pdf\">Formulaire X-35 Comit\u00e9<\/a><\/li>\n<li><a href=\"https:\/\/smartbe.be\/wp-content\/uploads\/2024\/01\/SmartCoop_SCES_agreee_Conseil_XM35.pdf\">Formulaire X-35 Conseil<\/a><\/li>\n<\/ul>\n<p>&nbsp;<\/p>\n<ul>\n<li><a href=\"https:\/\/smartbe.be\/wp-content\/uploads\/2024\/02\/SmartCoop-SCES-agreee_Comite_X.pdf\">SmartCoop SCES agr\u00e9\u00e9e_Comit\u00e9_X<\/a><\/li>\n<li><a href=\"https:\/\/smartbe.be\/wp-content\/uploads\/2024\/02\/SmartCoop-SCES-agreee_Conseil_X.pdf\">SmartCoop SCES agr\u00e9\u00e9e_Conseil_X<\/a><\/li>\n<\/ul>\n<p>&nbsp;<\/p>\n<ul>\n<li><a href=\"https:\/\/smartbe.be\/wp-content\/uploads\/2024\/03\/SmartCoop-SCES-agreee_Comite_XP40.pdf\">Liste des candidatures Comit\u00e9<\/a><\/li>\n<li><a href=\"https:\/\/smartbe.be\/nl\/smartcoop-sces-agreee_conseil_xp76-2\/\">Liste des candidatures Conseil<\/a><\/li>\n<\/ul>\n<p>&nbsp;<\/p>\n<ul>\n<li><a href=\"https:\/\/smartbe.be\/wp-content\/uploads\/2024\/05\/smartcoop_sces_agreee_comite_y_docx_11900.pdf\" target=\"_blank\" rel=\"noopener\">Les r\u00e9sultats des votes Comit\u00e9<\/a><\/li>\n<li><a href=\"https:\/\/smartbe.be\/wp-content\/uploads\/2024\/05\/smartcoop_sces_agreee_conseil_y_docx_85589.pdf\" target=\"_blank\" rel=\"noopener\">Les r\u00e9sultats des votes Conseil<\/a><\/li>\n<\/ul>","protected":false},"excerpt":{"rendered":"<p>Les derni\u00e8res \u00e9lections sociales se sont d\u00e9roul\u00e9es en mai 2024. Elles permettront aux travailleur\u00b7ses d\u2019\u00e9lire, pour une dur\u00e9e de quatre ans, leurs repr\u00e9sentant\u00b7es au sein du conseil d\u2019entreprise (CE) et du comit\u00e9 pour la pr\u00e9vention et la protection du travail &hellip;<\/p>\n","protected":false},"author":13,"featured_media":0,"parent":0,"menu_order":0,"comment_status":"closed","ping_status":"closed","template":"","meta":{"footnotes":""},"tags":[],"class_list":["post-46095","page","type-page","status-publish","hentry"],"aioseo_notices":[],"_links":{"self":[{"href":"https:\/\/smartbe.be\/fr\/wp-json\/wp\/v2\/pages\/46095","targetHints":{"allow":["GET"]}}],"collection":[{"href":"https:\/\/smartbe.be\/fr\/wp-json\/wp\/v2\/pages"}],"about":[{"href":"https:\/\/smartbe.be\/fr\/wp-json\/wp\/v2\/types\/page"}],"author":[{"embeddable":true,"href":"https:\/\/smartbe.be\/fr\/wp-json\/wp\/v2\/users\/13"}],"replies":[{"embeddable":true,"href":"https:\/\/smartbe.be\/fr\/wp-json\/wp\/v2\/comments?post=46095"}],"version-history":[{"count":19,"href":"https:\/\/smartbe.be\/fr\/wp-json\/wp\/v2\/pages\/46095\/revisions"}],"predecessor-version":[{"id":49341,"href":"https:\/\/smartbe.be\/fr\/wp-json\/wp\/v2\/pages\/46095\/revisions\/49341"}],"wp:attachment":[{"href":"https:\/\/smartbe.be\/fr\/wp-json\/wp\/v2\/media?parent=46095"}],"wp:term":[{"taxonomy":"post_tag","embeddable":true,"href":"https:\/\/smartbe.be\/fr\/wp-json\/wp\/v2\/tags?post=46095"}],"curies":[{"name":"wp","href":"https:\/\/api.w.org\/{rel}","templated":true}]}}