
{"id":46067,"date":"2023-12-06T16:19:37","date_gmt":"2023-12-06T15:19:37","guid":{"rendered":"https:\/\/smartbe.be\/?page_id=46067"},"modified":"2023-12-06T19:37:08","modified_gmt":"2023-12-06T18:37:08","slug":"accueil-smart-kop-nouveau-fonctionnement-des-impressions","status":"publish","type":"page","link":"https:\/\/smartbe.be\/fr\/accueil-smart-kop-nouveau-fonctionnement-des-impressions\/","title":{"rendered":"Accueil Smart Kop &#8211; Nouveau fonctionnement des impressions"},"content":{"rendered":"<p><strong>L\u2019imprimante de l\u2019accueil Smart est \u00e0 disposition en libre-service mais ce service doit rester dans des limites et un cadre raisonnable. Nous limitons donc l\u2019impression au noir et blanc, et le nombre de pages \u00e0 50 par document envoy\u00e9, mais nous ne limitons pas le contenu qui peut \u00eatre imprim\u00e9.<\/strong><\/p>\n<p>Nous ne ferons aucun contr\u00f4le ou v\u00e9rification de ce qui est imprim\u00e9.<br \/>\nCependant, les \u00e9quipes de l\u2019accueil interviendront uniquement pour des probl\u00e8mes de r\u00e9glage ou d\u2019impression <u>de documents professionnels Smart<\/u>.<\/p>\n<p>&nbsp;<\/p>\n<h2><center><strong>Proc\u00e9dure et limites d\u2019utilisation<\/strong><\/center><\/h2>\n<p>&nbsp;<\/p>\n<p>\u279c L\u2019imprimante est r\u00e9gl\u00e9e en noir et blanc uniquement.<br \/>\n\u279c Le format d\u2019impressions est limit\u00e9 au PDF, ce qui facilite le bon fonctionnement du syst\u00e8me<br \/>\n\u279c Plusieurs outils en ligne permettent la conversion vers ce format:<\/p>\n<ul>\n<li><a href=\"https:\/\/www.ilovepdf.com\/fr\">https:\/\/www.ilovepdf.com\/fr<\/a><\/li>\n<li><a href=\"https:\/\/tinywow.com\/pdf\/edit\">https:\/\/tinywow.com\/pdf\/edit<\/a><\/li>\n<\/ul>\n<p>\u279c Les ordinateurs de l\u2019accueil sont \u00e9quip\u00e9s des programmes <a href=\"https:\/\/pdfcreator.fr\">https:\/\/pdfcreator.fr<\/a> (conversion) et adobe reader (ouverture des PDF)<br \/>\n\u279c <strong>Le nombre de pages par document est limit\u00e9 \u00e0 50 pages.<\/strong><br \/>\n\u279c Vous avez lanc\u00e9 une impression par erreur? L\u2019\u00e9quipe de l&rsquo;accueil est comp\u00e9tente pour interrompre une impression involontaire. Merci de les contacter pour annuler cette impression et ainsi \u00e9viter le gaspillage.<\/p>\n<p>&nbsp;<\/p>\n<p><center>Repris de la proc\u00e9dure d\u00e9j\u00e0 appliqu\u00e9e:<\/center><\/p>\n<h3><center><strong>Pour imprimer<br \/>\n<\/strong><\/center><\/h3>\n<p>\u279c Envoyez un mail \u00e0 partir de votre messagerie <strong>avec la pi\u00e8ce jointe \u00e0 imprimer en PDF<\/strong> \u00e0 l\u2019adresse:<\/p>\n<h3>  <a href=\"mailto:&#x6d;&#x6f;&#x62;&#x69;&#x6c;&#x65;&#x70;&#x72;&#x69;&#x6e;&#x74;&#x40;&#x73;&#x6d;&#x61;&#x72;&#x74;&#x63;&#x6f;&#x6f;&#x70;&#x2e;&#x65;&#x75;&#x2e;&#x75;&#x6e;&#x69;&#x66;&#x6c;&#x6f;&#x77;&#x6f;&#x6e;&#x6c;&#x69;&#x6e;&#x65;&#x2e;&#x63;&#x6f;&#x6d;\">&#x6d;&#x6f;&#x62;&#x69;&#x6c;&#x65;&#x70;&#x72;&#x69;&#x6e;&#x74;&#x40;<span class=\"oe_displaynone\">null<\/span>&#x73;&#x6d;&#x61;&#x72;&#x74;&#x63;&#x6f;&#x6f;&#x70;&#x2e;&#x65;&#x75;&#x2e;&#x75;&#x6e;&#x69;&#x66;&#x6c;&#x6f;&#x77;&#x6f;&#x6e;&#x6c;&#x69;&#x6e;&#x65;&#x2e;&#x63;&#x6f;&#x6d;<\/a><\/h3>\n<p> &nbsp; Vous ne devez la taper qu\u2019une seule fois, ensuite votre syst\u00e8me de messagerie retiendra cette adresse.<\/p>\n<p>\u279c Attendez de recevoir un code \u00e0 5 chiffres par retour de mail<br \/>\n\u279c Dirigez-vous vers l\u2019imprimante<br \/>\n\u279c Introduisez le code \u00e0 5 chiffres en appuyant sur <strong>JOB CODE<\/strong><\/p>\n<p>Ce retour automatique de mail peut prendre en moyenne quelques minutes, mais parfois jusqu&rsquo;\u00e0 15 min, selon des contraintes sur lesquelles nous n\u2019avons pas de recours ni d&rsquo;influence. Merci de votre patience dans ces cas que nous esp\u00e9rons les plus rares possibles.<\/p>\n<p>&nbsp;<\/p>\n<h3><center><strong>Pour Scanner<br \/>\n<\/strong><\/center><\/h3>\n<p>\u279c Utilisez le code <strong>666998<\/strong> directement sur l\u2019imprimante en appuyant sur \u2018<strong>PIN CODE<\/strong>\u2019<\/p>\n<p>\u279c Choisissez la fonction \u2018<strong>scan to exchange<\/strong>\u2019 et tapez l\u2019adresse mail vers laquelle envoyer le scan.<\/p>\n<p>&nbsp;<br \/>\n&nbsp;<\/p>\n<p><strong>Plus d&rsquo;informations g\u00e9n\u00e9rales sur l&rsquo;espace partag\u00e9 de la Kop de Smart \u00e0 Bruxelles:<\/strong><br \/>\n<a href=\"https:\/\/smartbe.be\/fr\/nos-services\/espaces-de-travail\/la-kop\/\">https:\/\/smartbe.be\/fr\/nos-services\/espaces-de-travail\/la-kop\/<\/a><\/p>","protected":false},"excerpt":{"rendered":"<p>L\u2019imprimante de l\u2019accueil Smart est \u00e0 disposition en libre-service mais ce service doit rester dans des limites et un cadre raisonnable. Nous limitons donc l\u2019impression au noir et blanc, et le nombre de pages \u00e0 50 par document envoy\u00e9, mais &hellip;<\/p>\n","protected":false},"author":13,"featured_media":0,"parent":0,"menu_order":0,"comment_status":"closed","ping_status":"closed","template":"","meta":{"footnotes":""},"tags":[],"class_list":["post-46067","page","type-page","status-publish","hentry"],"aioseo_notices":[],"_links":{"self":[{"href":"https:\/\/smartbe.be\/fr\/wp-json\/wp\/v2\/pages\/46067","targetHints":{"allow":["GET"]}}],"collection":[{"href":"https:\/\/smartbe.be\/fr\/wp-json\/wp\/v2\/pages"}],"about":[{"href":"https:\/\/smartbe.be\/fr\/wp-json\/wp\/v2\/types\/page"}],"author":[{"embeddable":true,"href":"https:\/\/smartbe.be\/fr\/wp-json\/wp\/v2\/users\/13"}],"replies":[{"embeddable":true,"href":"https:\/\/smartbe.be\/fr\/wp-json\/wp\/v2\/comments?post=46067"}],"version-history":[{"count":20,"href":"https:\/\/smartbe.be\/fr\/wp-json\/wp\/v2\/pages\/46067\/revisions"}],"predecessor-version":[{"id":46091,"href":"https:\/\/smartbe.be\/fr\/wp-json\/wp\/v2\/pages\/46067\/revisions\/46091"}],"wp:attachment":[{"href":"https:\/\/smartbe.be\/fr\/wp-json\/wp\/v2\/media?parent=46067"}],"wp:term":[{"taxonomy":"post_tag","embeddable":true,"href":"https:\/\/smartbe.be\/fr\/wp-json\/wp\/v2\/tags?post=46067"}],"curies":[{"name":"wp","href":"https:\/\/api.w.org\/{rel}","templated":true}]}}