
{"id":40285,"date":"2023-08-01T19:26:03","date_gmt":"2023-08-01T17:26:03","guid":{"rendered":"https:\/\/smartbe.be\/?page_id=40285"},"modified":"2023-08-30T15:44:09","modified_gmt":"2023-08-30T13:44:09","slug":"loi-lanceurs-dalerte-effectuez-un-signalement","status":"publish","type":"page","link":"https:\/\/smartbe.be\/fr\/loi-lanceurs-dalerte-effectuez-un-signalement\/","title":{"rendered":"Loi \u00ab\u00a0lanceurs d&rsquo;alerte\u00a0\u00bb: effectuez un signalement"},"content":{"rendered":"<p>La loi \u00abLanceurs d\u2019alertes\u00bb est la loi du 28 novembre 2022 sur la \u00abprotection des personnes qui signalent des violations au droit de l\u2019Union ou au droit national constat\u00e9es au sein d\u2019une entit\u00e9 juridique du secteur priv\u00e9\u00bb. Transposition dans le Droit belge de la directive europ\u00e9enne 2019\/1937, elle a pour\u202fobjectif principal d\u2019assurer <strong>le niveau le plus \u00e9lev\u00e9 de protection<\/strong> aux personnes signalant des violations du droit de l\u2019Union europ\u00e9enne au sein d&rsquo;une entit\u00e9 juridique du secteur priv\u00e9 (*), dans un grand nombre de domaines.<\/p>\n<p>Elle vise \u00e0 pouvoir mettre en oeuvre toute mesure destin\u00e9e \u00e0 contrer d\u2019\u00e9ventuelles repr\u00e9sailles, menaces et tentatives de repr\u00e9sailles qui seraient organis\u00e9es contre le lanceur ou la lanceuse d\u2019alertes, ses proches ou la soci\u00e9t\u00e9 \u00e0 laquelle il ou elle appartient.<\/p>\n<p>(*) Par entit\u00e9 juridique du secteur priv\u00e9, il faut comprendre toute organisation dot\u00e9e ou non de la personnalit\u00e9 juridique qui exerce une ou plusieurs activit\u00e9s d\u00e9termin\u00e9es.<\/p>\n<h3>Introduire un signalement aupr\u00e8s de Smart?<\/h3>\n<ul>\n<li><a href=\"https:\/\/forms.office.com\/e\/b7p6sEzceN\" target=\"_blank\" rel=\"noopener\">Formulaire de signalement en ligne <strong>anonyme<\/strong><\/a><\/li>\n<li><a href=\"https:\/\/forms.office.com\/e\/QJxRgvrkqv\" target=\"_blank\" rel=\"noopener\">Formulaire de signalement en ligne <strong>personnalis\u00e9<\/strong><\/a><\/li>\n<\/ul>\n<p>&nbsp;<\/p>\n<p><strong>QUESTIONS FR\u00c9QUEMMENT POS\u00c9ES<\/strong><\/p>\n<p>&nbsp;<\/p>\n<style>#sp-ea-40289 .spcollapsing { height: 0; overflow: hidden; transition-property: height;transition-duration: 300ms;}#sp-ea-40289.sp-easy-accordion>.sp-ea-single {margin-bottom: 10px; border: 1px solid #e2e2e2; }#sp-ea-40289.sp-easy-accordion>.sp-ea-single>.ea-header a {color: #444;}#sp-ea-40289.sp-easy-accordion>.sp-ea-single>.sp-collapse>.ea-body {background: #fff; color: #444;}#sp-ea-40289.sp-easy-accordion>.sp-ea-single {background: #eee;}#sp-ea-40289.sp-easy-accordion>.sp-ea-single>.ea-header a .ea-expand-icon { float: left; color: #444;font-size: 16px;}.sp-easy-accordion{font-family: \"cerebri_sans\", \"Helvetica Neue\", Arial, Helvetica, sans-serif;}\r\n.sp-easy-accordion .ea-expand h3.ea-header  a, .sp-easy-accordion .ea-expand h3.ea-header .ea-expand-icon{color:#ff4054 !important;}<\/style><div id=\"sp_easy_accordion-1776441925\"><div id=\"sp-ea-40289\" class=\"sp-ea-one sp-easy-accordion\" data-ea-active=\"ea-click\" data-ea-mode=\"vertical\" data-preloader=\"\" data-scroll-active-item=\"\" data-offset-to-scroll=\"0\"><div class=\"ea-card ea-expand sp-ea-single\"><h3 class=\"ea-header\"><a class=\"collapsed\" id=\"ea-header-402890\" role=\"button\" data-sptoggle=\"spcollapse\" data-sptarget=\"#collapse402890\" aria-controls=\"collapse402890\" href=\"#\" aria-expanded=\"true\" tabindex=\"0\"><i aria-hidden=\"true\" role=\"presentation\" class=\"ea-expand-icon eap-icon-ea-expand-minus\"><\/i> Quelles infractions peuvent \u00eatre signal\u00e9es?<\/a><\/h3><div class=\"sp-collapse spcollapse collapsed show\" id=\"collapse402890\" data-parent=\"#sp-ea-40289\" role=\"region\" aria-labelledby=\"ea-header-402890\"> <div class=\"ea-body\"><p>Les signalements peuvent concerner des infractions dans une s\u00e9rie de domaines:<\/p><ul><li>march\u00e9s publics<\/li><li>protection de l\u2019environnement<\/li><li>protection des consommateurs<\/li><li>services<\/li><li>produits et march\u00e9s financiers et pr\u00e9vention du blanchiment de capitaux et du financement du terrorisme<\/li><li>s\u00e9curit\u00e9 et conformit\u00e9 des produits<\/li><li>s\u00e9curit\u00e9 des transports<\/li><li>radioprotection et s\u00fbret\u00e9 nucl\u00e9aire<\/li><li>s\u00e9curit\u00e9 des aliments destin\u00e9s \u00e0 l\u2019alimentation humaine et animale<\/li><li>sant\u00e9 et bien-\u00eatre des animaux<\/li><li>protection de la vie priv\u00e9e et des donn\u00e9es \u00e0 caract\u00e8re personnel<\/li><li>s\u00e9curit\u00e9 des r\u00e9seaux et des syst\u00e8mes d\u2019information<\/li><li>fraude sociale<\/li><li>fraude fiscale<\/li><\/ul><p>\u00a0<\/p><\/div><\/div><\/div><div class=\"ea-card sp-ea-single\"><h3 class=\"ea-header\"><a class=\"collapsed\" id=\"ea-header-402891\" role=\"button\" data-sptoggle=\"spcollapse\" data-sptarget=\"#collapse402891\" aria-controls=\"collapse402891\" href=\"#\" aria-expanded=\"false\" tabindex=\"0\"><i aria-hidden=\"true\" role=\"presentation\" class=\"ea-expand-icon eap-icon-ea-expand-plus\"><\/i> Qu\u2019est-ce qu\u2019un signalement?<\/a><\/h3><div class=\"sp-collapse spcollapse \" id=\"collapse402891\" data-parent=\"#sp-ea-40289\" role=\"region\" aria-labelledby=\"ea-header-402891\"> <div class=\"ea-body\"><p>Un signalement doit concerner des faits qui se sont d\u00e9roul\u00e9s dans un organisme priv\u00e9 et dont la prise de connaissance s\u2019est faite dans un contexte professionnel. La loi distingue les signalements internes et les signalements externes.<\/p><p>Un signalement interne est un signalement fait au sein de l\u2019entreprise.<\/p><p>Un signalement externe est la communication orale ou \u00e9crite d'informations sur des violations au coordinateur f\u00e9d\u00e9ral ou aux autorit\u00e9s comp\u00e9tentes.<\/p><p>Tout signalement qui serait signal\u00e9 \u00e0 Smart rentre dans la cat\u00e9gorie des signalements internes.<\/p><\/div><\/div><\/div><div class=\"ea-card sp-ea-single\"><h3 class=\"ea-header\"><a class=\"collapsed\" id=\"ea-header-402892\" role=\"button\" data-sptoggle=\"spcollapse\" data-sptarget=\"#collapse402892\" aria-controls=\"collapse402892\" href=\"#\" aria-expanded=\"false\" tabindex=\"0\"><i aria-hidden=\"true\" role=\"presentation\" class=\"ea-expand-icon eap-icon-ea-expand-plus\"><\/i> Qu\u2019est-ce qui n\u2019est pas consid\u00e9r\u00e9 comme un signalement?<\/a><\/h3><div class=\"sp-collapse spcollapse \" id=\"collapse402892\" data-parent=\"#sp-ea-40289\" role=\"region\" aria-labelledby=\"ea-header-402892\"> <div class=\"ea-body\"><p>Ne sont pas consid\u00e9r\u00e9s comme un signalement:<\/p><ul><li>un signalement effectu\u00e9 exclusivement pour votre situation ou par int\u00e9r\u00eat personnel et qui ne constitue donc pas une menace ou une atteinte pour l\u2019int\u00e9r\u00eat g\u00e9n\u00e9ral<\/li><li>un signalement relatif \u00e0 des faits de harc\u00e8lement ou de violence sur le lieu de travail. Ces derniers sont \u00e0 signaler \u00e0 la personne de confiance ou \u00e0 un\u00b7e conseiller\u00b7e en pr\u00e9vention<\/li><li>un signalement portant sur des faits de discrimination ou de racisme. Ces derniers doivent \u00eatre signal\u00e9 \u00e0\u202f<a href=\"http:\/\/www.unia.be\/fr\">Unia<\/a>.<\/li><li>un signalement relatif \u00e0 des faits concernant la police. Ces derniers sont \u00e0 signaler au\u202f<a href=\"http:\/\/comitep.be\/index.html?lang=fr\">Comit\u00e9 P<\/a>.<\/li><li>un signalement relatif \u00e0 des faits concernant les services de renseignements et de s\u00e9curit\u00e9. Ces derniers sont \u00e0 signaler au\u202f<a href=\"http:\/\/www.comiteri.be\/index.php\/fr\/\">Comit\u00e9 R<\/a>.<\/li><\/ul><\/div><\/div><\/div><div class=\"ea-card sp-ea-single\"><h3 class=\"ea-header\"><a class=\"collapsed\" id=\"ea-header-402893\" role=\"button\" data-sptoggle=\"spcollapse\" data-sptarget=\"#collapse402893\" aria-controls=\"collapse402893\" href=\"#\" aria-expanded=\"false\" tabindex=\"0\"><i aria-hidden=\"true\" role=\"presentation\" class=\"ea-expand-icon eap-icon-ea-expand-plus\"><\/i> Qui peut faire un signalement et \u00eatre prot\u00e9g\u00e9?<\/a><\/h3><div class=\"sp-collapse spcollapse \" id=\"collapse402893\" data-parent=\"#sp-ea-40289\" role=\"region\" aria-labelledby=\"ea-header-402893\"> <div class=\"ea-body\"><p>Tout travailleur ou toute travailleuse du secteur priv\u00e9 qui a obtenu des informations sur des violations dans un contexte professionnel, peut faire un signalement. Par travailleur\u00b7euse, il faut entendre:<\/p><ul><li>les travailleurs et travailleurs y compris les fonctionnaires qui constateraient une violation dans une entreprise priv\u00e9e dans le cadre de leur activit\u00e9 professionnelle<\/li><li>les ind\u00e9pendant\u00b7es<\/li><li>les actionnaires, les membre de l\u2019organe d\u2019administration, de direction ou de surveillance d'une entreprise, y compris les membres non ex\u00e9cutifs<\/li><li>les b\u00e9n\u00e9voles et les stagiaires qu\u2019ils soient r\u00e9mun\u00e9r\u00e9s ou non<\/li><li>les contractants, les sous-traitants et les fournisseurs<\/li><li>les anciens travailleurs<\/li><li>les futurs travailleurs (pour les informations obtenues lors du processus de recrutement\u202fou d'autres n\u00e9gociations pr\u00e9contractuelles).<\/li><\/ul><\/div><\/div><\/div><div class=\"ea-card sp-ea-single\"><h3 class=\"ea-header\"><a class=\"collapsed\" id=\"ea-header-402894\" role=\"button\" data-sptoggle=\"spcollapse\" data-sptarget=\"#collapse402894\" aria-controls=\"collapse402894\" href=\"#\" aria-expanded=\"false\" tabindex=\"0\"><i aria-hidden=\"true\" role=\"presentation\" class=\"ea-expand-icon eap-icon-ea-expand-plus\"><\/i> Qui est prot\u00e9g\u00e9?<\/a><\/h3><div class=\"sp-collapse spcollapse \" id=\"collapse402894\" data-parent=\"#sp-ea-40289\" role=\"region\" aria-labelledby=\"ea-header-402894\"> <div class=\"ea-body\"><p>Non seulement le lanceur d\u2019alerte b\u00e9n\u00e9ficie d\u2019une protection mais \u00e9galement les personnes qui agissent comme facilitateurs, ses coll\u00e8gues ou proches, ou encore les soci\u00e9t\u00e9s qui lui appartiennent ou pour lesquelles il travaille.<\/p><p>Est consid\u00e9r\u00e9 comme facilitateur\u00b7trice, toute personne physique qui aide un\u00b7e auteur\u00b7trice de signalement au cours du processus de signalement et dont l\u2019aide devrait \u00eatre confidentielle.<\/p><\/div><\/div><\/div><div class=\"ea-card sp-ea-single\"><h3 class=\"ea-header\"><a class=\"collapsed\" id=\"ea-header-402895\" role=\"button\" data-sptoggle=\"spcollapse\" data-sptarget=\"#collapse402895\" aria-controls=\"collapse402895\" href=\"#\" aria-expanded=\"false\" tabindex=\"0\"><i aria-hidden=\"true\" role=\"presentation\" class=\"ea-expand-icon eap-icon-ea-expand-plus\"><\/i> Qui veille \u00e0 la protection des personnes concern\u00e9es?<\/a><\/h3><div class=\"sp-collapse spcollapse \" id=\"collapse402895\" data-parent=\"#sp-ea-40289\" role=\"region\" aria-labelledby=\"ea-header-402895\"> <div class=\"ea-body\"><p>C\u2019est <a href=\"https:\/\/www.federaalombudsman.be\/fr\">le\u202fcoordinateur f\u00e9d\u00e9ral<\/a>\u202fqui veille \u00e0 la protection des personnes concern\u00e9es.<\/p><p>Tout lanceur d\u2019alerte qui s\u2019estime victime ou menac\u00e9e de repr\u00e9sailles, peut adresser une plainte motiv\u00e9e au coordinateur f\u00e9d\u00e9ral, qui engage une proc\u00e9dure extrajudiciaire de protection.<br \/>Plus d'informations:\u202f<a href=\"https:\/\/www.federaalombudsman.be\/fr\/centre-integrite\/protection-contre-les-represailles\">Protection contre les repr\u00e9sailles<\/a><\/p><\/div><\/div><\/div><div class=\"ea-card sp-ea-single\"><h3 class=\"ea-header\"><a class=\"collapsed\" id=\"ea-header-402896\" role=\"button\" data-sptoggle=\"spcollapse\" data-sptarget=\"#collapse402896\" aria-controls=\"collapse402896\" href=\"#\" aria-expanded=\"false\" tabindex=\"0\"><i aria-hidden=\"true\" role=\"presentation\" class=\"ea-expand-icon eap-icon-ea-expand-plus\"><\/i> Quelles sont les conditions pour b\u00e9n\u00e9ficier de la protection?<\/a><\/h3><div class=\"sp-collapse spcollapse \" id=\"collapse402896\" data-parent=\"#sp-ea-40289\" role=\"region\" aria-labelledby=\"ea-header-402896\"> <div class=\"ea-body\"><p>Pour b\u00e9n\u00e9ficier de la protection pr\u00e9vue par la loi, le lanceur d\u2019alerte doit satisfaire aux conditions suivantes:<\/p><ul><li>avoir agi de bonne foi<\/li><li>avoir des motifs raisonnables de croire que les informations signal\u00e9es \u00e9taient v\u00e9ridiques au moment du signalement<\/li><li>avoir respect\u00e9 le cheminement d\u2019un signalement tel que pr\u00e9vu par la loi<\/li><\/ul><p>Le lanceur ou la lanceuse d\u2019alerte ne b\u00e9n\u00e9ficie d\u2019aucune protection si son signalement se base sur de fausses informations ou sur des informations obtenues suite \u00e0 une infraction.<\/p><p>Les lanceurs et lanceuses d\u2019alertes qui pr\u00e9f\u00e8rent utiliser les signalements anonymes ne peuvent de facto pas faire l\u2019objet de protection.<\/p><\/div><\/div><\/div><div class=\"ea-card sp-ea-single\"><h3 class=\"ea-header\"><a class=\"collapsed\" id=\"ea-header-402897\" role=\"button\" data-sptoggle=\"spcollapse\" data-sptarget=\"#collapse402897\" aria-controls=\"collapse402897\" href=\"#\" aria-expanded=\"false\" tabindex=\"0\"><i aria-hidden=\"true\" role=\"presentation\" class=\"ea-expand-icon eap-icon-ea-expand-plus\"><\/i> Quelles mesures de confidentialit\u00e9 sont prises par Smart?<\/a><\/h3><div class=\"sp-collapse spcollapse \" id=\"collapse402897\" data-parent=\"#sp-ea-40289\" role=\"region\" aria-labelledby=\"ea-header-402897\"> <div class=\"ea-body\"><p>Conform\u00e9ment \u00e0 la loi, au sein de Smart, seul le gestionnaire de signalement a acc\u00e8s aux donn\u00e9es personnelles relatives au signalement. Les canaux mis en place pour la r\u00e9ception des signalements sont con\u00e7us, \u00e9tablis et g\u00e9r\u00e9s de mani\u00e8re s\u00e9curis\u00e9e garantissant la confidentialit\u00e9 de l'identit\u00e9 de l'auteur du signalement et de tout tiers mentionn\u00e9.<\/p><p>Ces mesures de confidentialit\u00e9 s\u2019appliquent tant au lanceur d\u2019alerte qu\u2019\u00e0 toute personne concern\u00e9e par le signalement.<\/p><p><strong>Exception:<\/strong> en cas d\u2019enqu\u00eate judiciaire, l\u2019autorit\u00e9 comp\u00e9tente peut \u00eatre amen\u00e9e \u00e0 communiquer l\u2019identit\u00e9 de l\u2019auteur de signalement qui en sera inform\u00e9 pr\u00e9alablement.<\/p><\/div><\/div><\/div><div class=\"ea-card sp-ea-single\"><h3 class=\"ea-header\"><a class=\"collapsed\" id=\"ea-header-402898\" role=\"button\" data-sptoggle=\"spcollapse\" data-sptarget=\"#collapse402898\" aria-controls=\"collapse402898\" href=\"#\" aria-expanded=\"false\" tabindex=\"0\"><i aria-hidden=\"true\" role=\"presentation\" class=\"ea-expand-icon eap-icon-ea-expand-plus\"><\/i> Qu\u2019en est-il de la confidentialit\u00e9 des personnes concern\u00e9es?<\/a><\/h3><div class=\"sp-collapse spcollapse \" id=\"collapse402898\" data-parent=\"#sp-ea-40289\" role=\"region\" aria-labelledby=\"ea-header-402898\"> <div class=\"ea-body\"><p>Est consid\u00e9r\u00e9 comme \u00abpersonne concern\u00e9e\u00bb, toute personne physique ou morale qui est mentionn\u00e9e dans le signalement ou la divulgation publique en tant que personne \u00e0 laquelle la violation est attribu\u00e9e ou \u00e0 laquelle cette personne est associ\u00e9e.<\/p><p>Ces mesures de confidentialit\u00e9 s\u2019appliquent tant au lanceur d\u2019alerte qu\u2019\u00e0 toute personne concern\u00e9e par le signalement.<\/p><p>Les autorit\u00e9s comp\u00e9tentes veillent \u00e0 ce que l\u2019identit\u00e9 des personnes concern\u00e9es soit prot\u00e9g\u00e9e aussi longtemps que les enqu\u00eates d\u00e9clench\u00e9es par le signalement ou la divulgation publique sont en cours.<\/p><\/div><\/div><\/div><div class=\"ea-card sp-ea-single\"><h3 class=\"ea-header\"><a class=\"collapsed\" id=\"ea-header-402899\" role=\"button\" data-sptoggle=\"spcollapse\" data-sptarget=\"#collapse402899\" aria-controls=\"collapse402899\" href=\"#\" aria-expanded=\"false\" tabindex=\"0\"><i aria-hidden=\"true\" role=\"presentation\" class=\"ea-expand-icon eap-icon-ea-expand-plus\"><\/i> Comment d\u00e9clarer un signalement?<\/a><\/h3><div class=\"sp-collapse spcollapse \" id=\"collapse402899\" data-parent=\"#sp-ea-40289\" role=\"region\" aria-labelledby=\"ea-header-402899\"> <div class=\"ea-body\"><p>Les personnes souhaitant signaler des violations peuvent passer par le canal de signalement mis en place par Smart: on parle alors de\u202fsignalement interne.\u202fElles peuvent aussi signaler la violation directement aupr\u00e8s de l'autorit\u00e9 comp\u00e9tente en la mati\u00e8re\u202fou aupr\u00e8s du\u202fcoordinateur f\u00e9d\u00e9ral: on parle alors de\u202fsignalement externe.<\/p><\/div><\/div><\/div><div class=\"ea-card sp-ea-single\"><h3 class=\"ea-header\"><a class=\"collapsed\" id=\"ea-header-4028910\" role=\"button\" data-sptoggle=\"spcollapse\" data-sptarget=\"#collapse4028910\" aria-controls=\"collapse4028910\" href=\"#\" aria-expanded=\"false\" tabindex=\"0\"><i aria-hidden=\"true\" role=\"presentation\" class=\"ea-expand-icon eap-icon-ea-expand-plus\"><\/i> Un signalement anonyme est-il autoris\u00e9?<\/a><\/h3><div class=\"sp-collapse spcollapse \" id=\"collapse4028910\" data-parent=\"#sp-ea-40289\" role=\"region\" aria-labelledby=\"ea-header-4028910\"> <div class=\"ea-body\"><p>La loi autorise les signalements anonymes c\u2019est-\u00e0-dire des signalements dont personne, pas m\u00eame le gestionnaire de signalement, ne connait l'identit\u00e9 de l\u2019auteur.<\/p><p>De par sa nature, un signalement anonyme implique que son auteur ne peut faire l\u2019objet d\u2019aucune protection. De m\u00eame le suivi du signalement ne peut lui \u00eatre communiqu\u00e9.<\/p><\/div><\/div><\/div><div class=\"ea-card sp-ea-single\"><h3 class=\"ea-header\"><a class=\"collapsed\" id=\"ea-header-4028911\" role=\"button\" data-sptoggle=\"spcollapse\" data-sptarget=\"#collapse4028911\" aria-controls=\"collapse4028911\" href=\"#\" aria-expanded=\"false\" tabindex=\"0\"><i aria-hidden=\"true\" role=\"presentation\" class=\"ea-expand-icon eap-icon-ea-expand-plus\"><\/i> Comment introduire un signalement aupr\u00e8s de Smart?<\/a><\/h3><div class=\"sp-collapse spcollapse \" id=\"collapse4028911\" data-parent=\"#sp-ea-40289\" role=\"region\" aria-labelledby=\"ea-header-4028911\"> <div class=\"ea-body\"><p>Smart a mis en place deux formulaires pour d\u00e9clarer un signalement. Le signalement peut se faire via\u202f:<\/p><p><a href=\"https:\/\/forms.office.com\/e\/b7p6sEzceN\" target=\"_blank\" rel=\"noopener\">Un formulaire de signalement en ligne anonyme<\/a><\/p><p><a href=\"https:\/\/forms.office.com\/e\/QJxRgvrkqv\" target=\"_blank\" rel=\"noopener\">Un formulaire de signalement en ligne personnalis\u00e9<\/a><\/p><p>Si le signalement n\u2019est pas anonyme, les informations personnelles suivantes sont requises: Nom, pr\u00e9nom, adresse postale, t\u00e9l\u00e9phone et adresse mail. Ces informations sont n\u00e9cessaires pour recontacter \u00e9ventuellement l\u2019auteur du signalement pour d\u2019\u00e9ventuels compl\u00e9ments d\u2019informations, pour communiquer le suivi et le r\u00e9sultat final du signalement conform\u00e9ment \u00e0 la loi.<\/p><p>Si ces informations ne sont pas compl\u00e8tes ou si elles sont erron\u00e9es, le signalement est consid\u00e9r\u00e9 comme anonyme.<\/p><\/div><\/div><\/div><div class=\"ea-card sp-ea-single\"><h3 class=\"ea-header\"><a class=\"collapsed\" id=\"ea-header-4028912\" role=\"button\" data-sptoggle=\"spcollapse\" data-sptarget=\"#collapse4028912\" aria-controls=\"collapse4028912\" href=\"#\" aria-expanded=\"false\" tabindex=\"0\"><i aria-hidden=\"true\" role=\"presentation\" class=\"ea-expand-icon eap-icon-ea-expand-plus\"><\/i> En cas de repr\u00e9sailles, o\u00f9 doit-on introduire son recours?<\/a><\/h3><div class=\"sp-collapse spcollapse \" id=\"collapse4028912\" data-parent=\"#sp-ea-40289\" role=\"region\" aria-labelledby=\"ea-header-4028912\"> <div class=\"ea-body\"><p>Tout recours en cas de repr\u00e9sailles est \u00e0 introduire aupr\u00e8s du tribunal du travail conform\u00e9ment \u00e0 l\u2019article 578 du Code judiciaire.<\/p><p>Tant dans le cas d\u2019un signalement interne, que d\u2019un signalement externe, ou d\u2019une divulgation publique, l\u2019Institut F\u00e9d\u00e9ral pour la protection et la promotion des Droits Humains veille \u00e0 l\u2019application des mesures de soutien. Il est le point central d\u2019information en mati\u00e8re de protection des auteurs et autrices de signalement.<\/p><\/div><\/div><\/div><div class=\"ea-card sp-ea-single\"><h3 class=\"ea-header\"><a class=\"collapsed\" id=\"ea-header-4028913\" role=\"button\" data-sptoggle=\"spcollapse\" data-sptarget=\"#collapse4028913\" aria-controls=\"collapse4028913\" href=\"#\" aria-expanded=\"false\" tabindex=\"0\"><i aria-hidden=\"true\" role=\"presentation\" class=\"ea-expand-icon eap-icon-ea-expand-plus\"><\/i> La responsabilit\u00e9 de l\u2019auteur ou de l'autrice du signalement est-elle engag\u00e9e?<\/a><\/h3><div class=\"sp-collapse spcollapse \" id=\"collapse4028913\" data-parent=\"#sp-ea-40289\" role=\"region\" aria-labelledby=\"ea-header-4028913\"> <div class=\"ea-body\"><p>Le signalement ou la divulgation publique effectu\u00e9e conform\u00e9ment \u00e0 la loi du 28 novembre 2022 sur la protection des personnes qui signalent des violations au droit de l'Union ou au droit national constat\u00e9es au sein d'une entit\u00e9 juridique du secteur priv\u00e9 ne constitue ni une faute lourde, ni un dol, ni une faute l\u00e9g\u00e8re habituelle susceptible d'engager la responsabilit\u00e9 civile du\u00b7de la travailleur\u00b7euse, et ce, quelle que soit sa motivation.<\/p><p>Et ce pour autant que l\u2019auteur ait eu des motifs raisonnables de croire que le signalement ou la divulgation publique de telles informations \u00e9tait n\u00e9cessaire pour r\u00e9v\u00e9ler une violation en vertu de la pr\u00e9sente loi. Aux m\u00eames conditions, aucune action civile, p\u00e9nale ou disciplinaire ne peut \u00eatre engag\u00e9e contre ces personnes, ni aucune sanction professionnelle inflig\u00e9e, en raison de ce signalement ou de cette divulgation.<\/p><\/div><\/div><\/div><div class=\"ea-card sp-ea-single\"><h3 class=\"ea-header\"><a class=\"collapsed\" id=\"ea-header-4028914\" role=\"button\" data-sptoggle=\"spcollapse\" data-sptarget=\"#collapse4028914\" aria-controls=\"collapse4028914\" href=\"#\" aria-expanded=\"false\" tabindex=\"0\"><i aria-hidden=\"true\" role=\"presentation\" class=\"ea-expand-icon eap-icon-ea-expand-plus\"><\/i> Quelles sont les structures mise en place au niveau f\u00e9d\u00e9ral?<\/a><\/h3><div class=\"sp-collapse spcollapse \" id=\"collapse4028914\" data-parent=\"#sp-ea-40289\" role=\"region\" aria-labelledby=\"ea-header-4028914\"> <div class=\"ea-body\"><p><strong>Coordinateur f\u00e9d\u00e9ral<\/strong><br \/>Le Parlement f\u00e9d\u00e9ral a confi\u00e9 au m\u00e9diateur f\u00e9d\u00e9ral le r\u00f4le de coordinateur f\u00e9d\u00e9ral pour les signalements externes. Le r\u00f4le du coordinateur f\u00e9d\u00e9ral est de faciliter la proc\u00e9dure de signalement pour les lanceurs d\u2019alerte. Le coordinateur f\u00e9d\u00e9ral est en charge de recevoir les signalements externes de violation, d\u2019examiner leur recevabilit\u00e9 et l\u2019existence d\u2019une pr\u00e9somption raisonnable que la violation signal\u00e9e a eu lieu et, dans ce cas, de transmettre le signalement \u00e0 l'autorit\u00e9 comp\u00e9tente pour qu'elle lance une enqu\u00eate.<br \/>Site web du coordinateur f\u00e9d\u00e9ral :\u202f<a href=\"https:\/\/www.federaalombudsman.be\/fr\">M\u00e9diateur f\u00e9d\u00e9ral<\/a>.<\/p><ul><li><strong>L\u2019Institut f\u00e9d\u00e9ral pour la protection et la promotion des Droits humains<\/strong><br \/>L\u2019Institut f\u00e9d\u00e9ral pour la protection et la promotion des Droits humains s'efforce de cr\u00e9er une soci\u00e9t\u00e9 o\u00f9 les droits humains de tous et toutes sont respect\u00e9s de mani\u00e8re \u00e9gale.<br \/>Coordonn\u00e9es :\u202f<a href=\"https:\/\/www.institutfederaldroitshumains.be\/fr\">FIRM-IFDH<\/a>.<\/li><\/ul><\/div><\/div><\/div><\/div><\/div>","protected":false},"excerpt":{"rendered":"<p>La loi \u00abLanceurs d\u2019alertes\u00bb est la loi du 28 novembre 2022 sur la \u00abprotection des personnes qui signalent des violations au droit de l\u2019Union ou au droit national constat\u00e9es au sein d\u2019une entit\u00e9 juridique du secteur priv\u00e9\u00bb. Transposition dans le &hellip;<\/p>\n","protected":false},"author":13,"featured_media":0,"parent":0,"menu_order":0,"comment_status":"closed","ping_status":"closed","template":"","meta":{"footnotes":""},"tags":[],"class_list":["post-40285","page","type-page","status-publish","hentry"],"aioseo_notices":[],"_links":{"self":[{"href":"https:\/\/smartbe.be\/fr\/wp-json\/wp\/v2\/pages\/40285","targetHints":{"allow":["GET"]}}],"collection":[{"href":"https:\/\/smartbe.be\/fr\/wp-json\/wp\/v2\/pages"}],"about":[{"href":"https:\/\/smartbe.be\/fr\/wp-json\/wp\/v2\/types\/page"}],"author":[{"embeddable":true,"href":"https:\/\/smartbe.be\/fr\/wp-json\/wp\/v2\/users\/13"}],"replies":[{"embeddable":true,"href":"https:\/\/smartbe.be\/fr\/wp-json\/wp\/v2\/comments?post=40285"}],"version-history":[{"count":13,"href":"https:\/\/smartbe.be\/fr\/wp-json\/wp\/v2\/pages\/40285\/revisions"}],"predecessor-version":[{"id":40396,"href":"https:\/\/smartbe.be\/fr\/wp-json\/wp\/v2\/pages\/40285\/revisions\/40396"}],"wp:attachment":[{"href":"https:\/\/smartbe.be\/fr\/wp-json\/wp\/v2\/media?parent=40285"}],"wp:term":[{"taxonomy":"post_tag","embeddable":true,"href":"https:\/\/smartbe.be\/fr\/wp-json\/wp\/v2\/tags?post=40285"}],"curies":[{"name":"wp","href":"https:\/\/api.w.org\/{rel}","templated":true}]}}