
{"id":39528,"date":"2023-05-23T10:05:38","date_gmt":"2023-05-23T08:05:38","guid":{"rendered":"https:\/\/smartbe.be\/?page_id=39528"},"modified":"2023-05-23T10:05:38","modified_gmt":"2023-05-23T08:05:38","slug":"demo-v-alpha-assemblee-generale-2023-le-programme","status":"publish","type":"page","link":"https:\/\/smartbe.be\/fr\/demo-v-alpha-assemblee-generale-2023-le-programme\/","title":{"rendered":"[Demo v-alpha] Assembl\u00e9e g\u00e9n\u00e9rale 2023: le Programme"},"content":{"rendered":"","protected":false},"excerpt":{"rendered":"","protected":false},"author":53,"featured_media":0,"parent":0,"menu_order":0,"comment_status":"closed","ping_status":"closed","template":"page-AG2023-final.php","meta":{"footnotes":""},"tags":[],"class_list":["post-39528","page","type-page","status-publish","hentry"],"aioseo_notices":[],"_links":{"self":[{"href":"https:\/\/smartbe.be\/fr\/wp-json\/wp\/v2\/pages\/39528","targetHints":{"allow":["GET"]}}],"collection":[{"href":"https:\/\/smartbe.be\/fr\/wp-json\/wp\/v2\/pages"}],"about":[{"href":"https:\/\/smartbe.be\/fr\/wp-json\/wp\/v2\/types\/page"}],"author":[{"embeddable":true,"href":"https:\/\/smartbe.be\/fr\/wp-json\/wp\/v2\/users\/53"}],"replies":[{"embeddable":true,"href":"https:\/\/smartbe.be\/fr\/wp-json\/wp\/v2\/comments?post=39528"}],"version-history":[{"count":1,"href":"https:\/\/smartbe.be\/fr\/wp-json\/wp\/v2\/pages\/39528\/revisions"}],"predecessor-version":[{"id":39530,"href":"https:\/\/smartbe.be\/fr\/wp-json\/wp\/v2\/pages\/39528\/revisions\/39530"}],"wp:attachment":[{"href":"https:\/\/smartbe.be\/fr\/wp-json\/wp\/v2\/media?parent=39528"}],"wp:term":[{"taxonomy":"post_tag","embeddable":true,"href":"https:\/\/smartbe.be\/fr\/wp-json\/wp\/v2\/tags?post=39528"}],"curies":[{"name":"wp","href":"https:\/\/api.w.org\/{rel}","templated":true}]}}