
{"id":39518,"date":"2023-05-19T15:55:02","date_gmt":"2023-05-19T13:55:02","guid":{"rendered":"https:\/\/smartbe.be\/?page_id=39518"},"modified":"2024-11-08T16:13:01","modified_gmt":"2024-11-08T15:13:01","slug":"assemblee-generale-2023-ordre-du-jour","status":"publish","type":"page","link":"https:\/\/smartbe.be\/fr\/assemblee-generale-2023-ordre-du-jour\/","title":{"rendered":"Assembl\u00e9e g\u00e9n\u00e9rale 2023 \u2013 Ordre du jour"},"content":{"rendered":"<h2>SmartCoop \u2013 Soci\u00e9t\u00e9 coop\u00e9rative agr\u00e9\u00e9e entreprise sociale<\/h2>\n<p>Retrouvez ci-dessous l\u2019ordre du jour, les points soumis au vote, les documents et vid\u00e9os \u00e0 votre disposition ainsi que les r\u00e9sultats des votes.<\/p>\n<p><a href=\"https:\/\/smartbe.be\/wp-content\/uploads\/2023\/06\/SmartCoop_resultats_AG-2023-final.pdf\">Les r\u00e9sultats des votes<\/a><\/p>\n<p><a href=\"https:\/\/smartbe.be\/wp-content\/uploads\/2023\/06\/AGO-20.06.2023_Resolutions-FR-1.pdf\" target=\"_blank\" rel=\"noopener\">Le texte int\u00e9gral des r\u00e9solutions qui se trouve sur la plateforme de vote.<\/a><\/p>\n<p><strong>Les temps formels de la journ\u00e9e:<\/strong><\/p>\n<p>\u2014 de 10h \u00e0 12h, <strong>l\u2019assembl\u00e9e des soci\u00e9taires de Smart<\/strong>, un temps en pl\u00e9ni\u00e8re o\u00f9 vous d\u00e9couvrirez ce qui a marqu\u00e9 l&rsquo;ann\u00e9e 2022: les activit\u00e9s, les chiffres, les projets et les enjeux \u00e0 venir. Venez pour comprendre et poser vos questions.<\/p>\n<p>\u2014 de 17h30 \u00e0 17h55, <strong>l\u2019assembl\u00e9e g\u00e9n\u00e9rale formelle de SmartCoop<\/strong> o\u00f9 nous passerons en revue les points \u00e0 l&rsquo;ordre du jour et annoncerons les r\u00e9sultats des votes.<\/p>\n<p>Les assembl\u00e9es se d\u00e9rouleront \u00e0 Bruxelles, avec retransmission \u00e0 Li\u00e8ge et Anvers et diffusion en direct sur <a href=\"https:\/\/www.youtube.com\/playlist?list=PL0ui8MceUYB-DGgWln1etUx77DfyYvaAI\">notre chaine YouTube<\/a>.<\/p>\n<h2>Assembl\u00e9e g\u00e9n\u00e9rale ordinaire \u2013 Ordre du jour<\/h2>\n<p><strong>1. Prise de connaissance du rapport de gestion, du rapport du commissaire aux comptes et des rapports sp\u00e9ciaux<\/strong> \u2013 Prise d\u2019acte<\/p>\n<p><em>Examen des rapports pour prendre connaissance de la situation \u00e9conomique et financi\u00e8re de l\u2019ensemble des entit\u00e9s juridiques de Smart en Belgique.\u202f<\/em><\/p>\n<p>Documents:<\/p>\n<p>\u2192 <a href=\"https:\/\/www.youtube.com\/playlist?list=PL0ui8MceUYB-DGgWln1etUx77DfyYvaAI\" target=\"_blank\" rel=\"noopener\">Un r\u00e9sum\u00e9 des rapports en vid\u00e9o<\/a><\/p>\n<p>\u2192 <a href=\"https:\/\/indd.adobe.com\/view\/9a1ce341-9635-4be4-9c8c-39a66b546ba6\" target=\"_blank\" rel=\"noopener\">Rapport d\u2019activit\u00e9<\/a><\/p>\n<p>\u2192 <a href=\"https:\/\/smartbe.be\/wp-content\/uploads\/2023\/06\/20230516_SMARTCOOP_Rapport_de_gestion.pdf\" target=\"_blank\" rel=\"noopener\">Rapport de gestion*<\/a><\/p>\n<p>\u2192 <a href=\"https:\/\/smartbe.be\/wp-content\/uploads\/2023\/06\/Rapport_economique_et_financier_de_l_ensemble_des_entites_de_Smart_Belgique_sur_l_exercice_clos.pdf\" target=\"_blank\" rel=\"noopener\">Rapport sur la situation \u00e9conomique et financi\u00e8re de l\u2019ensemble des entit\u00e9s juridiques de Smart en Belgique*<\/a><\/p>\n<p>\u2192 <a href=\"https:\/\/smartbe.be\/wp-content\/uploads\/2023\/06\/Smart_Rapport_special_des_societes_cooperatives_agreees-1.pdf\" target=\"_blank\" rel=\"noopener\">Rapport sp\u00e9cial relatif \u00e0 l\u2019agr\u00e9ment comme soci\u00e9t\u00e9 coop\u00e9rative membre du Conseil National de la Coop\u00e9ration<\/a><\/p>\n<p>\u2192 <a href=\"https:\/\/smartbe.be\/wp-content\/uploads\/2023\/05\/Smart_Rapport_special_relatif_a_l_agrement_comme_entreprise_sociale.pdf\" target=\"_blank\" rel=\"noopener\">Rapport sp\u00e9cial relatif \u00e0 l\u2019agr\u00e9ment comme entreprise sociale<\/a><\/p>\n<p>\u2192 <a href=\"https:\/\/smartbe.be\/wp-content\/uploads\/2023\/06\/SmartCoop-SC-rapport-de-commissaire-2022.pdf\" target=\"_blank\" rel=\"noopener\">Rapport du commissaire aux comptes<\/a><\/p>\n<p>\u2192 <a href=\"https:\/\/smartbe.be\/wp-content\/uploads\/2023\/05\/Smart_comite_ethique_RA_2022.pdf\" target=\"_blank\" rel=\"noopener\">Rapport du comit\u00e9 d\u2019\u00e9thique<\/a><\/p>\n<p><strong>2. Approbation des comptes<\/strong> \u2013\u202fPoint pour d\u00e9cision<\/p>\n<p><em>Approbation des comptes annuels pour l\u2019exercice 2022<\/em><\/p>\n<p>Documents:<br \/>\n\u2192 <a href=\"https:\/\/www.youtube.com\/playlist?list=PL0ui8MceUYB-DGgWln1etUx77DfyYvaAI\" target=\"_blank\" rel=\"noopener\">Un r\u00e9sum\u00e9 des comptes 2022 en vid\u00e9o*<\/a><\/p>\n<p>\u2192 <a href=\"https:\/\/smartbe.be\/wp-content\/uploads\/2023\/06\/BNB-SCO-VERSION-07-06-2023.pdf\" target=\"_blank\" rel=\"noopener\">Comptes annuels de SmartCoop<\/a><\/p>\n<p>\u2192 <a href=\"https:\/\/smartbe.be\/wp-content\/uploads\/2023\/06\/Compte-de-resultats-et-bilan-de-lensemble-des-entites-juridiques-de-Smart-en-Belgique-FR-1.pdf\" target=\"_blank\" rel=\"noopener\">Compte de r\u00e9sultats et bilan de l\u2019ensemble des entit\u00e9s juridiques de Smart en Belgique*<\/a><\/p>\n<p><strong>3. D\u00e9charge aux administrateur\u00b7ices et au commissaire aux comptes<\/strong> \u2013\u202fPoint pour d\u00e9cision<\/p>\n<p><em>Accorder une d\u00e9charge revient \u00e0 dire que les administrateur\u00b7ices et les commissaires aux comptes ont correctement rempli leur mandat durant l\u2019exercice comptable \u00e9coul\u00e9.<\/em><\/p>\n<p><strong>4. Affectation du r\u00e9sultat<\/strong>\u202f\u2013 Prise d\u2019acte<\/p>\n<p><em>Les statuts de la coop\u00e9rative pr\u00e9voient la non-distribution des r\u00e9sultats et leur affectation en r\u00e9serves impartageables.<\/em><\/p>\n<p><strong>5. \u00c9tat du soci\u00e9tariat et des capitaux propres<\/strong>\u00a0\u2013 Prise d\u2019acte<\/p>\n<p><em>Composition du soci\u00e9tariat (cat\u00e9gories, nombre de parts, droits de vote), du montant des capitaux propres et de la valeur de la part au 31\/12\/2022.<\/em><\/p>\n<p><strong>6. Changement de repr\u00e9sentation du Commissaire aux Comptes<\/strong> \u2013 Prise d\u2019acte<\/p>\n<p><em>Changement de repr\u00e9sentation du commissaire aux comptes \u2018RSM InterAudit\u2019.<\/em><\/p>\n<p><strong>7. Renouvellement partiel du conseil d\u2019administration<\/strong> \u2013 Point pour d\u00e9cision<\/p>\n<p><em>Nomination de 5 nouveaux ou nouvelles administrateur\u00b7ices<\/em><\/p>\n<p><a href=\"https:\/\/smartbe.be\/fr\/candidats-au-conseil-dadministration-de-smartcoop\/\">Liste des candidat\u00b7es<\/a><\/p>\n<p><strong>8. D\u00e9signation et pouvoirs pour les formalit\u00e9s<\/strong>\u202f\u2013 Point pour d\u00e9cision<\/p>\n<p><em>Pour r\u00e9pondre aux obligations l\u00e9gales et rendre officielles les d\u00e9cisions de cette assembl\u00e9e g\u00e9n\u00e9rale.<\/em><\/p>\n<p><strong>Des questions?<\/strong><\/p>\n<p><a href=\"mailto:&#x6c;&#x65;&#x74;&#x73;&#x63;&#x6f;&#x6f;&#x70;&#x40;&#x73;&#x6d;&#x61;&#x72;&#x74;&#x2e;&#x63;&#x6f;&#x6f;&#x70;\">&#x6c;&#x65;&#x74;&#x73;&#x63;&#x6f;&#x6f;&#x70;&#x40;<span class=\"oe_displaynone\">null<\/span>&#x73;&#x6d;&#x61;&#x72;&#x74;&#x2e;&#x63;&#x6f;&#x6f;&#x70;<\/a><\/p>\n<p><strong>#Letscoop2023<\/strong><\/p>\n<p>[mai 2024] Suite \u00e0 un contr\u00f4le, des corrections ont \u00e9t\u00e9 apport\u00e9es aux comptes 2022 de Productions Associ\u00e9es (approuv\u00e9s lors de l&rsquo;assembl\u00e9e g\u00e9n\u00e9rale de juin 2023).<br \/>\nLes comptes 2022 corrig\u00e9s sont int\u00e9gr\u00e9s aux comptes 2023 \u00e0 des fins de comparaison. Pour les consulter, rendez-vous sur les pages concern\u00e9es (AG2024).<\/p>","protected":false},"excerpt":{"rendered":"<p>SmartCoop \u2013 Soci\u00e9t\u00e9 coop\u00e9rative agr\u00e9\u00e9e entreprise sociale Retrouvez ci-dessous l\u2019ordre du jour, les points soumis au vote, les documents et vid\u00e9os \u00e0 votre disposition ainsi que les r\u00e9sultats des votes. Les r\u00e9sultats des votes Le texte int\u00e9gral des r\u00e9solutions qui &hellip;<\/p>\n","protected":false},"author":54,"featured_media":0,"parent":0,"menu_order":0,"comment_status":"closed","ping_status":"closed","template":"","meta":{"footnotes":""},"tags":[],"class_list":["post-39518","page","type-page","status-publish","hentry"],"aioseo_notices":[],"_links":{"self":[{"href":"https:\/\/smartbe.be\/fr\/wp-json\/wp\/v2\/pages\/39518","targetHints":{"allow":["GET"]}}],"collection":[{"href":"https:\/\/smartbe.be\/fr\/wp-json\/wp\/v2\/pages"}],"about":[{"href":"https:\/\/smartbe.be\/fr\/wp-json\/wp\/v2\/types\/page"}],"author":[{"embeddable":true,"href":"https:\/\/smartbe.be\/fr\/wp-json\/wp\/v2\/users\/54"}],"replies":[{"embeddable":true,"href":"https:\/\/smartbe.be\/fr\/wp-json\/wp\/v2\/comments?post=39518"}],"version-history":[{"count":18,"href":"https:\/\/smartbe.be\/fr\/wp-json\/wp\/v2\/pages\/39518\/revisions"}],"predecessor-version":[{"id":39669,"href":"https:\/\/smartbe.be\/fr\/wp-json\/wp\/v2\/pages\/39518\/revisions\/39669"}],"wp:attachment":[{"href":"https:\/\/smartbe.be\/fr\/wp-json\/wp\/v2\/media?parent=39518"}],"wp:term":[{"taxonomy":"post_tag","embeddable":true,"href":"https:\/\/smartbe.be\/fr\/wp-json\/wp\/v2\/tags?post=39518"}],"curies":[{"name":"wp","href":"https:\/\/api.w.org\/{rel}","templated":true}]}}