
{"id":39468,"date":"2023-05-15T12:03:17","date_gmt":"2023-05-15T10:03:17","guid":{"rendered":"https:\/\/smartbe.be\/?page_id=39468"},"modified":"2023-05-23T17:19:58","modified_gmt":"2023-05-23T15:19:58","slug":"assemblee-generale-2023-programme","status":"publish","type":"page","link":"https:\/\/smartbe.be\/fr\/assemblee-generale-2023-programme\/","title":{"rendered":"Assembl\u00e9e g\u00e9n\u00e9rale 2023: le Programme"},"content":{"rendered":"","protected":false},"excerpt":{"rendered":"","protected":false},"author":53,"featured_media":0,"parent":0,"menu_order":0,"comment_status":"closed","ping_status":"closed","template":"page-AG2023-final.php","meta":{"footnotes":""},"tags":[],"class_list":["post-39468","page","type-page","status-publish","hentry"],"aioseo_notices":[],"_links":{"self":[{"href":"https:\/\/smartbe.be\/fr\/wp-json\/wp\/v2\/pages\/39468","targetHints":{"allow":["GET"]}}],"collection":[{"href":"https:\/\/smartbe.be\/fr\/wp-json\/wp\/v2\/pages"}],"about":[{"href":"https:\/\/smartbe.be\/fr\/wp-json\/wp\/v2\/types\/page"}],"author":[{"embeddable":true,"href":"https:\/\/smartbe.be\/fr\/wp-json\/wp\/v2\/users\/53"}],"replies":[{"embeddable":true,"href":"https:\/\/smartbe.be\/fr\/wp-json\/wp\/v2\/comments?post=39468"}],"version-history":[{"count":4,"href":"https:\/\/smartbe.be\/fr\/wp-json\/wp\/v2\/pages\/39468\/revisions"}],"predecessor-version":[{"id":39912,"href":"https:\/\/smartbe.be\/fr\/wp-json\/wp\/v2\/pages\/39468\/revisions\/39912"}],"wp:attachment":[{"href":"https:\/\/smartbe.be\/fr\/wp-json\/wp\/v2\/media?parent=39468"}],"wp:term":[{"taxonomy":"post_tag","embeddable":true,"href":"https:\/\/smartbe.be\/fr\/wp-json\/wp\/v2\/tags?post=39468"}],"curies":[{"name":"wp","href":"https:\/\/api.w.org\/{rel}","templated":true}]}}