
{"id":39370,"date":"2023-04-03T09:53:42","date_gmt":"2023-04-03T07:53:42","guid":{"rendered":"https:\/\/smartbe.be\/?page_id=39370"},"modified":"2024-11-08T16:06:20","modified_gmt":"2024-11-08T15:06:20","slug":"assemblee-generale-2023","status":"publish","type":"page","link":"https:\/\/smartbe.be\/fr\/assemblee-generale-2023\/","title":{"rendered":"Assembl\u00e9e g\u00e9n\u00e9rale 2023"},"content":{"rendered":"<h2><strong>1 date, 3 lieux, plus de 30 ateliers: LET\u2019S COOP c&rsquo;\u00e9tait le 20 juin!<\/strong><\/h2>\n<p><strong>\u00c0 Anvers, Bruxelles ou Li\u00e8ge, vous avez pu vous d\u00e9tendre et comprendre comment roule la Coop! Souvent lorsqu\u2019on dit \u201cassembl\u00e9e g\u00e9n\u00e9rale\u201d, on pense \u00e0 une r\u00e9union de travail un peu trop s\u00e9rieuse. Chez Smart, nous l\u2019avons transform\u00e9e en une grande journ\u00e9e de rencontres, d\u2019infos et d\u2019ap\u00e9ros (m\u00eame sous une pluie battante), sans oublier l&rsquo;exactitude des bilans \u00e0 partager, et votre vote d\u00e9mocratique essentiel pour avancer. L\u2019AG de la coop\u00e9rative, c\u2019est le bonheur de l\u2019\u00e9change, de sourires, de connaissances professionnelles et de chiffres constructifs. Chaque ann\u00e9e ensemble en juin, on relance la machine&#8230; parce qu\u2019avec vous toutes et tous, \u00e7a tourne!<\/strong><\/p>\n<div class=\"video-container\"><iframe loading=\"lazy\" title=\"Smart Coop - Assembl\u00e9e g\u00e9n\u00e9rale 20 juin 2023 - Anvers Li\u00e8ge Bruxelles\" width=\"584\" height=\"329\" src=\"https:\/\/www.youtube.com\/embed\/FKwVobHf-2o?feature=oembed\" frameborder=\"0\" allow=\"accelerometer; autoplay; clipboard-write; encrypted-media; gyroscope; picture-in-picture; web-share\" referrerpolicy=\"strict-origin-when-cross-origin\" allowfullscreen><\/iframe><\/div>\n<p>&nbsp;<\/p>\n<ul>\n<li><a href=\"https:\/\/smartbe.be\/wp-content\/uploads\/2023\/06\/SmartCoop_resultats_AG-2023-final.pdf\">Les r\u00e9sultats des votes<\/a><\/li>\n<li><a href=\"https:\/\/www.youtube.com\/watch?v=TNiYl2pErbA\">Revoir l&rsquo;assembl\u00e9e g\u00e9n\u00e9rale des soci\u00e9taires (youtube, 20 juin \u00e0 10h, dur\u00e9e 2h24)<\/a><\/li>\n<li><a href=\"https:\/\/www.youtube.com\/watch?v=rUQH3l8cDVQ\">Revoir l&rsquo;assembl\u00e9e g\u00e9n\u00e9rale formelle et la proclamation des r\u00e9sultats des votes (youtube, 20 juin \u00e0 17h30, dur\u00e9e 22 min)<\/a><\/li>\n<li><a href=\"https:\/\/smartbe.be\/fr\/assemblee-generale-2023-programme\/\">Le programme complet des ateliers dans les trois villes<\/a><\/li>\n<li><a href=\"https:\/\/smartbe.be\/fr\/assemblee-generale-2023-ordre-du-jour\/\">L\u2019ordre du jour de l\u2019assembl\u00e9e des soci\u00e9taires et les documents<\/a><\/li>\n<li><a href=\"https:\/\/smartbe.be\/fr\/elections-du-conseil-dadministration-smartcoop-2023\/\">L\u2019appel \u00e0 candidatures \u2013 \u00c9lections du CA SmartCoop<\/a><\/li>\n<li>Les <a href=\"https:\/\/smartbe.be\/fr\/candidats-au-conseil-dadministration-de-smartcoop\/\">candidat\u00b7es aux \u00e9lections du conseil d\u2019administration<\/a><\/li>\n<\/ul>\n<p>&nbsp;<\/p>\n<h3>POURQUOI UNE AG?<\/h3>\n<div class=\"video-container\"><iframe loading=\"lazy\" title=\"Invitation Smart - Bienvenue \u00e0 l&#039;assembl\u00e9e g\u00e9n\u00e9rale\" width=\"584\" height=\"329\" src=\"https:\/\/www.youtube.com\/embed\/D69t7GIJZu4?feature=oembed\" frameborder=\"0\" allow=\"accelerometer; autoplay; clipboard-write; encrypted-media; gyroscope; picture-in-picture; web-share\" referrerpolicy=\"strict-origin-when-cross-origin\" allowfullscreen><\/iframe><\/div>\n<p>&nbsp;<\/p>\n<p>L\u2019assembl\u00e9e g\u00e9n\u00e9rale est un moment essentiel dans la vie d\u00e9mocratique de notre coop\u00e9rative. C\u2019est l&rsquo;occasion pour les soci\u00e9taires (vous!) de se rencontrer et de discuter, de poser des questions, de s\u2019exprimer et surtout d\u2019exercer votre pouvoir de d\u00e9cision. Smart compte sur votre participation!<\/p>\n<p>Ce temps formel, nous l\u2019avons aussi transform\u00e9 en temps d\u2019\u00e9changes et de vie collective. La matin\u00e9e sera consacr\u00e9e \u00e0 la pr\u00e9sentation des activit\u00e9s 2022 et des r\u00e9sultats chiffr\u00e9s ainsi que des enjeux pour 2023. L&rsquo;apr\u00e8s-midi sera d\u00e9di\u00e9e \u00e0 des ateliers, des \u00e9changes de pratiques, des d\u00e9bats, des conf\u00e9rences, des animations et des sourires&#8230; pour se terminer autour d\u2019un ap\u00e9ro en musique. Vous \u00eates en solo? Venez r\u00e9seauter et rencontrer d\u2019autres membres. Ou vous fondre dans le groupe! Comme vous pr\u00e9f\u00e9rez.<\/p>\n<p><strong><a href=\"https:\/\/smartbe.be\/fr\/assemblee-generale-2023-programme\/\">Le programme des ateliers \u00e0 Anvers, Bruxelles, Li\u00e8ge.<\/a><\/strong><\/p>\n<p>&nbsp;<\/p>\n<h3>COMMENT VOTER\u202f?<\/h3>\n<p>Chaque soci\u00e9taire de la coop\u00e9rative dispose d\u2019un droit de vote (une personne = une voix). Le vote est \u00e9lectronique et est ouvert du 5 au 20 juin \u00e0 17h. Toutes et tous les soci\u00e9taires ont re\u00e7u un mail avec un lien pour se connecter \u00e0 l&rsquo;interface de vote.\u202fIl est \u00e9galement possible de voter <a href=\"https:\/\/account.ubik.be\/login?lang=FR\">depuis votre compte Smart<\/a>.<\/p>\n<p>&nbsp;<\/p>\n<h3>COMMENT S\u2019INFORMER?<\/h3>\n<p><strong>\u2192 Participez \u00e0 l\u2019atelier: Lire les comptes 2022, comprendre le budget<\/strong><\/p>\n<p>En d\u00e9cortiquant les notions d\u2019actif et passif, de compte de r\u00e9sultat, d\u2019investissement et de bilan comptable \u00e0 travers la pr\u00e9sentation des chiffres 2022 de Smart, vous aurez toutes les cl\u00e9s en main pour voter. Et parce que l\u2019information et la transparence sont des pr\u00e9requis \u00e0 l\u2019exercice de votre pouvoir d\u00e9mocratique: <strong>inscrivez-vous!<\/strong><\/p>\n<ul>\n<li><strong>Bruxelles <\/strong>et <strong>\u00e0 distance<\/strong> en visio, le 12 juin, de 10h \u00e0 11h30. Revoir sur Youtube<br \/>\n<strong>\u2192 <\/strong>Consultez la pr\u00e9sentation graphique des <a href=\"https:\/\/smartbe.be\/wp-content\/uploads\/2023\/09\/20230612_SmartBE-Atelier-Chiffres.pdf\"><strong>comptes 2022<\/strong> utilis\u00e9e durant l&rsquo;atelier, format pdf *<\/a><\/li>\n<li><strong>Li\u00e8ge<\/strong>, 12 juin, de 16h \u00e0 18h, suivi d\u2019un drink.<\/li>\n<li>L&rsquo;atelier etait \u00e9galement organis\u00e9 en visio <strong>en n\u00e9erlandais<\/strong> le 15 juin \u00e0 16h.<\/li>\n<\/ul>\n<p><strong>\u2192 <\/strong>Regardez la vid\u00e9o: <strong><a href=\"https:\/\/www.youtube.com\/playlist?list=PL0ui8MceUYB-DGgWln1etUx77DfyYvaAI\" target=\"_blank\" rel=\"noopener\">Les comptes 2022 *<\/a><\/strong><\/p>\n<p><strong>\u2192<\/strong> Regardez la vid\u00e9o: <strong><a href=\"https:\/\/www.youtube.com\/playlist?list=PL0ui8MceUYB-DGgWln1etUx77DfyYvaAI\" target=\"_blank\" rel=\"noopener\">Pr\u00e9sentation\/r\u00e9sum\u00e9 des rapports<\/a><\/strong><\/p>\n<p><strong>\u2192 <\/strong>D\u00e9couvrez les <strong><a href=\"https:\/\/smartbe.be\/fr\/candidats-au-conseil-dadministration-de-smartcoop\/\">candidat\u00b7es aux \u00e9lections du conseil d\u2019administration<\/a><\/strong><\/p>\n<p><strong>\u2192<\/strong> Consultez les<strong> <a href=\"https:\/\/smartbe.be\/fr\/assemblee-generale-2023-ordre-du-jour\/\">documents d\u2019information dont le rapport d\u2019activit\u00e9 2022<\/a><\/strong><\/p>\n<p><strong>\u2192 <\/strong>Posez vos questions sur <strong><a href=\"https:\/\/go.rocket.chat\/invite?host=chat.smartcoop.io&amp;path=invite%2Fo2en9T\" target=\"_blank\" rel=\"noopener\">le forum en ligne<\/a><\/strong><br \/>\n<em>Pour acc\u00e9der au forum,\u202fvous devez vous enregistrer\u202fen cr\u00e9ant un compte. Puis vous arriverez sur le bon canal, afin de ne pas perdre ce lien et de contribuer,\u202fcliquez en bas de la fen\u00eatre sur REJOINDRE. Pour en savoir plus, cliquez sur\u202fle bouton \u00ab\u00a0Accueil\u00a0\u00bb et d\u00e9couvrez comment l\u2019utiliser simplement.<\/em><\/p>\n<p><strong>\u2192 L\u2019assembl\u00e9e g\u00e9n\u00e9rale<\/strong> c&rsquo;\u00e9tait le 20 juin sur place (\u00e0 Bruxelles, Li\u00e8ge, Anvers) ou online sur <strong><a href=\"https:\/\/www.youtube.com\/@Smartcooperative\" target=\"_blank\" rel=\"noopener\">notre chaine YouTube<\/a>.<\/strong><\/p>\n<p>&nbsp;<\/p>\n<p><strong>Un dernier argument imparable pour cette fin de page? Le 20 juin \u00e9tait aussi le jour o\u00f9 a \u00e9t\u00e9 lib\u00e9r\u00e9e la bi\u00e8re sp\u00e9cialement brass\u00e9e par <a href=\"http:\/\/www.cohop.be\" target=\"_blank\" rel=\"noopener\">CoHop<\/a> pour les 25 ans de Smart. Alors&#8230; continuons \u00e0 faire mousser les comptes et bilans dans une bulle d\u2019amusement. Belgitude? Non peut-\u00eatre! :-)<\/strong><\/p>\n<p>&nbsp;<\/p>\n<p><strong>#Letscoop2023 #SmartCoop<\/strong><\/p>\n<p>*\u00a0[mai 2024] Suite \u00e0 un contr\u00f4le, des corrections ont \u00e9t\u00e9 apport\u00e9es aux comptes 2022 de Productions Associ\u00e9es (approuv\u00e9s lors de l&rsquo;assembl\u00e9e g\u00e9n\u00e9rale de juin 2023). Les comptes 2022 corrig\u00e9s sont int\u00e9gr\u00e9s aux comptes 2023 \u00e0 des fins de comparaison. Pour les consulter, rendez-vous sur les pages concern\u00e9es (AG2024).<\/p>","protected":false},"excerpt":{"rendered":"<p>1 date, 3 lieux, plus de 30 ateliers: LET\u2019S COOP c&rsquo;\u00e9tait le 20 juin! \u00c0 Anvers, Bruxelles ou Li\u00e8ge, vous avez pu vous d\u00e9tendre et comprendre comment roule la Coop! Souvent lorsqu\u2019on dit \u201cassembl\u00e9e g\u00e9n\u00e9rale\u201d, on pense \u00e0 une r\u00e9union &hellip;<\/p>\n","protected":false},"author":54,"featured_media":0,"parent":0,"menu_order":0,"comment_status":"closed","ping_status":"closed","template":"","meta":{"footnotes":""},"tags":[],"class_list":["post-39370","page","type-page","status-publish","hentry"],"aioseo_notices":[],"_links":{"self":[{"href":"https:\/\/smartbe.be\/fr\/wp-json\/wp\/v2\/pages\/39370","targetHints":{"allow":["GET"]}}],"collection":[{"href":"https:\/\/smartbe.be\/fr\/wp-json\/wp\/v2\/pages"}],"about":[{"href":"https:\/\/smartbe.be\/fr\/wp-json\/wp\/v2\/types\/page"}],"author":[{"embeddable":true,"href":"https:\/\/smartbe.be\/fr\/wp-json\/wp\/v2\/users\/54"}],"replies":[{"embeddable":true,"href":"https:\/\/smartbe.be\/fr\/wp-json\/wp\/v2\/comments?post=39370"}],"version-history":[{"count":36,"href":"https:\/\/smartbe.be\/fr\/wp-json\/wp\/v2\/pages\/39370\/revisions"}],"predecessor-version":[{"id":47712,"href":"https:\/\/smartbe.be\/fr\/wp-json\/wp\/v2\/pages\/39370\/revisions\/47712"}],"wp:attachment":[{"href":"https:\/\/smartbe.be\/fr\/wp-json\/wp\/v2\/media?parent=39370"}],"wp:term":[{"taxonomy":"post_tag","embeddable":true,"href":"https:\/\/smartbe.be\/fr\/wp-json\/wp\/v2\/tags?post=39370"}],"curies":[{"name":"wp","href":"https:\/\/api.w.org\/{rel}","templated":true}]}}