
{"id":38630,"date":"2022-12-07T16:51:29","date_gmt":"2022-12-07T15:51:29","guid":{"rendered":"https:\/\/smartbe.be\/?page_id=38630"},"modified":"2022-12-20T09:22:52","modified_gmt":"2022-12-20T08:22:52","slug":"devenez-societaire-de-categorie-c","status":"publish","type":"page","link":"https:\/\/smartbe.be\/fr\/devenez-societaire-de-categorie-c\/","title":{"rendered":"Devenez soci\u00e9taire de cat\u00e9gorie C\u00a0"},"content":{"rendered":"<p>En remplissant le formulaire suivant, vous manifestez, pour la structure que vous repr\u00e9sentez ou vous-m\u00eame, votre souhait de candidater au soci\u00e9tariat de la coop\u00e9rative Smart.<\/p>\r\n\r\n\r\n\r\n<p>Une fois votre candidature termin\u00e9e, elle sera transmise aux administrateur\u00b7trices du conseil d\u2019administration de SmartCoop qui examineront celle-ci. Apr\u00e8s validation, vous serez recontact\u00e9\u00b7e pour la lib\u00e9ration des parts coop\u00e9ratives, c\u2019est-\u00e0-dire le paiement de ces derni\u00e8res.<\/p>\r\n\r\n\r\n\r\n<p>Pour toute question, \u00e9crivez-nous sur\u202f: <a href=\"mailto:&#x69;&#x6e;&#x73;&#x74;&#x61;&#x6e;&#x63;&#x65;&#x73;&#x40;&#x73;&#x6d;&#x61;&#x72;&#x74;&#x2e;&#x63;&#x6f;&#x6f;&#x70;\">&#x69;&#x6e;&#x73;&#x74;&#x61;&#x6e;&#x63;&#x65;&#x73;&#x40;<span class=\"oe_displaynone\">null<\/span>&#x73;&#x6d;&#x61;&#x72;&#x74;&#x2e;&#x63;&#x6f;&#x6f;&#x70;<\/a><\/p>\r\n\r\n\r\n\r\n<h3>Vous \u00eates :<\/h3>\r\n<!--MERCI DE NE RIEN CHANGER DANS CE BLOC -->\r\n<div class=\"catc_blocs\">\r\n<div class=\"catc_bloc\" onclick=\"catc_form_morale.style.display='block';catc_form_physique.style.display='none'\">une personne morale <\/div>\r\n<div class=\"catc_bloc\" onclick=\"catc_form_physique.style.display='block';catc_form_morale.style.display='none';\">une personne physique<\/div>\r\n<\/div>\r\n<div catc_forms=\"\">\r\n<div class=\"catc_form\" id=\"catc_form_morale\">\n<div class=\"wpcf7 no-js\" id=\"wpcf7-f38638-o1\" lang=\"fr-FR\" dir=\"ltr\" data-wpcf7-id=\"38638\">\n<div class=\"screen-reader-response\"><p role=\"status\" aria-live=\"polite\" aria-atomic=\"true\"><\/p> <ul><\/ul><\/div>\n<form action=\"\/fr\/wp-json\/wp\/v2\/pages\/38630#wpcf7-f38638-o1\" method=\"post\" class=\"wpcf7-form init\" aria-label=\"Formulaire de contact\" novalidate=\"novalidate\" data-status=\"init\">\n<fieldset class=\"hidden-fields-container\"><input type=\"hidden\" name=\"_wpcf7\" value=\"38638\" \/><input type=\"hidden\" name=\"_wpcf7_version\" value=\"6.1\" \/><input type=\"hidden\" name=\"_wpcf7_locale\" value=\"fr_FR\" \/><input type=\"hidden\" name=\"_wpcf7_unit_tag\" value=\"wpcf7-f38638-o1\" \/><input type=\"hidden\" name=\"_wpcf7_container_post\" value=\"0\" \/><input type=\"hidden\" name=\"_wpcf7_posted_data_hash\" value=\"\" \/><input type=\"hidden\" name=\"_map_author\" value=\"1\" \/><input type=\"hidden\" name=\"_c2p_nonce\" value=\"fee2b9be4f\" \/><input type=\"hidden\" name=\"_wpnonce\" value=\"7e60aa02bf\" \/><input type=\"hidden\" name=\"_wpcf7_recaptcha_response\" value=\"\" \/>\n<\/fieldset>\n\n<h2 class=\"catc_h2\">Formulaire de candidature de personne morale\n<\/h2>\n<p><span class=\"float-right\"><span class=\"red\">*<\/span> champs obligatoires<\/span><br \/>\n<label> Nom de l\u2019entit\u00e9 repr\u00e9sent\u00e9e <span class=\"red\">*<\/span><br \/>\n<span class=\"wpcf7-form-control-wrap\" data-name=\"your-entity-name\"><input size=\"40\" maxlength=\"400\" class=\"wpcf7-form-control wpcf7-text wpcf7-validates-as-required\" aria-required=\"true\" aria-invalid=\"false\" value=\"\" type=\"text\" name=\"your-entity-name\" \/><\/span> <\/label>\n<\/p>\n<div>\n\t<p>Langue <span class=\"red\">*<\/span><br \/>\n<span class=\"wpcf7-form-control-wrap\" data-name=\"radio-499\"><span class=\"wpcf7-form-control wpcf7-radio\"><span class=\"wpcf7-list-item first\"><label><input type=\"radio\" name=\"radio-499\" value=\"Fran\u00e7ais\" checked=\"checked\" \/><span class=\"wpcf7-list-item-label\">Fran\u00e7ais<\/span><\/label><\/span><span class=\"wpcf7-list-item\"><label><input type=\"radio\" name=\"radio-499\" value=\"Dutch\" \/><span class=\"wpcf7-list-item-label\">Dutch<\/span><\/label><\/span><span class=\"wpcf7-list-item last\"><label><input type=\"radio\" name=\"radio-499\" value=\"English\" \/><span class=\"wpcf7-list-item-label\">English<\/span><\/label><\/span><\/span><\/span>\n\t<\/p>\n<\/div>\n<p><label> Num\u00e9ro BCE<br \/>\n<span class=\"wpcf7-form-control-wrap\" data-name=\"your-bce\"><input size=\"40\" maxlength=\"400\" class=\"wpcf7-form-control wpcf7-text\" aria-invalid=\"false\" value=\"\" type=\"text\" name=\"your-bce\" \/><\/span> <\/label>\n<\/p>\n<h3>Adresse l\u00e9gale\n<\/h3>\n<div class=\"catc_label_inlines\">\n\t<p><label> Rue <span class=\"red\">*<\/span><br \/>\n<span class=\"wpcf7-form-control-wrap\" data-name=\"your-street\"><input size=\"40\" maxlength=\"400\" class=\"wpcf7-form-control wpcf7-text wpcf7-validates-as-required\" aria-required=\"true\" aria-invalid=\"false\" value=\"\" type=\"text\" name=\"your-street\" \/><\/span> <\/label><br \/>\n<label>Num\u00e9ro <span class=\"red\">*<\/span><br \/>\n<span class=\"wpcf7-form-control-wrap\" data-name=\"your-number\"><input size=\"40\" maxlength=\"400\" class=\"wpcf7-form-control wpcf7-text wpcf7-validates-as-required\" aria-required=\"true\" aria-invalid=\"false\" value=\"\" type=\"text\" name=\"your-number\" \/><\/span> <\/label>\n\t<\/p>\n<\/div>\n<div class=\"catc_label_inlines\">\n\t<p><label> Code Postal <span class=\"red\">*<\/span><br \/>\n<span class=\"wpcf7-form-control-wrap\" data-name=\"your-cp\"><input size=\"40\" maxlength=\"400\" class=\"wpcf7-form-control wpcf7-text wpcf7-validates-as-required\" aria-required=\"true\" aria-invalid=\"false\" value=\"\" type=\"text\" name=\"your-cp\" \/><\/span> <\/label><br \/>\n<label> Ville <span class=\"red\">*<\/span><br \/>\n<span class=\"wpcf7-form-control-wrap\" data-name=\"your-town\"><input size=\"40\" maxlength=\"400\" class=\"wpcf7-form-control wpcf7-text wpcf7-validates-as-required\" aria-required=\"true\" aria-invalid=\"false\" value=\"\" type=\"text\" name=\"your-town\" \/><\/span> <\/label>\n\t<\/p>\n<\/div>\n<p><label> Pays <span class=\"red\">*<\/span><br \/>\n<span class=\"wpcf7-form-control-wrap\" data-name=\"your-country\"><input size=\"40\" maxlength=\"400\" class=\"wpcf7-form-control wpcf7-text wpcf7-validates-as-required\" aria-required=\"true\" aria-invalid=\"false\" value=\"\" type=\"text\" name=\"your-country\" \/><\/span> <\/label>\n<\/p>\n<h3 class=\"catc_h3\">Adresse email l\u00e9gale\n<\/h3>\n<div class=\"catc_label_inlines\">\n\t<p><label> Nom <span class=\"red\">*<\/span><br \/>\n<span class=\"wpcf7-form-control-wrap\" data-name=\"your-email-name\"><input size=\"40\" maxlength=\"400\" class=\"wpcf7-form-control wpcf7-text wpcf7-validates-as-required\" aria-required=\"true\" aria-invalid=\"false\" value=\"\" type=\"text\" name=\"your-email-name\" \/><\/span> <\/label><br \/>\n<label> Email <span class=\"red\">*<\/span><br \/>\n<span class=\"wpcf7-form-control-wrap\" data-name=\"email-561\"><input size=\"40\" maxlength=\"400\" class=\"wpcf7-form-control wpcf7-email wpcf7-validates-as-required wpcf7-text wpcf7-validates-as-email\" aria-required=\"true\" aria-invalid=\"false\" value=\"\" type=\"email\" name=\"email-561\" \/><\/span><\/label>\n\t<\/p>\n<\/div>\n<h3 class=\"catc_h3\">Personne de contact\n<\/h3>\n<div class=\"catc_label_inlines\">\n\t<p><label> Pr\u00e9nom <span class=\"red\">*<\/span><br \/>\n<span class=\"wpcf7-form-control-wrap\" data-name=\"your-firstname\"><input size=\"40\" maxlength=\"400\" class=\"wpcf7-form-control wpcf7-text wpcf7-validates-as-required\" aria-required=\"true\" aria-invalid=\"false\" value=\"\" type=\"text\" name=\"your-firstname\" \/><\/span> <\/label><br \/>\n<label> Nom <span class=\"red\">*<\/span><br \/>\n<span class=\"wpcf7-form-control-wrap\" data-name=\"your-name\"><input size=\"40\" maxlength=\"400\" class=\"wpcf7-form-control wpcf7-text wpcf7-validates-as-required\" aria-required=\"true\" aria-invalid=\"false\" value=\"\" type=\"text\" name=\"your-name\" \/><\/span> <\/label>\n\t<\/p>\n<\/div>\n<div class=\"catc_label_inlines\">\n\t<p><label> Email <span class=\"red\">*<\/span><br \/>\n<span class=\"wpcf7-form-control-wrap\" data-name=\"email-599\"><input size=\"40\" maxlength=\"400\" class=\"wpcf7-form-control wpcf7-email wpcf7-validates-as-required wpcf7-text wpcf7-validates-as-email\" aria-required=\"true\" aria-invalid=\"false\" value=\"\" type=\"email\" name=\"email-599\" \/><\/span><\/label><br \/>\n<label> Num\u00e9ro de t\u00e9l\u00e9phone<br \/>\n<span class=\"wpcf7-form-control-wrap\" data-name=\"your-tel\"><input size=\"40\" maxlength=\"400\" class=\"wpcf7-form-control wpcf7-text\" aria-invalid=\"false\" value=\"\" type=\"text\" name=\"your-tel\" \/><\/span> <\/label>\n\t<\/p>\n<\/div>\n<p><label> Fonction <span class=\"red\">*<\/span><br \/>\n<span class=\"wpcf7-form-control-wrap\" data-name=\"your-function\"><input size=\"40\" maxlength=\"400\" class=\"wpcf7-form-control wpcf7-text wpcf7-validates-as-required\" aria-required=\"true\" aria-invalid=\"false\" value=\"\" type=\"text\" name=\"your-function\" \/><\/span> <\/label>\n<\/p>\n<h3 class=\"catc_h3\">Pr\u00e9sentation\n<\/h3>\n<p><label> Pr\u00e9sentez-vous en quelques lignes <span class=\"red\">*<\/span><br \/>\n<span class=\"wpcf7-form-control-wrap\" data-name=\"your-presentation\"><textarea cols=\"40\" rows=\"10\" maxlength=\"2000\" class=\"wpcf7-form-control wpcf7-textarea wpcf7-validates-as-required\" aria-required=\"true\" aria-invalid=\"false\" name=\"your-presentation\"><\/textarea><\/span> <\/label>\n<\/p>\n<h3 class=\"catc_h3\">Raisons et motivations\n<\/h3>\n<p><label> Quels sont les liens qui rattachent la structure que vous repr\u00e9sentez \u00e0 Smart\u202f? <span class=\"red\">*<\/span><br \/>\n<span class=\"wpcf7-form-control-wrap\" data-name=\"your-links-to-smart\"><textarea cols=\"40\" rows=\"10\" maxlength=\"2000\" class=\"wpcf7-form-control wpcf7-textarea wpcf7-validates-as-required\" aria-required=\"true\" aria-invalid=\"false\" name=\"your-links-to-smart\"><\/textarea><\/span> <\/label><br \/>\n<label> Comment souhaitez-vous contribuer\u202fau projet de la coop\u00e9rative\u202f? <span class=\"red\">*<\/span><br \/>\n<span class=\"wpcf7-form-control-wrap\" data-name=\"your-contribution\"><textarea cols=\"40\" rows=\"10\" maxlength=\"2000\" class=\"wpcf7-form-control wpcf7-textarea wpcf7-validates-as-required\" aria-required=\"true\" aria-invalid=\"false\" name=\"your-contribution\"><\/textarea><\/span> <\/label><br \/>\n<label>Pourquoi votre structure candidate-t-elle au soci\u00e9tariat de SmartCoop\u202f?&nbsp;<span class=\"red\">*<\/span><br \/>\n<span class=\"wpcf7-form-control-wrap\" data-name=\"your-candidature\"><textarea cols=\"40\" rows=\"10\" maxlength=\"2000\" class=\"wpcf7-form-control wpcf7-textarea wpcf7-validates-as-required\" aria-required=\"true\" aria-invalid=\"false\" name=\"your-candidature\"><\/textarea><\/span> <\/label><br \/>\n<div id=\"cf7sr-69f24bbcd6a6b\" class=\"cf7sr-g-recaptcha\" data-theme=\"light\" data-type=\"image\" data-size=\"normal\" data-sitekey=\"6Lfqux0UAAAAABSJKMghS26syGadS1lTAWYQ5iB7\"><\/div><span class=\"wpcf7-form-control-wrap cf7sr-recaptcha\" data-name=\"cf7sr-recaptcha\"><input type=\"hidden\" name=\"cf7sr-recaptcha\" value=\"\" class=\"wpcf7-form-control\"><\/span>\n<\/p>\n<p><input class=\"wpcf7-form-control wpcf7-submit has-spinner\" type=\"submit\" value=\"Envoyer\" \/>\n<\/p><div class=\"wpcf7-response-output\" aria-hidden=\"true\"><\/div>\n<\/form>\n<\/div>\n<\/div>\r\n<div class=\"catc_form\" id=\"catc_form_physique\">\n<div class=\"wpcf7 no-js\" id=\"wpcf7-f38640-o2\" lang=\"fr-FR\" dir=\"ltr\" data-wpcf7-id=\"38640\">\n<div class=\"screen-reader-response\"><p role=\"status\" aria-live=\"polite\" aria-atomic=\"true\"><\/p> <ul><\/ul><\/div>\n<form action=\"\/fr\/wp-json\/wp\/v2\/pages\/38630#wpcf7-f38640-o2\" method=\"post\" class=\"wpcf7-form init\" aria-label=\"Formulaire de contact\" novalidate=\"novalidate\" data-status=\"init\">\n<fieldset class=\"hidden-fields-container\"><input type=\"hidden\" name=\"_wpcf7\" value=\"38640\" \/><input type=\"hidden\" name=\"_wpcf7_version\" value=\"6.1\" \/><input type=\"hidden\" name=\"_wpcf7_locale\" value=\"fr_FR\" \/><input type=\"hidden\" name=\"_wpcf7_unit_tag\" value=\"wpcf7-f38640-o2\" \/><input type=\"hidden\" name=\"_wpcf7_container_post\" value=\"0\" \/><input type=\"hidden\" name=\"_wpcf7_posted_data_hash\" value=\"\" \/><input type=\"hidden\" name=\"_map_author\" value=\"1\" \/><input type=\"hidden\" name=\"_c2p_nonce\" value=\"fee2b9be4f\" \/><input type=\"hidden\" name=\"_wpnonce\" value=\"7e60aa02bf\" \/><input type=\"hidden\" name=\"_wpcf7_recaptcha_response\" value=\"\" \/>\n<\/fieldset>\n\n<h2 class=\"catc_h2\">Formulaire de candidature de personne physique\n<\/h2>\n<p><span class=\"float-right\"><span class=\"red\">*<\/span> champs obligatoires<\/span>\n<\/p>\n<div class=\"catc_label_inlines\">\n\t<p><label class=\"catc_label\"> Pr\u00e9nom <span class=\"red\">*<\/span><br \/>\n<span class=\"wpcf7-form-control-wrap\" data-name=\"your-firstname\"><input size=\"40\" maxlength=\"400\" class=\"wpcf7-form-control wpcf7-text wpcf7-validates-as-required\" aria-required=\"true\" aria-invalid=\"false\" value=\"\" type=\"text\" name=\"your-firstname\" \/><\/span> <\/label><br \/>\n<label class=\"catc_label\"> Nom <span class=\"red\">*<\/span><br \/>\n<span class=\"wpcf7-form-control-wrap\" data-name=\"your-name\"><input size=\"40\" maxlength=\"400\" class=\"wpcf7-form-control wpcf7-text wpcf7-validates-as-required\" aria-required=\"true\" aria-invalid=\"false\" value=\"\" type=\"text\" name=\"your-name\" \/><\/span> <\/label>\n\t<\/p>\n<\/div>\n<div class=\"catc_label_inlines\">\n\t<div class=\"catc_label\">\n\t\t<p>Genre <span class=\"red\">*<\/span><br \/>\n<span class=\"wpcf7-form-control-wrap\" data-name=\"radio-500\"><span class=\"wpcf7-form-control wpcf7-radio\"><span class=\"wpcf7-list-item first\"><label><input type=\"radio\" name=\"radio-500\" value=\"F\u00e9minin\" \/><span class=\"wpcf7-list-item-label\">F\u00e9minin<\/span><\/label><\/span><span class=\"wpcf7-list-item last\"><label><input type=\"radio\" name=\"radio-500\" value=\"Masculin\" \/><span class=\"wpcf7-list-item-label\">Masculin<\/span><\/label><\/span><\/span><\/span>\n\t\t<\/p>\n\t<\/div>\n\t<div class=\"catc_label\">\n\t\t<p>Date de naissance <span class=\"red\">*<\/span><br \/>\n<span class=\"wpcf7-form-control-wrap\" data-name=\"your-dob\"><input size=\"40\" maxlength=\"400\" class=\"wpcf7-form-control wpcf7-text wpcf7-validates-as-required\" aria-required=\"true\" aria-invalid=\"false\" value=\"\" type=\"text\" name=\"your-dob\" \/><\/span>\n\t\t<\/p>\n\t<\/div>\n<\/div>\n<div class=\"catc_label_inlines\">\n\t<p><label class=\"catc_label\"> Email <span class=\"red\">*<\/span><br \/>\n<span class=\"wpcf7-form-control-wrap\" data-name=\"email-305\"><input size=\"40\" maxlength=\"400\" class=\"wpcf7-form-control wpcf7-email wpcf7-validates-as-required wpcf7-text wpcf7-validates-as-email\" aria-required=\"true\" aria-invalid=\"false\" value=\"\" type=\"email\" name=\"email-305\" \/><\/span><\/label><br \/>\n<label class=\"catc_label\"> Num\u00e9ro de t\u00e9l\u00e9phone<br \/>\n<span class=\"wpcf7-form-control-wrap\" data-name=\"your-tel\"><input size=\"40\" maxlength=\"400\" class=\"wpcf7-form-control wpcf7-text\" aria-invalid=\"false\" value=\"\" type=\"text\" name=\"your-tel\" \/><\/span> <\/label>\n\t<\/p>\n<\/div>\n<div class=\"catc_label_inlines\">\n\t<p><label class=\"catc_label\"> Fonction <span class=\"red\">*<\/span><br \/>\n<span class=\"wpcf7-form-control-wrap\" data-name=\"your-function\"><input size=\"40\" maxlength=\"400\" class=\"wpcf7-form-control wpcf7-text wpcf7-validates-as-required\" aria-required=\"true\" aria-invalid=\"false\" value=\"\" type=\"text\" name=\"your-function\" \/><\/span> <\/label>\n\t<\/p>\n\t<div class=\"catc_label\">\n\t\t<p>Langue <span class=\"red\">*<\/span><br \/>\n<span class=\"wpcf7-form-control-wrap\" data-name=\"radio-499\"><span class=\"wpcf7-form-control wpcf7-radio\"><span class=\"wpcf7-list-item first\"><label><input type=\"radio\" name=\"radio-499\" value=\"Fran\u00e7ais\" checked=\"checked\" \/><span class=\"wpcf7-list-item-label\">Fran\u00e7ais<\/span><\/label><\/span><span class=\"wpcf7-list-item\"><label><input type=\"radio\" name=\"radio-499\" value=\"Dutch\" \/><span class=\"wpcf7-list-item-label\">Dutch<\/span><\/label><\/span><span class=\"wpcf7-list-item last\"><label><input type=\"radio\" name=\"radio-499\" value=\"English\" \/><span class=\"wpcf7-list-item-label\">English<\/span><\/label><\/span><\/span><\/span>\n\t\t<\/p>\n\t<\/div>\n<\/div>\n<h3>Adresse\n<\/h3>\n<div class=\"catc_label_inlines\">\n\t<p><label class=\"catc_label\"> Rue <span class=\"red\">*<\/span><br \/>\n<span class=\"wpcf7-form-control-wrap\" data-name=\"your-street\"><input size=\"40\" maxlength=\"400\" class=\"wpcf7-form-control wpcf7-text wpcf7-validates-as-required\" aria-required=\"true\" aria-invalid=\"false\" value=\"\" type=\"text\" name=\"your-street\" \/><\/span> <\/label><br \/>\n<label class=\"catc_label\">Num\u00e9ro <span class=\"red\">*<\/span><br \/>\n<span class=\"wpcf7-form-control-wrap\" data-name=\"your-number\"><input size=\"40\" maxlength=\"400\" class=\"wpcf7-form-control wpcf7-text wpcf7-validates-as-required\" aria-required=\"true\" aria-invalid=\"false\" value=\"\" type=\"text\" name=\"your-number\" \/><\/span> <\/label>\n\t<\/p>\n<\/div>\n<div class=\"catc_label_inlines\">\n\t<p><label class=\"catc_label\"> Code Postal <span class=\"red\">*<\/span><br \/>\n<span class=\"wpcf7-form-control-wrap\" data-name=\"your-cp\"><input size=\"40\" maxlength=\"400\" class=\"wpcf7-form-control wpcf7-text wpcf7-validates-as-required\" aria-required=\"true\" aria-invalid=\"false\" value=\"\" type=\"text\" name=\"your-cp\" \/><\/span> <\/label><br \/>\n<label class=\"catc_label\"> Ville <span class=\"red\">*<\/span><br \/>\n<span class=\"wpcf7-form-control-wrap\" data-name=\"your-town\"><input size=\"40\" maxlength=\"400\" class=\"wpcf7-form-control wpcf7-text wpcf7-validates-as-required\" aria-required=\"true\" aria-invalid=\"false\" value=\"\" type=\"text\" name=\"your-town\" \/><\/span> <\/label>\n\t<\/p>\n<\/div>\n<p><label class=\"catc_label\"> Pays <span class=\"red\">*<\/span><br \/>\n<span class=\"wpcf7-form-control-wrap\" data-name=\"your-country\"><input size=\"40\" maxlength=\"400\" class=\"wpcf7-form-control wpcf7-text wpcf7-validates-as-required\" aria-required=\"true\" aria-invalid=\"false\" value=\"\" type=\"text\" name=\"your-country\" \/><\/span> <\/label>\n<\/p>\n<h3 class=\"catc_h3\">Pr\u00e9sentation\n<\/h3>\n<p><label> Pr\u00e9sentez-vous en quelques lignes <span class=\"red\">*<\/span><br \/>\n<span class=\"wpcf7-form-control-wrap\" data-name=\"your-presentation\"><textarea cols=\"40\" rows=\"10\" maxlength=\"2000\" class=\"wpcf7-form-control wpcf7-textarea wpcf7-validates-as-required\" aria-required=\"true\" aria-invalid=\"false\" name=\"your-presentation\"><\/textarea><\/span> <\/label>\n<\/p>\n<h3 class=\"catc_h3\">Raisons et motivations\n<\/h3>\n<p><label> Quels sont les liens qui vous rattachent \u00e0 Smart\u202f? <span class=\"red\">*<\/span><br \/>\n<span class=\"wpcf7-form-control-wrap\" data-name=\"your-links-to-smart\"><textarea cols=\"40\" rows=\"10\" maxlength=\"2000\" class=\"wpcf7-form-control wpcf7-textarea wpcf7-validates-as-required\" aria-required=\"true\" aria-invalid=\"false\" name=\"your-links-to-smart\"><\/textarea><\/span> <\/label><br \/>\n<label> Comment souhaitez-vous contribuer\u202fau projet de la coop\u00e9rative\u202f? <span class=\"red\">*<\/span><br \/>\n<span class=\"wpcf7-form-control-wrap\" data-name=\"your-contribution\"><textarea cols=\"40\" rows=\"10\" maxlength=\"2000\" class=\"wpcf7-form-control wpcf7-textarea wpcf7-validates-as-required\" aria-required=\"true\" aria-invalid=\"false\" name=\"your-contribution\"><\/textarea><\/span> <\/label><br \/>\n<label>Pourquoi candidatez-vous au soci\u00e9tariat de SmartCoop\u202f?&nbsp;<span class=\"red\">*<\/span><br \/>\n<span class=\"wpcf7-form-control-wrap\" data-name=\"your-candidature\"><textarea cols=\"40\" rows=\"10\" maxlength=\"2000\" class=\"wpcf7-form-control wpcf7-textarea wpcf7-validates-as-required\" aria-required=\"true\" aria-invalid=\"false\" name=\"your-candidature\"><\/textarea><\/span> <\/label><br \/>\n<div id=\"cf7sr-69f24bbcd76f4\" class=\"cf7sr-g-recaptcha\" data-theme=\"light\" data-type=\"image\" data-size=\"normal\" data-sitekey=\"6Lfqux0UAAAAABSJKMghS26syGadS1lTAWYQ5iB7\"><\/div><span class=\"wpcf7-form-control-wrap cf7sr-recaptcha\" data-name=\"cf7sr-recaptcha\"><input type=\"hidden\" name=\"cf7sr-recaptcha\" value=\"\" class=\"wpcf7-form-control\"><\/span>\n<\/p>\n<p><input class=\"wpcf7-form-control wpcf7-submit has-spinner\" type=\"submit\" value=\"Envoyer\" \/>\n<\/p><div class=\"wpcf7-response-output\" aria-hidden=\"true\"><\/div>\n<\/form>\n<\/div>\n<\/div>\r\n<\/div>\r\n\r\n<p>&nbsp;<\/p>\r\n<p>&nbsp;<\/p>\r\n<p>&nbsp;<\/p>","protected":false},"excerpt":{"rendered":"<p>En remplissant le formulaire suivant, vous manifestez, pour la structure que vous repr\u00e9sentez ou vous-m\u00eame, votre souhait de candidater au soci\u00e9tariat de la coop\u00e9rative Smart. Une fois votre candidature termin\u00e9e, elle sera transmise aux administrateur\u00b7trices du conseil d\u2019administration de SmartCoop &hellip;<\/p>\n","protected":false},"author":53,"featured_media":0,"parent":0,"menu_order":0,"comment_status":"closed","ping_status":"closed","template":"","meta":{"footnotes":""},"tags":[],"class_list":["post-38630","page","type-page","status-publish","hentry"],"aioseo_notices":[],"_links":{"self":[{"href":"https:\/\/smartbe.be\/fr\/wp-json\/wp\/v2\/pages\/38630","targetHints":{"allow":["GET"]}}],"collection":[{"href":"https:\/\/smartbe.be\/fr\/wp-json\/wp\/v2\/pages"}],"about":[{"href":"https:\/\/smartbe.be\/fr\/wp-json\/wp\/v2\/types\/page"}],"author":[{"embeddable":true,"href":"https:\/\/smartbe.be\/fr\/wp-json\/wp\/v2\/users\/53"}],"replies":[{"embeddable":true,"href":"https:\/\/smartbe.be\/fr\/wp-json\/wp\/v2\/comments?post=38630"}],"version-history":[{"count":6,"href":"https:\/\/smartbe.be\/fr\/wp-json\/wp\/v2\/pages\/38630\/revisions"}],"predecessor-version":[{"id":38643,"href":"https:\/\/smartbe.be\/fr\/wp-json\/wp\/v2\/pages\/38630\/revisions\/38643"}],"wp:attachment":[{"href":"https:\/\/smartbe.be\/fr\/wp-json\/wp\/v2\/media?parent=38630"}],"wp:term":[{"taxonomy":"post_tag","embeddable":true,"href":"https:\/\/smartbe.be\/fr\/wp-json\/wp\/v2\/tags?post=38630"}],"curies":[{"name":"wp","href":"https:\/\/api.w.org\/{rel}","templated":true}]}}