
{"id":38178,"date":"2022-10-13T15:33:27","date_gmt":"2022-10-13T13:33:27","guid":{"rendered":"https:\/\/smartbe.be\/?page_id=38178"},"modified":"2025-12-08T14:56:27","modified_gmt":"2025-12-08T13:56:27","slug":"smart-labs","status":"publish","type":"page","link":"https:\/\/smartbe.be\/fr\/la-cooperative-2\/smart-labs\/","title":{"rendered":"SmartLabs"},"content":{"rendered":"<p><strong>Vous avez des id\u00e9es plein la t\u00eate et l\u2019envie d\u2019agir?<br \/>Rencontrer d\u2019autres membres, d\u00e9velopper des projets ensemble, \u00e7a vous parle? Passez \u00e0 l\u2019action avec les SmartLabs.<\/strong><\/p>\r\n\r\n\r\n\r\n\r\n\r\n\r\n\r\n\r\n\r\n<p>Les SmartLabs sont des laboratoires de \u00abco-production\u00bb qui donnent vie \u00e0 des projets et des dynamiques collectives.\u202fIls r\u00e9unissent des soci\u00e9taires qui ont des int\u00e9r\u00eats communs et une envie d\u2019agir ensemble pour mener, \u00e0 leur \u00e9chelle, des pistes d\u2019action commune et un projet collectif porteur de sens et de valeur(s).<\/p>\r\n<p>&nbsp;<\/p>\r\n<p><strong>Explications et t\u00e9moignages (vid\u00e9o)<\/strong><\/p>\r\n<p><div class=\"video-container\"><iframe loading=\"lazy\" title=\"SmartLabs - Explication et t\u00e9moignages\" width=\"584\" height=\"329\" src=\"https:\/\/www.youtube.com\/embed\/Ypz02TdOcTs?feature=oembed\" frameborder=\"0\" allow=\"accelerometer; autoplay; clipboard-write; encrypted-media; gyroscope; picture-in-picture; web-share\" referrerpolicy=\"strict-origin-when-cross-origin\" allowfullscreen><\/iframe><\/div><\/p>\r\n<p>\u00c0 lire aussi, sur le blog Kronik: <strong><a href=\"https:\/\/kronik.smart.coop\/transmettre-rassembler-echanger-leclat-du-smartlab\/\" target=\"_blank\" rel=\"noopener\">Transmettre, rassembler, \u00e9changer: l\u2019\u00e9clat du SmartLab<\/a><\/strong><\/p>\r\n<p><br \/><a href=\"#propose\"><strong><img loading=\"lazy\" decoding=\"async\" class=\"alignnone size-full wp-image-33556\" src=\"https:\/\/smartbe.be\/wp-content\/uploads\/2021\/01\/fleche-arrow-long.png\" alt=\"\" width=\"142\" height=\"13\" \/>Je propose un SmartLab<\/strong><\/a><br \/><a href=\"#quand\"><strong><img loading=\"lazy\" decoding=\"async\" class=\"alignnone size-full wp-image-33556\" src=\"https:\/\/smartbe.be\/wp-content\/uploads\/2021\/01\/fleche-arrow-long.png\" alt=\"\" width=\"142\" height=\"13\" \/>Comment, quand et o\u00f9?<\/strong><\/a><\/p>\r\n<p>&nbsp;<\/p>\r\n<h2><a name=\"propose\"><\/a>Je propose un SmartLab<\/h2>\r\n<p>Partagez votre proposition <a href=\"https:\/\/forms.office.com\/pages\/responsepage.aspx?id=TEzYTCFpjUir0MT6deXQOYWqiqr9VddMs6KxKwrJmQxUN0hITUJaQkFFVDlKUFRRT0w1QTYzUjFYVi4u\">via ce formulaire SmartLab &#8211; Propositions et int\u00e9r\u00eats<\/a>.<\/p>\r\n<p><strong>Voici des exemples de th\u00e9matiques<\/strong><\/p>\r\n\r\n\r\n\r\n\r\n\r\n<p><strong>Accompagnement entre pairs:<\/strong> favoriser l\u2019entraide entre membres Smart, mettre en place des initiatives pour mettre en commun des outils, des connaissances, \u00e9changer des astuces pour s\u2019emparer des outils Smart en ligne ou encore pour participer aux appels \u00e0 projets et march\u00e9s publics\u2026 \u00c7a vous parle?<br \/><a href=\"https:\/\/smartbe.be\/wp-content\/uploads\/2022\/10\/SmartLab-Fiche-thematique-Accompagnement-par-pairs.pdf\"><strong>D\u00e9couvrir d\u2019autres actions<\/strong> (pdf)<\/a><\/p>\r\n\r\n\r\n\r\n<p><strong>Faire r\u00e9seau:<\/strong> vous souhaitez stimuler votre activit\u00e9 en collaborant avec d\u2019autres membres? Cela peut se concr\u00e9tiser, par exemple, en organisant des rencontres professionnelles, initier une veille des \u00e9v\u00e9nements de r\u00e9seautage.<br \/><a href=\"https:\/\/smartbe.be\/wp-content\/uploads\/2022\/10\/SmartLab-Fiche-thematique-Faire-reseau.pdf\"><strong>D\u00e9couvrir d\u2019autres actions<\/strong> (pdf)<\/a><\/p>\r\n\r\n\r\n\r\n<p><strong>\u00c9galit\u00e9 des genres:<\/strong> vous voulez faire bouger les lignes dans les t\u00eates et dans les faits en boostant l\u2019entrepreneuriat f\u00e9minin? Passez \u00e0 l\u2019action et organisez des ateliers, un groupe de parole, des temps de sororit\u00e9, ou encore des actions de pr\u00e9vention\u2026<br \/><a href=\"https:\/\/smartbe.be\/wp-content\/uploads\/2022\/10\/SmartLab-Fiche-thematique-Egalite-des-Genres.pdf\"><strong>D\u00e9couvrir d\u2019autres actions <\/strong>(pdf)<\/a><\/p>\r\n\r\n\r\n\r\n<p><strong>Tiers-lieux\/espaces de travail:<\/strong> vous gal\u00e9rez pour trouver des espaces o\u00f9 travailler? Partagez vos besoins, des partenariats peuvent \u00eatre nou\u00e9s, un carnet d\u2019adresses cr\u00e9\u00e9.<br \/><a href=\"https:\/\/smartbe.be\/wp-content\/uploads\/2022\/10\/smart-labs-Fiche-thematique-Tierslieux-espaces-de-travail.pdf\"><strong>D\u00e9couvrir d\u2019autres actions <\/strong>(pdf)<\/a><\/p>\r\n\r\n\r\n\r\n<p><strong>Culture coop\u00e9rative:<\/strong> envie d\u2019accompagner les premiers pas des soci\u00e9taires au sein de la coop\u00e9rative et d\u2019insuffler l\u2019esprit coop\u00e9ratif? De nombreux projets pourraient \u00eatre men\u00e9s pour faciliter l\u2019accueil des nouveaux\u00b7elles et d\u00e9velopper la culture coop\u00e9rative. Exemples: cr\u00e9er un livret d\u2019accueil, d\u00e9velopper un syst\u00e8me de par\u00b7marrainage, organiser des rendez-vous d\u2019accueil.<br \/><a href=\"https:\/\/smartbe.be\/wp-content\/uploads\/2022\/10\/SmartLab-Fiche-thematique-Culture-cooperative.pdf\"><strong>D\u00e9couvrir d\u2019autres actions <\/strong>(pdf)<\/a><\/p>\r\n\r\n\r\n\r\n<div class=\"wp-block-spacer\" style=\"height: 34px;\" aria-hidden=\"true\">\u00a0<\/div>\r\n\r\n\r\n\r\n<h2 class=\"wp-block-heading\"><a name=\"quand\"><\/a><strong>Comment, quand et o\u00f9?<\/strong><\/h2>\r\n\r\n\r\n\r\n<div class=\"wp-block-spacer\" style=\"height: 17px;\" aria-hidden=\"true\">\u00a0<\/div>\r\n\r\n\r\n<style>#sp-ea-38183 .spcollapsing { height: 0; overflow: hidden; transition-property: height;transition-duration: 300ms;}#sp-ea-38183.sp-easy-accordion>.sp-ea-single {margin-bottom: 10px; border: 1px solid #e2e2e2; }#sp-ea-38183.sp-easy-accordion>.sp-ea-single>.ea-header a {color: #444;}#sp-ea-38183.sp-easy-accordion>.sp-ea-single>.sp-collapse>.ea-body {background: #fff; color: #444;}#sp-ea-38183.sp-easy-accordion>.sp-ea-single {background: #eee;}#sp-ea-38183.sp-easy-accordion>.sp-ea-single>.ea-header a .ea-expand-icon { float: left; color: #444;font-size: 16px;}.sp-easy-accordion{font-family: \"cerebri_sans\", \"Helvetica Neue\", Arial, Helvetica, sans-serif;}\r\n.sp-easy-accordion .ea-expand h3.ea-header  a, .sp-easy-accordion .ea-expand h3.ea-header .ea-expand-icon{color:#ff4054 !important;}<\/style><div id=\"sp_easy_accordion-1765201211\"><div id=\"sp-ea-38183\" class=\"sp-ea-one sp-easy-accordion\" data-ea-active=\"ea-click\" data-ea-mode=\"vertical\" data-preloader=\"\" data-scroll-active-item=\"\" data-offset-to-scroll=\"0\"><div class=\"ea-card ea-expand sp-ea-single\"><h3 class=\"ea-header\"><a class=\"collapsed\" id=\"ea-header-381830\" role=\"button\" data-sptoggle=\"spcollapse\" data-sptarget=\"#collapse381830\" aria-controls=\"collapse381830\" href=\"#\" aria-expanded=\"true\" tabindex=\"0\"><i aria-hidden=\"true\" role=\"presentation\" class=\"ea-expand-icon eap-icon-ea-expand-minus\"><\/i> Qui peut participer?<\/a><\/h3><div class=\"sp-collapse spcollapse collapsed show\" id=\"collapse381830\" data-parent=\"#sp-ea-38183\" role=\"region\" aria-labelledby=\"ea-header-381830\"> <div class=\"ea-body\"><p>Pour participer, il est n\u00e9cessaire d\u2019\u00eatre soci\u00e9taire de la coop\u00e9rative. Aucun autre pr\u00e9requis n\u2019est demand\u00e9, si ce n\u2019est l\u2019envie de mettre son talent et ses ressources, en s\u2019impliquant et en agissant, au service du collectif.<\/p><\/div><\/div><\/div><div class=\"ea-card sp-ea-single\"><h3 class=\"ea-header\"><a class=\"collapsed\" id=\"ea-header-381831\" role=\"button\" data-sptoggle=\"spcollapse\" data-sptarget=\"#collapse381831\" aria-controls=\"collapse381831\" href=\"#\" aria-expanded=\"false\" tabindex=\"0\"><i aria-hidden=\"true\" role=\"presentation\" class=\"ea-expand-icon eap-icon-ea-expand-plus\"><\/i> Pourquoi participer?<\/a><\/h3><div class=\"sp-collapse spcollapse \" id=\"collapse381831\" data-parent=\"#sp-ea-38183\" role=\"region\" aria-labelledby=\"ea-header-381831\"> <div class=\"ea-body\"><ul><li>pour construire avec d\u2019autres des r\u00e9ponses \u00e0 des besoins collectifs: #Innover<\/li><li>pour rencontrer, \u00e9changer, r\u00e9seauter avec d\u2019autres membres de la coop\u00e9rative, de tous horizons: #Coop\u00e9rer<\/li><li>pour mieux comprendre et appr\u00e9hender la coop\u00e9rative: #Apprendre<\/li><li>pour contribuer \u00e0 l\u2019\u00e9volution de la coop\u00e9rative: #D\u00e9mocratie<\/li><\/ul><\/div><\/div><\/div><div class=\"ea-card sp-ea-single\"><h3 class=\"ea-header\"><a class=\"collapsed\" id=\"ea-header-381832\" role=\"button\" data-sptoggle=\"spcollapse\" data-sptarget=\"#collapse381832\" aria-controls=\"collapse381832\" href=\"#\" aria-expanded=\"false\" tabindex=\"0\"><i aria-hidden=\"true\" role=\"presentation\" class=\"ea-expand-icon eap-icon-ea-expand-plus\"><\/i> \u00c0 quoi s\u2019engage-t-on?<\/a><\/h3><div class=\"sp-collapse spcollapse \" id=\"collapse381832\" data-parent=\"#sp-ea-38183\" role=\"region\" aria-labelledby=\"ea-header-381832\"> <div class=\"ea-body\"><p>Il est n\u00e9cessaire de:<\/p><ul><li>s\u2019engager sur la dur\u00e9e du projet<\/li><li>participer de fa\u00e7on volontaire et non r\u00e9mun\u00e9r\u00e9e<\/li><li>avoir un int\u00e9r\u00eat pour la th\u00e9matique choisie et travailler en coop\u00e9ration.<\/li><\/ul><\/div><\/div><\/div><div class=\"ea-card sp-ea-single\"><h3 class=\"ea-header\"><a class=\"collapsed\" id=\"ea-header-381833\" role=\"button\" data-sptoggle=\"spcollapse\" data-sptarget=\"#collapse381833\" aria-controls=\"collapse381833\" href=\"#\" aria-expanded=\"false\" tabindex=\"0\"><i aria-hidden=\"true\" role=\"presentation\" class=\"ea-expand-icon eap-icon-ea-expand-plus\"><\/i> Comment constituer un SmartLab?<\/a><\/h3><div class=\"sp-collapse spcollapse \" id=\"collapse381833\" data-parent=\"#sp-ea-38183\" role=\"region\" aria-labelledby=\"ea-header-381833\"> <div class=\"ea-body\"><p>Vous avez envie de cr\u00e9er ou rejoindre un SmartLab? Manifestez-vous via <a href=\"https:\/\/forms.office.com\/pages\/responsepage.aspx?id=TEzYTCFpjUir0MT6deXQOYWqiqr9VddMs6KxKwrJmQxUN0hITUJaQkFFVDlKUFRRT0w1QTYzUjFYVi4u\">ce formulaire<\/a> et indiquez vos pr\u00e9f\u00e9rences th\u00e9matiques. Nous vous mettrons en contact avec d\u2019autres membres qui ont les m\u00eames int\u00e9r\u00eats. Parlez-en autour de vous et mobilisez d\u2019autres soci\u00e9taires \u00e0 vous rejoindre.<\/p><\/div><\/div><\/div><div class=\"ea-card sp-ea-single\"><h3 class=\"ea-header\"><a class=\"collapsed\" id=\"ea-header-381834\" role=\"button\" data-sptoggle=\"spcollapse\" data-sptarget=\"#collapse381834\" aria-controls=\"collapse381834\" href=\"#\" aria-expanded=\"false\" tabindex=\"0\"><i aria-hidden=\"true\" role=\"presentation\" class=\"ea-expand-icon eap-icon-ea-expand-plus\"><\/i> Comment s\u2019organiser?<\/a><\/h3><div class=\"sp-collapse spcollapse \" id=\"collapse381834\" data-parent=\"#sp-ea-38183\" role=\"region\" aria-labelledby=\"ea-header-381834\"> <div class=\"ea-body\"><p>Chaque SmartLab<\/p><ul><li>s\u2019auto-organise pour d\u00e9finir et mettre en place un projet<\/li><li>se retrouve selon son propre rythme<\/li><li>choisit sa propre m\u00e9thodologie<\/li><li>fixe des objectifs r\u00e9alisables<\/li><li>peut solliciter un budget au besoin: chaque demande sera \u00e9valu\u00e9e<\/li><li>documente les avanc\u00e9es, avec l\u2019aide d\u2019un\u00b7e animateur\u00b7rice<\/li><\/ul><\/div><\/div><\/div><div class=\"ea-card sp-ea-single\"><h3 class=\"ea-header\"><a class=\"collapsed\" id=\"ea-header-381835\" role=\"button\" data-sptoggle=\"spcollapse\" data-sptarget=\"#collapse381835\" aria-controls=\"collapse381835\" href=\"#\" aria-expanded=\"false\" tabindex=\"0\"><i aria-hidden=\"true\" role=\"presentation\" class=\"ea-expand-icon eap-icon-ea-expand-plus\"><\/i> Quel accompagnement?<\/a><\/h3><div class=\"sp-collapse spcollapse \" id=\"collapse381835\" data-parent=\"#sp-ea-38183\" role=\"region\" aria-labelledby=\"ea-header-381835\"> <div class=\"ea-body\"><p>Chaque SmartLab est accompagn\u00e9 par un\u00b7e animateur\u00b7rice.<\/p><p>Une personne de l\u2019\u00e9quipe Vie coop\u00e9rative assure un suivi pour faire le lien avec les autres projets en cours au sein de la coop\u00e9rative et r\u00e9pondre aux besoins du groupe.<\/p><p>Des espaces dans les bureaux sont mis \u00e0 disposition pour se rencontrer.<\/p><p>Des expert\u00b7es peuvent \u00eatre sollicit\u00e9\u00b7es pour stimuler les r\u00e9flexions aux seins des groupes.<\/p><p>Des outils sont \u00e0 disposition pour collaborer.<\/p><\/div><\/div><\/div><\/div><\/div>\n\r\n\r\n\r\n<div class=\"wp-block-spacer\" style=\"height: 34px;\" aria-hidden=\"true\">\u00a0<\/div>\r\n\r\n\r\n\r\n<h2 class=\"wp-block-heading\"><strong>D&rsquo;autres questions?<\/strong><\/h2>\r\n\r\n\r\n\r\n<p>Contactez-nous via cette adresse: \u202f<a href=\"mailto:&#x6c;&#x65;&#x74;&#x73;&#x63;&#x6f;&#x6f;&#x70;&#x40;&#x73;&#x6d;&#x61;&#x72;&#x74;&#x2e;&#x63;&#x6f;&#x6f;&#x70;\" target=\"_blank\" rel=\"noopener\">&#x6c;&#x65;&#x74;&#x73;&#x63;&#x6f;&#x6f;&#x70;&#x40;<span class=\"oe_displaynone\">null<\/span>&#x73;&#x6d;&#x61;&#x72;&#x74;&#x2e;&#x63;&#x6f;&#x6f;&#x70;<\/a><\/p>","protected":false},"excerpt":{"rendered":"<p>Vous avez des id\u00e9es plein la t\u00eate et l\u2019envie d\u2019agir?Rencontrer d\u2019autres membres, d\u00e9velopper des projets ensemble, \u00e7a vous parle? Passez \u00e0 l\u2019action avec les SmartLabs. Les SmartLabs sont des laboratoires de \u00abco-production\u00bb qui donnent vie \u00e0 des projets et des &hellip;<\/p>\n","protected":false},"author":13,"featured_media":0,"parent":18923,"menu_order":0,"comment_status":"closed","ping_status":"closed","template":"","meta":{"footnotes":""},"tags":[],"class_list":["post-38178","page","type-page","status-publish","hentry"],"aioseo_notices":[],"_links":{"self":[{"href":"https:\/\/smartbe.be\/fr\/wp-json\/wp\/v2\/pages\/38178","targetHints":{"allow":["GET"]}}],"collection":[{"href":"https:\/\/smartbe.be\/fr\/wp-json\/wp\/v2\/pages"}],"about":[{"href":"https:\/\/smartbe.be\/fr\/wp-json\/wp\/v2\/types\/page"}],"author":[{"embeddable":true,"href":"https:\/\/smartbe.be\/fr\/wp-json\/wp\/v2\/users\/13"}],"replies":[{"embeddable":true,"href":"https:\/\/smartbe.be\/fr\/wp-json\/wp\/v2\/comments?post=38178"}],"version-history":[{"count":89,"href":"https:\/\/smartbe.be\/fr\/wp-json\/wp\/v2\/pages\/38178\/revisions"}],"predecessor-version":[{"id":49022,"href":"https:\/\/smartbe.be\/fr\/wp-json\/wp\/v2\/pages\/38178\/revisions\/49022"}],"up":[{"embeddable":true,"href":"https:\/\/smartbe.be\/fr\/wp-json\/wp\/v2\/pages\/18923"}],"wp:attachment":[{"href":"https:\/\/smartbe.be\/fr\/wp-json\/wp\/v2\/media?parent=38178"}],"wp:term":[{"taxonomy":"post_tag","embeddable":true,"href":"https:\/\/smartbe.be\/fr\/wp-json\/wp\/v2\/tags?post=38178"}],"curies":[{"name":"wp","href":"https:\/\/api.w.org\/{rel}","templated":true}]}}