
{"id":37840,"date":"2022-09-02T20:29:42","date_gmt":"2022-09-02T18:29:42","guid":{"rendered":"https:\/\/smartbe.be\/?page_id=37840"},"modified":"2025-06-12T16:18:28","modified_gmt":"2025-06-12T14:18:28","slug":"rapport-dactivite","status":"publish","type":"page","link":"https:\/\/smartbe.be\/fr\/rapport-dactivite\/","title":{"rendered":"Rapport d&rsquo;activit\u00e9"},"content":{"rendered":"<p><center><a href=\"https:\/\/smartbe.be\/wp-content\/uploads\/2025\/06\/rapportdactivite2024-smartcoop-768x430-1.png\"><img loading=\"lazy\" decoding=\"async\" class=\"aligncenter wp-image-48318 size-full\" src=\"https:\/\/smartbe.be\/wp-content\/uploads\/2025\/06\/rapportdactivite2024-smartcoop-768x430-1.png\" alt=\"\" width=\"768\" height=\"430\" srcset=\"https:\/\/smartbe.be\/wp-content\/uploads\/2025\/06\/rapportdactivite2024-smartcoop-768x430-1.png 768w, https:\/\/smartbe.be\/wp-content\/uploads\/2025\/06\/rapportdactivite2024-smartcoop-768x430-1-300x168.png 300w, https:\/\/smartbe.be\/wp-content\/uploads\/2025\/06\/rapportdactivite2024-smartcoop-768x430-1-500x280.png 500w, https:\/\/smartbe.be\/wp-content\/uploads\/2025\/06\/rapportdactivite2024-smartcoop-768x430-1-290x162.png 290w\" sizes=\"auto, (max-width: 768px) 100vw, 768px\" \/><\/a><\/center><\/p>\n<h2>UNE ANN\u00c9E DE C\u00c9L\u00c9BRATION ET D\u2019INNOVATION<\/h2>\n<ul>\n<li><strong>41.702<\/strong> soci\u00e9taires de la coop\u00e9rative.<\/li>\n<li><strong>20.892<\/strong> membres salari\u00e9\u00b7es.<\/li>\n<li><strong>22.368<\/strong> unit\u00e9s de production qui ont produit des biens, des services ou des \u0153uvres artistiques.<\/li>\n<li><strong>32.964<\/strong> clients et clientes qui les ont achet\u00e9s.<\/li>\n<li>Une \u00e9quipe support de <strong>236<\/strong> personnes qui veille au grain.<\/li>\n<li><strong>197.677.870\u20ac<\/strong> de chiffre d\u2019affaires.<\/li>\n<li><strong>204<\/strong> \u00e9v\u00e8nements organis\u00e9s.<\/li>\n<\/ul>\n<p>Voil\u00e0 quelques chiffres cl\u00e9s qui ont marqu\u00e9 l\u2019ann\u00e9e 2024 de Smart.<\/p>\n<p>D\u00e9couvrez aussi les grandes actions men\u00e9es par notre entreprise partag\u00e9e.<\/p>\n<h2><a href=\"https:\/\/new.smartbe.be\/wp-content\/uploads\/2025\/05\/RapportActicite_Smart_25_WEB.pdf\"><strong>Rapport d&rsquo;activit\u00e9 2024<\/strong>: version num\u00e9rique PDF<\/a><\/h2>\n<h2>Nouveau: le minisite de r\u00e9sum\u00e9 des rapports<br \/>\n<a href=\"https:\/\/report.smartbe.be\">https:\/\/report.smartbe.be<\/a><\/h2>\n<p>&nbsp;<\/p>\n<p><a href=\"https:\/\/smartbe.be\/fr\/la-cooperative-2\/documentation\/\"><strong>Retrouvez tous les rapports d&rsquo;activit\u00e9 depuis 2012<\/strong><\/a><\/p>","protected":false},"excerpt":{"rendered":"<p>UNE ANN\u00c9E DE C\u00c9L\u00c9BRATION ET D\u2019INNOVATION 41.702 soci\u00e9taires de la coop\u00e9rative. 20.892 membres salari\u00e9\u00b7es. 22.368 unit\u00e9s de production qui ont produit des biens, des services ou des \u0153uvres artistiques. 32.964 clients et clientes qui les ont achet\u00e9s. Une \u00e9quipe support &hellip;<\/p>\n","protected":false},"author":13,"featured_media":0,"parent":0,"menu_order":0,"comment_status":"closed","ping_status":"closed","template":"","meta":{"footnotes":""},"tags":[],"class_list":["post-37840","page","type-page","status-publish","hentry"],"aioseo_notices":[],"_links":{"self":[{"href":"https:\/\/smartbe.be\/fr\/wp-json\/wp\/v2\/pages\/37840","targetHints":{"allow":["GET"]}}],"collection":[{"href":"https:\/\/smartbe.be\/fr\/wp-json\/wp\/v2\/pages"}],"about":[{"href":"https:\/\/smartbe.be\/fr\/wp-json\/wp\/v2\/types\/page"}],"author":[{"embeddable":true,"href":"https:\/\/smartbe.be\/fr\/wp-json\/wp\/v2\/users\/13"}],"replies":[{"embeddable":true,"href":"https:\/\/smartbe.be\/fr\/wp-json\/wp\/v2\/comments?post=37840"}],"version-history":[{"count":34,"href":"https:\/\/smartbe.be\/fr\/wp-json\/wp\/v2\/pages\/37840\/revisions"}],"predecessor-version":[{"id":48339,"href":"https:\/\/smartbe.be\/fr\/wp-json\/wp\/v2\/pages\/37840\/revisions\/48339"}],"wp:attachment":[{"href":"https:\/\/smartbe.be\/fr\/wp-json\/wp\/v2\/media?parent=37840"}],"wp:term":[{"taxonomy":"post_tag","embeddable":true,"href":"https:\/\/smartbe.be\/fr\/wp-json\/wp\/v2\/tags?post=37840"}],"curies":[{"name":"wp","href":"https:\/\/api.w.org\/{rel}","templated":true}]}}