
{"id":377,"date":"2013-10-22T16:13:47","date_gmt":"2013-10-22T15:13:47","guid":{"rendered":"http:\/\/smartbe.be\/?page_id=377"},"modified":"2014-05-05T09:35:37","modified_gmt":"2014-05-05T08:35:37","slug":"comment","status":"publish","type":"page","link":"https:\/\/smartbe.be\/fr\/sinformer\/securite-sociale\/allocations\/comment\/","title":{"rendered":"Que dois-je faire ?"},"content":{"rendered":"<p>C\u2019est le p\u00e8re, travailleur salari\u00e9 ou dans une situation assimil\u00e9e, qui fait la demande d\u2019acc\u00e8s aux allocations familiales.<br \/>\nSi le p\u00e8re n\u2019est pas un travailleur salari\u00e9, c\u2019est la m\u00e8re qui introduit la demande.<\/p>\n<p>Il faut rentrer les documents de demande \u00e0 la caisse d\u2019allocations familiales dont vous d\u00e9pendez :<\/p>\n<ul>\n<li>celle de l\u2019employeur du p\u00e8re (ou de la m\u00e8re) de l\u2019enfant OU du dernier employeur, si le demandeur ne travaille plus<\/li>\n<li>\u00e0 l\u2019ONAFTS, si le demandeur n\u2019a jamais travaill\u00e9 OU est ch\u00f4meur en allocations d\u2019attente<\/li>\n<\/ul>\n<p>L\u2019allocation de naissance peut \u00eatre demand\u00e9e, \u00e0 partir du sixi\u00e8me mois de grossesse (formulaire E).<br \/>\nSi l\u2019allocation de naissance a \u00e9t\u00e9 vers\u00e9e, les allocations familiales seront pay\u00e9es automatiquement. Sinon, il faut introduire la demande d\u2019allocations familiales \u00e0 l\u2019aide du formulaire AA.<\/p>\n<p>Pour la perception des allocations, 3 cas existent :<\/p>\n<ul>\n<li>c\u2019est la m\u00e8re, suppos\u00e9e \u00e9duquer l\u2019enfant, qui re\u00e7oit les allocations, comme allocataire<\/li>\n<li>si ce n\u2019est pas la m\u00e8re qui \u00e9duque l\u2019enfant, ces allocations sont vers\u00e9es au p\u00e8re ou \u00e0 la personne qui s\u2019en occupe effectivement<\/li>\n<li>lorsque les deux parents ne vivent pas sous le m\u00eame toit (s\u00e9paration), mais s\u2019ils exercent conjointement l\u2019autorit\u00e9 parentale, la m\u00e8re est aussi l\u2019allocataire. Dans ce dernier cas de figure cependant :<\/li>\n<\/ul>\n<p>le p\u00e8re peut demander \u00e0 percevoir les allocations s\u2019il a la garde des enfants<\/p>\n<p>les parents peuvent ouvrir un compte commun pour lequel ils ont chacun une procuration, au nom de l\u2019enfant<\/p>\n<p>L\u2019enfant b\u00e9n\u00e9ficiaire peut lui-m\u00eame \u00eatre l\u2019allocataire dans 3 cas :<\/p>\n<ul>\n<li>si, \u00e0 l\u2019age de 16 ans, il est \u00e9mancip\u00e9 ou dispose d\u2019une adresse officielle propre.<\/li>\n<li>s\u2019il est mari\u00e9,<\/li>\n<li>s\u2019il per\u00e7oit lui-m\u00eame des allocations familiales pour ses enfants<\/li>\n<\/ul>\n<h3>Renseignements pratiques:<\/h3>\n<p>Office national d\u2019allocations familiales pour travailleurs salari\u00e9s (ONAFTS)<br \/>\nRue de Tr\u00e8ves 9<br \/>\n1000 Bruxelles<br \/>\nT\u00e9l : 02 237 21 12<br \/>\nFax : 02 237 24 70<\/p>","protected":false},"excerpt":{"rendered":"<p>C\u2019est le p\u00e8re, travailleur salari\u00e9 ou dans une situation assimil\u00e9e, qui fait la demande d\u2019acc\u00e8s aux allocations familiales. Si le p\u00e8re n\u2019est pas un travailleur salari\u00e9, c\u2019est la m\u00e8re qui introduit la demande. Il faut rentrer les documents de demande &hellip;<\/p>\n","protected":false},"author":20,"featured_media":0,"parent":98,"menu_order":4,"comment_status":"open","ping_status":"closed","template":"","meta":{"footnotes":""},"tags":[],"class_list":["post-377","page","type-page","status-publish","hentry"],"aioseo_notices":[],"_links":{"self":[{"href":"https:\/\/smartbe.be\/fr\/wp-json\/wp\/v2\/pages\/377","targetHints":{"allow":["GET"]}}],"collection":[{"href":"https:\/\/smartbe.be\/fr\/wp-json\/wp\/v2\/pages"}],"about":[{"href":"https:\/\/smartbe.be\/fr\/wp-json\/wp\/v2\/types\/page"}],"author":[{"embeddable":true,"href":"https:\/\/smartbe.be\/fr\/wp-json\/wp\/v2\/users\/20"}],"replies":[{"embeddable":true,"href":"https:\/\/smartbe.be\/fr\/wp-json\/wp\/v2\/comments?post=377"}],"version-history":[{"count":13,"href":"https:\/\/smartbe.be\/fr\/wp-json\/wp\/v2\/pages\/377\/revisions"}],"predecessor-version":[{"id":481,"href":"https:\/\/smartbe.be\/fr\/wp-json\/wp\/v2\/pages\/377\/revisions\/481"}],"up":[{"embeddable":true,"href":"https:\/\/smartbe.be\/fr\/wp-json\/wp\/v2\/pages\/98"}],"wp:attachment":[{"href":"https:\/\/smartbe.be\/fr\/wp-json\/wp\/v2\/media?parent=377"}],"wp:term":[{"taxonomy":"post_tag","embeddable":true,"href":"https:\/\/smartbe.be\/fr\/wp-json\/wp\/v2\/tags?post=377"}],"curies":[{"name":"wp","href":"https:\/\/api.w.org\/{rel}","templated":true}]}}