
{"id":37161,"date":"2022-05-20T13:14:57","date_gmt":"2022-05-20T12:14:57","guid":{"rendered":"https:\/\/smartbe.be\/?page_id=37161"},"modified":"2022-06-15T14:52:07","modified_gmt":"2022-06-15T13:52:07","slug":"programme-assemblee-generale-smartcoop-2022","status":"publish","type":"page","link":"https:\/\/smartbe.be\/fr\/programme-assemblee-generale-smartcoop-2022\/","title":{"rendered":"Programme Assembl\u00e9e g\u00e9n\u00e9rale SmartCoop 2022"},"content":{"rendered":"<div>\n<script type=\"text\/javascript\" src=\"https:\/\/evenium.net\/ng\/js\/widgets\/web-widget.js?name=ticketing&#038;from=js&#038;siteName=mp5ecfn2\"><\/script>\n<\/div>\n<div>\n<h2>PROGRAMME<\/h2>\n<p><iframe loading=\"lazy\" frameborder=\"0\" width=\"100%\" height=\"0%\"  style=\"background-color: #FFFFFF;border: none; overflow: auto; min-height: 300px; height: 5555px;\" src=\"https:\/\/site.evenium.net\/mp5ecfn2\/agenda?from=iframe&#038;loc=fr\"><\/iframe>\n<\/div>","protected":false},"excerpt":{"rendered":"<p>PROGRAMME<\/p>\n","protected":false},"author":53,"featured_media":0,"parent":0,"menu_order":0,"comment_status":"closed","ping_status":"closed","template":"page-very-full-width.php","meta":{"footnotes":""},"tags":[],"class_list":["post-37161","page","type-page","status-publish","hentry"],"aioseo_notices":[],"_links":{"self":[{"href":"https:\/\/smartbe.be\/fr\/wp-json\/wp\/v2\/pages\/37161","targetHints":{"allow":["GET"]}}],"collection":[{"href":"https:\/\/smartbe.be\/fr\/wp-json\/wp\/v2\/pages"}],"about":[{"href":"https:\/\/smartbe.be\/fr\/wp-json\/wp\/v2\/types\/page"}],"author":[{"embeddable":true,"href":"https:\/\/smartbe.be\/fr\/wp-json\/wp\/v2\/users\/53"}],"replies":[{"embeddable":true,"href":"https:\/\/smartbe.be\/fr\/wp-json\/wp\/v2\/comments?post=37161"}],"version-history":[{"count":12,"href":"https:\/\/smartbe.be\/fr\/wp-json\/wp\/v2\/pages\/37161\/revisions"}],"predecessor-version":[{"id":37465,"href":"https:\/\/smartbe.be\/fr\/wp-json\/wp\/v2\/pages\/37161\/revisions\/37465"}],"wp:attachment":[{"href":"https:\/\/smartbe.be\/fr\/wp-json\/wp\/v2\/media?parent=37161"}],"wp:term":[{"taxonomy":"post_tag","embeddable":true,"href":"https:\/\/smartbe.be\/fr\/wp-json\/wp\/v2\/tags?post=37161"}],"curies":[{"name":"wp","href":"https:\/\/api.w.org\/{rel}","templated":true}]}}