
{"id":37030,"date":"2022-05-16T13:06:19","date_gmt":"2022-05-16T12:06:19","guid":{"rendered":"https:\/\/smartbe.be\/?page_id=37030"},"modified":"2022-08-23T19:08:14","modified_gmt":"2022-08-23T17:08:14","slug":"assemblee-generale-extraordinaire-31-mai-2022","status":"publish","type":"page","link":"https:\/\/smartbe.be\/fr\/assemblee-generale-extraordinaire-31-mai-2022\/","title":{"rendered":"Assembl\u00e9e g\u00e9n\u00e9rale extraordinaire 2022"},"content":{"rendered":"<p><strong> <\/strong><\/p>\n<p><strong><em>Update 27 mai 2022<\/em><\/strong><\/p>\n<p><em>Le quorum de 50% de pr\u00e9sence n\u2019ayant pas \u00e9t\u00e9 atteint pour la tenue de l\u2019Assembl\u00e9e G\u00e9n\u00e9rale Extraordinaire du 31 mai 2022, un PV de carence sera dress\u00e9 en l\u2019\u00e9tude du notaire Bertrand Nerincx et une seconde AGE se tiendra le 21 juin 2022, soit le m\u00eame jour que notre Assembl\u00e9e G\u00e9n\u00e9rale Ordinaire. <a href=\"https:\/\/smartbe.be\/fr\/assemblee-generale-2022\/\">Plus d&rsquo;infos ici<\/a><\/em><\/p>\n<p><strong>Pourquoi tient-on une assembl\u00e9e g\u00e9n\u00e9rale extraordinaire (AGE)\u202f?<\/strong><\/p>\n<p>Nous souhaitons proc\u00e9der \u00e0 une modification des statuts de la soci\u00e9t\u00e9 SmartCoop. Lesdits statuts pr\u00e9voient que dans telle situation, nous convoquions une assembl\u00e9e g\u00e9n\u00e9rale \u00e0 caract\u00e8re extraordinaire, \u00e0 ne pas confondre avec l\u2019assembl\u00e9e g\u00e9n\u00e9rale ordinaire, temps fort annuel de la vie de notre coop\u00e9rative.<\/p>\n<p><strong>Acc\u00e8s rapides<\/strong><\/p>\n<ul>\n<li>Tous les d\u00e9tails concernant la modification des statuts:\n<ul>\n<li><a href=\"https:\/\/smartbe.be\/wp-content\/uploads\/2022\/08\/Statuts_SmartCoop_aout_22.pdf\">Nouveaux statuts soumis au vote de l&rsquo;AGE<\/a><\/li>\n<li><a href=\"https:\/\/smartbe.be\/wp-content\/uploads\/2022\/05\/SmartCoop_statuts-2017-2022_versions-compare%CC%81es-FR.pdf\">Statuts compar\u00e9s (version 2017 et 2022)<\/a><\/li>\n<\/ul>\n<\/li>\n<li><a href=\"https:\/\/smartbe.be\/wp-content\/uploads\/2022\/08\/220621_ROI_SmartCoop_2022_FR.pdf\">Le R\u00e8glement d&rsquo;Ordre Int\u00e9rieur de SmartCoop<\/a><\/li>\n<\/ul>\n<p><strong>Qu\u2019est-ce qu\u2019une AGE\u202f?<\/strong><\/p>\n<p>Il s\u2019agit d\u2019une assembl\u00e9e g\u00e9n\u00e9rale que l\u2019on convoque dans des cas bien sp\u00e9cifiques. Contrairement \u00e0 l\u2019assembl\u00e9e g\u00e9n\u00e9rale ordinaire elle peut \u00eatre convoqu\u00e9e \u00e0 n\u2019importe quel moment de l\u2019ann\u00e9e en fonction des besoins de la soci\u00e9t\u00e9. Pour que cette AGE puisse valablement d\u00e9lib\u00e9rer, les soci\u00e9taires d\u00e9tenant au moins la moiti\u00e9 des parts \u00e9mises \u00e0 ce jour devront \u00eatre pr\u00e9sent\u00b7es ou repr\u00e9sent\u00e9\u00b7es (article 35 des statuts). C\u2019est-\u00e0-dire un peu plus de 16.000 votant\u00b7es.\u00a0 Si ce quorum n\u2019est pas atteint, une seconde assembl\u00e9e g\u00e9n\u00e9rale extraordinaire est \u00eatre convoqu\u00e9e.<\/p>\n<p><strong>Que devez-vous faire\u202f?<\/strong><\/p>\n<p>Le quorum de 50% de pr\u00e9sence n\u2019ayant pas \u00e9t\u00e9 atteint pour la tenue de l\u2019Assembl\u00e9e G\u00e9n\u00e9rale Extraordinaire du 31 mai 2022, un PV de carence sera dress\u00e9 en l\u2019\u00e9tude du notaire Bertrand Nerincx et une seconde AGE se tiendra le 21 juin 2022, soit le m\u00eame jour que notre Assembl\u00e9e G\u00e9n\u00e9rale Ordinaire. La convocation sera envoy\u00e9e aux soci\u00e9taires conjointement \u00e0 la convocation de l&rsquo;AGO.<\/p>\n<p>Tout cela peut para\u00eetre complexe, nous en sommes conscients, ces formalit\u00e9s nous sont impos\u00e9es par la loi et nos statuts. Si vous avez des questions, vous pouvez les adressez \u00e0 <a href=\"mailto:&#x6c;&#x65;&#x74;&#x73;&#x63;&#x6f;&#x6f;&#x70;&#x40;&#x73;&#x6d;&#x61;&#x72;&#x74;&#x2e;&#x63;&#x6f;&#x6f;&#x70;\">&#x6c;&#x65;&#x74;&#x73;&#x63;&#x6f;&#x6f;&#x70;&#x40;<span class=\"oe_displaynone\">null<\/span>&#x73;&#x6d;&#x61;&#x72;&#x74;&#x2e;&#x63;&#x6f;&#x6f;&#x70;<\/a><\/p>","protected":false},"excerpt":{"rendered":"<p>Update 27 mai 2022 Le quorum de 50% de pr\u00e9sence n\u2019ayant pas \u00e9t\u00e9 atteint pour la tenue de l\u2019Assembl\u00e9e G\u00e9n\u00e9rale Extraordinaire du 31 mai 2022, un PV de carence sera dress\u00e9 en l\u2019\u00e9tude du notaire Bertrand Nerincx et une seconde &hellip;<\/p>\n","protected":false},"author":54,"featured_media":0,"parent":0,"menu_order":0,"comment_status":"closed","ping_status":"closed","template":"","meta":{"footnotes":""},"tags":[],"class_list":["post-37030","page","type-page","status-publish","hentry"],"aioseo_notices":[],"_links":{"self":[{"href":"https:\/\/smartbe.be\/fr\/wp-json\/wp\/v2\/pages\/37030","targetHints":{"allow":["GET"]}}],"collection":[{"href":"https:\/\/smartbe.be\/fr\/wp-json\/wp\/v2\/pages"}],"about":[{"href":"https:\/\/smartbe.be\/fr\/wp-json\/wp\/v2\/types\/page"}],"author":[{"embeddable":true,"href":"https:\/\/smartbe.be\/fr\/wp-json\/wp\/v2\/users\/54"}],"replies":[{"embeddable":true,"href":"https:\/\/smartbe.be\/fr\/wp-json\/wp\/v2\/comments?post=37030"}],"version-history":[{"count":17,"href":"https:\/\/smartbe.be\/fr\/wp-json\/wp\/v2\/pages\/37030\/revisions"}],"predecessor-version":[{"id":37797,"href":"https:\/\/smartbe.be\/fr\/wp-json\/wp\/v2\/pages\/37030\/revisions\/37797"}],"wp:attachment":[{"href":"https:\/\/smartbe.be\/fr\/wp-json\/wp\/v2\/media?parent=37030"}],"wp:term":[{"taxonomy":"post_tag","embeddable":true,"href":"https:\/\/smartbe.be\/fr\/wp-json\/wp\/v2\/tags?post=37030"}],"curies":[{"name":"wp","href":"https:\/\/api.w.org\/{rel}","templated":true}]}}