
{"id":36885,"date":"2022-04-12T13:39:25","date_gmt":"2022-04-12T12:39:25","guid":{"rendered":"https:\/\/smartbe.be\/?page_id=36885"},"modified":"2022-07-14T14:41:54","modified_gmt":"2022-07-14T12:41:54","slug":"elections-du-conseil-dadministration-smartcoop-2022","status":"publish","type":"page","link":"https:\/\/smartbe.be\/fr\/elections-du-conseil-dadministration-smartcoop-2022\/","title":{"rendered":"\u00c9lections du conseil d\u2019administration SmartCoop 2022"},"content":{"rendered":"<h2>Formulaire de candidature<\/h2>\n<p>[L\u2019appel \u00e0 candidatures est \u00e0 pr\u00e9sent cl\u00f4tur\u00e9.]<\/p>\n<div class=\"form_candidature_ag_2021\">\n<!--[cf7form cf7key=\"candidatureca2021_copy_copy-2\"]-->\n<\/div>","protected":false},"excerpt":{"rendered":"<p>Formulaire de candidature [L\u2019appel \u00e0 candidatures est \u00e0 pr\u00e9sent cl\u00f4tur\u00e9.]<\/p>\n","protected":false},"author":53,"featured_media":0,"parent":0,"menu_order":0,"comment_status":"closed","ping_status":"closed","template":"","meta":{"footnotes":""},"tags":[],"class_list":["post-36885","page","type-page","status-publish","hentry"],"aioseo_notices":[],"_links":{"self":[{"href":"https:\/\/smartbe.be\/fr\/wp-json\/wp\/v2\/pages\/36885","targetHints":{"allow":["GET"]}}],"collection":[{"href":"https:\/\/smartbe.be\/fr\/wp-json\/wp\/v2\/pages"}],"about":[{"href":"https:\/\/smartbe.be\/fr\/wp-json\/wp\/v2\/types\/page"}],"author":[{"embeddable":true,"href":"https:\/\/smartbe.be\/fr\/wp-json\/wp\/v2\/users\/53"}],"replies":[{"embeddable":true,"href":"https:\/\/smartbe.be\/fr\/wp-json\/wp\/v2\/comments?post=36885"}],"version-history":[{"count":3,"href":"https:\/\/smartbe.be\/fr\/wp-json\/wp\/v2\/pages\/36885\/revisions"}],"predecessor-version":[{"id":37631,"href":"https:\/\/smartbe.be\/fr\/wp-json\/wp\/v2\/pages\/36885\/revisions\/37631"}],"wp:attachment":[{"href":"https:\/\/smartbe.be\/fr\/wp-json\/wp\/v2\/media?parent=36885"}],"wp:term":[{"taxonomy":"post_tag","embeddable":true,"href":"https:\/\/smartbe.be\/fr\/wp-json\/wp\/v2\/tags?post=36885"}],"curies":[{"name":"wp","href":"https:\/\/api.w.org\/{rel}","templated":true}]}}