
{"id":367,"date":"2013-10-22T15:50:40","date_gmt":"2013-10-22T14:50:40","guid":{"rendered":"http:\/\/smartbe.be\/?page_id=367"},"modified":"2014-05-05T09:33:20","modified_gmt":"2014-05-05T08:33:20","slug":"qui","status":"publish","type":"page","link":"https:\/\/smartbe.be\/fr\/sinformer\/securite-sociale\/allocations\/qui\/","title":{"rendered":"Ai-je droit aux allocations familiales ?"},"content":{"rendered":"<p>C\u2019est l\u2019enfant qui a droit aux allocations familiales, il est appel\u00e9 le b\u00e9n\u00e9ficiaire.<\/p>\n<p>Pour b\u00e9n\u00e9ficier des allocations, l\u2019enfant doit :<\/p>\n<ul>\n<ul>\n<li>\u00eatre dans un lien de parent\u00e9 avec l\u2019attributaire<\/li>\n<li>vivre sous le m\u00eame toit, en Belgique<\/li>\n<li>avoir moins de 18 ans<\/li>\n<\/ul>\n<\/ul>\n<p>Apr\u00e8s 18 ans et jusqu\u2019\u00e0 25 ans, l\u2019enfant continue \u00e0 b\u00e9n\u00e9ficier d\u2019allocations familiales s\u2019il est \u00e9tudiant, stagiaire, apprenti, ou demandeur d\u2019emploi en p\u00e9riode de stage d\u2019attente, et si, travaillant (par ex. travail \u00e9tudiant ou apprenti), il ne per\u00e7oit pas plus de 480,47 \u20ac brut.<\/p>\n<p>Apr\u00e8s 25 ans, il n\u2019a plus droit aux allocations familiales.<\/p>\n<p>S\u2019il est handicap\u00e9, il re\u00e7oit les allocations jusqu\u2019\u00e0 21 ans.<\/p>\n<p>C\u2019est l\u2019attributaire le plus souvent le p\u00e8re, qui permet d\u2019ouvrir le droit aux allocations familiales. C\u2019est la personne-cl\u00e9.<\/p>\n<p>Il doit \u00eatre travailleur salari\u00e9 ou dans une situation assimil\u00e9e. Par exemple, un ch\u00f4meur est aussi attributaire.<\/p>\n<p>L\u2019attributaire peut renoncer \u00e0 son droit (le p\u00e8re peut, par exemple, le c\u00e9der \u00e0 la m\u00e8re), quand il y va de l\u2019int\u00e9r\u00eat de l\u2019enfant.<\/p>\n<p>C\u2019est l\u2019allocataire qui re\u00e7oit concr\u00e8tement le paiement mensuel de ces allocations. Il s\u2019agit en g\u00e9n\u00e9ral de la m\u00e8re de l\u2019enfant, sens\u00e9e l\u2019\u00e9duquer.<\/p>\n<p>Il existe de nombreux cas particuliers, n\u2019h\u00e9sitez pas \u00e0 nous contacter, si vous d\u00e9sirez nous faire part de vos questions.<\/p>","protected":false},"excerpt":{"rendered":"<p>C\u2019est l\u2019enfant qui a droit aux allocations familiales, il est appel\u00e9 le b\u00e9n\u00e9ficiaire. Pour b\u00e9n\u00e9ficier des allocations, l\u2019enfant doit : \u00eatre dans un lien de parent\u00e9 avec l\u2019attributaire vivre sous le m\u00eame toit, en Belgique avoir moins de 18 ans &hellip;<\/p>\n","protected":false},"author":20,"featured_media":0,"parent":98,"menu_order":1,"comment_status":"open","ping_status":"closed","template":"","meta":{"footnotes":""},"tags":[],"class_list":["post-367","page","type-page","status-publish","hentry"],"aioseo_notices":[],"_links":{"self":[{"href":"https:\/\/smartbe.be\/fr\/wp-json\/wp\/v2\/pages\/367","targetHints":{"allow":["GET"]}}],"collection":[{"href":"https:\/\/smartbe.be\/fr\/wp-json\/wp\/v2\/pages"}],"about":[{"href":"https:\/\/smartbe.be\/fr\/wp-json\/wp\/v2\/types\/page"}],"author":[{"embeddable":true,"href":"https:\/\/smartbe.be\/fr\/wp-json\/wp\/v2\/users\/20"}],"replies":[{"embeddable":true,"href":"https:\/\/smartbe.be\/fr\/wp-json\/wp\/v2\/comments?post=367"}],"version-history":[{"count":14,"href":"https:\/\/smartbe.be\/fr\/wp-json\/wp\/v2\/pages\/367\/revisions"}],"predecessor-version":[{"id":477,"href":"https:\/\/smartbe.be\/fr\/wp-json\/wp\/v2\/pages\/367\/revisions\/477"}],"up":[{"embeddable":true,"href":"https:\/\/smartbe.be\/fr\/wp-json\/wp\/v2\/pages\/98"}],"wp:attachment":[{"href":"https:\/\/smartbe.be\/fr\/wp-json\/wp\/v2\/media?parent=367"}],"wp:term":[{"taxonomy":"post_tag","embeddable":true,"href":"https:\/\/smartbe.be\/fr\/wp-json\/wp\/v2\/tags?post=367"}],"curies":[{"name":"wp","href":"https:\/\/api.w.org\/{rel}","templated":true}]}}